{"id":831,"date":"2017-06-14T06:00:45","date_gmt":"2017-06-14T05:00:45","guid":{"rendered":"http:\/\/www.floraclic.fr\/fleursinfo\/?p=831"},"modified":"2026-03-15T10:31:20","modified_gmt":"2026-03-15T09:31:20","slug":"fleurs-anniversaire-les-gateaux-de-fleurs","status":"publish","type":"page","link":"https:\/\/www.floraclic.eu\/fleursinfo\/fleurs-anniversaire-les-gateaux-de-fleurs\/","title":{"rendered":"Les g\u00e2teaux de fleurs pour anniversaire"},"content":{"rendered":"\n<div class=\"wp-block-columns is-layout-flex wp-container-core-columns-is-layout-9d6595d7 wp-block-columns-is-layout-flex\">\n<div class=\"wp-block-column is-layout-flow wp-block-column-is-layout-flow\" style=\"flex-basis:66.66%\">\n<h3 class=\"wp-block-heading\"><em><strong>Des g\u00e2teaux \u00e0 d\u00e9vorer des yeux &#8230;<\/strong><\/em><\/h3>\n\n\n\n<p>Des fleurs \u00e0 croquer&#8230; ! Enfin des fleurs pour les gourmets et du renouveau dans le domaine des <a href=\"https:\/\/www.floraclic.eu\/evenements-1\/occasions-31\/fleurs-anniversaire-38\">fleurs pour anniversaires<\/a> ! Inattendue et forte de son originalit\u00e9, la mode des p\u00e2tisseries florales a fait son apparition en France il y a quelques ann\u00e9es seulement. Tradition bien ancr\u00e9e aux Etats-Unis et au Canada, les g\u00e2teaux de fleurs sont couramment offerts outre-atlantique pour les anniversaires et sont m\u00eame souvent d\u00e9cor\u00e9s de vraies bougies.<\/p>\n<\/div>\n\n\n\n<div class=\"wp-block-column is-layout-flow wp-block-column-is-layout-flow\" style=\"flex-basis:33.33%\"><div class=\"wp-block-image\">\n<figure class=\"aligncenter\"><a href=\"https:\/\/www.floraclic.eu\/fleursinfo\/wp-content\/uploads\/2014\/04\/Gateaurouge.jpg\"><img loading=\"lazy\" decoding=\"async\" width=\"300\" height=\"260\" src=\"https:\/\/www.floraclic.eu\/fleursinfo\/wp-content\/uploads\/2014\/04\/Gateaurouge-300x260.jpg\" alt=\"gateaux de fleurs anniversaire: bombe de roses rouges\" class=\"wp-image-839\" srcset=\"https:\/\/www.floraclic.eu\/fleursinfo\/wp-content\/uploads\/2014\/04\/Gateaurouge-300x260.jpg 300w, https:\/\/www.floraclic.eu\/fleursinfo\/wp-content\/uploads\/2014\/04\/Gateaurouge-1024x889.jpg 1024w, https:\/\/www.floraclic.eu\/fleursinfo\/wp-content\/uploads\/2014\/04\/Gateaurouge-150x130.jpg 150w, https:\/\/www.floraclic.eu\/fleursinfo\/wp-content\/uploads\/2014\/04\/Gateaurouge.jpg 1105w\" sizes=\"auto, (max-width: 300px) 100vw, 300px\" \/><\/a><figcaption class=\"wp-element-caption\">Bombe de fleurs rouges<br \/> L&#8217;Atelier Fleurs d&#8217;Auteuil<\/figcaption><\/figure>\n<\/div><\/div>\n<\/div>\n\n\n\n<div class=\"wp-block-columns is-layout-flex wp-container-core-columns-is-layout-9d6595d7 wp-block-columns-is-layout-flex\">\n<div class=\"wp-block-column is-layout-flow wp-block-column-is-layout-flow\" style=\"flex-basis:33.33%\"><div class=\"wp-block-image\">\n<figure class=\"aligncenter\"><a href=\"https:\/\/www.floraclic.eu\/fleursinfo\/wp-content\/uploads\/2014\/04\/Gateauframboiseetvertanis.jpg\"><img loading=\"lazy\" decoding=\"async\" width=\"300\" height=\"200\" src=\"https:\/\/www.floraclic.eu\/fleursinfo\/wp-content\/uploads\/2014\/04\/Gateauframboiseetvertanis-300x200.jpg\" alt=\"gateaux de fleurs anniversaire: gateau \u00e0 \u00e9tages rose et blanc\" class=\"wp-image-838\" srcset=\"https:\/\/www.floraclic.eu\/fleursinfo\/wp-content\/uploads\/2014\/04\/Gateauframboiseetvertanis-300x200.jpg 300w, https:\/\/www.floraclic.eu\/fleursinfo\/wp-content\/uploads\/2014\/04\/Gateauframboiseetvertanis-150x100.jpg 150w, https:\/\/www.floraclic.eu\/fleursinfo\/wp-content\/uploads\/2014\/04\/Gateauframboiseetvertanis.jpg 550w\" sizes=\"auto, (max-width: 300px) 100vw, 300px\" \/><\/a><figcaption class=\"wp-element-caption\">G\u00e2teau de fleurs rose framboise et vert anis<br \/> L\u2019Atelier Fleurs d\u2019Auteuil<\/figcaption><\/figure>\n<\/div><\/div>\n\n\n\n<div class=\"wp-block-column is-layout-flow wp-block-column-is-layout-flow\" style=\"flex-basis:66.66%\">\n<p>La France consid\u00e8re ces g\u00e2teaux d\u00e9coratifs pour l&#8217;instant plut\u00f4t comme des compositions d&#8217;exception. Leur r\u00e9alisation est minutieuse et rel\u00e8ve d&#8217;un v\u00e9ritable travail d&#8217;orf\u00e8vre !<\/p>\n\n\n\n<p>Remarquables et extr\u00eamement cr\u00e9atifs, ces desserts floraux se feront le point d&#8217;orgue d&#8217;une table d&#8217;anniversaire.<\/p>\n<\/div>\n<\/div>\n\n\n\n<div class=\"wp-block-columns is-layout-flex wp-container-core-columns-is-layout-9d6595d7 wp-block-columns-is-layout-flex\">\n<div class=\"wp-block-column is-layout-flow wp-block-column-is-layout-flow\" style=\"flex-basis:66.66%\">\n<p>Le plus souvent r\u00e9alis\u00e9es \u00e0 base de cylindres de mousse Oasis de couleurs vives, d\u00e9bit\u00e9s en cercles , donnant l&#8217;illusion de g\u00e9noises aux coloris tendres ou de mousses bavaroises, ces compositions se veulent donner l&#8217;illusion d&#8217;une vraie p\u00e2tisserie d&#8217;anniversaire.<\/p>\n\n\n\n<p>Les \u00e9pingles perles, les fils de laiton et fils bonsa\u00ef, le rotin de couleur&#8230; aident \u00e0 la fixation et au d\u00e9cor.<\/p>\n<\/div>\n\n\n\n<div class=\"wp-block-column is-layout-flow wp-block-column-is-layout-flow\" style=\"flex-basis:33.33%\"><div class=\"wp-block-image\">\n<figure class=\"aligncenter\"><a href=\"https:\/\/www.floraclic.eu\/fleursinfo\/wp-content\/uploads\/2014\/04\/Gateaublancetrose.jpg\"><img loading=\"lazy\" decoding=\"async\" width=\"300\" height=\"207\" src=\"https:\/\/www.floraclic.eu\/fleursinfo\/wp-content\/uploads\/2014\/04\/Gateaublancetrose-300x207.jpg\" alt=\"gateaux de fleurs anniversaire: framboisier\" class=\"wp-image-853\" srcset=\"https:\/\/www.floraclic.eu\/fleursinfo\/wp-content\/uploads\/2014\/04\/Gateaublancetrose-300x207.jpg 300w, https:\/\/www.floraclic.eu\/fleursinfo\/wp-content\/uploads\/2014\/04\/Gateaublancetrose-1024x708.jpg 1024w, https:\/\/www.floraclic.eu\/fleursinfo\/wp-content\/uploads\/2014\/04\/Gateaublancetrose-150x103.jpg 150w, https:\/\/www.floraclic.eu\/fleursinfo\/wp-content\/uploads\/2014\/04\/Gateaublancetrose.jpg 1280w\" sizes=\"auto, (max-width: 300px) 100vw, 300px\" \/><\/a><figcaption class=\"wp-element-caption\">Framboisier de fleurs<br \/> L\u2019Atelier Fleurs d\u2019Auteuil<\/figcaption><\/figure>\n<\/div><\/div>\n<\/div>\n\n\n\n<div class=\"wp-block-columns is-layout-flex wp-container-core-columns-is-layout-9d6595d7 wp-block-columns-is-layout-flex\">\n<div class=\"wp-block-column is-layout-flow wp-block-column-is-layout-flow\" style=\"flex-basis:33.33%\"><div class=\"wp-block-image\">\n<figure class=\"aligncenter size-large\"><img loading=\"lazy\" decoding=\"async\" width=\"1500\" height=\"1013\" src=\"https:\/\/www.floraclic.eu\/fleursinfo\/wp-content\/uploads\/2014\/04\/Oasiscylindres-1500x1013.jpg\" alt=\"\" class=\"wp-image-4221\" srcset=\"https:\/\/www.floraclic.eu\/fleursinfo\/wp-content\/uploads\/2014\/04\/Oasiscylindres-1500x1013.jpg 1500w, https:\/\/www.floraclic.eu\/fleursinfo\/wp-content\/uploads\/2014\/04\/Oasiscylindres-250x169.jpg 250w, https:\/\/www.floraclic.eu\/fleursinfo\/wp-content\/uploads\/2014\/04\/Oasiscylindres-450x304.jpg 450w, https:\/\/www.floraclic.eu\/fleursinfo\/wp-content\/uploads\/2014\/04\/Oasiscylindres-768x518.jpg 768w, https:\/\/www.floraclic.eu\/fleursinfo\/wp-content\/uploads\/2014\/04\/Oasiscylindres-1536x1037.jpg 1536w, https:\/\/www.floraclic.eu\/fleursinfo\/wp-content\/uploads\/2014\/04\/Oasiscylindres-2048x1382.jpg 2048w\" sizes=\"auto, (max-width: 1500px) 100vw, 1500px\" \/><\/figure>\n<\/div><\/div>\n\n\n\n<div class=\"wp-block-column is-layout-flow wp-block-column-is-layout-flow\" style=\"flex-basis:66.66%\">\n<p>Les feuillages comme le typha, le pandanus permettent un cerclage v\u00e9g\u00e9tal.<\/p>\n\n\n\n<p>Mini cubes et mini boules de mousse de couleur peuvent sugg\u00e9rer des confiseries, des marshmallows&#8230;<\/p>\n\n\n\n<p>La mousse florale en flocons permet un saupoudrage du g\u00e2teau si besoin&#8230;<\/p>\n<\/div>\n<\/div>\n\n\n\n<div class=\"wp-block-columns is-layout-flex wp-container-core-columns-is-layout-9d6595d7 wp-block-columns-is-layout-flex\">\n<div class=\"wp-block-column is-layout-flow wp-block-column-is-layout-flow\" style=\"flex-basis:66.66%\">\n<h3 class=\"wp-block-heading\">Les bavarois et entremets \u00e0 \u00e9tages<\/h3>\n\n\n\n<p>Tr\u00e8s festifs et symbole de la f\u00eate d&#8217;anniversaire, ils se construisent sur un jeu de contraste de cercles de mousse Oasis de deux couleurs diff\u00e9rentes et de deux ou trois couleurs de fleurs en harmonie (blanc \/ vert, rose \/ vert, blanc \/ rose&#8230;). Les g\u00e2teaux de type entremets &#8220;\u00e0 \u00e9tages&#8221; permettent d&#8217;ins\u00e9rer des fleurs<\/p>\n\n\n\n<p>dans la partie centrale ou bien de d\u00e9corer avec l\u00e9g\u00e8ret\u00e9 et jeu de sym\u00e9trie la surface des deux cercles d&#8217;Oasis. Les fleurs : des boutons de roses, des boules de santinis verts, des fleurons d&#8217;orchid\u00e9e&#8230;<\/p>\n<\/div>\n\n\n\n<div class=\"wp-block-column is-layout-flow wp-block-column-is-layout-flow\" style=\"flex-basis:33.33%\"><div class=\"wp-block-image\">\n<figure class=\"aligncenter\"><a href=\"https:\/\/www.floraclic.eu\/fleursinfo\/wp-content\/uploads\/2014\/04\/gateaublancvert2.png\"><img loading=\"lazy\" decoding=\"async\" width=\"300\" height=\"267\" src=\"https:\/\/www.floraclic.eu\/fleursinfo\/wp-content\/uploads\/2014\/04\/gateaublancvert2.png\" alt=\"gateaux de fleurs anniversaire: gateau \u00e0 \u00e9tages vert et blanc\" class=\"wp-image-863\" srcset=\"https:\/\/www.floraclic.eu\/fleursinfo\/wp-content\/uploads\/2014\/04\/gateaublancvert2.png 300w, https:\/\/www.floraclic.eu\/fleursinfo\/wp-content\/uploads\/2014\/04\/gateaublancvert2-150x133.png 150w\" sizes=\"auto, (max-width: 300px) 100vw, 300px\" \/><\/a><figcaption class=\"wp-element-caption\">Entremet de fleurs vert et blanc \u00e0 \u00e9tages<br \/> L\u2019Atelier Fleurs d\u2019Auteuil<\/figcaption><\/figure>\n<\/div><\/div>\n<\/div>\n\n\n\n<p>Les g\u00e2teaux pr\u00e9sent\u00e9s avec une part d\u00e9j\u00e0 pr\u00e9lev\u00e9e laissent judicieusement entrevoir l&#8217;int\u00e9rieur de la composition et un subtil travail de fleurs et couleurs. Fleurs bien adapt\u00e9es : des boutons de roses, des petits callas, des baies d&#8217;hyp\u00e9ricum ou de poivre rose, des fleurs de chrysanth\u00e8me&#8230;.<\/p>\n\n\n\n<div class=\"wp-block-columns is-layout-flex wp-container-core-columns-is-layout-9d6595d7 wp-block-columns-is-layout-flex\">\n<div class=\"wp-block-column is-layout-flow wp-block-column-is-layout-flow\" style=\"flex-basis:33.33%\"><div class=\"wp-block-image\">\n<figure class=\"aligncenter\"><a href=\"https:\/\/www.floraclic.eu\/composition-gateau-146\"><img loading=\"lazy\" decoding=\"async\" width=\"300\" height=\"300\" src=\"https:\/\/www.floraclic.eu\/fleursinfo\/wp-content\/uploads\/2014\/04\/GATEAU2.jpg\" alt=\"gateaux de fleurs anniversaire: charlotte de fleurs\" class=\"wp-image-842\" srcset=\"https:\/\/www.floraclic.eu\/fleursinfo\/wp-content\/uploads\/2014\/04\/GATEAU2.jpg 300w, https:\/\/www.floraclic.eu\/fleursinfo\/wp-content\/uploads\/2014\/04\/GATEAU2-150x150.jpg 150w\" sizes=\"auto, (max-width: 300px) 100vw, 300px\" \/><\/a><figcaption class=\"wp-element-caption\">Charlotte de fleurs<\/figcaption><\/figure>\n<\/div><\/div>\n\n\n\n<div class=\"wp-block-column is-layout-flow wp-block-column-is-layout-flow\" style=\"flex-basis:66.66%\">\n<h3 class=\"wp-block-heading\">La charlotte de fleurs<\/h3>\n\n\n\n<p>Elle est cercl\u00e9e de vrais boudoirs pour un effet plus vrai que nature. C&#8217;est le dessus de la charlotte qui permet le travail floral. Les fleurs : boutons de roses, baies d&#8217;hyp\u00e9ricums, fleurons d&#8217;orchid\u00e9e, germinis, fleurs \u00e0 torsader pour un effet retombant comme les callas ou les tulipes&#8230;<\/p>\n<\/div>\n<\/div>\n\n\n\n<h3 class=\"wp-block-heading\">La bombe florale<\/h3>\n\n\n\n<p>Elle a la forme d&#8217;un d\u00f4me, se construit avec deux cercles d&#8217;Oasis l&#8217;un plus large \u00e0 la base , l&#8217;autre plus petit comme chapeau au sommet et laisse beaucoup de fleurs apparentes au<\/p>\n\n\n\n<p>centre. Choisir une couleur directrice. Parmi les fleurs \u00e0 pr\u00e9f\u00e9rer: boutons de roses, baies d&#8217;hyp\u00e9ricums et autres; d\u00e9cor de b\u00e2tons de cannelle&#8230;<\/p>\n\n\n\n<div class=\"wp-block-columns is-layout-flex wp-container-core-columns-is-layout-9d6595d7 wp-block-columns-is-layout-flex\">\n<div class=\"wp-block-column is-layout-flow wp-block-column-is-layout-flow\" style=\"flex-basis:33.33%\"><div class=\"wp-block-image\">\n<figure class=\"alignleft\"><a href=\"https:\/\/www.floraclic.eu\/fleursinfo\/wp-content\/uploads\/2014\/04\/Sandwichdefleurs.jpg\"><img loading=\"lazy\" decoding=\"async\" width=\"297\" height=\"300\" src=\"https:\/\/www.floraclic.eu\/fleursinfo\/wp-content\/uploads\/2014\/04\/Sandwichdefleurs-297x300.jpg\" alt=\"gateaux de fleurs: sandwich de fleurs\" class=\"wp-image-848\" srcset=\"https:\/\/www.floraclic.eu\/fleursinfo\/wp-content\/uploads\/2014\/04\/Sandwichdefleurs-297x300.jpg 297w, https:\/\/www.floraclic.eu\/fleursinfo\/wp-content\/uploads\/2014\/04\/Sandwichdefleurs-148x150.jpg 148w, https:\/\/www.floraclic.eu\/fleursinfo\/wp-content\/uploads\/2014\/04\/Sandwichdefleurs.jpg 446w\" sizes=\"auto, (max-width: 297px) 100vw, 297px\" \/><\/a><figcaption class=\"wp-element-caption\">Sandwich de fleurs<\/figcaption><\/figure>\n<\/div><\/div>\n\n\n\n<div class=\"wp-block-column is-layout-flow wp-block-column-is-layout-flow\" style=\"flex-basis:66.66%\">\n<h3 class=\"wp-block-heading\">Le sandwich floral<\/h3>\n\n\n\n<p>C&#8217;est un dessert floral de taille interm\u00e9diaire. Il se compose de petites fleurs prises en sandwich entre deux pains de mousse de couleur. Exemples de fleurs \u00e0 employer: boutons de roses, boules de santinis, fleurons de campanules, freesias&#8230;<\/p>\n<\/div>\n<\/div>\n\n\n\n<div class=\"wp-block-columns is-layout-flex wp-container-core-columns-is-layout-9d6595d7 wp-block-columns-is-layout-flex\">\n<div class=\"wp-block-column is-layout-flow wp-block-column-is-layout-flow\" style=\"flex-basis:66.66%\">\n<h3 class=\"wp-block-heading\">Les mignardises de fleurs<\/h3>\n\n\n\n<p>Des petits fours en fleurs et des verrines, tellement craquants sur une table de f\u00eate ! A offrir ou \u00e0 r\u00e9aliser pour un anniversaire bien-s\u00fbr, mais aussi pour une r\u00e9ception, un mariage. <\/p>\n\n\n\n<p>A d\u00e9vorer des yeux !<\/p>\n<\/div>\n\n\n\n<div class=\"wp-block-column is-layout-flow wp-block-column-is-layout-flow\" style=\"flex-basis:33.33%\"><div class=\"wp-block-image\">\n<figure class=\"aligncenter\"><a href=\"https:\/\/www.floraclic.eu\/fleursinfo\/wp-content\/uploads\/2014\/04\/Oasismignardies2.jpg\"><img loading=\"lazy\" decoding=\"async\" width=\"300\" height=\"300\" src=\"https:\/\/www.floraclic.eu\/fleursinfo\/wp-content\/uploads\/2014\/04\/Oasismignardies2-300x300.jpg\" alt=\"supports oasis pour gateaux de fleurs mignardises\" class=\"wp-image-861\" srcset=\"https:\/\/www.floraclic.eu\/fleursinfo\/wp-content\/uploads\/2014\/04\/Oasismignardies2-300x300.jpg 300w, https:\/\/www.floraclic.eu\/fleursinfo\/wp-content\/uploads\/2014\/04\/Oasismignardies2-150x150.jpg 150w, https:\/\/www.floraclic.eu\/fleursinfo\/wp-content\/uploads\/2014\/04\/Oasismignardies2.jpg 527w\" sizes=\"auto, (max-width: 300px) 100vw, 300px\" \/><\/a><figcaption class=\"wp-element-caption\">Supports de mousse Oasis pour mignardises<\/figcaption><\/figure>\n<\/div><\/div>\n<\/div>\n\n\n\n<div class=\"wp-block-columns is-layout-flex wp-container-core-columns-is-layout-9d6595d7 wp-block-columns-is-layout-flex\">\n<div class=\"wp-block-column is-layout-flow wp-block-column-is-layout-flow\" style=\"flex-basis:33.33%\"><div class=\"wp-block-image\">\n<figure class=\"aligncenter\"><a href=\"https:\/\/www.floraclic.eu\/fleursinfo\/wp-content\/uploads\/2014\/04\/mignardises.jpg\"><img loading=\"lazy\" decoding=\"async\" width=\"300\" height=\"225\" src=\"https:\/\/www.floraclic.eu\/fleursinfo\/wp-content\/uploads\/2014\/04\/mignardises.jpg\" alt=\"petits gateaux de fleurs: mignardises\" class=\"wp-image-867\" srcset=\"https:\/\/www.floraclic.eu\/fleursinfo\/wp-content\/uploads\/2014\/04\/mignardises.jpg 300w, https:\/\/www.floraclic.eu\/fleursinfo\/wp-content\/uploads\/2014\/04\/mignardises-150x112.jpg 150w\" sizes=\"auto, (max-width: 300px) 100vw, 300px\" \/><\/a><figcaption class=\"wp-element-caption\">Fleurs en mignardises<\/figcaption><\/figure>\n<\/div><\/div>\n\n\n\n<div class=\"wp-block-column is-layout-flow wp-block-column-is-layout-flow\" style=\"flex-basis:66.66%\">\n<p>Ils peuvent \u00eatre r\u00e9alis\u00e9s gr\u00e2ce \u00e0 des petits support de mousse multicolores ou marron (pour imiter des biscuits au chocolat).<\/p>\n\n\n\n<p>La finition est d\u00e9licate : perles, cerclage avec du steel grass (plus fin que le typha), fils de laiton fin, fibre de sisal ;<\/p>\n\n\n\n<p>Fleurs \u00e0 employer : petits boutons de roses (plus facile avec les roses branchues), toujours les baies d&#8217;hyp\u00e9ricums, oeillets gypsy, petits fleurons d&#8217;ornithogalum ou d&#8217;hortensia&#8230;<\/p>\n<\/div>\n<\/div>\n\n\n\n<div class=\"wp-block-columns is-layout-flex wp-container-core-columns-is-layout-9d6595d7 wp-block-columns-is-layout-flex\">\n<div class=\"wp-block-column is-layout-flow wp-block-column-is-layout-flow\" style=\"flex-basis:66.66%\">\n<p>On peut ins\u00e9rer de petits fruits naturels: groseilles, cerises, fines rondelles d&#8217;agrumes&#8230;<\/p>\n\n\n\n<p>Les verrines peuvent \u00eatre par exemple r\u00e9alis\u00e9e en montant des \u00e9tages de mousse florale de couleur en poudre ou de sables fins de couleur. La fleur star : encore une fois , la rose !<\/p>\n\n\n\n<p>Ph\u00e9nom\u00e8ne de mode ou nouvelle tendance qui n&#8217;attend que l&#8217;occasion de s&#8217;affirmer ? Toujours est-il que ces desserts floraux vont r\u00e9volutionner notre conception du bouquet d&#8217;anniversaire&#8230;!!!<\/p>\n<\/div>\n\n\n\n<div class=\"wp-block-column is-layout-flow wp-block-column-is-layout-flow\" style=\"flex-basis:33.33%\"><div class=\"wp-block-image\">\n<figure class=\"aligncenter\"><a href=\"https:\/\/www.floraclic.eu\/fleursinfo\/wp-content\/uploads\/2014\/04\/mignardiesfleurs.jpg\"><img loading=\"lazy\" decoding=\"async\" width=\"300\" height=\"225\" src=\"https:\/\/www.floraclic.eu\/fleursinfo\/wp-content\/uploads\/2014\/04\/mignardiesfleurs-300x225.jpg\" alt=\"gateaux de fleurs: petits-fours\" class=\"wp-image-869\" srcset=\"https:\/\/www.floraclic.eu\/fleursinfo\/wp-content\/uploads\/2014\/04\/mignardiesfleurs-300x225.jpg 300w, https:\/\/www.floraclic.eu\/fleursinfo\/wp-content\/uploads\/2014\/04\/mignardiesfleurs-150x112.jpg 150w, https:\/\/www.floraclic.eu\/fleursinfo\/wp-content\/uploads\/2014\/04\/mignardiesfleurs.jpg 960w\" sizes=\"auto, (max-width: 300px) 100vw, 300px\" \/><\/a><figcaption class=\"wp-element-caption\">Petits-fours fleurs<\/figcaption><\/figure>\n<\/div><\/div>\n<\/div>\n\n\n\n<p><\/p>\n\n\n\n<p>A propos des fleurs pour anniversaire, consultez notre <strong>collection de <a href=\"https:\/\/www.floraclic.eu\/evenements-1\/occasions-31\/fleurs-anniversaire-38\">bouquets d&#8217;anniversaire<\/a><\/strong> et \u00e9galement nos pages <a title=\"fleurs annniversaires\" href=\"https:\/\/www.floraclic.eu\/fleursinfo\/fleurs-anniversaire-origines-et-traditions\/\" target=\"_blank\">fleurs anniversaire<\/a> et <a href=\"https:\/\/www.floraclic.eu\/fleursinfo\/fleurs-anniversaire-les-bouquets-d-ete\/\">fleurs anniversaire : les bouquets d&#8217;\u00e9t\u00e9<\/a><\/p>\n\n\n\n<p>Par Val\u00e9rie Admart<\/p>\n","protected":false},"excerpt":{"rendered":"<p>Les g\u00e2teaux de fleurs: la folle tendance des p\u00e2tisseries florales, novatrices et artistiques, \u00e0 offrir pour un anniversaire.  Entremets, charlottes, bombes, sandwichs, mignardises et verrines garnies de fleurs pour  surprendre et d\u00e9poussi\u00e9rer les bouquets d&#8217;anniversaire!<\/p>\n","protected":false},"author":1,"featured_media":4214,"parent":0,"menu_order":0,"comment_status":"closed","ping_status":"open","template":"","meta":{"footnotes":""},"class_list":["post-831","page","type-page","status-publish","has-post-thumbnail","hentry"],"_links":{"self":[{"href":"https:\/\/www.floraclic.eu\/fleursinfo\/wp-json\/wp\/v2\/pages\/831","targetHints":{"allow":["GET"]}}],"collection":[{"href":"https:\/\/www.floraclic.eu\/fleursinfo\/wp-json\/wp\/v2\/pages"}],"about":[{"href":"https:\/\/www.floraclic.eu\/fleursinfo\/wp-json\/wp\/v2\/types\/page"}],"author":[{"embeddable":true,"href":"https:\/\/www.floraclic.eu\/fleursinfo\/wp-json\/wp\/v2\/users\/1"}],"replies":[{"embeddable":true,"href":"https:\/\/www.floraclic.eu\/fleursinfo\/wp-json\/wp\/v2\/comments?post=831"}],"version-history":[{"count":58,"href":"https:\/\/www.floraclic.eu\/fleursinfo\/wp-json\/wp\/v2\/pages\/831\/revisions"}],"predecessor-version":[{"id":4457,"href":"https:\/\/www.floraclic.eu\/fleursinfo\/wp-json\/wp\/v2\/pages\/831\/revisions\/4457"}],"wp:featuredmedia":[{"embeddable":true,"href":"https:\/\/www.floraclic.eu\/fleursinfo\/wp-json\/wp\/v2\/media\/4214"}],"wp:attachment":[{"href":"https:\/\/www.floraclic.eu\/fleursinfo\/wp-json\/wp\/v2\/media?parent=831"}],"curies":[{"name":"wp","href":"https:\/\/api.w.org\/{rel}","templated":true}]}}