{"id":666,"date":"2014-03-27T19:18:04","date_gmt":"2014-03-27T18:18:04","guid":{"rendered":"http:\/\/www.floraclic.fr\/fleursinfo\/?page_id=666"},"modified":"2026-03-13T09:11:47","modified_gmt":"2026-03-13T08:11:47","slug":"fleurs-deces-bouquets-gerbes-coussins-et-couronnes","status":"publish","type":"page","link":"https:\/\/www.floraclic.eu\/fleursinfo\/fleurs-deces-bouquets-gerbes-coussins-et-couronnes\/","title":{"rendered":"Fleurs pour d\u00e9c\u00e8s : bouquets, gerbes, coussins et couronnes"},"content":{"rendered":"\n<div class=\"wp-block-columns is-layout-flex wp-container-core-columns-is-layout-9d6595d7 wp-block-columns-is-layout-flex\">\n<div class=\"wp-block-column is-layout-flow wp-block-column-is-layout-flow\" style=\"flex-basis:33.33%\"><div class=\"wp-block-image\">\n<figure class=\"aligncenter\"><a href=\"https:\/\/www.floraclic.eu\/deces--gerbe-main-multicolore-161\"><img loading=\"lazy\" decoding=\"async\" width=\"257\" height=\"300\" src=\"https:\/\/www.floraclic.eu\/fleursinfo\/wp-content\/uploads\/2014\/03\/GERBE1-257x300.jpg\" alt=\"gerbe de fleurs multicolores\" class=\"wp-image-696\" srcset=\"https:\/\/www.floraclic.eu\/fleursinfo\/wp-content\/uploads\/2014\/03\/GERBE1-257x300.jpg 257w, https:\/\/www.floraclic.eu\/fleursinfo\/wp-content\/uploads\/2014\/03\/GERBE1-128x150.jpg 128w, https:\/\/www.floraclic.eu\/fleursinfo\/wp-content\/uploads\/2014\/03\/GERBE1.jpg 300w\" sizes=\"auto, (max-width: 257px) 100vw, 257px\" \/><\/a><figcaption class=\"wp-element-caption\">Gerbe de deuil multicolore<\/figcaption><\/figure>\n<\/div><\/div>\n\n\n\n<div class=\"wp-block-column is-layout-flow wp-block-column-is-layout-flow\" style=\"flex-basis:66.66%\">\n<p>Offrir des fleurs pour le d\u00e9c\u00e8s d&#8217;un proche, d&#8217;un ami, d&#8217;une connaissance permet d&#8217;accompagner spirituellement le d\u00e9part celui-ci et de t\u00e9moigner de son soutien envers la famille endeuill\u00e9e.<\/p>\n\n\n\n<p>De nombreuses compositions sont propos\u00e9es pour le fleurissement d&#8217;un deuil, parmi lesquelles le choix peut s&#8217;av\u00e9rer difficile. Il convient de tenir compte de la personnalit\u00e9 de la personne d\u00e9c\u00e9d\u00e9e, de son \u00e2ge, de ses go\u00fbts et aussi parfois du lien de parent\u00e9 qui nous unit \u00e0 celle-ci&#8230;<\/p>\n<\/div>\n<\/div>\n\n\n\n<p><strong>Les roses rouges sont r\u00e9serv\u00e9es \u00e0 l&#8217;\u00e9poux ou \u00e0 l&#8217;\u00e9pouse du d\u00e9funt, parfois \u00e0 ses enfants<\/strong>. Les obs\u00e8ques d&#8217;une personne au grand \u00e2ge peuvent s&#8217;accompagner de fleurs rose tr\u00e8s p\u00e2le et blanches, violettes et blanches, vertes et blanches, jaune p\u00e2le&#8230; Pour les fun\u00e9railles d&#8217;un enfant, l&#8217;on pr\u00e9f\u00e8rera des fleurs blanches, rose p\u00e2le ou bleu tendre. Les fleurs de couleurs vives s&#8217;emploient pour repr\u00e9senter quelqu&#8217;un de joyeux, d&#8217;actif.<\/p>\n\n\n\n<div class=\"wp-block-columns is-layout-flex wp-container-core-columns-is-layout-9d6595d7 wp-block-columns-is-layout-flex\">\n<div class=\"wp-block-column is-layout-flow wp-block-column-is-layout-flow\" style=\"flex-basis:66.66%\">\n<h2 class=\"wp-block-heading\">Les bouquets de deuil<\/h2>\n\n\n\n<p>On distingue les bouquets dits couch\u00e9s , les bouquet \u00e0 grandes tiges et les bouquets ronds, de pr\u00e9f\u00e9rence avec r\u00e9serve d&#8217;eau (bouquets bulle).<\/p>\n\n\n\n<p>Ils se d\u00e9clinent dans tous les coloris et sont r\u00e9alisables avec tous types de fleurs sans exception (fleurs champ\u00eatres, exotiques, pr\u00e9cieuses&#8230;).<\/p>\n\n\n\n<p><strong><a href=\"https:\/\/www.floraclic.eu\/evenements-1\/deuil-30\">Consultez notre collection de bouquets de deuils<\/a><\/strong><\/p>\n<\/div>\n\n\n\n<div class=\"wp-block-column is-layout-flow wp-block-column-is-layout-flow\" style=\"flex-basis:33.33%\"><div class=\"wp-block-image\">\n<figure class=\"aligncenter\"><a href=\"https:\/\/www.floraclic.eu\/deces--coussin-blanc-165\"><img loading=\"lazy\" decoding=\"async\" width=\"257\" height=\"300\" src=\"https:\/\/www.floraclic.eu\/fleursinfo\/wp-content\/uploads\/2014\/03\/COUSSIN3-257x300.jpg\" alt=\"coussin blanc pour d\u00e9c\u00e8s\" class=\"wp-image-701\" srcset=\"https:\/\/www.floraclic.eu\/fleursinfo\/wp-content\/uploads\/2014\/03\/COUSSIN3-257x300.jpg 257w, https:\/\/www.floraclic.eu\/fleursinfo\/wp-content\/uploads\/2014\/03\/COUSSIN3-128x150.jpg 128w, https:\/\/www.floraclic.eu\/fleursinfo\/wp-content\/uploads\/2014\/03\/COUSSIN3.jpg 300w\" sizes=\"auto, (max-width: 257px) 100vw, 257px\" \/><\/a><figcaption class=\"wp-element-caption\">Coussin de fleurs blanches pour d\u00e9c\u00e8s<\/figcaption><\/figure>\n<\/div><\/div>\n<\/div>\n\n\n\n<h2 class=\"wp-block-heading\">Les gerbes pour d\u00e9c\u00e8s<\/h2>\n\n\n\n<p>On distingue deux types de gerbes :<\/p>\n\n\n\n<p><strong>Les gerbes \u00e0 main<\/strong> sont des bouquets de fleurs travaill\u00e9s \u00e0 plat, \u00e0 l&#8217;horizontal, se basant sur un d\u00e9grad\u00e9 de tiges et couch\u00e9s sur des feuillages nobles. Elles sont li\u00e9es \u00e0 leur base par un ruban ou du raphia. Ces gerbes sont \u00e9ph\u00e9m\u00e8res et sont essentiellement destin\u00e9es \u00e0 la c\u00e9r\u00e9monie puis \u00e0 \u00eatre d\u00e9pos\u00e9es sur la tombe.<\/p>\n\n\n\n<div class=\"wp-block-columns is-layout-flex wp-container-core-columns-is-layout-9d6595d7 wp-block-columns-is-layout-flex\">\n<div class=\"wp-block-column is-layout-flow wp-block-column-is-layout-flow\" style=\"flex-basis:33.33%\"><div class=\"wp-block-image\">\n<figure class=\"alignleft\"><a href=\"https:\/\/www.floraclic.eu\/deces--couronne-blanc-bleu-433\"><img loading=\"lazy\" decoding=\"async\" width=\"257\" height=\"300\" src=\"https:\/\/www.floraclic.eu\/fleursinfo\/wp-content\/uploads\/2014\/03\/COURONNEBLANCBLEU-257x300.jpg\" alt=\"couronne de fleurs deuil\" class=\"wp-image-700\" srcset=\"https:\/\/www.floraclic.eu\/fleursinfo\/wp-content\/uploads\/2014\/03\/COURONNEBLANCBLEU-257x300.jpg 257w, https:\/\/www.floraclic.eu\/fleursinfo\/wp-content\/uploads\/2014\/03\/COURONNEBLANCBLEU-128x150.jpg 128w, https:\/\/www.floraclic.eu\/fleursinfo\/wp-content\/uploads\/2014\/03\/COURONNEBLANCBLEU.jpg 300w\" sizes=\"auto, (max-width: 257px) 100vw, 257px\" \/><\/a><figcaption class=\"wp-element-caption\">Couronne de fleurs pour d\u00e9c\u00e8s blanche et bleue<\/figcaption><\/figure>\n<\/div><\/div>\n\n\n\n<div class=\"wp-block-column is-layout-flow wp-block-column-is-layout-flow\" style=\"flex-basis:66.66%\">\n<p><strong>Les gerbes piqu\u00e9es<\/strong> ressemblent fort aux pr\u00e9c\u00e9dentes, mais sont en fait des compositions de fleurs piqu\u00e9es dans de la mousse florale, ce montage restant invisible. Leur tenue est donc nettement sup\u00e9rieure (une bonne semaine).&nbsp; La partie inf\u00e9rieure des tiges est souvent coup\u00e9e et repiqu\u00e9e dans le bloc de mousse pour simuler la forme d&#8217;un grand bouquet. La gerbe piqu\u00e9e ob\u00e9it souvent \u00e0 une forme triangulaire ou plus en longueur.<\/p>\n\n\n\n<p><strong>Consultez <a href=\"https:\/\/www.floraclic.eu\/evenements-1\/deuil-30\/gerbes-et-bouquets-47\">notre collection de gerbes<\/a><\/strong>.<\/p>\n<\/div>\n<\/div>\n\n\n\n<h2 class=\"wp-block-heading\">Les coussins et c\u0153urs de fleurs<\/h2>\n\n\n\n<p>Coussins circulaires ou carr\u00e9s sont des compositions contemporaines et douces.&nbsp; R\u00e9alis\u00e9s \u00e0 base de tiges courtes et avec un travail compact, ils garantissent une tr\u00e8s bonne tenue. Les coussins en forme de c\u0153urs sont des r\u00e9alisations pr\u00e9cieuses et raffin\u00e9es, finement travaill\u00e9es. Ils sont le plus souvent r\u00e9serv\u00e9s \u00e0 l&#8217;\u00e9poux, l&#8217;\u00e9pouse, aux enfants ou petits-enfants ou ami(e)s tr\u00e8s proches. Les coussins peuvent \u00eatre compatibles avec la cr\u00e9mation (supports de mousse sp\u00e9cifiques).<\/p>\n\n\n\n<p>Consultez <a href=\"https:\/\/www.floraclic.eu\/evenements-1\/deuil-30\/coussins-et-panieres-78\">notre collection de coussins<\/a><\/p>\n\n\n\n<h2 class=\"wp-block-heading\">Les couronnes fun\u00e9raires<\/h2>\n\n\n\n<p>Cette tradition de la couronne de fleurs remonte \u00e0 des rituels primitifs. On en trouve trace en Egypte Ancienne : parures des momies, les couronnes repr\u00e9sentaient une promesse de vie. C&#8217;\u00e9tait une offrande v\u00e9g\u00e9tale li\u00e9e au mythe de la r\u00e9surrection, gage de renaissance et de protection. La couronne fut plus tard l&#8217;attribut des athl\u00e8tes grecs puis des empereurs romains : elle repr\u00e9sentait le vainqueur , l'&#8221;\u00e9lu&#8221;. La couronne de laurier fut ensuite reprise comme symbole du triomphe de la foi pour les premiers chr\u00e9tiens. <span class=\"_normal\">Forte de ce pass\u00e9, la couronne fun\u00e9raire fait implicitement allusion \u00e0 cette &#8220;couronne des \u00e9lus&#8221;, elle est l&#8217;attribut de ceux qui verront s&#8217;ouvrir les portes du paradis.<\/span><\/p>\n\n\n\n<div class=\"wp-block-columns is-layout-flex wp-container-core-columns-is-layout-9d6595d7 wp-block-columns-is-layout-flex\">\n<div class=\"wp-block-column is-layout-flow wp-block-column-is-layout-flow\" style=\"flex-basis:66.66%\">\n<p><strong>La couronne de deuil \u00e0 plat <\/strong>: parfaitement circulaire et r\u00e9alis\u00e9e sur un th\u00e8me d&#8217;une, deux, voire trois couleurs. C&#8217;est une r\u00e9alisation majestueuse, n\u00e9cessitant une grande quantit\u00e9 de fleurs.<\/p>\n\n\n\n<p><strong>La couronne \u00e0 fronton <\/strong>: c&#8217;est une couronne \u00e0 tr\u00e8s grand volume et \u00e0 grand effet, avec un panache de fleurs suppl\u00e9mentaire sur le haut de la composition. Elle est destin\u00e9e \u00e0 \u00eatre fix\u00e9e sur un support (tr\u00e9pied m\u00e9tallique). Elle est donc pr\u00e9sent\u00e9e \u00e0 la verticale. C&#8217;est la plus on\u00e9reuse des compositions de fleurs mortuaires.<\/p>\n\n\n\n<p><strong>Consultez <a href=\"https:\/\/www.floraclic.eu\/evenements-1\/deuil-30\/couronnes-et-raquettes-79\">notre collection de couronnes<\/a><\/strong><\/p>\n<\/div>\n\n\n\n<div class=\"wp-block-column is-layout-flow wp-block-column-is-layout-flow\" style=\"flex-basis:33.33%\"><div class=\"wp-block-image\">\n<figure class=\"aligncenter\"><a href=\"https:\/\/www.floraclic.eu\/coeur-orange-175\"><img loading=\"lazy\" decoding=\"async\" width=\"257\" height=\"300\" src=\"https:\/\/www.floraclic.eu\/fleursinfo\/wp-content\/uploads\/2014\/03\/COEURORANGE\u0301-257x300.jpg\" alt=\"cur de fleurs deuil\" class=\"wp-image-702\" srcset=\"https:\/\/www.floraclic.eu\/fleursinfo\/wp-content\/uploads\/2014\/03\/COEURORANGE\u0301-257x300.jpg 257w, https:\/\/www.floraclic.eu\/fleursinfo\/wp-content\/uploads\/2014\/03\/COEURORANGE\u0301-128x150.jpg 128w, https:\/\/www.floraclic.eu\/fleursinfo\/wp-content\/uploads\/2014\/03\/COEURORANGE\u0301.jpg 300w\" sizes=\"auto, (max-width: 257px) 100vw, 257px\" \/><\/a><figcaption class=\"wp-element-caption\">C\u0153ur de fleurs orang\u00e9es pour d\u00e9c\u00e8s<span id=\"printable_area\"><span class=\"_normal\"><br \/> <\/span><\/span><\/figcaption><\/figure>\n<\/div><\/div>\n<\/div>\n\n\n\n<div class=\"wp-block-columns is-layout-flex wp-container-core-columns-is-layout-9d6595d7 wp-block-columns-is-layout-flex\">\n<div class=\"wp-block-column is-layout-flow wp-block-column-is-layout-flow\" style=\"flex-basis:33.33%\"><div class=\"wp-block-image\">\n<figure class=\"aligncenter\"><a href=\"https:\/\/www.floraclic.eu\/deuil--raquette-blanc-vert-354\"><img loading=\"lazy\" decoding=\"async\" width=\"257\" height=\"300\" src=\"https:\/\/www.floraclic.eu\/fleursinfo\/wp-content\/uploads\/2014\/03\/DESSUS2-257x300.jpg\" alt=\"raquette de fleurs vertes et blanches\" class=\"wp-image-698\" srcset=\"https:\/\/www.floraclic.eu\/fleursinfo\/wp-content\/uploads\/2014\/03\/DESSUS2-257x300.jpg 257w, https:\/\/www.floraclic.eu\/fleursinfo\/wp-content\/uploads\/2014\/03\/DESSUS2-128x150.jpg 128w, https:\/\/www.floraclic.eu\/fleursinfo\/wp-content\/uploads\/2014\/03\/DESSUS2.jpg 300w\" sizes=\"auto, (max-width: 257px) 100vw, 257px\" \/><\/a><figcaption class=\"wp-element-caption\">Raquette de deuil verte et blanche<\/figcaption><\/figure>\n<\/div><\/div>\n\n\n\n<div class=\"wp-block-column is-layout-flow wp-block-column-is-layout-flow\" style=\"flex-basis:66.66%\">\n<h2 class=\"wp-block-heading\">Les raquettes, dessus de cercueil et devant de tombes<\/h2>\n\n\n\n<p>La raquette est travaill\u00e9e en longueur. Elle peut-\u00eatre plus ou moins bomb\u00e9e. C&#8217;est, avec la gerbe,&nbsp; la composition la plus couramment offerte par les associations, entreprises,&nbsp; personnes group\u00e9es. Sa forme allong\u00e9e se pr\u00eate ais\u00e9ment \u00e0 la pose d&#8217;un ruban texte.<\/p>\n\n\n\n<p>Le dessus de cercueil ressemble \u00e0 la raquette. Plus volumineux et plus riche en fleurs, il est destin\u00e9 \u00e0 \u00eatre d\u00e9pos\u00e9 sur le cercueil le temps de la c\u00e9r\u00e9monie. Les croix sont des dessus de cercueil particuliers, destin\u00e9s aux fun\u00e9railles de culte chr\u00e9tien et consomment \u00e9norm\u00e9ment de fleurs (tr\u00e8s peu de feuillages int\u00e9rieurs).<\/p>\n\n\n\n<p><strong>Consultez <a href=\"https:\/\/www.floraclic.eu\/evenements-1\/deuil-30\/couronnes-et-raquettes-79\">notre collection de raquettes de deuil<\/a><\/strong><\/p>\n<\/div>\n<\/div>\n\n\n\n<div class=\"wp-block-columns is-layout-flex wp-container-core-columns-is-layout-9d6595d7 wp-block-columns-is-layout-flex\">\n<div class=\"wp-block-column is-layout-flow wp-block-column-is-layout-flow\" style=\"flex-basis:66.66%\">\n<h2 class=\"wp-block-heading\">Les pani\u00e8res et corbeilles de fleurs pour d\u00e9c\u00e8s<\/h2>\n\n\n\n<p>Elles sont r\u00e9alis\u00e9es \u00e0 base de fleurs champ\u00eatres pr\u00e9sent\u00e9es en vanneries.<\/p>\n\n\n\n<h2 class=\"wp-block-heading\">Les coupes de plantes pour cimeti\u00e8re<\/h2>\n\n\n\n<p>Ce sont des assemblages de plantes vertes et fleuries d&#8217;ext\u00e9rieur d\u00e9di\u00e9es au fleurissement de la tombe.<\/p>\n\n\n\n<p><strong>Consultez notre collection de <a href=\"https:\/\/www.floraclic.eu\/evenements-1\/deuil-30\/coupes-de-plantes-80\">coupes de plantes pour deuil<\/a><\/strong><\/p>\n\n\n\n<p>Consultez notre <a href=\"https:\/\/www.floraclic.eu\/fleursinfo\/guide\/deuil\/\">Guide des fleurs pour deuil, obs\u00e8ques et cimeti\u00e8res<\/a><\/p>\n<\/div>\n\n\n\n<div class=\"wp-block-column is-layout-flow wp-block-column-is-layout-flow\" style=\"flex-basis:33.33%\"><div class=\"wp-block-image\">\n<figure class=\"aligncenter\"><a href=\"https:\/\/www.floraclic.eu\/coupe-de-plantes-tons-vifs-48\"><img loading=\"lazy\" decoding=\"async\" width=\"300\" height=\"300\" src=\"https:\/\/www.floraclic.eu\/fleursinfo\/wp-content\/uploads\/2014\/03\/COUPEEXT9-300x300.jpg\" alt=\"assemblage de plantes deuil\" class=\"wp-image-699\" srcset=\"https:\/\/www.floraclic.eu\/fleursinfo\/wp-content\/uploads\/2014\/03\/COUPEEXT9-300x300.jpg 300w, https:\/\/www.floraclic.eu\/fleursinfo\/wp-content\/uploads\/2014\/03\/COUPEEXT9-150x150.jpg 150w, https:\/\/www.floraclic.eu\/fleursinfo\/wp-content\/uploads\/2014\/03\/COUPEEXT9.jpg 600w\" sizes=\"auto, (max-width: 300px) 100vw, 300px\" \/><\/a><figcaption class=\"wp-element-caption\">Coupe de plantes pour d\u00e9c\u00e8s<\/figcaption><\/figure>\n<\/div><\/div>\n<\/div>\n\n\n\n<p>Par <em>Val\u00e9rie Admart<\/em><\/p>\n\n\n\n<p>&nbsp;<\/p>\n","protected":false},"excerpt":{"rendered":"<p>Offrir des fleurs pour le d\u00e9c\u00e8s d&#8217;un proche, d&#8217;un ami, d&#8217;une connaissance permet d&#8217;accompagner spirituellement le d\u00e9part celui-ci et de t\u00e9moigner de son soutien envers la famille endeuill\u00e9e. De nombreuses compositions sont propos\u00e9es pour le fleurissement d&#8217;un deuil, parmi lesquelles le choix peut s&#8217;av\u00e9rer difficile. Il convient de tenir compte de la personnalit\u00e9 de la [&hellip;]<\/p>\n","protected":false},"author":1,"featured_media":4145,"parent":0,"menu_order":0,"comment_status":"closed","ping_status":"closed","template":"","meta":{"footnotes":""},"class_list":["post-666","page","type-page","status-publish","has-post-thumbnail","hentry"],"_links":{"self":[{"href":"https:\/\/www.floraclic.eu\/fleursinfo\/wp-json\/wp\/v2\/pages\/666","targetHints":{"allow":["GET"]}}],"collection":[{"href":"https:\/\/www.floraclic.eu\/fleursinfo\/wp-json\/wp\/v2\/pages"}],"about":[{"href":"https:\/\/www.floraclic.eu\/fleursinfo\/wp-json\/wp\/v2\/types\/page"}],"author":[{"embeddable":true,"href":"https:\/\/www.floraclic.eu\/fleursinfo\/wp-json\/wp\/v2\/users\/1"}],"replies":[{"embeddable":true,"href":"https:\/\/www.floraclic.eu\/fleursinfo\/wp-json\/wp\/v2\/comments?post=666"}],"version-history":[{"count":52,"href":"https:\/\/www.floraclic.eu\/fleursinfo\/wp-json\/wp\/v2\/pages\/666\/revisions"}],"predecessor-version":[{"id":4639,"href":"https:\/\/www.floraclic.eu\/fleursinfo\/wp-json\/wp\/v2\/pages\/666\/revisions\/4639"}],"wp:featuredmedia":[{"embeddable":true,"href":"https:\/\/www.floraclic.eu\/fleursinfo\/wp-json\/wp\/v2\/media\/4145"}],"wp:attachment":[{"href":"https:\/\/www.floraclic.eu\/fleursinfo\/wp-json\/wp\/v2\/media?parent=666"}],"curies":[{"name":"wp","href":"https:\/\/api.w.org\/{rel}","templated":true}]}}