{"id":578,"date":"2014-03-25T19:18:58","date_gmt":"2014-03-25T18:18:58","guid":{"rendered":"http:\/\/www.floraclic.fr\/fleursinfo\/?page_id=578"},"modified":"2026-02-25T14:49:25","modified_gmt":"2026-02-25T13:49:25","slug":"fleurs-mariage","status":"publish","type":"page","link":"https:\/\/www.floraclic.eu\/fleursinfo\/fleurs-mariage\/","title":{"rendered":"Quelles fleurs pour un mariage ?"},"content":{"rendered":"\n<p>La fleur, c&#8217;est le cadeau originel, le premier peut-\u00eatre que l&#8217;on offre d&#8217;un geste spontan\u00e9 et tendre \u00e0 son aim\u00e9(e) et ce, depuis la nuit des temps.<\/p>\n\n\n\n<div class=\"wp-block-columns is-layout-flex wp-container-core-columns-is-layout-9d6595d7 wp-block-columns-is-layout-flex\">\n<div class=\"wp-block-column is-layout-flow wp-block-column-is-layout-flow\" style=\"flex-basis:33.33%\"><div class=\"wp-block-image\">\n<figure class=\"aligncenter\"><a href=\"https:\/\/www.floraclic.eu\/bouquet-aubade-457\"><img loading=\"lazy\" decoding=\"async\" width=\"300\" height=\"300\" src=\"https:\/\/www.floraclic.eu\/fleursinfo\/wp-content\/uploads\/2014\/03\/AUBADE600-300x300.gif\" alt=\"bouquet mariage\" class=\"wp-image-657\" srcset=\"https:\/\/www.floraclic.eu\/fleursinfo\/wp-content\/uploads\/2014\/03\/AUBADE600-300x300.gif 300w, https:\/\/www.floraclic.eu\/fleursinfo\/wp-content\/uploads\/2014\/03\/AUBADE600-150x150.gif 150w\" sizes=\"auto, (max-width: 300px) 100vw, 300px\" \/><\/a><figcaption class=\"wp-element-caption\">Bouquet Aubade<\/figcaption><\/figure>\n<\/div>\n\n\n<p class=\"has-text-align-center\">Consultez notre <strong><a href=\"https:\/\/www.floraclic.eu\/evenements-1\/occasions-31\/fleurs-mariage-40\">collection de leurs pour mariages<\/a><\/strong><\/p>\n<\/div>\n\n\n\n<div class=\"wp-block-column is-layout-flow wp-block-column-is-layout-flow\" style=\"flex-basis:66.66%\">\n<p>Les fleurs demeurent inexorablement attach\u00e9es \u00e0 cette image romantique et \u00e9mouvante du sentiment amoureux. Odes \u00e0 la beaut\u00e9, souvent port\u00e9es comme bijou tout en faisant office de talisman protecteur, les fleurs ont donc une place logique et essentielle dans ce pacte qui consacre l&#8217;amour absolu: la c\u00e9r\u00e9monie de mariage.<\/p>\n\n\n\n<p>Essentielles et faisant l&#8217;objet de toute l&#8217;attention des futurs mari\u00e9s, les fleurs pour mariage se d\u00e9clinent sous de multiples facettes, m\u00eame si la tradition du vert et blanc reste fortement ancr\u00e9e dans les m\u0153urs. All\u00e9gorie de la puret\u00e9, de la beaut\u00e9, de la spiritualit\u00e9, les fleurs blanches sont intemporelles. Les diff\u00e9rents tons de roses, l&#8217;association de fleurs bordeaux et blanches, violettes et blanches, bleues et blanches, orang\u00e9es et blanches, de fleurs blanches et de d\u00e9cor noir,\u00a0 sont \u00e9galement bien adapt\u00e9es au fleurissement de mariages \u00e0 th\u00e8mes.<\/p>\n<\/div>\n<\/div>\n\n\n\n<p>La d\u00e9coration florale se doit de se fondre dans la th\u00e9matique du mariage et donc de s&#8217;accorder avec les v\u00eatements des mari\u00e9s, ainsi qu&#8217;avec la d\u00e9coration g\u00e9n\u00e9rale de la salle de r\u00e9ception.<\/p>\n\n\n\n<h2 class=\"wp-block-heading\">Les fleurs des mari\u00e9s et du cort\u00e8ge<\/h2>\n\n\n\n<h3 class=\"wp-block-heading\">\u2665 Le bouquet de la mari\u00e9e<\/h3>\n\n\n\n<p>Trois grandes tendances se c\u00f4toient :<\/p>\n\n\n\n<div class=\"wp-block-columns is-layout-flex wp-container-core-columns-is-layout-9d6595d7 wp-block-columns-is-layout-flex\">\n<div class=\"wp-block-column is-layout-flow wp-block-column-is-layout-flow\" style=\"flex-basis:66.66%\">\n<ul class=\"wp-block-list\">\n<li><strong>Le bouquet rond<\/strong> au travail tr\u00e8s serr\u00e9 \u00e0 tiges tr\u00e8s courtes ou volontairement tr\u00e8s longues et habill\u00e9es de feuillages pour former une poign\u00e9e v\u00e9g\u00e9tale (aspidistras&#8230;) ou encore le bouquet baguette avec poign\u00e9e longue et tr\u00e8s fine habill\u00e9e soit de tisssu, de laiton, d&#8217;osier, de steel grass (comme une baguette de f\u00e9e) comme le veut la nouvelle tendance. Ces bouquets aiment mettre en sc\u00e8ne les roses, les arums, les fleurons d&#8217;orchid\u00e9es, les lisianthus, les ornithogalums, les pivoines et toute une gamme d&#8217;accessoires comme les perles, cordelettes, \u00e9toiles, coquillages, fruits, \u00e9pices&#8230;<\/li>\n\n\n\n<li><strong>Le bouquet cascade<\/strong> jouant sur un travail floral avec chute l\u00e9g\u00e8re (le demi-jet\u00e9) ou volontairement appuy\u00e9e: souvent \u00e0 base de fleurons d&#8217;orchid\u00e9es mont\u00e9s comme sur des fils d\u00e9cors ou des fils v\u00e9g\u00e9taux (tillandsia x\u00e9rographica, lierre&#8230;), de torsades de callas, de roses, d&#8217;anthuriums&#8230;<\/li>\n\n\n\n<li><strong>Le bouquet &#8220;forme&#8221;<\/strong>, plus rare et tout nouveau, tr\u00e8s design et inspir\u00e9: des bouquets en forme de c\u0153urs (compact ou demi-jet\u00e9) , de petits sacs \u00e0 anse, de petits calices pr\u00e9cieux, d&#8217;amulettes sph\u00e9riques; des bouquets avec structure en anneaux imbriqu\u00e9s l\u00e9gers comme un souffle&#8230;<\/li>\n<\/ul>\n<\/div>\n\n\n\n<div class=\"wp-block-column is-layout-flow wp-block-column-is-layout-flow\" style=\"flex-basis:33.33%\"><div class=\"wp-block-image\">\n<figure class=\"aligncenter\"><a href=\"https:\/\/www.floraclic.eu\/fleursinfo\/wp-content\/uploads\/2014\/03\/CASCADEORCHIDEE.jpg\"><img loading=\"lazy\" decoding=\"async\" width=\"300\" height=\"300\" src=\"https:\/\/www.floraclic.eu\/fleursinfo\/wp-content\/uploads\/2014\/03\/CASCADEORCHIDEE-300x300.jpg\" alt=\"bouquet de mari\u00e9e cascade\" class=\"wp-image-658\" srcset=\"https:\/\/www.floraclic.eu\/fleursinfo\/wp-content\/uploads\/2014\/03\/CASCADEORCHIDEE-300x300.jpg 300w, https:\/\/www.floraclic.eu\/fleursinfo\/wp-content\/uploads\/2014\/03\/CASCADEORCHIDEE-150x150.jpg 150w, https:\/\/www.floraclic.eu\/fleursinfo\/wp-content\/uploads\/2014\/03\/CASCADEORCHIDEE.jpg 335w\" sizes=\"auto, (max-width: 300px) 100vw, 300px\" \/><\/a><figcaption class=\"wp-element-caption\">Bouquet Cascade d&#8217;Orchid\u00e9es<\/figcaption><\/figure>\n<\/div><\/div>\n<\/div>\n\n\n\n<h3 class=\"wp-block-heading\">\u2665 Les bijoux floraux<\/h3>\n\n\n\n<p>Colliers et bracelets floraux, broches, d\u00e9cors de cheveux (barrettes, couronnes, fleurs \u00e0 piquer pour chignons&#8230;) ainsi que la boutonni\u00e8re du mari\u00e9 et des invit\u00e9s. <\/p>\n\n\n\n<div class=\"wp-block-columns is-layout-flex wp-container-core-columns-is-layout-9d6595d7 wp-block-columns-is-layout-flex\">\n<div class=\"wp-block-column is-layout-flow wp-block-column-is-layout-flow\" style=\"flex-basis:33.33%\"><div class=\"wp-block-image\">\n<figure class=\"aligncenter\"><a href=\"https:\/\/www.floraclic.eu\/fleursinfo\/wp-content\/uploads\/2014\/03\/Bouledefleurs.png\"><img loading=\"lazy\" decoding=\"async\" width=\"300\" height=\"282\" src=\"https:\/\/www.floraclic.eu\/fleursinfo\/wp-content\/uploads\/2014\/03\/Bouledefleurs-300x282.png\" alt=\"boule de fleurs pour mariage\" class=\"wp-image-886\" srcset=\"https:\/\/www.floraclic.eu\/fleursinfo\/wp-content\/uploads\/2014\/03\/Bouledefleurs-300x282.png 300w, https:\/\/www.floraclic.eu\/fleursinfo\/wp-content\/uploads\/2014\/03\/Bouledefleurs-150x141.png 150w, https:\/\/www.floraclic.eu\/fleursinfo\/wp-content\/uploads\/2014\/03\/Bouledefleurs.png 584w\" sizes=\"auto, (max-width: 300px) 100vw, 300px\" \/><\/a><figcaption class=\"wp-element-caption\">Boule de fleurs<\/figcaption><\/figure>\n<\/div><\/div>\n\n\n\n<div class=\"wp-block-column is-layout-flow wp-block-column-is-layout-flow\" style=\"flex-basis:66.66%\">\n<p>Ils sont un rappel de la fleur principale composant le bouquet de la mari\u00e9e : les fleurons d&#8217;orchid\u00e9e sont de loin les fleurs les plus employ\u00e9es pour leur c\u00f4t\u00e9 pr\u00e9cieux et \u00e9galement leur tr\u00e8s bonne tenue au montage sur fil.<\/p>\n\n\n\n<p>Les ornithogalums, les roses et les callas se pr\u00eatent \u00e9galement bien \u00e0 ce type de r\u00e9alisations de pr\u00e9cision. Les accessoires de montage: du fil de laiton, plumes, fil bonsa\u00ef, perles&#8230; Tr\u00e8s \u00e0 la mode \u00e9galement, les boules de fleurs (\u00e0 laisser pendre aux poignet).<\/p>\n<\/div>\n<\/div>\n\n\n\n<h3 class=\"wp-block-heading\">\u2665 Les d\u00e9corations de voitures<\/h3>\n\n\n\n<p>Capot avant et capot arri\u00e8re, passages de roues peuvent \u00eatre d\u00e9cor\u00e9s avec des compositions florales&nbsp; mont\u00e9es sur ventouse. Compactes ou en guirlandes, ces compositions souvent tr\u00e8s design se doivent elles-aussi d&#8217;\u00eatre assorties au mariage. On emploie souvent des lys, des orchid\u00e9es, des anthuriums, des callas, des roses, des feuillages nobles et r\u00e9sistants (philo monsteras, philo xanadu,&nbsp; aspidistras, typha, lierre panach\u00e9&#8230;). La plage arri\u00e8re peur recevoir une composition de fleurs plus &#8220;fragiles&#8221; comme les mufliers, les v\u00e9roniques&#8230;<\/p>\n\n\n\n<h2 class=\"wp-block-heading\">Les fleurs pour d\u00e9corer le lieu de c\u00e9r\u00e9monie (mairie, lieu de culte&#8230;)<\/h2>\n\n\n\n<p>Les fleurs permettent de souligner le caract\u00e8re exceptionnel de l&#8217;\u00e9v\u00e8nement en apportant po\u00e9sie et fantaisie dans un lieu solennel ou sacr\u00e9.<\/p>\n\n\n\n<div class=\"wp-block-columns is-layout-flex wp-container-core-columns-is-layout-9d6595d7 wp-block-columns-is-layout-flex\">\n<div class=\"wp-block-column is-layout-flow wp-block-column-is-layout-flow\" style=\"flex-basis:66.66%\">\n<h3 class=\"wp-block-heading\">\u2665 La d\u00e9coration de bancs <\/h3>\n\n\n\n<p>Ces mini-bouquets sont \u00e0 disposer en bout de banc \u00e0 chaque rang pour un effet de masse (ou un rang sur deux) et associent traditionnellement fleurs, feuillages, \u00e9ventuellement des \u00e9l\u00e9ments naturels (gramin\u00e9es, bl\u00e9 s\u00e9ch\u00e9) et rubans de satin, d&#8217;organza ou de fibre non tiss\u00e9e ou encore de raphia. On emploie de pr\u00e9f\u00e9rence des fleurs \u00e0 boutons assez gros (pivoines, roses, gros oeillets, lys, hortensia&#8230;).<\/p>\n<\/div>\n\n\n\n<div class=\"wp-block-column is-layout-flow wp-block-column-is-layout-flow\" style=\"flex-basis:33.33%\"><div class=\"wp-block-image\">\n<figure class=\"aligncenter\"><a href=\"https:\/\/www.floraclic.eu\/fleursinfo\/wp-content\/uploads\/2014\/03\/NUAGE.jpg\"><img loading=\"lazy\" decoding=\"async\" width=\"300\" height=\"300\" src=\"https:\/\/www.floraclic.eu\/fleursinfo\/wp-content\/uploads\/2014\/03\/NUAGE-300x300.jpg\" alt=\"bouquet de fleurs mariage\" class=\"wp-image-652\" srcset=\"https:\/\/www.floraclic.eu\/fleursinfo\/wp-content\/uploads\/2014\/03\/NUAGE-300x300.jpg 300w, https:\/\/www.floraclic.eu\/fleursinfo\/wp-content\/uploads\/2014\/03\/NUAGE-150x150.jpg 150w, https:\/\/www.floraclic.eu\/fleursinfo\/wp-content\/uploads\/2014\/03\/NUAGE.jpg 650w\" sizes=\"auto, (max-width: 300px) 100vw, 300px\" \/><\/a><figcaption class=\"wp-element-caption\">Bouquet Nuage<\/figcaption><\/figure>\n<\/div><\/div>\n<\/div>\n\n\n\n<h3 class=\"wp-block-heading\">\u2665 Le devant d&#8217;autel et\/ou le dessus d&#8217;autel <\/h3>\n\n\n\n<p>A positionner au sol ou sur l&#8217;autel : c&#8217;est une composition &#8220;magistrale&#8221;, point focal de la c\u00e9r\u00e9monie religieuse. L&#8217;\u00e9l\u00e9gance est de mise, il repr\u00e9sente l&#8217;esprit-m\u00eame du mariage. Il s&#8217;agit d&#8217;une composition d\u00e9grad\u00e9e en hauteur en ce qui concerne le devant d&#8217;autel et d&#8217;une composition travaill\u00e9e en longueur (avec faible hauteur)&nbsp; en ce qui concerne le dessus d&#8217;autel. Pour les fleurs, on reste dans les anthuriums, orchid\u00e9es, roses, lys, callas&#8230; et feuillages type monsteras, roebellini, ar\u00e9cas&#8230; Les deux compositions peuvent \u00eatre install\u00e9es simultan\u00e9ment, en d\u00e9calage.<\/p>\n\n\n\n<h3 class=\"wp-block-heading\">\u2665 Le bouquet \u00e0 la Vierge (mariage chr\u00e9tien)<\/h3>\n\n\n\n<p>Il s&#8217;agit tr\u00e8s souvent d&#8217;un bouquet de fleurs champ\u00eatres aux coloris tendres et purs (rose, blanc, parme&#8230;). Ce bouquet restera dans l&#8217;\u00e9glise \u00e0 l&#8217;attention de la Vierge protectrice de l&#8217;union.<\/p>\n\n\n\n<h2 class=\"wp-block-heading\">Les fleurs pour d\u00e9corer le lieu de r\u00e9ception<\/h2>\n\n\n\n<h3 class=\"wp-block-heading\">\u2665 Fleurs pour r\u00e9ception de plein air<\/h3>\n\n\n\n<div class=\"wp-block-columns is-layout-flex wp-container-core-columns-is-layout-9d6595d7 wp-block-columns-is-layout-flex\">\n<div class=\"wp-block-column is-layout-flow wp-block-column-is-layout-flow\" style=\"flex-basis:33.33%\"><div class=\"wp-block-image\">\n<figure class=\"aligncenter\"><a href=\"https:\/\/www.floraclic.eu\/composition-aida-488\"><img loading=\"lazy\" decoding=\"async\" width=\"300\" height=\"300\" src=\"https:\/\/www.floraclic.eu\/fleursinfo\/wp-content\/uploads\/2014\/03\/AIDA.jpg\" alt=\"composition de fleurs maraige vertes et blanches\" class=\"wp-image-661\" srcset=\"https:\/\/www.floraclic.eu\/fleursinfo\/wp-content\/uploads\/2014\/03\/AIDA.jpg 300w, https:\/\/www.floraclic.eu\/fleursinfo\/wp-content\/uploads\/2014\/03\/AIDA-150x150.jpg 150w\" sizes=\"auto, (max-width: 300px) 100vw, 300px\" \/><\/a><figcaption class=\"wp-element-caption\">Composition A\u00efda<\/figcaption><\/figure>\n<\/div><\/div>\n\n\n\n<div class=\"wp-block-column is-layout-flow wp-block-column-is-layout-flow\" style=\"flex-basis:66.66%\">\n<p>Une arche de fleurs peut accueillir les invit\u00e9s: une structure de mitsumata (ou autre armature)&nbsp; r\u00e9alis\u00e9e pour l&#8217;occasion, ou une tonnelle existante d\u00e9cor\u00e9e avec des fioles de fleurs, des boules de fleurs ou des mini bouquets li\u00e9s.<\/p>\n\n\n\n<p>Des boules de verres garnies de fleurs , des guirlandes de fleurs peuvent \u00eatre suspendues aux arbres.<\/p>\n\n\n\n<p>Des boules de fleurs ou de petits bouquets (comme ceux des bancs) peuvent orner les chaises, des compositions de fleurs install\u00e9es sur des colonnades.<\/p>\n<\/div>\n<\/div>\n\n\n\n<h3 class=\"wp-block-heading\">\u2665 Fleurs pour salle de r\u00e9ception<\/h3>\n\n\n\n<p>C&#8217;est l\u00e0 que s&#8217;exprime au mieux la th\u00e9matique du mariage (la mer, l&#8217;exotisme, la musique, un pays&#8230;). Selon le lieu de r\u00e9ception, on peut envisager des habillages floraux pour les lustres, les poutres, les colonnades, les rampes d&#8217;escaliers (dans les ch\u00e2teaux par exemple), parfois les baies vitr\u00e9es&#8230;<\/p>\n\n\n\n<p>La pi\u00e8ce ma\u00eetresse demeure souvent le chemin de table de la table des mari\u00e9s et le d\u00e9cor de buffet.<\/p>\n\n\n\n<p>Les centres de table des tables annexes sont un rappel de celui de la table principale. Une tendance vers des compositions pures et &#8220;aquatiques&#8221; associant fleurs, verrerie eau et photophores (led lumineux) ou bougies, perles d&#8217;eau, fruits et parfois m\u00eame de vrais poissons rouges se d\u00e9veloppe. La tendance tr\u00e8s \u00e9pur\u00e9e associant branchages (mitsumatas etc&#8230;) et fleurs pr\u00e9cieuses (orchid\u00e9es, anthuriums&#8230;) ou bien celle des compositions de fleurs sur ardoises, assiettes ou miroirs sont des nouveaut\u00e9s qui renouvellent l&#8217; art floral. Les bijoux de table, les p\u00e9tales de fleurs, les colorants d&#8217;eau sont tr\u00e8s employ\u00e9s dans ce type de cr\u00e9ations.<\/p>\n\n\n\n<p>Pour vos envois de fleurs pour mariage, consultez <a href=\"https:\/\/www.floraclic.eu\/evenements-1\/occasions-31\/fleurs-mariage-40\"><strong>notre collection exclusive de fleurs mariage<\/strong><\/a>.<\/p>\n","protected":false},"excerpt":{"rendered":"<p>La fleur, c&#8217;est le cadeau originel, le premier peut-\u00eatre que l&#8217;on offre d&#8217;un geste spontan\u00e9 et tendre \u00e0 son aim\u00e9(e) et ce, depuis la nuit des temps. Consultez notre collection de leurs pour mariages Les fleurs demeurent inexorablement attach\u00e9es \u00e0 cette image romantique et \u00e9mouvante du sentiment amoureux. Odes \u00e0 la beaut\u00e9, souvent port\u00e9es comme [&hellip;]<\/p>\n","protected":false},"author":1,"featured_media":4121,"parent":0,"menu_order":0,"comment_status":"closed","ping_status":"closed","template":"","meta":{"footnotes":""},"class_list":["post-578","page","type-page","status-publish","has-post-thumbnail","hentry"],"_links":{"self":[{"href":"https:\/\/www.floraclic.eu\/fleursinfo\/wp-json\/wp\/v2\/pages\/578","targetHints":{"allow":["GET"]}}],"collection":[{"href":"https:\/\/www.floraclic.eu\/fleursinfo\/wp-json\/wp\/v2\/pages"}],"about":[{"href":"https:\/\/www.floraclic.eu\/fleursinfo\/wp-json\/wp\/v2\/types\/page"}],"author":[{"embeddable":true,"href":"https:\/\/www.floraclic.eu\/fleursinfo\/wp-json\/wp\/v2\/users\/1"}],"replies":[{"embeddable":true,"href":"https:\/\/www.floraclic.eu\/fleursinfo\/wp-json\/wp\/v2\/comments?post=578"}],"version-history":[{"count":75,"href":"https:\/\/www.floraclic.eu\/fleursinfo\/wp-json\/wp\/v2\/pages\/578\/revisions"}],"predecessor-version":[{"id":4494,"href":"https:\/\/www.floraclic.eu\/fleursinfo\/wp-json\/wp\/v2\/pages\/578\/revisions\/4494"}],"wp:featuredmedia":[{"embeddable":true,"href":"https:\/\/www.floraclic.eu\/fleursinfo\/wp-json\/wp\/v2\/media\/4121"}],"wp:attachment":[{"href":"https:\/\/www.floraclic.eu\/fleursinfo\/wp-json\/wp\/v2\/media?parent=578"}],"curies":[{"name":"wp","href":"https:\/\/api.w.org\/{rel}","templated":true}]}}