{"id":575,"date":"2014-08-10T14:32:15","date_gmt":"2014-08-10T13:32:15","guid":{"rendered":"http:\/\/www.floraclic.fr\/fleursinfo\/?page_id=575"},"modified":"2026-03-12T16:22:49","modified_gmt":"2026-03-12T15:22:49","slug":"bouquet-de-fleurs","status":"publish","type":"page","link":"https:\/\/www.floraclic.eu\/fleursinfo\/bouquet-de-fleurs\/","title":{"rendered":"Les diff\u00e9rents types de bouquets de fleurs"},"content":{"rendered":"\n<h2 class=\"wp-block-heading\">L&#8217;art du bouquet <\/h2>\n\n\n\n<p>Les fleurs sont la &#8220;mati\u00e8re premi\u00e8re&#8221; du bouquet. Sources d&#8217;inspiration intarissables, elles sont les notes de la partition florale : elles d\u00e9finissent les couleurs de la palette permettant de cr\u00e9er l&#8217;\u00e9motion. Elles se font muses inspiratrices et invitent \u00e0 la cr\u00e9ation : elles d\u00e9finissent l&#8217;\u00e2me du bouquet de fleurs.<\/p>\n\n\n\n<div class=\"wp-block-columns is-layout-flex wp-container-core-columns-is-layout-9d6595d7 wp-block-columns-is-layout-flex\">\n<div class=\"wp-block-column is-layout-flow wp-block-column-is-layout-flow\" style=\"flex-basis:66.66%\">\n<p>Champ\u00eatres, sophistiqu\u00e9es, \u00e9pur\u00e9es, exotiques, vaporeuses ou exub\u00e9rantes&#8230;, les fleurs sont vectrices de sensations. \u00c9moi, frisson, ivresse, exaltation, trouble, tendresse, passion, bouleversement, \u00e9merveillement&#8230;, chaque bouquet nous raconte une &#8220;histoire&#8221; \u00e0 la mani\u00e8re d&#8217;une \u0153uvre picturale, musicale ou litt\u00e9raire&#8230;<\/p>\n\n\n\n<p>Cette richesse d&#8217;expression puise sa source dans la multiplicit\u00e9 des vari\u00e9t\u00e9s de fleurs et de feuillages, de branchages et d&#8217; \u00e9l\u00e9ments d\u00e9coratifs mis \u00e0 la disposition du cr\u00e9ateur floral.<\/p>\n<\/div>\n\n\n\n<div class=\"wp-block-column is-layout-flow wp-block-column-is-layout-flow\" style=\"flex-basis:33.33%\"><div class=\"wp-block-image\">\n<figure class=\"aligncenter size-large\"><img loading=\"lazy\" decoding=\"async\" width=\"390\" height=\"390\" src=\"https:\/\/www.floraclic.eu\/fleursinfo\/wp-content\/uploads\/2014\/08\/bouquet-structure-eventail-jaune.jpg\" alt=\"\" class=\"wp-image-4296\" srcset=\"https:\/\/www.floraclic.eu\/fleursinfo\/wp-content\/uploads\/2014\/08\/bouquet-structure-eventail-jaune.jpg 390w, https:\/\/www.floraclic.eu\/fleursinfo\/wp-content\/uploads\/2014\/08\/bouquet-structure-eventail-jaune-250x250.jpg 250w\" sizes=\"auto, (max-width: 390px) 100vw, 390px\" \/><figcaption class=\"wp-element-caption\">Bouquet \u00e0 structure en \u00e9ventail de m\u00e9tal et tissu &#8211; Salon du V\u00e9g\u00e9tal Angers<\/figcaption><\/figure>\n<\/div><\/div>\n<\/div>\n\n\n\n<p>L&#8217;art du bouquet rev\u00eat de multiples visages et ne se d\u00e9mode jamais car il se trouve en perp\u00e9tuelle \u00e9volution, mouvant au gr\u00e9 des modes florales&#8230;<\/p>\n\n\n\n<p>Ses seules limites impos\u00e9es : les al\u00e9a de la saison et, selon la demande, un style bien d\u00e9fini \u00e0 l&#8217;avance et\/ou un budget pr\u00e9cis.<\/p>\n\n\n\n<div class=\"wp-block-columns is-layout-flex wp-container-core-columns-is-layout-9d6595d7 wp-block-columns-is-layout-flex\">\n<div class=\"wp-block-column is-layout-flow wp-block-column-is-layout-flow\" style=\"flex-basis:33.33%\"><div class=\"wp-block-image\">\n<figure class=\"aligncenter\"><a href=\"https:\/\/www.floraclic.eu\/fleursinfo\/wp-content\/uploads\/2014\/08\/bouquet-rond-rose-rouge_valentin.jpg\"><img loading=\"lazy\" decoding=\"async\" width=\"300\" height=\"300\" src=\"https:\/\/www.floraclic.eu\/fleursinfo\/wp-content\/uploads\/2014\/08\/bouquet-rond-rose-rouge_valentin-300x300.jpg\" alt=\"bouquet de fleurs: bouquet rond de roses rouges\" class=\"wp-image-1572\" srcset=\"https:\/\/www.floraclic.eu\/fleursinfo\/wp-content\/uploads\/2014\/08\/bouquet-rond-rose-rouge_valentin-300x300.jpg 300w, https:\/\/www.floraclic.eu\/fleursinfo\/wp-content\/uploads\/2014\/08\/bouquet-rond-rose-rouge_valentin-150x150.jpg 150w, https:\/\/www.floraclic.eu\/fleursinfo\/wp-content\/uploads\/2014\/08\/bouquet-rond-rose-rouge_valentin.jpg 450w\" sizes=\"auto, (max-width: 300px) 100vw, 300px\" \/><\/a><figcaption class=\"wp-element-caption\">Bouquet rond uniflore: roses rouges<\/figcaption><\/figure>\n<\/div><\/div>\n\n\n\n<div class=\"wp-block-column is-layout-flow wp-block-column-is-layout-flow\" style=\"flex-basis:66.66%\">\n<p>C&#8217;est de loin le bouquet le plus demand\u00e9 et le plus confectionn\u00e9 chez le fleuriste.&nbsp; Son esprit actuel et dynamique, son c\u00f4t\u00e9 compact et donc facilement logeable, son prix souvent raisonnable sont les cl\u00e9s de son succ\u00e8s.<\/p>\n\n\n\n<p>Il se caract\u00e9rise par sa forme arrondie et bomb\u00e9e \u00e0 type de demi-sph\u00e8re si caract\u00e9ristique. Il est bas\u00e9 sur la technique de la vrille, elle-m\u00eame r\u00e9alis\u00e9e par des cercles concentriques tournant autour d&#8217;une fleur centrale. Il emploie des tiges courtes (environ 30 cm) et appr\u00e9cie les fleurs de forme plus ou moins circulaire (qui meubleront bien l&#8217;espace) comme les gerb\u00e9ras et germinis, les t\u00eates d&#8217;hortensias, les roses, les \u0153illets, les santinis pompons et autres chrysanth\u00e8mes, les tournesols, dahlias&#8230; Il emploie \u00e9galement du feuillage interne de type salal, arbousier, cassis, laurier, lentisque&#8230;<\/p>\n<\/div>\n<\/div>\n\n\n\n<p>On distingue <strong>trois types de bouquets ronds<\/strong> :<\/p>\n\n\n\n<p><strong><em>Le bouquet rond uniflore<\/em><\/strong> : il emploie une seule vari\u00e9t\u00e9 de fleurs. Exemples intemporels: le bouquet rond de roses rouges,&nbsp;de pivoines roses&#8230;<\/p>\n\n\n\n<p><strong><em>Le bouquet rond d\u00e9coratif<\/em><\/strong> : c&#8217;est le bouquet \u00e0 la mode ! Il se base sur une association de fleurs de diff\u00e9rentes formes, textures et tailles et joue le plus souvent sur 2 ou 3 couleurs. Il peut n\u00e9anmoins associer un plus grand nombre de couleurs et m\u00eame jouer sur un bariolage festif ou bien \u00e0 l&#8217;inverse une \u00e9l\u00e9gante monochromie.<\/p>\n\n\n\n<div class=\"wp-block-columns is-layout-flex wp-container-core-columns-is-layout-9d6595d7 wp-block-columns-is-layout-flex\">\n<div class=\"wp-block-column is-layout-flow wp-block-column-is-layout-flow\" style=\"flex-basis:66.66%\">\n<p>Sa technique consiste \u00e0 alterner chaque fleur en isol\u00e9 selon plusieurs cercles concentriques que l&#8217;on construit autour d&#8217;une fleur centrale. Autrement dit, on r\u00e9alise un premier cercle en alternant des fleurs choisies parmi 2 ou 3 vari\u00e9t\u00e9s s\u00e9lectionn\u00e9es \u00e0 l&#8217;avance, puis un deuxi\u00e8me cercle avec 3 ou 4 autres vari\u00e9t\u00e9s (dont celle de la fleur du centre) et enfin \u00e9ventuellement un troisi\u00e8me etc&#8230; Chaque fleur est isol\u00e9e par du feuillage interne.<\/p>\n<\/div>\n\n\n\n<div class=\"wp-block-column is-layout-flow wp-block-column-is-layout-flow\" style=\"flex-basis:33.33%\"><div class=\"wp-block-image\">\n<figure class=\"aligncenter\"><a href=\"https:\/\/www.floraclic.eu\/fleursinfo\/wp-content\/uploads\/2014\/08\/bouquet-rond-rose-eustoma-fleur-hortensia-alstromeria-bouvardia-matricaire-gerbera-rose-rouge-blanc_elyse.png\"><img loading=\"lazy\" decoding=\"async\" width=\"300\" height=\"300\" src=\"https:\/\/www.floraclic.eu\/fleursinfo\/wp-content\/uploads\/2014\/08\/bouquet-rond-rose-eustoma-fleur-hortensia-alstromeria-bouvardia-matricaire-gerbera-rose-rouge-blanc_elyse-300x300.png\" alt=\"bouquet de fleurs: bouquet rond rose et blanc\" class=\"wp-image-1574\" srcset=\"https:\/\/www.floraclic.eu\/fleursinfo\/wp-content\/uploads\/2014\/08\/bouquet-rond-rose-eustoma-fleur-hortensia-alstromeria-bouvardia-matricaire-gerbera-rose-rouge-blanc_elyse-300x300.png 300w, https:\/\/www.floraclic.eu\/fleursinfo\/wp-content\/uploads\/2014\/08\/bouquet-rond-rose-eustoma-fleur-hortensia-alstromeria-bouvardia-matricaire-gerbera-rose-rouge-blanc_elyse-150x150.png 150w, https:\/\/www.floraclic.eu\/fleursinfo\/wp-content\/uploads\/2014\/08\/bouquet-rond-rose-eustoma-fleur-hortensia-alstromeria-bouvardia-matricaire-gerbera-rose-rouge-blanc_elyse.png 600w\" sizes=\"auto, (max-width: 300px) 100vw, 300px\" \/><\/a><figcaption class=\"wp-element-caption\">bouquet rond d\u00e9coratif: roses, hortensia, gerb\u00e9ras, matricaires, lisianthus, alstrom\u00e9rias<\/figcaption><\/figure>\n<\/div><\/div>\n<\/div>\n\n\n\n<div class=\"wp-block-columns is-layout-flex wp-container-core-columns-is-layout-9d6595d7 wp-block-columns-is-layout-flex\">\n<div class=\"wp-block-column is-layout-flow wp-block-column-is-layout-flow\" style=\"flex-basis:33.33%\"><div class=\"wp-block-image\">\n<figure class=\"aligncenter\"><a href=\"https:\/\/www.floraclic.eu\/fleursinfo\/wp-content\/uploads\/2014\/08\/bouquet-rond-par-masses.jpg\"><img loading=\"lazy\" decoding=\"async\" width=\"300\" height=\"300\" src=\"https:\/\/www.floraclic.eu\/fleursinfo\/wp-content\/uploads\/2014\/08\/bouquet-rond-par-masses-300x300.jpg\" alt=\"bouquet de fleurs: bouquet rond de tulipes\" class=\"wp-image-1605\" srcset=\"https:\/\/www.floraclic.eu\/fleursinfo\/wp-content\/uploads\/2014\/08\/bouquet-rond-par-masses-300x300.jpg 300w, https:\/\/www.floraclic.eu\/fleursinfo\/wp-content\/uploads\/2014\/08\/bouquet-rond-par-masses-150x150.jpg 150w, https:\/\/www.floraclic.eu\/fleursinfo\/wp-content\/uploads\/2014\/08\/bouquet-rond-par-masses.jpg 390w\" sizes=\"auto, (max-width: 300px) 100vw, 300px\" \/><\/a><figcaption class=\"wp-element-caption\">Bouquet rond par masses: tulipes rouges et blanches, renoncules rouges, bulbes &#8211; Salon du V\u00e9g\u00e9tal Angers 2012<\/figcaption><\/figure>\n<\/div><\/div>\n\n\n\n<div class=\"wp-block-column is-layout-flow wp-block-column-is-layout-flow\" style=\"flex-basis:66.66%\">\n<p><strong><em>Le bouquet rond par masses<\/em><\/strong> : il se travaille \u00e0 la mani\u00e8re du pr\u00e9c\u00e9dent mais en regroupant les fleurs identiques par groupes de 3 ou 4. On alterne des &#8220;masses&#8221; de fleurs et non plus des fleurs en isol\u00e9. Les masses doivent \u00eatre de volumes diff\u00e9rents.<\/p>\n\n\n\n<p><strong><em>Le bouquet bulle<\/em><\/strong> : c&#8217;est un bouquet mis en r\u00e9serve d&#8217;eau. Facilement transportable, il peut \u00eatre laiss\u00e9 dans sa bulle d&#8217;eau \u00e0 la condition d&#8217;en changer l&#8217;eau r\u00e9guli\u00e8rement. Il est bien adapt\u00e9 aux livraisons sur les lieux de travail, de c\u00e9r\u00e9monie (\u00e9glise, mairie&#8230;) pour un&nbsp; mariage, un bapt\u00eame&#8230; , \u00e0 l&#8217;h\u00f4pital, la clinique, la maternit\u00e9 pour un r\u00e9tablissement, une naissance ; ainsi que pour les deuils et c\u00e9r\u00e9monies de fun\u00e9railles.<\/p>\n<\/div>\n<\/div>\n\n\n\n<p>Pour tout savoir sur la technique du bouquet rond, vous pouvez consultez notre article : <a href=\"https:\/\/www.floraclic.eu\/fleursinfo\/fleurs\/comment-faire-un-bouquet-rond\/\" target=\"_blank\">Comment faire un bouquet rond ?<\/a><\/p>\n\n\n\n<h2 class=\"wp-block-heading\">Le bouquet flou<\/h2>\n\n\n\n<p>Il s&#8217;agit d&#8217;un bouquet vrill\u00e9 \u00e0 plusieurs niveaux, \u00e0 base de fleurs de tiges moyennes (50\/60cms). Il est bas\u00e9 sur la technique du faisceau et l&#8217;alternance de vari\u00e9t\u00e9s fleur par fleur ou par masses au choix, un peu comme le bouquet rond. Il joue la carte du volume et des effets vaporeux.<\/p>\n\n\n\n<div class=\"wp-block-columns is-layout-flex wp-container-core-columns-is-layout-9d6595d7 wp-block-columns-is-layout-flex\">\n<div class=\"wp-block-column is-layout-flow wp-block-column-is-layout-flow\" style=\"flex-basis:66.66%\">\n<p>Il convient de s\u00e9lectionner des fleurs de tiges moyennes et plut\u00f4t robustes : des lys, des roses, des lisianthus, de grands gerb\u00e9ras, des dahlias associ\u00e9es \u00e0 des fleurs plus nerveuses et a\u00e9riennes comme les asters, le gypsophile, le bupleurum&#8230;<\/p>\n\n\n\n<p>Le bouquet flou se d\u00e9cline du plus acad\u00e9mique bouquet de roses et de lys au bouquet &#8220;campagnard&#8221; \u00e0 l&#8217;esprit sauvage obtenu en m\u00ealant par exemple du bear grass, du gypsophile, des gramin\u00e9es (panicum, s\u00e9taires&#8230;), des ammi majus, ammi visnaga (ou des fleurs de carottes tr\u00e8s ressemblantes)&#8230;<\/p>\n<\/div>\n\n\n\n<div class=\"wp-block-column is-layout-flow wp-block-column-is-layout-flow\" style=\"flex-basis:33.33%\"><div class=\"wp-block-image\">\n<figure class=\"aligncenter\"><a href=\"https:\/\/www.floraclic.eu\/fleursinfo\/wp-content\/uploads\/2014\/08\/bouquet-lys-rose-gerbera-hypericum-rouge-blanc.jpg\"><img loading=\"lazy\" decoding=\"async\" width=\"300\" height=\"300\" src=\"https:\/\/www.floraclic.eu\/fleursinfo\/wp-content\/uploads\/2014\/08\/bouquet-lys-rose-gerbera-hypericum-rouge-blanc-300x300.jpg\" alt=\"bouquet de fleurs: bouquet de lys blancs et roses rouges\" class=\"wp-image-1585\" srcset=\"https:\/\/www.floraclic.eu\/fleursinfo\/wp-content\/uploads\/2014\/08\/bouquet-lys-rose-gerbera-hypericum-rouge-blanc-300x300.jpg 300w, https:\/\/www.floraclic.eu\/fleursinfo\/wp-content\/uploads\/2014\/08\/bouquet-lys-rose-gerbera-hypericum-rouge-blanc-150x150.jpg 150w, https:\/\/www.floraclic.eu\/fleursinfo\/wp-content\/uploads\/2014\/08\/bouquet-lys-rose-gerbera-hypericum-rouge-blanc.jpg 320w\" sizes=\"auto, (max-width: 300px) 100vw, 300px\" \/><\/a><figcaption class=\"wp-element-caption\">Bouquet flou de lys blancs, roses rouges, germinis rouges<\/figcaption><\/figure>\n<\/div><\/div>\n<\/div>\n\n\n\n<h3 class=\"wp-block-heading\">Le bouquet long<\/h3>\n\n\n\n<p>Il emploie des tiges longues (70 \/ 80 cm).<\/p>\n\n\n\n<p><strong><em>Le bouquet arrondi:<\/em><\/strong> toujours la technique de la vrille et du faisceau pour des bouquets d&#8217;apparat de grande envergure et mettant en sc\u00e8ne des fleurs nobles : lys, roses, amaryllis, mufliers, gla\u00efeuls, eremurus, strelitzias, grands alstrom\u00e9rias, molucelles, delphiniums, grands arums &#8230;<\/p>\n\n\n\n<div class=\"wp-block-columns is-layout-flex wp-container-core-columns-is-layout-9d6595d7 wp-block-columns-is-layout-flex\">\n<div class=\"wp-block-column is-layout-flow wp-block-column-is-layout-flow\" style=\"flex-basis:33.33%\"><div class=\"wp-block-image\">\n<figure class=\"alignleft\"><a href=\"https:\/\/www.floraclic.eu\/fleursinfo\/wp-content\/uploads\/2014\/08\/bouquet-degrade-stelitzia.jpg\"><img loading=\"lazy\" decoding=\"async\" width=\"300\" height=\"300\" src=\"https:\/\/www.floraclic.eu\/fleursinfo\/wp-content\/uploads\/2014\/08\/bouquet-degrade-stelitzia-300x300.jpg\" alt=\"bouquet de fleurs: bouquet de strelitzias\" class=\"wp-image-1581\" srcset=\"https:\/\/www.floraclic.eu\/fleursinfo\/wp-content\/uploads\/2014\/08\/bouquet-degrade-stelitzia-300x300.jpg 300w, https:\/\/www.floraclic.eu\/fleursinfo\/wp-content\/uploads\/2014\/08\/bouquet-degrade-stelitzia-150x150.jpg 150w, https:\/\/www.floraclic.eu\/fleursinfo\/wp-content\/uploads\/2014\/08\/bouquet-degrade-stelitzia.jpg 550w\" sizes=\"auto, (max-width: 300px) 100vw, 300px\" \/><\/a><figcaption class=\"wp-element-caption\">Bouquet d\u00e9grad\u00e9 \u00e0 base de strelitzias mont\u00e9 en bulle d&#8217;eau<\/figcaption><\/figure>\n<\/div><\/div>\n\n\n\n<div class=\"wp-block-column is-layout-flow wp-block-column-is-layout-flow\" style=\"flex-basis:66.66%\">\n<p><strong><em>Le bouquet d\u00e9grad\u00e9<\/em><\/strong> : les fleurs sont mont\u00e9es en d\u00e9grad\u00e9, les t\u00eates plac\u00e9es les unes en dessous des autres alternant droite gauche le long d&#8217;un axe central imaginaire. Il peut \u00eatre uni ou multiflore&#8230;<\/p>\n\n\n\n<p><strong><em>Le bouquet lin\u00e9aire :<\/em><\/strong> c&#8217;est un bouquet une face, \u00e9pur\u00e9, jouant sur la puret\u00e9 des lignes g\u00e9om\u00e9triques et qui emploie des fleurs \u00e0 diff\u00e9rentes longueurs de tiges. Les fleurs sont positionn\u00e9es par masse \u00e0 diff\u00e9rentes hauteurs: les fleurs aux tiges les plus fines et longues se placent en hauteur avec des branchages types noisetier tortueux, salix, ch\u00e2tons&#8230; et les fleurs les plus grosses se disposent dans le bas du bouquet.<\/p>\n<\/div>\n<\/div>\n\n\n\n<div class=\"wp-block-columns is-layout-flex wp-container-core-columns-is-layout-9d6595d7 wp-block-columns-is-layout-flex\">\n<div class=\"wp-block-column is-layout-flow wp-block-column-is-layout-flow\" style=\"flex-basis:66.66%\">\n<p>Une &#8220;poign\u00e9e v\u00e9g\u00e9tale&#8221; habille la base du bouquet (feuilles de philo, monstera, aralias, hostas, xanadu&#8230;).<\/p>\n\n\n\n<p>Le bouquet lin\u00e9aire joue sur des lignes graphiques dessin\u00e9es \u00e0 l&#8217;aide de feuillages type pandanus repli\u00e9, steel grass bris\u00e9&#8230;<\/p>\n\n\n\n<p>Il se plait \u00e0 employer des fleurs rares et pr\u00e9cieuses comme les orchid\u00e9es, anturiums&#8230; ; parfois un zest \u00e9tranges comme l&#8217;anigozanthus, la molucelle, l&#8217;ornihtogalum pour appuyer l&#8217; effet spectaculaire et cr\u00e9atif.<\/p>\n<\/div>\n\n\n\n<div class=\"wp-block-column is-layout-flow wp-block-column-is-layout-flow\" style=\"flex-basis:33.33%\"><div class=\"wp-block-image\">\n<figure class=\"aligncenter\"><a href=\"https:\/\/www.floraclic.eu\/fleursinfo\/wp-content\/uploads\/2014\/08\/bouquet-lineaire-orchidee-anthurium-ornithogalum-vert-blanc.jpg\"><img loading=\"lazy\" decoding=\"async\" width=\"209\" height=\"300\" src=\"https:\/\/www.floraclic.eu\/fleursinfo\/wp-content\/uploads\/2014\/08\/bouquet-lineaire-orchidee-anthurium-ornithogalum-vert-blanc-209x300.jpg\" alt=\"bouquet de fleurs: bouquet lin\u00e9aire blanc vert\" class=\"wp-image-1578\" srcset=\"https:\/\/www.floraclic.eu\/fleursinfo\/wp-content\/uploads\/2014\/08\/bouquet-lineaire-orchidee-anthurium-ornithogalum-vert-blanc-209x300.jpg 209w, https:\/\/www.floraclic.eu\/fleursinfo\/wp-content\/uploads\/2014\/08\/bouquet-lineaire-orchidee-anthurium-ornithogalum-vert-blanc-104x150.jpg 104w, https:\/\/www.floraclic.eu\/fleursinfo\/wp-content\/uploads\/2014\/08\/bouquet-lineaire-orchidee-anthurium-ornithogalum-vert-blanc.jpg 370w\" sizes=\"auto, (max-width: 209px) 100vw, 209px\" \/><\/a><figcaption class=\"wp-element-caption\">Bouquet lin\u00e9aire: orchid\u00e9es, anthuriums, ornithogalum, pandanus repli\u00e9s, mitsumata vert, monsteras &#8211; La Vie en Fleurs 22100<\/figcaption><\/figure>\n<\/div><\/div>\n<\/div>\n\n\n\n<h2 class=\"wp-block-heading\">Le bouquet parall\u00e8le<\/h2>\n\n\n\n<div class=\"wp-block-columns is-layout-flex wp-container-core-columns-is-layout-9d6595d7 wp-block-columns-is-layout-flex\">\n<div class=\"wp-block-column is-layout-flow wp-block-column-is-layout-flow\"><div class=\"wp-block-image\">\n<figure class=\"aligncenter\"><a href=\"https:\/\/www.floraclic.eu\/fleursinfo\/wp-content\/uploads\/2014\/08\/bouquet-parallele.jpg\"><img loading=\"lazy\" decoding=\"async\" width=\"454\" height=\"228\" src=\"https:\/\/www.floraclic.eu\/fleursinfo\/wp-content\/uploads\/2014\/08\/bouquet-parallele.jpg\" alt=\"bouquet de fleurs: bouquet parall\u00e8le\" class=\"wp-image-1592\" srcset=\"https:\/\/www.floraclic.eu\/fleursinfo\/wp-content\/uploads\/2014\/08\/bouquet-parallele.jpg 454w, https:\/\/www.floraclic.eu\/fleursinfo\/wp-content\/uploads\/2014\/08\/bouquet-parallele-300x150.jpg 300w, https:\/\/www.floraclic.eu\/fleursinfo\/wp-content\/uploads\/2014\/08\/bouquet-parallele-150x75.jpg 150w\" sizes=\"auto, (max-width: 454px) 100vw, 454px\" \/><\/a><figcaption class=\"wp-element-caption\">Bouquet parall\u00e8le &#8211; Au bouquet des Dames<\/figcaption><\/figure>\n<\/div>\n\n\n<p>Il est montable en bulle.<\/p>\n<\/div>\n\n\n\n<div class=\"wp-block-column is-layout-flow wp-block-column-is-layout-flow\">\n<p>C&#8217;est un bouquet \u00e9pur\u00e9 travaill\u00e9 \u00e0 l&#8217;horizontale, en longueur jouant la carte de l&#8217;originalit\u00e9. Il s&#8217;appuie sur une base : bois, osier,&nbsp; pr\u00eale, mistumata&#8230; et des feuillages de type steel grass, typha, pandanus permettant des mouvements graphiques.<\/p>\n\n\n\n<p>Il emploie des fleurs \u00e0 tiges souples (pouvant se courber) comme les arums ; les ornithogalums&#8230; ; des fleurs pr\u00e9cieuses comme les anthuriums, les orchid\u00e9es mais associe \u00e9galement tout autre type de fleurs plus champ\u00eatres.<\/p>\n<\/div>\n<\/div>\n\n\n\n<h2 class=\"wp-block-heading\">Le bouquet structure<\/h2>\n\n\n\n<div class=\"wp-block-columns is-layout-flex wp-container-core-columns-is-layout-9d6595d7 wp-block-columns-is-layout-flex\">\n<div class=\"wp-block-column is-layout-flow wp-block-column-is-layout-flow\">\n<p>Ce bouquet tr\u00e8s design se base sur une structure qui se cr\u00e9e \u00e0 base d&#8217;osier, de mitsumata, de gen\u00eats, de bois flott\u00e9, de bambou, de tortuosa ou autres branchages, de m\u00e9tal, de grillages, de laines&#8230; <\/p>\n\n\n\n<p>Cette structure est libre et est le fruit de l&#8217;inspiration : structures carr\u00e9es, en \u00e9ventail, en demi-lune, en c\u0153ur, en quadrillages, vrilles, spirales&#8230;<\/p>\n<\/div>\n\n\n\n<div class=\"wp-block-column is-layout-flow wp-block-column-is-layout-flow\"><div class=\"wp-block-image\">\n<figure class=\"aligncenter\"><a href=\"https:\/\/www.floraclic.eu\/fleursinfo\/wp-content\/uploads\/2014\/08\/bouquet-structure-eventail.jpg\"><img loading=\"lazy\" decoding=\"async\" width=\"390\" height=\"390\" src=\"https:\/\/www.floraclic.eu\/fleursinfo\/wp-content\/uploads\/2014\/08\/bouquet-structure-eventail.jpg\" alt=\"bouquet de fleurs: bouquet structure\" class=\"wp-image-1569\" srcset=\"https:\/\/www.floraclic.eu\/fleursinfo\/wp-content\/uploads\/2014\/08\/bouquet-structure-eventail.jpg 390w, https:\/\/www.floraclic.eu\/fleursinfo\/wp-content\/uploads\/2014\/08\/bouquet-structure-eventail-150x150.jpg 150w, https:\/\/www.floraclic.eu\/fleursinfo\/wp-content\/uploads\/2014\/08\/bouquet-structure-eventail-300x300.jpg 300w\" sizes=\"auto, (max-width: 390px) 100vw, 390px\" \/><\/a><figcaption class=\"wp-element-caption\">Bouquet avec structure m\u00e9tallique en \u00e9ventail &#8211; Salon du V\u00e9g\u00e9tal Angers 2014<\/figcaption><\/figure>\n<\/div><\/div>\n<\/div>\n\n\n\n<div class=\"wp-block-columns is-layout-flex wp-container-core-columns-is-layout-9d6595d7 wp-block-columns-is-layout-flex\">\n<div class=\"wp-block-column is-layout-flow wp-block-column-is-layout-flow\" style=\"flex-basis:33.33%\"><div class=\"wp-block-image\">\n<figure class=\"aligncenter\"><a href=\"https:\/\/www.floraclic.eu\/fleursinfo\/wp-content\/uploads\/2014\/08\/bouquet-carre-rose-gerbera-fleur-hortensia-bouvardia-rose-rouge_alexandrine.png\"><img loading=\"lazy\" decoding=\"async\" width=\"300\" height=\"300\" src=\"https:\/\/www.floraclic.eu\/fleursinfo\/wp-content\/uploads\/2014\/08\/bouquet-carre-rose-gerbera-fleur-hortensia-bouvardia-rose-rouge_alexandrine-300x300.png\" alt=\"bouquet de fleurs: bouquet de fleurs carr\u00e9\" class=\"wp-image-1583\" srcset=\"https:\/\/www.floraclic.eu\/fleursinfo\/wp-content\/uploads\/2014\/08\/bouquet-carre-rose-gerbera-fleur-hortensia-bouvardia-rose-rouge_alexandrine-300x300.png 300w, https:\/\/www.floraclic.eu\/fleursinfo\/wp-content\/uploads\/2014\/08\/bouquet-carre-rose-gerbera-fleur-hortensia-bouvardia-rose-rouge_alexandrine-150x150.png 150w, https:\/\/www.floraclic.eu\/fleursinfo\/wp-content\/uploads\/2014\/08\/bouquet-carre-rose-gerbera-fleur-hortensia-bouvardia-rose-rouge_alexandrine.png 600w\" sizes=\"auto, (max-width: 300px) 100vw, 300px\" \/><\/a><figcaption class=\"wp-element-caption\">Bouquet \u00e0 structure carr\u00e9e de mitsumata et osier<\/figcaption><\/figure>\n<\/div><\/div>\n\n\n\n<div class=\"wp-block-column is-layout-flow wp-block-column-is-layout-flow\" style=\"flex-basis:66.66%\">\n<p>La structure peut \u00eatre r\u00e9alis\u00e9e pour un bouquet rond, hauteur, un parall\u00e8le, de mari\u00e9e&#8230; C&#8217;est le bouquet le moins &#8220;acad\u00e9mique&#8221; et qui laisse la porte ouverte \u00e0 toutes les fantaisies cr\u00e9atrices et innovations d&#8217;effet de mati\u00e8re sans aucune restriction !<\/p>\n\n\n\n<p>Autant de style, autant de mises en sc\u00e8nes florales toujours dans le m\u00eame but : faire na\u00eetre notre \u00e9motion et nous \u00e9merveiller&#8230; ! N&#8217;oublions pas que c&#8217;est s\u00fbrement dans la mise en exergue des contrastes r\u00e9alis\u00e9s entre les divers \u00e9l\u00e9ments d&#8217;un bouquet que na\u00eet son harmonie.<\/p>\n<\/div>\n<\/div>\n\n\n\n<p>Par Val\u00e9rie Admart<\/p>\n","protected":false},"excerpt":{"rendered":"<p>L&#8217;art du bouquet Les fleurs sont la &#8220;mati\u00e8re premi\u00e8re&#8221; du bouquet. Sources d&#8217;inspiration intarissables, elles sont les notes de la partition florale : elles d\u00e9finissent les couleurs de la palette permettant de cr\u00e9er l&#8217;\u00e9motion. Elles se font muses inspiratrices et invitent \u00e0 la cr\u00e9ation : elles d\u00e9finissent l&#8217;\u00e2me du bouquet de fleurs. Champ\u00eatres, sophistiqu\u00e9es, \u00e9pur\u00e9es, [&hellip;]<\/p>\n","protected":false},"author":1,"featured_media":4297,"parent":0,"menu_order":0,"comment_status":"closed","ping_status":"open","template":"","meta":{"footnotes":""},"class_list":["post-575","page","type-page","status-publish","has-post-thumbnail","hentry"],"_links":{"self":[{"href":"https:\/\/www.floraclic.eu\/fleursinfo\/wp-json\/wp\/v2\/pages\/575","targetHints":{"allow":["GET"]}}],"collection":[{"href":"https:\/\/www.floraclic.eu\/fleursinfo\/wp-json\/wp\/v2\/pages"}],"about":[{"href":"https:\/\/www.floraclic.eu\/fleursinfo\/wp-json\/wp\/v2\/types\/page"}],"author":[{"embeddable":true,"href":"https:\/\/www.floraclic.eu\/fleursinfo\/wp-json\/wp\/v2\/users\/1"}],"replies":[{"embeddable":true,"href":"https:\/\/www.floraclic.eu\/fleursinfo\/wp-json\/wp\/v2\/comments?post=575"}],"version-history":[{"count":98,"href":"https:\/\/www.floraclic.eu\/fleursinfo\/wp-json\/wp\/v2\/pages\/575\/revisions"}],"predecessor-version":[{"id":4600,"href":"https:\/\/www.floraclic.eu\/fleursinfo\/wp-json\/wp\/v2\/pages\/575\/revisions\/4600"}],"wp:featuredmedia":[{"embeddable":true,"href":"https:\/\/www.floraclic.eu\/fleursinfo\/wp-json\/wp\/v2\/media\/4297"}],"wp:attachment":[{"href":"https:\/\/www.floraclic.eu\/fleursinfo\/wp-json\/wp\/v2\/media?parent=575"}],"curies":[{"name":"wp","href":"https:\/\/api.w.org\/{rel}","templated":true}]}}