{"id":479,"date":"2014-03-17T11:22:18","date_gmt":"2014-03-17T10:22:18","guid":{"rendered":"http:\/\/www.floraclic.fr\/fleursinfo\/?page_id=479"},"modified":"2026-03-13T09:12:08","modified_gmt":"2026-03-13T08:12:08","slug":"fleurs-deuil-deces-enterrement","status":"publish","type":"page","link":"https:\/\/www.floraclic.eu\/fleursinfo\/fleurs-deuil-deces-enterrement\/","title":{"rendered":"Fleurs deuil, d\u00e9c\u00e8s, enterrement : r\u00f4le et symbolique"},"content":{"rendered":"\n<div class=\"wp-block-columns is-layout-flex wp-container-core-columns-is-layout-9d6595d7 wp-block-columns-is-layout-flex\">\n<div class=\"wp-block-column is-layout-flow wp-block-column-is-layout-flow\" style=\"flex-basis:33.33%\"><div class=\"wp-block-image\">\n<figure class=\"aligncenter\"><a href=\"https:\/\/www.floraclic.eu\/deces--gerbe-main-blanc-vert-158\"><img loading=\"lazy\" decoding=\"async\" width=\"257\" height=\"300\" src=\"https:\/\/www.floraclic.eu\/fleursinfo\/wp-content\/uploads\/2014\/03\/gerbeblancvert-257x300.jpg\" alt=\"gerbe deuil\" class=\"wp-image-510\" srcset=\"https:\/\/www.floraclic.eu\/fleursinfo\/wp-content\/uploads\/2014\/03\/gerbeblancvert-257x300.jpg 257w, https:\/\/www.floraclic.eu\/fleursinfo\/wp-content\/uploads\/2014\/03\/gerbeblancvert-128x150.jpg 128w, https:\/\/www.floraclic.eu\/fleursinfo\/wp-content\/uploads\/2014\/03\/gerbeblancvert.jpg 300w\" sizes=\"auto, (max-width: 257px) 100vw, 257px\" \/><\/a><figcaption class=\"wp-element-caption\">Gerbe deuil blanc vert<\/figcaption><\/figure>\n<\/div><\/div>\n\n\n\n<div class=\"wp-block-column is-layout-flow wp-block-column-is-layout-flow\" style=\"flex-basis:66.66%\">\n<h2 class=\"wp-block-heading\">Fleurs et deuil : l&#8217;h\u00e9ritage de traditions ancestrales<\/h2>\n\n\n\n<p>Le fleurissement des fun\u00e9railles est une tradition pluri mill\u00e9naire. Les fleurs avaient initialement une valeur d&#8217;offrandes, le bouquet \u00e9tant synonyme d&#8217;espoir de vie, \u00e9troitement li\u00e9 au mythe de la r\u00e9surrection. On trouve trace de rituels fun\u00e9raires mettant en sc\u00e8ne des fleurs dans la plupart des civilisations de la Haute-Antiquit\u00e9 , un peu partout \u00e0 travers le monde.<\/p>\n<\/div>\n<\/div>\n\n\n\n<p>Prenons exemple parlant de l&#8217;Egypte Ancienne : de nombreuses peintures ornant les murs&nbsp; des tombeaux repr\u00e9sentaient le d\u00e9funt ou la d\u00e9funte portant un bouquet de fleurs de lotus , symbole de la vie renaissante.&nbsp; Le jour des fun\u00e9railles \u00e9tait m\u00eame nomm\u00e9 le \u00ab jour pour dresser les bouquets \u00bb. Il arrive que le bouquet repr\u00e9sente le d\u00e9funt lui-m\u00eame. Des parures v\u00e9g\u00e9tales, couronnes et guirlandes de fleurs ornaient momies et sarcophages comme promesses d&#8217;immortalit\u00e9.<\/p>\n\n\n\n<h2 class=\"wp-block-heading\">La place des fleurs dans les c\u00e9r\u00e9monies d&#8217;obs\u00e8ques actuelles:&nbsp; mat\u00e9rialiser le lien entre les deux mondes<\/h2>\n\n\n\n<div class=\"wp-block-columns is-layout-flex wp-container-core-columns-is-layout-9d6595d7 wp-block-columns-is-layout-flex\">\n<div class=\"wp-block-column is-layout-flow wp-block-column-is-layout-flow\" style=\"flex-basis:66.66%\">\n<p>Actuellement, offrir des fleurs pour un d\u00e9c\u00e8s permet de rendre un dernier hommage \u00e0 la personne disparue, d&#8217;exprimer son respect envers elle,&nbsp; mais aussi de l&#8217;accompagner dans son d\u00e9part vers un ailleurs, ainsi bien-s\u00fbr que d&#8217;apporter son soutien \u00e0 la famille et de compatir \u00e0 sa douleur. Les fleurs ont l\u00e0 un r\u00f4le de LIEN entre ce monde-ci et celui de l'&#8221;apr\u00e8s&#8221;, de l'&#8221;au-del\u00e0&#8221;.<\/p>\n\n\n\n<p>Les fleurs font de nos jours toujours gages d&#8217;immortalit\u00e9 et symbolisent la renaissance immat\u00e9rielle de l&#8217;\u00e2me. Elles permettent \u00e9galement d&#8217;\u00e9tablir un LIEN mat\u00e9riel, palpable, entre les vivants et&nbsp; la personne d\u00e9c\u00e9d\u00e9e : les roses jet\u00e9es sur la tombe avant l&#8217;ensevelissement comme l&#8217;entretien du fleurissement de la tombe post-mortem, t\u00e9moignent de ce r\u00f4le primordial \u00e0 forte valeur affective.<\/p>\n<\/div>\n\n\n\n<div class=\"wp-block-column is-layout-flow wp-block-column-is-layout-flow\" style=\"flex-basis:33.33%\"><div class=\"wp-block-image\">\n<figure class=\"aligncenter\"><a href=\"https:\/\/www.floraclic.eu\/deuil--coussin-carre-171\"><img loading=\"lazy\" decoding=\"async\" width=\"300\" height=\"350\" src=\"https:\/\/www.floraclic.eu\/fleursinfo\/wp-content\/uploads\/2014\/03\/COUSSINCARRE3.jpg\" alt=\"coussin deuil losange\" class=\"wp-image-512\" srcset=\"https:\/\/www.floraclic.eu\/fleursinfo\/wp-content\/uploads\/2014\/03\/COUSSINCARRE3.jpg 300w, https:\/\/www.floraclic.eu\/fleursinfo\/wp-content\/uploads\/2014\/03\/COUSSINCARRE3-257x300.jpg 257w, https:\/\/www.floraclic.eu\/fleursinfo\/wp-content\/uploads\/2014\/03\/COUSSINCARRE3-128x150.jpg 128w\" sizes=\"auto, (max-width: 300px) 100vw, 300px\" \/><\/a><figcaption class=\"wp-element-caption\">Coussin Losange<\/figcaption><\/figure>\n<\/div><\/div>\n<\/div>\n\n\n\n<div class=\"wp-block-columns is-layout-flex wp-container-core-columns-is-layout-9d6595d7 wp-block-columns-is-layout-flex\">\n<div class=\"wp-block-column is-layout-flow wp-block-column-is-layout-flow\" style=\"flex-basis:33.33%\"><div class=\"wp-block-image\">\n<figure class=\"aligncenter\"><a href=\"https:\/\/www.floraclic.eu\/deuil--coeur-de-roses-rouges-177\"><img loading=\"lazy\" decoding=\"async\" width=\"300\" height=\"350\" src=\"https:\/\/www.floraclic.eu\/fleursinfo\/wp-content\/uploads\/2014\/03\/coeurrouge.jpg\" alt=\"c\u0153ur deuil de roses rouges\" class=\"wp-image-513\" srcset=\"https:\/\/www.floraclic.eu\/fleursinfo\/wp-content\/uploads\/2014\/03\/coeurrouge.jpg 300w, https:\/\/www.floraclic.eu\/fleursinfo\/wp-content\/uploads\/2014\/03\/coeurrouge-257x300.jpg 257w, https:\/\/www.floraclic.eu\/fleursinfo\/wp-content\/uploads\/2014\/03\/coeurrouge-128x150.jpg 128w\" sizes=\"auto, (max-width: 300px) 100vw, 300px\" \/><\/a><figcaption class=\"wp-element-caption\">C\u0153ur de Roses rouges<\/figcaption><\/figure>\n<\/div><\/div>\n\n\n\n<div class=\"wp-block-column is-layout-flow wp-block-column-is-layout-flow\" style=\"flex-basis:66.66%\">\n<h2 class=\"wp-block-heading\">Fleurs pour condol\u00e9ances : la symbolique des couleurs<\/h2>\n\n\n\n<p>Les gerbes pour enterrement, bouquets de deuil, couronnes fun\u00e9raires, coussins pour obs\u00e8ques et autres pani\u00e8res fleuries et coupes de plantes se d\u00e9clinent dans des coloris extr\u00eamement vari\u00e9s, sans exclusion.<\/p>\n\n\n\n<p>Les couleurs \u00e0 choisir pour vos fleurs de deuil s&#8217;accordent en g\u00e9n\u00e9ral avec la personnalit\u00e9 du ou de la d\u00e9funte. C&#8217;est un peu une mani\u00e8re de le ou la repr\u00e9senter (cf Egypte Antique !).&nbsp; La couleur peut aussi souligner le type de relation que l&#8217;on entretenait&nbsp; avec la personne ou \u00e9galement le type de message que l&#8217;on souhaite transmettre.<\/p>\n<\/div>\n<\/div>\n\n\n\n<p>D&#8217;une mani\u00e8re g\u00e9n\u00e9rale, les couleurs pastel souligneront la tendresse. Les couleurs vives seront adapt\u00e9es \u00e0 quelqu&#8217;un de gai et d&#8217;enjou\u00e9. Le blanc symbolisera la puret\u00e9, la beaut\u00e9, l&#8217;innocence ; le bleu la spiritualit\u00e9, l&#8217;immat\u00e9rialit\u00e9; le rouge le sentiment amoureux ou filial ou bien un tr\u00e8s grand attachement.<\/p>\n\n\n\n<p>En cas d&#8217;impossibilit\u00e9 de vous rendre aux fun\u00e9railles, vous avez la possibilit\u00e9 de faire livrer vos fleurs de deuil pour la c\u00e9r\u00e9monie afin de t\u00e9moigner de votre affliction et d&#8217;assister spirituellement le d\u00e9part du ou de la d\u00e9funte. Floraclic vous propose pour ce faire un grand choix de <a href=\"https:\/\/www.floraclic.eu\/evenements-1\/deuil-30\">bouquets de fleurs deuil et condol\u00e9ances<\/a>, <a title=\"gerbes deuil\" href=\"https:\/\/www.floraclic.eu\/evenements-1\/deuil-30\/gerbes-et-bouquets-47\" target=\"_blank\">gerbes et bouquets<\/a>, <a title=\"coussins mortuaires\" href=\"https:\/\/www.floraclic.eu\/evenements-1\/deuil-30\/coussins-et-panieres-78\" target=\"_blank\">coussins, c\u0153urs et pani\u00e8res<\/a>, <a title=\"couronnes fun\u00e9raires\" href=\"https:\/\/www.floraclic.eu\/evenements-1\/deuil-30\/couronnes-et-raquettes-79\" target=\"_blank\">couronnes et raquettes fun\u00e9raires<\/a>, <a title=\"plantes fleuries pour deuil\" href=\"https:\/\/www.floraclic.eu\/evenements-1\/deuil-30\/coupes-de-plantes-80\" target=\"_blank\">plantes fleuries pour cimeti\u00e8re<\/a><\/p>\n\n\n\n<p>Consultez notre <a href=\"https:\/\/www.floraclic.eu\/fleursinfo\/guide\/deuil\/\">Guide des fleurs pour deuil, obs\u00e8ques et cimeti\u00e8res<\/a><\/p>\n\n\n\n<p><em>Par Val\u00e9rie Admart<\/em><\/p>\n","protected":false},"excerpt":{"rendered":"<p>Fleurs et deuil : l&#8217;h\u00e9ritage de traditions ancestrales Le fleurissement des fun\u00e9railles est une tradition pluri mill\u00e9naire. Les fleurs avaient initialement une valeur d&#8217;offrandes, le bouquet \u00e9tant synonyme d&#8217;espoir de vie, \u00e9troitement li\u00e9 au mythe de la r\u00e9surrection. On trouve trace de rituels fun\u00e9raires mettant en sc\u00e8ne des fleurs dans la plupart des civilisations de [&hellip;]<\/p>\n","protected":false},"author":1,"featured_media":4198,"parent":0,"menu_order":0,"comment_status":"closed","ping_status":"open","template":"","meta":{"footnotes":""},"class_list":["post-479","page","type-page","status-publish","has-post-thumbnail","hentry"],"_links":{"self":[{"href":"https:\/\/www.floraclic.eu\/fleursinfo\/wp-json\/wp\/v2\/pages\/479","targetHints":{"allow":["GET"]}}],"collection":[{"href":"https:\/\/www.floraclic.eu\/fleursinfo\/wp-json\/wp\/v2\/pages"}],"about":[{"href":"https:\/\/www.floraclic.eu\/fleursinfo\/wp-json\/wp\/v2\/types\/page"}],"author":[{"embeddable":true,"href":"https:\/\/www.floraclic.eu\/fleursinfo\/wp-json\/wp\/v2\/users\/1"}],"replies":[{"embeddable":true,"href":"https:\/\/www.floraclic.eu\/fleursinfo\/wp-json\/wp\/v2\/comments?post=479"}],"version-history":[{"count":43,"href":"https:\/\/www.floraclic.eu\/fleursinfo\/wp-json\/wp\/v2\/pages\/479\/revisions"}],"predecessor-version":[{"id":4640,"href":"https:\/\/www.floraclic.eu\/fleursinfo\/wp-json\/wp\/v2\/pages\/479\/revisions\/4640"}],"wp:featuredmedia":[{"embeddable":true,"href":"https:\/\/www.floraclic.eu\/fleursinfo\/wp-json\/wp\/v2\/media\/4198"}],"wp:attachment":[{"href":"https:\/\/www.floraclic.eu\/fleursinfo\/wp-json\/wp\/v2\/media?parent=479"}],"curies":[{"name":"wp","href":"https:\/\/api.w.org\/{rel}","templated":true}]}}