{"id":4668,"date":"2026-03-15T15:19:33","date_gmt":"2026-03-15T14:19:33","guid":{"rendered":"https:\/\/www.floraclic.eu\/fleursinfo\/?page_id=4668"},"modified":"2026-04-14T17:41:39","modified_gmt":"2026-04-14T16:41:39","slug":"occasion","status":"publish","type":"page","link":"https:\/\/www.floraclic.eu\/fleursinfo\/guide\/occasion\/","title":{"rendered":"Le guide des fleurs pour chaque occasion"},"content":{"rendered":"\n<p>Les fleurs accompagnent les grands moments de la vie comme les petites attentions du quotidien. \u00c0 travers cette rubrique, d\u00e9couvrez des conseils sur les fleurs \u00e0 offrir selon l\u2019occasion, mais aussi l\u2019histoire des traditions associ\u00e9es et la symbolique des fleurs pour chaque \u00e9v\u00e9nement.<\/p>\n\n\n\n<div class=\"wp-block-columns is-layout-flex wp-container-core-columns-is-layout-9d6595d7 wp-block-columns-is-layout-flex\">\n<div class=\"wp-block-column is-layout-flow wp-block-column-is-layout-flow\" style=\"flex-basis:66.66%\">\n<h3 class=\"wp-block-heading\"><a href=\"https:\/\/www.floraclic.eu\/fleursinfo\/fleurs-anniversaire-origines-et-traditions\/\">Fleurs anniversaire : f\u00eate, origine et tradition<\/a><\/h3>\n\n\n\n<p>Les fleurs font partie des cadeaux d\u2019anniversaire les plus appr\u00e9ci\u00e9s. Derri\u00e8re ce geste festif se cachent pourtant des traditions anciennes, des symboles et une histoire souvent m\u00e9connue. D\u00e9couvrez dans cet article les origines des fleurs d\u2019anniversaire et leur place dans cette c\u00e9l\u00e9bration.<\/p>\n<\/div>\n\n\n\n<div class=\"wp-block-column is-layout-flow wp-block-column-is-layout-flow\" style=\"flex-basis:33.33%\"><div class=\"wp-block-image\">\n<figure class=\"aligncenter size-medium\"><a href=\"https:\/\/www.floraclic.eu\/fleursinfo\/fleurs-anniversaire-origines-et-traditions\/\"><img loading=\"lazy\" decoding=\"async\" width=\"450\" height=\"450\" src=\"https:\/\/www.floraclic.eu\/fleursinfo\/wp-content\/uploads\/2014\/02\/GATEAU-450x450.jpg\" alt=\"\" class=\"wp-image-4087\" srcset=\"https:\/\/www.floraclic.eu\/fleursinfo\/wp-content\/uploads\/2014\/02\/GATEAU-450x450.jpg 450w, https:\/\/www.floraclic.eu\/fleursinfo\/wp-content\/uploads\/2014\/02\/GATEAU-250x250.jpg 250w, https:\/\/www.floraclic.eu\/fleursinfo\/wp-content\/uploads\/2014\/02\/GATEAU.jpg 600w\" sizes=\"auto, (max-width: 450px) 100vw, 450px\" \/><\/a><\/figure>\n<\/div><\/div>\n<\/div>\n\n\n\n<div class=\"wp-block-columns is-layout-flex wp-container-core-columns-is-layout-9d6595d7 wp-block-columns-is-layout-flex\">\n<div class=\"wp-block-column is-layout-flow wp-block-column-is-layout-flow\" style=\"flex-basis:66.66%\">\n<h3 class=\"wp-block-heading\"><a href=\"https:\/\/www.floraclic.eu\/fleursinfo\/fleurs-anniversaire-les-bouquets-d-ete\/\">Fleurs anniversaire : les bouquets d&#8217;\u00e9t\u00e9<\/a><\/h3>\n\n\n\n<p>En \u00e9t\u00e9, les bouquets d\u2019anniversaire se parent de couleurs vives, de fleurs g\u00e9n\u00e9reuses et d\u2019un esprit r\u00e9solument festif. Vari\u00e9t\u00e9s estivales, harmonies de couleurs, inspirations exotiques ou naturelles : cette saison permet une grande cr\u00e9ativit\u00e9 florale. D\u00e9couvrez dans cet article les plus belles id\u00e9es de bouquets d\u2019\u00e9t\u00e9 pour un anniversaire.<\/p>\n<\/div>\n\n\n\n<div class=\"wp-block-column is-layout-flow wp-block-column-is-layout-flow\" style=\"flex-basis:33.33%\"><div class=\"wp-block-image\">\n<figure class=\"aligncenter size-medium\"><a href=\"https:\/\/www.floraclic.eu\/fleursinfo\/fleurs-anniversaire-les-bouquets-d-ete\/\"><img loading=\"lazy\" decoding=\"async\" width=\"450\" height=\"450\" src=\"https:\/\/www.floraclic.eu\/fleursinfo\/wp-content\/uploads\/2014\/08\/bouquet-rond-rose-eustoma-fleur-hortensia-alstromeria-bouvardia-matricaire-gerbera-rose-rouge-blanc_elyse-450x450.png\" alt=\"\" class=\"wp-image-4291\" srcset=\"https:\/\/www.floraclic.eu\/fleursinfo\/wp-content\/uploads\/2014\/08\/bouquet-rond-rose-eustoma-fleur-hortensia-alstromeria-bouvardia-matricaire-gerbera-rose-rouge-blanc_elyse-450x450.png 450w, https:\/\/www.floraclic.eu\/fleursinfo\/wp-content\/uploads\/2014\/08\/bouquet-rond-rose-eustoma-fleur-hortensia-alstromeria-bouvardia-matricaire-gerbera-rose-rouge-blanc_elyse-250x250.png 250w, https:\/\/www.floraclic.eu\/fleursinfo\/wp-content\/uploads\/2014\/08\/bouquet-rond-rose-eustoma-fleur-hortensia-alstromeria-bouvardia-matricaire-gerbera-rose-rouge-blanc_elyse.png 600w\" sizes=\"auto, (max-width: 450px) 100vw, 450px\" \/><\/a><\/figure>\n<\/div><\/div>\n<\/div>\n\n\n\n<div class=\"wp-block-columns is-layout-flex wp-container-core-columns-is-layout-9d6595d7 wp-block-columns-is-layout-flex\">\n<div class=\"wp-block-column is-layout-flow wp-block-column-is-layout-flow\" style=\"flex-basis:66.66%\">\n<h3 class=\"wp-block-heading\"><a href=\"https:\/\/www.floraclic.eu\/fleursinfo\/fleurs-anniversaire-les-gateaux-de-fleurs\/\">Les g\u00e2teaux de fleurs pour anniversaire<\/a><\/h3>\n\n\n\n<p>Originals et spectaculaires, les g\u00e2teaux de fleurs r\u00e9inventent les compositions d\u2019anniversaire. Inspir\u00e9s des p\u00e2tisseries, ils jouent avec les formes, les couleurs et les d\u00e9tails d\u00e9coratifs pour cr\u00e9er un effet aussi festif que surprenant. D\u00e9couvrez dans cet article l\u2019univers des g\u00e2teaux de fleurs et ce qui fait tout leur charme pour un anniversaire.<\/p>\n<\/div>\n\n\n\n<div class=\"wp-block-column is-layout-flow wp-block-column-is-layout-flow\" style=\"flex-basis:33.33%\"><div class=\"wp-block-image\">\n<figure class=\"aligncenter size-medium\"><a href=\"https:\/\/www.floraclic.eu\/fleursinfo\/fleurs-anniversaire-les-gateaux-de-fleurs\/\"><img loading=\"lazy\" decoding=\"async\" width=\"450\" height=\"391\" src=\"https:\/\/www.floraclic.eu\/fleursinfo\/wp-content\/uploads\/2014\/04\/Gateaurouge-450x391.jpg\" alt=\"\" class=\"wp-image-4214\" srcset=\"https:\/\/www.floraclic.eu\/fleursinfo\/wp-content\/uploads\/2014\/04\/Gateaurouge-450x391.jpg 450w, https:\/\/www.floraclic.eu\/fleursinfo\/wp-content\/uploads\/2014\/04\/Gateaurouge-250x217.jpg 250w, https:\/\/www.floraclic.eu\/fleursinfo\/wp-content\/uploads\/2014\/04\/Gateaurouge-768x667.jpg 768w, https:\/\/www.floraclic.eu\/fleursinfo\/wp-content\/uploads\/2014\/04\/Gateaurouge.jpg 1105w\" sizes=\"auto, (max-width: 450px) 100vw, 450px\" \/><\/a><\/figure>\n<\/div><\/div>\n<\/div>\n\n\n\n<div class=\"wp-block-columns is-layout-flex wp-container-core-columns-is-layout-9d6595d7 wp-block-columns-is-layout-flex\">\n<div class=\"wp-block-column is-layout-flow wp-block-column-is-layout-flow\" style=\"flex-basis:66.66%\">\n<h3 class=\"wp-block-heading\"><a href=\"https:\/\/www.floraclic.eu\/fleursinfo\/fleurs-mariage\/\">Quelles fleurs pour un mariage ?<\/a><\/h3>\n\n\n\n<p>Le mariage est l\u2019un des moments o\u00f9 les fleurs prennent toute leur importance. Du bouquet de la mari\u00e9e \u00e0 la d\u00e9coration de la c\u00e9r\u00e9monie et de la r\u00e9ception, elles participent pleinement \u00e0 l\u2019\u00e9motion et \u00e0 l\u2019esth\u00e9tique de cette journ\u00e9e. D\u00e9couvrez dans cet article comment choisir les fleurs de mariage et cr\u00e9er un d\u00e9cor floral \u00e9l\u00e9gant et harmonieux.<\/p>\n<\/div>\n\n\n\n<div class=\"wp-block-column is-layout-flow wp-block-column-is-layout-flow\" style=\"flex-basis:33.33%\"><div class=\"wp-block-image\">\n<figure class=\"aligncenter size-medium\"><a href=\"https:\/\/www.floraclic.eu\/fleursinfo\/fleurs-mariage\/\"><img loading=\"lazy\" decoding=\"async\" width=\"450\" height=\"450\" src=\"https:\/\/www.floraclic.eu\/fleursinfo\/wp-content\/uploads\/2014\/03\/AUBADE600-450x450.gif\" alt=\"\" class=\"wp-image-4121\" srcset=\"https:\/\/www.floraclic.eu\/fleursinfo\/wp-content\/uploads\/2014\/03\/AUBADE600-450x450.gif 450w, https:\/\/www.floraclic.eu\/fleursinfo\/wp-content\/uploads\/2014\/03\/AUBADE600-250x250.gif 250w, https:\/\/www.floraclic.eu\/fleursinfo\/wp-content\/uploads\/2014\/03\/AUBADE600.gif 600w\" sizes=\"auto, (max-width: 450px) 100vw, 450px\" \/><\/a><\/figure>\n<\/div><\/div>\n<\/div>\n\n\n\n<div class=\"wp-block-columns is-layout-flex wp-container-core-columns-is-layout-9d6595d7 wp-block-columns-is-layout-flex\">\n<div class=\"wp-block-column is-layout-flow wp-block-column-is-layout-flow\" style=\"flex-basis:66.66%\">\n<h3 class=\"wp-block-heading\"><a href=\"https:\/\/www.floraclic.eu\/fleursinfo\/les-fleurs-de-la-fete-des-meres-et-leur-symbolique\/\">Les fleurs de la F\u00eate des M\u00e8res et leur symbolique<\/a><\/h3>\n\n\n\n<p>Les fleurs font partie des plus beaux cadeaux de la F\u00eate des M\u00e8res. Rose, pivoine, lys, orchid\u00e9e ou hortensia, chaque vari\u00e9t\u00e9 poss\u00e8de sa propre symbolique et permet d\u2019exprimer un message particulier. D\u00e9couvrez dans cet article quelles fleurs offrir pour la F\u00eate des M\u00e8res et leur signification.<\/p>\n<\/div>\n\n\n\n<div class=\"wp-block-column is-layout-flow wp-block-column-is-layout-flow\" style=\"flex-basis:33.33%\"><div class=\"wp-block-image\">\n<figure class=\"aligncenter size-medium\"><a href=\"https:\/\/www.floraclic.eu\/fleursinfo\/les-fleurs-de-la-fete-des-meres-et-leur-symbolique\/\"><img loading=\"lazy\" decoding=\"async\" width=\"450\" height=\"450\" src=\"https:\/\/www.floraclic.eu\/fleursinfo\/wp-content\/uploads\/2014\/05\/NINA600-450x450.png\" alt=\"\" class=\"wp-image-4236\" srcset=\"https:\/\/www.floraclic.eu\/fleursinfo\/wp-content\/uploads\/2014\/05\/NINA600-450x450.png 450w, https:\/\/www.floraclic.eu\/fleursinfo\/wp-content\/uploads\/2014\/05\/NINA600-250x250.png 250w, https:\/\/www.floraclic.eu\/fleursinfo\/wp-content\/uploads\/2014\/05\/NINA600.png 600w\" sizes=\"auto, (max-width: 450px) 100vw, 450px\" \/><\/a><\/figure>\n<\/div><\/div>\n<\/div>\n\n\n\n<p>D\u00e9couvrez aussi notre <a href=\"https:\/\/www.floraclic.eu\/fleursinfo\/guide\/deuil\/\">Guide des fleurs pour deuil, obs\u00e8ques et cimeti\u00e8res<\/a>, et le <a href=\"https:\/\/www.floraclic.eu\/fleursinfo\/guide\/\" data-type=\"page\" data-id=\"4566\">guide des fleurs<\/a>.<\/p>\n","protected":false},"excerpt":{"rendered":"<p>Les fleurs accompagnent les grands moments de la vie comme les petites attentions du quotidien. \u00c0 travers cette rubrique, d\u00e9couvrez des conseils sur les fleurs \u00e0 offrir selon l\u2019occasion, mais aussi l\u2019histoire des traditions associ\u00e9es et la symbolique des fleurs pour chaque \u00e9v\u00e9nement. Fleurs anniversaire : f\u00eate, origine et tradition Les fleurs font partie des [&hellip;]<\/p>\n","protected":false},"author":1,"featured_media":0,"parent":4566,"menu_order":0,"comment_status":"closed","ping_status":"closed","template":"","meta":{"footnotes":""},"class_list":["post-4668","page","type-page","status-publish","hentry"],"_links":{"self":[{"href":"https:\/\/www.floraclic.eu\/fleursinfo\/wp-json\/wp\/v2\/pages\/4668","targetHints":{"allow":["GET"]}}],"collection":[{"href":"https:\/\/www.floraclic.eu\/fleursinfo\/wp-json\/wp\/v2\/pages"}],"about":[{"href":"https:\/\/www.floraclic.eu\/fleursinfo\/wp-json\/wp\/v2\/types\/page"}],"author":[{"embeddable":true,"href":"https:\/\/www.floraclic.eu\/fleursinfo\/wp-json\/wp\/v2\/users\/1"}],"replies":[{"embeddable":true,"href":"https:\/\/www.floraclic.eu\/fleursinfo\/wp-json\/wp\/v2\/comments?post=4668"}],"version-history":[{"count":3,"href":"https:\/\/www.floraclic.eu\/fleursinfo\/wp-json\/wp\/v2\/pages\/4668\/revisions"}],"predecessor-version":[{"id":4705,"href":"https:\/\/www.floraclic.eu\/fleursinfo\/wp-json\/wp\/v2\/pages\/4668\/revisions\/4705"}],"up":[{"embeddable":true,"href":"https:\/\/www.floraclic.eu\/fleursinfo\/wp-json\/wp\/v2\/pages\/4566"}],"wp:attachment":[{"href":"https:\/\/www.floraclic.eu\/fleursinfo\/wp-json\/wp\/v2\/media?parent=4668"}],"curies":[{"name":"wp","href":"https:\/\/api.w.org\/{rel}","templated":true}]}}