{"id":4627,"date":"2026-03-13T09:00:56","date_gmt":"2026-03-13T08:00:56","guid":{"rendered":"https:\/\/www.floraclic.eu\/fleursinfo\/?page_id=4627"},"modified":"2026-03-13T10:19:50","modified_gmt":"2026-03-13T09:19:50","slug":"deuil","status":"publish","type":"page","link":"https:\/\/www.floraclic.eu\/fleursinfo\/guide\/deuil\/","title":{"rendered":"Le guide des fleurs pour deuil, obs\u00e8ques et cimeti\u00e8res"},"content":{"rendered":"\n<p>Les fleurs de deuil accompagnent les moments de recueillement, de condol\u00e9ances et d\u2019hommage. \u00c0 travers ce guide, d\u00e9couvrez leur symbolique, les principales compositions fun\u00e9raires, ainsi que des conseils pour choisir les fleurs adapt\u00e9es selon la saison, le lieu et les circonstances.<\/p>\n\n\n\n<div class=\"wp-block-columns is-layout-flex wp-container-core-columns-is-layout-9d6595d7 wp-block-columns-is-layout-flex\">\n<div class=\"wp-block-column is-layout-flow wp-block-column-is-layout-flow\" style=\"flex-basis:66.66%\">\n<h3 class=\"wp-block-heading\"><a href=\"https:\/\/www.floraclic.eu\/fleursinfo\/fleurs-deuil-deces-enterrement\/\">Fleurs deuil, d\u00e9c\u00e8s, enterrement : r\u00f4le et symbolique<\/a><\/h3>\n\n\n\n<p>Les fleurs de deuil accompagnent depuis longtemps les moments de recueillement et d\u2019hommage. Elles expriment le respect, le souvenir, le soutien et l\u2019attachement \u00e0 la personne disparue. D\u00e9couvrez dans cet article la signification des fleurs de d\u00e9c\u00e8s et leur place dans les traditions fun\u00e9raires.<\/p>\n<\/div>\n\n\n\n<div class=\"wp-block-column is-layout-flow wp-block-column-is-layout-flow\" style=\"flex-basis:33.33%\"><div class=\"wp-block-image\">\n<figure class=\"aligncenter size-medium\"><a href=\"https:\/\/www.floraclic.eu\/fleursinfo\/fleurs-deuil-deces-enterrement\/\"><img loading=\"lazy\" decoding=\"async\" width=\"300\" height=\"350\" src=\"https:\/\/www.floraclic.eu\/fleursinfo\/wp-content\/uploads\/2014\/03\/gerbeblancvert.jpg\" alt=\"\" class=\"wp-image-4198\" srcset=\"https:\/\/www.floraclic.eu\/fleursinfo\/wp-content\/uploads\/2014\/03\/gerbeblancvert.jpg 300w, https:\/\/www.floraclic.eu\/fleursinfo\/wp-content\/uploads\/2014\/03\/gerbeblancvert-214x250.jpg 214w\" sizes=\"auto, (max-width: 300px) 100vw, 300px\" \/><\/a><\/figure>\n<\/div><\/div>\n<\/div>\n\n\n\n<div class=\"wp-block-columns is-layout-flex wp-container-core-columns-is-layout-9d6595d7 wp-block-columns-is-layout-flex\">\n<div class=\"wp-block-column is-layout-flow wp-block-column-is-layout-flow\" style=\"flex-basis:66.66%\">\n<h3 class=\"wp-block-heading\"><a href=\"https:\/\/www.floraclic.eu\/fleursinfo\/fleurs-deces-bouquets-gerbes-coussins-et-couronnes\/\">Fleurs pour d\u00e9c\u00e8s : bouquets, gerbes, coussins et couronnes<\/a><\/h3>\n\n\n\n<p>Bouquet de deuil, gerbe, coussin, couronne ou raquette : chaque composition florale de d\u00e9c\u00e8s poss\u00e8de sa forme, son usage et sa symbolique. D\u00e9couvrez dans cet article les principales cr\u00e9ations fun\u00e9raires et les rep\u00e8res utiles pour mieux comprendre \u00e0 quelles situations elles correspondent.<\/p>\n<\/div>\n\n\n\n<div class=\"wp-block-column is-layout-flow wp-block-column-is-layout-flow\" style=\"flex-basis:33.33%\"><div class=\"wp-block-image\">\n<figure class=\"aligncenter size-medium\"><a href=\"https:\/\/www.floraclic.eu\/fleursinfo\/fleurs-deces-bouquets-gerbes-coussins-et-couronnes\/\"><img loading=\"lazy\" decoding=\"async\" width=\"300\" height=\"350\" src=\"https:\/\/www.floraclic.eu\/fleursinfo\/wp-content\/uploads\/2014\/03\/GERBE1.jpg\" alt=\"\" class=\"wp-image-4145\" srcset=\"https:\/\/www.floraclic.eu\/fleursinfo\/wp-content\/uploads\/2014\/03\/GERBE1.jpg 300w, https:\/\/www.floraclic.eu\/fleursinfo\/wp-content\/uploads\/2014\/03\/GERBE1-214x250.jpg 214w\" sizes=\"auto, (max-width: 300px) 100vw, 300px\" \/><\/a><\/figure>\n<\/div><\/div>\n<\/div>\n\n\n\n<div class=\"wp-block-columns is-layout-flex wp-container-core-columns-is-layout-9d6595d7 wp-block-columns-is-layout-flex\">\n<div class=\"wp-block-column is-layout-flow wp-block-column-is-layout-flow\" style=\"flex-basis:66.66%\">\n<h3 class=\"wp-block-heading\"><a href=\"https:\/\/www.floraclic.eu\/fleursinfo\/fleurs-deuil-deces-le-fleurissement-d-obseques-en-ete\/\">Le fleurissement d&#8217;obs\u00e8ques en \u00e9t\u00e9<\/a><\/h3>\n\n\n\n<p><strong>Quand un deuil survient en \u00e9t\u00e9, le choix des fleurs demande une attention particuli\u00e8re.<\/strong> Chaleur, soleil, s\u00e9cheresse : toutes les vari\u00e9t\u00e9s ne supportent pas de la m\u00eame fa\u00e7on les conditions estivales, que ce soit pour la c\u00e9r\u00e9monie ou pour le fleurissement au cimeti\u00e8re. Dans cet article, d\u00e9couvrez quelles fleurs, compositions et plantes privil\u00e9gier pour rendre un hommage \u00e0 la fois digne, beau et durable malgr\u00e9 les fortes temp\u00e9ratures.<\/p>\n<\/div>\n\n\n\n<div class=\"wp-block-column is-layout-flow wp-block-column-is-layout-flow\" style=\"flex-basis:33.33%\"><div class=\"wp-block-image\">\n<figure class=\"aligncenter size-medium\"><a href=\"https:\/\/www.floraclic.eu\/fleursinfo\/fleurs-deuil-deces-le-fleurissement-d-obseques-en-ete\/\"><img loading=\"lazy\" decoding=\"async\" width=\"300\" height=\"350\" src=\"https:\/\/www.floraclic.eu\/fleursinfo\/wp-content\/uploads\/2014\/09\/coussin-deuil-rond-rose-fleur-arum-bouvardia-hypericum-pomme-de-pin-blanc.jpg\" alt=\"\" class=\"wp-image-4305\" srcset=\"https:\/\/www.floraclic.eu\/fleursinfo\/wp-content\/uploads\/2014\/09\/coussin-deuil-rond-rose-fleur-arum-bouvardia-hypericum-pomme-de-pin-blanc.jpg 300w, https:\/\/www.floraclic.eu\/fleursinfo\/wp-content\/uploads\/2014\/09\/coussin-deuil-rond-rose-fleur-arum-bouvardia-hypericum-pomme-de-pin-blanc-214x250.jpg 214w\" sizes=\"auto, (max-width: 300px) 100vw, 300px\" \/><\/a><\/figure>\n<\/div><\/div>\n<\/div>\n\n\n\n<div class=\"wp-block-columns is-layout-flex wp-container-core-columns-is-layout-9d6595d7 wp-block-columns-is-layout-flex\">\n<div class=\"wp-block-column is-layout-flow wp-block-column-is-layout-flow\" style=\"flex-basis:66.66%\">\n<h3 class=\"wp-block-heading\"><a href=\"https:\/\/www.floraclic.eu\/fleursinfo\/fleurs-deuil-deces-fleurir-le-cimetiere-en-automne\/\">Fleurir le cimeti\u00e8re en automne<\/a><\/h3>\n\n\n\n<p><strong>Quelles fleurs choisir pour fleurir une tombe en automne ?<\/strong> Entre les chrysanth\u00e8mes incontournables, les cyclamens lumineux, les bruy\u00e8res robustes ou les v\u00e9roniques d\u00e9licates, cette saison offre de nombreuses possibilit\u00e9s pour honorer la m\u00e9moire d\u2019un proche avec justesse. Dans cet article, d\u00e9couvrez les plantes et compositions les plus adapt\u00e9es au cimeti\u00e8re en automne.<\/p>\n<\/div>\n\n\n\n<div class=\"wp-block-column is-layout-flow wp-block-column-is-layout-flow\" style=\"flex-basis:33.33%\"><div class=\"wp-block-image\">\n<figure class=\"aligncenter size-medium\"><a href=\"https:\/\/www.floraclic.eu\/fleursinfo\/fleurs-deuil-deces-fleurir-le-cimetiere-en-automne\/\"><img loading=\"lazy\" decoding=\"async\" width=\"450\" height=\"450\" src=\"https:\/\/www.floraclic.eu\/fleursinfo\/wp-content\/uploads\/2014\/12\/coupe-de-plante-fleurie-chysantheme-cineraire-kalanchoe-aster-450x450.jpg\" alt=\"\" class=\"wp-image-4328\" srcset=\"https:\/\/www.floraclic.eu\/fleursinfo\/wp-content\/uploads\/2014\/12\/coupe-de-plante-fleurie-chysantheme-cineraire-kalanchoe-aster-450x450.jpg 450w, https:\/\/www.floraclic.eu\/fleursinfo\/wp-content\/uploads\/2014\/12\/coupe-de-plante-fleurie-chysantheme-cineraire-kalanchoe-aster-250x250.jpg 250w, https:\/\/www.floraclic.eu\/fleursinfo\/wp-content\/uploads\/2014\/12\/coupe-de-plante-fleurie-chysantheme-cineraire-kalanchoe-aster.jpg 600w\" sizes=\"auto, (max-width: 450px) 100vw, 450px\" \/><\/a><\/figure>\n<\/div><\/div>\n<\/div>\n\n\n\n<div class=\"wp-block-columns is-layout-flex wp-container-core-columns-is-layout-9d6595d7 wp-block-columns-is-layout-flex\">\n<div class=\"wp-block-column is-layout-flow wp-block-column-is-layout-flow\" style=\"flex-basis:66.66%\">\n<h3 class=\"wp-block-heading\"><a href=\"https:\/\/www.floraclic.eu\/fleursinfo\/fleurs-et-plantes-d-hiver\/\">Fleurs pour deuil : plantes et arbustes d&#8217;hiver<\/a><\/h3>\n\n\n\n<p><strong>Fleurir un cimeti\u00e8re en hiver peut sembler compliqu\u00e9, mais certaines fleurs et plantes r\u00e9sistent tr\u00e8s bien au froid.<\/strong> Entre le vent, le gel, la neige et l\u2019humidit\u00e9, il est important de choisir des vari\u00e9t\u00e9s rustiques capables de rester belles en ext\u00e9rieur pendant toute la saison. Dans cet article, d\u00e9couvrez quelles plantes d\u2019hiver privil\u00e9gier pour rendre un hommage durable, sobre et \u00e9l\u00e9gant.<\/p>\n<\/div>\n\n\n\n<div class=\"wp-block-column is-layout-flow wp-block-column-is-layout-flow\" style=\"flex-basis:33.33%\"><div class=\"wp-block-image\">\n<figure class=\"aligncenter size-medium\"><a href=\"https:\/\/www.floraclic.eu\/fleursinfo\/fleurs-et-plantes-d-hiver\/\"><img loading=\"lazy\" decoding=\"async\" width=\"240\" height=\"240\" src=\"https:\/\/www.floraclic.eu\/fleursinfo\/wp-content\/uploads\/2015\/01\/jardiniere-de-plantes-d-hiver.jpg\" alt=\"\" class=\"wp-image-4342\"\/><\/a><\/figure>\n<\/div><\/div>\n<\/div>\n\n\n\n<div class=\"wp-block-columns is-layout-flex wp-container-core-columns-is-layout-9d6595d7 wp-block-columns-is-layout-flex\">\n<div class=\"wp-block-column is-layout-flow wp-block-column-is-layout-flow\" style=\"flex-basis:66.66%\">\n<h3 class=\"wp-block-heading\"><a href=\"https:\/\/www.floraclic.eu\/fleursinfo\/fleurs-de-saison\/fleurs-obseques-les-plantes-de-printemps\/\">Fleurs obs\u00e8ques : les plantes de printemps<\/a><\/h3>\n\n\n\n<p><strong>Le printemps est une saison particuli\u00e8rement adapt\u00e9e pour fleurir le cimeti\u00e8re.<\/strong> Avec le retour des beaux jours, la nature se r\u00e9veille et offre un large choix de fleurs et de plantes aux couleurs fra\u00eeches et lumineuses. Bulbes, primev\u00e8res, pens\u00e9es, myosotis, feuillages d\u00e9coratifs ou petits arbustes : dans cet article, d\u00e9couvrez quelles plantes de printemps privil\u00e9gier pour rendre un hommage plein de douceur, de vie et de symbolique.<\/p>\n<\/div>\n\n\n\n<div class=\"wp-block-column is-layout-flow wp-block-column-is-layout-flow\" style=\"flex-basis:33.33%\"><div class=\"wp-block-image\">\n<figure class=\"aligncenter size-medium\"><a href=\"https:\/\/www.floraclic.eu\/fleursinfo\/fleurs-de-saison\/fleurs-obseques-les-plantes-de-printemps\/\"><img loading=\"lazy\" decoding=\"async\" width=\"450\" height=\"450\" src=\"https:\/\/www.floraclic.eu\/fleursinfo\/wp-content\/uploads\/2015\/05\/jardiniere-jacinthes-noel-rose-450x450.jpg\" alt=\"\" class=\"wp-image-4360\" srcset=\"https:\/\/www.floraclic.eu\/fleursinfo\/wp-content\/uploads\/2015\/05\/jardiniere-jacinthes-noel-rose-450x450.jpg 450w, https:\/\/www.floraclic.eu\/fleursinfo\/wp-content\/uploads\/2015\/05\/jardiniere-jacinthes-noel-rose-250x250.jpg 250w, https:\/\/www.floraclic.eu\/fleursinfo\/wp-content\/uploads\/2015\/05\/jardiniere-jacinthes-noel-rose.jpg 600w\" sizes=\"auto, (max-width: 450px) 100vw, 450px\" \/><\/a><\/figure>\n<\/div><\/div>\n<\/div>\n\n\n\n<div class=\"wp-block-columns is-layout-flex wp-container-core-columns-is-layout-9d6595d7 wp-block-columns-is-layout-flex\">\n<div class=\"wp-block-column is-layout-flow wp-block-column-is-layout-flow\" style=\"flex-basis:66.66%\">\n<h3 class=\"wp-block-heading\"><a href=\"https:\/\/www.floraclic.eu\/fleursinfo\/fleurs-enterrements\/\">Fleurs pour enterrement : lieux, couleurs et religion quelle implications ?<\/a><\/h3>\n\n\n\n<p>Les fleurs occupent une place essentielle lors d\u2019un enterrement : elles permettent d\u2019exprimer ses condol\u00e9ances, d\u2019accompagner le d\u00e9funt avec d\u00e9licatesse et de rendre hommage de fa\u00e7on personnelle. Mais entre le choix de la composition, le lieu de livraison, le type de c\u00e9r\u00e9monie et la signification des couleurs, il n\u2019est pas toujours simple de s\u2019y retrouver. Dans cet article, d\u00e9couvrez quelles fleurs choisir pour un enterrement et comment faire les bons choix selon le contexte.<\/p>\n<\/div>\n\n\n\n<div class=\"wp-block-column is-layout-flow wp-block-column-is-layout-flow\" style=\"flex-basis:33.33%\"><div class=\"wp-block-image\">\n<figure class=\"aligncenter size-medium\"><a href=\"https:\/\/www.floraclic.eu\/fleursinfo\/fleurs-enterrements\/\"><img loading=\"lazy\" decoding=\"async\" width=\"300\" height=\"350\" src=\"https:\/\/www.floraclic.eu\/fleursinfo\/wp-content\/uploads\/2014\/04\/GERBEROSEVIOLETTE.jpg\" alt=\"\" class=\"wp-image-4211\" srcset=\"https:\/\/www.floraclic.eu\/fleursinfo\/wp-content\/uploads\/2014\/04\/GERBEROSEVIOLETTE.jpg 300w, https:\/\/www.floraclic.eu\/fleursinfo\/wp-content\/uploads\/2014\/04\/GERBEROSEVIOLETTE-214x250.jpg 214w\" sizes=\"auto, (max-width: 300px) 100vw, 300px\" \/><\/a><\/figure>\n<\/div><\/div>\n<\/div>\n\n\n\n<p><em>Consultez <a href=\"https:\/\/www.floraclic.eu\/fleursinfo\/guide\/\" data-type=\"page\" data-id=\"4566\">les autres th\u00e9matique de notre Guide des fleurs<\/a><\/em><\/p>\n\n\n\n<p>D\u00e9couvrez <a href=\"https:\/\/www.floraclic.eu\/evenements-1\/deuil-30\"><strong>notre collection de fleurs pour deuil<\/strong><\/a><\/p>\n","protected":false},"excerpt":{"rendered":"<p>Les fleurs de deuil accompagnent les moments de recueillement, de condol\u00e9ances et d\u2019hommage. \u00c0 travers ce guide, d\u00e9couvrez leur symbolique, les principales compositions fun\u00e9raires, ainsi que des conseils pour choisir les fleurs adapt\u00e9es selon la saison, le lieu et les circonstances. Fleurs deuil, d\u00e9c\u00e8s, enterrement : r\u00f4le et symbolique Les fleurs de deuil accompagnent depuis [&hellip;]<\/p>\n","protected":false},"author":1,"featured_media":0,"parent":4566,"menu_order":0,"comment_status":"closed","ping_status":"closed","template":"","meta":{"footnotes":""},"class_list":["post-4627","page","type-page","status-publish","hentry"],"_links":{"self":[{"href":"https:\/\/www.floraclic.eu\/fleursinfo\/wp-json\/wp\/v2\/pages\/4627","targetHints":{"allow":["GET"]}}],"collection":[{"href":"https:\/\/www.floraclic.eu\/fleursinfo\/wp-json\/wp\/v2\/pages"}],"about":[{"href":"https:\/\/www.floraclic.eu\/fleursinfo\/wp-json\/wp\/v2\/types\/page"}],"author":[{"embeddable":true,"href":"https:\/\/www.floraclic.eu\/fleursinfo\/wp-json\/wp\/v2\/users\/1"}],"replies":[{"embeddable":true,"href":"https:\/\/www.floraclic.eu\/fleursinfo\/wp-json\/wp\/v2\/comments?post=4627"}],"version-history":[{"count":6,"href":"https:\/\/www.floraclic.eu\/fleursinfo\/wp-json\/wp\/v2\/pages\/4627\/revisions"}],"predecessor-version":[{"id":4651,"href":"https:\/\/www.floraclic.eu\/fleursinfo\/wp-json\/wp\/v2\/pages\/4627\/revisions\/4651"}],"up":[{"embeddable":true,"href":"https:\/\/www.floraclic.eu\/fleursinfo\/wp-json\/wp\/v2\/pages\/4566"}],"wp:attachment":[{"href":"https:\/\/www.floraclic.eu\/fleursinfo\/wp-json\/wp\/v2\/media?parent=4627"}],"curies":[{"name":"wp","href":"https:\/\/api.w.org\/{rel}","templated":true}]}}