{"id":3647,"date":"2020-05-27T09:19:39","date_gmt":"2020-05-27T08:19:39","guid":{"rendered":"https:\/\/www.floraclic.eu\/fleursinfo\/?p=3647"},"modified":"2026-03-26T11:59:47","modified_gmt":"2026-03-26T10:59:47","slug":"les-fleurs-de-la-fete-des-meres-et-leur-symbolique","status":"publish","type":"page","link":"https:\/\/www.floraclic.eu\/fleursinfo\/les-fleurs-de-la-fete-des-meres-et-leur-symbolique\/","title":{"rendered":"Les fleurs de la F\u00eate des M\u00e8res et leur symbolique"},"content":{"rendered":"\n<h2 class=\"wp-block-heading\">Les fleurs de la F\u00eate des M\u00e8re ou le langage de l&#8217;analogie<\/h2>\n\n\n\n<p>Chaque ann\u00e9e, \u00e0 l&#8217;occasion de la F\u00eate des m\u00e8res, les fleurs remportent tous les suffrages&#8230; <strong>Le bouquet de fleurs est d&#8217;ailleurs le cadeau de f\u00eate des m\u00e8res le plus offert de par le monde<\/strong>.<\/p>\n\n\n\n<p>Qu&#8217;il s&#8217;agisse du cadeau principal ou bien d&#8217;un pr\u00e9sent secondaire, les fleurs parlent le langage de l&#8217;\u00e9motion et s&#8217;adaptent \u00e0 tous nos souhaits et \u00e0 toutes nos fantaisies.<\/p>\n\n\n\n<div class=\"wp-block-columns is-layout-flex wp-container-core-columns-is-layout-9d6595d7 wp-block-columns-is-layout-flex\">\n<div class=\"wp-block-column is-layout-flow wp-block-column-is-layout-flow\" style=\"flex-basis:66.66%\">\n<p>Si les fleurs conviennent si bien \u00e0 cette grande f\u00eate calendaire, c&#8217;est qu&#8217;elles v\u00e9hiculent avec pudeur l&#8217;expression du regard que l&#8217;on porte et des sentiments que l&#8217;on \u00e9prouve envers notre maman.<\/p>\n\n\n\n<p>Provoquant l&#8217;implicite comparaison entre la fleur et l&#8217;image-m\u00eame de la &#8220;maman&#8221;, offrir un bouquet nous permet ainsi \u00e0 la fois de lui rendre un hommage digne et de lui r\u00e9v\u00e9ler avec d\u00e9licatesse l&#8217;image que l&#8217;on a d&#8217;elle.<\/p>\n<\/div>\n\n\n\n<div class=\"wp-block-column is-layout-flow wp-block-column-is-layout-flow\" style=\"flex-basis:33.33%\"><div class=\"wp-block-image\">\n<figure class=\"aligncenter\"><a href=\"https:\/\/www.floraclic.eu\/livraison-fleurs-fete-des-meres--bouquet-nina-673\" rel=\"noopener\"><img loading=\"lazy\" decoding=\"async\" width=\"300\" height=\"300\" src=\"https:\/\/www.floraclic.eu\/fleursinfo\/wp-content\/uploads\/2014\/05\/NINA600-300x300.png\" alt=\"fleurs de la f\u00eate des m\u00e8res: bouquet &quot;Nina&quot;\" class=\"wp-image-1033\" srcset=\"https:\/\/www.floraclic.eu\/fleursinfo\/wp-content\/uploads\/2014\/05\/NINA600-300x300.png 300w, https:\/\/www.floraclic.eu\/fleursinfo\/wp-content\/uploads\/2014\/05\/NINA600-150x150.png 150w, https:\/\/www.floraclic.eu\/fleursinfo\/wp-content\/uploads\/2014\/05\/NINA600.png 600w\" sizes=\"auto, (max-width: 300px) 100vw, 300px\" \/><\/a><figcaption class=\"wp-element-caption\"><em>Bouquet Nina<\/em><\/figcaption><\/figure>\n<\/div><\/div>\n<\/div>\n\n\n\n<h3 class=\"wp-block-heading\">Fleurs de F\u00eate des M\u00e8res et images m\u00e9taphoriques<\/h3>\n\n\n\n<div class=\"wp-block-columns is-layout-flex wp-container-core-columns-is-layout-9d6595d7 wp-block-columns-is-layout-flex\">\n<div class=\"wp-block-column is-layout-flow wp-block-column-is-layout-flow\" style=\"flex-basis:33.33%\"><div class=\"wp-block-image\">\n<figure class=\"alignleft\"><a href=\"https:\/\/www.floraclic.eu\/bouquet-fete-des-meres--bouquet-paradis-671\" rel=\"noopener\"><img loading=\"lazy\" decoding=\"async\" width=\"300\" height=\"300\" src=\"https:\/\/www.floraclic.eu\/fleursinfo\/wp-content\/uploads\/2014\/05\/PARADIS600-300x300.png\" alt=\"fleurs de la f\u00eate des m\u00e8res: bouquet &quot;Paradis&quot;\" class=\"wp-image-1049\" srcset=\"https:\/\/www.floraclic.eu\/fleursinfo\/wp-content\/uploads\/2014\/05\/PARADIS600-300x300.png 300w, https:\/\/www.floraclic.eu\/fleursinfo\/wp-content\/uploads\/2014\/05\/PARADIS600-150x150.png 150w, https:\/\/www.floraclic.eu\/fleursinfo\/wp-content\/uploads\/2014\/05\/PARADIS600.png 600w\" sizes=\"auto, (max-width: 300px) 100vw, 300px\" \/><\/a><figcaption class=\"wp-element-caption\"><em>Bouquet Paradis<\/em><\/figcaption><\/figure>\n<\/div><\/div>\n\n\n\n<div class=\"wp-block-column is-layout-flow wp-block-column-is-layout-flow\" style=\"flex-basis:66.66%\">\n<h4 class=\"wp-block-heading\">Les fleurs all\u00e9gories de la tendresse<\/h4>\n\n\n\n<p><strong>La pivoine rose p\u00e2le<\/strong>, \u00e0 la robe g\u00e9n\u00e9reuse et froufroutante et au parfum d\u00e9licieux. C&#8217;est d&#8217;ailleurs devenue LA fleur tendance de la F\u00eate des m\u00e8res.<\/p>\n\n\n\n<p><strong>La rose rose<\/strong>, noble et douce : elle se d\u00e9cline en de multiples nuances permettant des bouquets nuanc\u00e9s&nbsp; \u00e0 l&#8217;infini. Les roses &#8220;branchues&#8221; avec leurs petites fleurs en grappes d\u00e9licates (vari\u00e9t\u00e9 &#8220;Mini-Eden&#8221; notamment) appellent au romantisme.<\/p>\n\n\n\n<p><strong>Le viburnum<\/strong> et ses boules vert tendre vaporeuses : il se fait l&#8217;inconditionnel alli\u00e9 fra\u00eecheur de la pivoine et de la rose branchue.<\/p>\n<\/div>\n<\/div>\n\n\n\n<div class=\"wp-block-columns is-layout-flex wp-container-core-columns-is-layout-9d6595d7 wp-block-columns-is-layout-flex\">\n<div class=\"wp-block-column is-layout-flow wp-block-column-is-layout-flow\" style=\"flex-basis:66.66%\">\n<h4 class=\"wp-block-heading\">Les fleurs all\u00e9gories de la beaut\u00e9<\/h4>\n\n\n\n<p><strong>Le lys blanc<\/strong>, symbole de toutes les perfections, dont la beaut\u00e9 plastique et la &#8220;majest\u00e9&#8221;.<\/p>\n\n\n\n<p><strong>L&#8217;orchid\u00e9e<\/strong> : pour \u00e9voquer la s\u00e9duction absolue, la perfection, parfois le myst\u00e8re.<\/p>\n\n\n\n<p><strong>L&#8217;anthurium<\/strong>, l&#8217;exotisme de sa fleur verniss\u00e9e fait allusion \u00e0 la perfection plastique.<\/p>\n<\/div>\n\n\n\n<div class=\"wp-block-column is-layout-flow wp-block-column-is-layout-flow\" style=\"flex-basis:33.33%\"><div class=\"wp-block-image\">\n<figure class=\"aligncenter\"><a href=\"https:\/\/www.floraclic.eu\/composition-florale---ardoise-tendresse-666\" rel=\"noopener\"><img loading=\"lazy\" decoding=\"async\" width=\"300\" height=\"300\" src=\"https:\/\/www.floraclic.eu\/fleursinfo\/wp-content\/uploads\/2014\/05\/ARDOISEROSE450-300x300.jpg\" alt=\"fleurs de f\u00eate la des m\u00e8res: composition florale &quot;ardoise Tendresse&quot;\" class=\"wp-image-1034\" srcset=\"https:\/\/www.floraclic.eu\/fleursinfo\/wp-content\/uploads\/2014\/05\/ARDOISEROSE450-300x300.jpg 300w, https:\/\/www.floraclic.eu\/fleursinfo\/wp-content\/uploads\/2014\/05\/ARDOISEROSE450-150x150.jpg 150w, https:\/\/www.floraclic.eu\/fleursinfo\/wp-content\/uploads\/2014\/05\/ARDOISEROSE450.jpg 450w\" sizes=\"auto, (max-width: 300px) 100vw, 300px\" \/><\/a><figcaption class=\"wp-element-caption\"><em>Ardoise Tendresse<\/em><\/figcaption><\/figure>\n<\/div><\/div>\n<\/div>\n\n\n\n<h4 class=\"wp-block-heading\">Les fleurs all\u00e9gories de la puret\u00e9<\/h4>\n\n\n\n<p><strong>Le lys blanc<\/strong>, de nouveau, comme all\u00e9gorie de l&#8217;innocence, de la droiture de l&#8217;\u00e2me. Il \u00e9voque le respect.<\/p>\n\n\n\n<p><strong>La rose blanche et la pivoine blanche <\/strong>:&nbsp; pour personnifier la sinc\u00e9rit\u00e9 et marquer la force de l&#8217;attachement.<\/p>\n\n\n\n<h4 class=\"wp-block-heading\">Les fleurs pour \u00e9voquer la f\u00e9minit\u00e9<\/h4>\n\n\n\n<p><strong>L&#8217;alstrom\u00e9ria<\/strong>, pour souligner la discr\u00e9tion , la politesse, la fantaisie.<\/p>\n\n\n\n<p><strong>Le lisianthus<\/strong>, pour exprimer la gr\u00e2ce sensible, l&#8217;\u00e9l\u00e9gance pudique mais \u00e9galement la fiert\u00e9.<\/p>\n\n\n\n<p><strong>Le tournesol<\/strong> pour \u00e9voquer l&#8217;admiration et sugg\u00e9rer un brin d&#8217;exub\u00e9rance et une grande \u00e9nergie.<\/p>\n\n\n\n<h4 class=\"wp-block-heading\">Les fleurs pour exprimer l&#8217;amour<\/h4>\n\n\n\n<p><strong>La rose rouge, la rose fuschia, la pivoine fuschia, l&#8217;anthurium rouge \u00e9clatant, l&#8217;amaranthe pourpre<\/strong> et son aspect velours :&nbsp; leurs couleurs tr\u00e8s vives et somptueuses se rapportent \u00e0 des sentiments forts.<\/p>\n\n\n\n<h4 class=\"wp-block-heading\">Les fleurs pour incarner la g\u00e9n\u00e9rosit\u00e9, la bienveillance<\/h4>\n\n\n\n<div class=\"wp-block-columns is-layout-flex wp-container-core-columns-is-layout-9d6595d7 wp-block-columns-is-layout-flex\">\n<div class=\"wp-block-column is-layout-flow wp-block-column-is-layout-flow\" style=\"flex-basis:33.33%\"><div class=\"wp-block-image\">\n<figure class=\"aligncenter\"><a href=\"https:\/\/www.floraclic.eu\/fleurs-fete-des-meres--bouquet-parisienne-862\"><img loading=\"lazy\" decoding=\"async\" width=\"300\" height=\"300\" src=\"https:\/\/www.floraclic.eu\/fleursinfo\/wp-content\/uploads\/2020\/05\/bouquet-fete-des-meres-pivoines-roses-roses-branchues-roses-oeillets-blancs-Parisienne1200-Floraclic-300x300.jpg\" alt=\"fleurs de la f\u00eate des m\u00e8res: bouquet &quot;Parisienne&quot;\" class=\"wp-image-3654\" srcset=\"https:\/\/www.floraclic.eu\/fleursinfo\/wp-content\/uploads\/2020\/05\/bouquet-fete-des-meres-pivoines-roses-roses-branchues-roses-oeillets-blancs-Parisienne1200-Floraclic-300x300.jpg 300w, https:\/\/www.floraclic.eu\/fleursinfo\/wp-content\/uploads\/2020\/05\/bouquet-fete-des-meres-pivoines-roses-roses-branchues-roses-oeillets-blancs-Parisienne1200-Floraclic-150x150.jpg 150w, https:\/\/www.floraclic.eu\/fleursinfo\/wp-content\/uploads\/2020\/05\/bouquet-fete-des-meres-pivoines-roses-roses-branchues-roses-oeillets-blancs-Parisienne1200-Floraclic-768x768.jpg 768w, https:\/\/www.floraclic.eu\/fleursinfo\/wp-content\/uploads\/2020\/05\/bouquet-fete-des-meres-pivoines-roses-roses-branchues-roses-oeillets-blancs-Parisienne1200-Floraclic-1024x1024.jpg 1024w, https:\/\/www.floraclic.eu\/fleursinfo\/wp-content\/uploads\/2020\/05\/bouquet-fete-des-meres-pivoines-roses-roses-branchues-roses-oeillets-blancs-Parisienne1200-Floraclic.jpg 1200w\" sizes=\"auto, (max-width: 300px) 100vw, 300px\" \/><\/a><figcaption class=\"wp-element-caption\"><em>Bouquet Parisienne<\/em><\/figcaption><\/figure>\n<\/div><\/div>\n\n\n\n<div class=\"wp-block-column is-layout-flow wp-block-column-is-layout-flow\" style=\"flex-basis:66.66%\">\n<p><strong>La fleur d&#8217;hortensia<\/strong> : sa rondeur g\u00e9n\u00e9reuse souligne la beaut\u00e9 de l&#8217;\u00e2me, l&#8217;altruisme.&nbsp; Elle exprime la gratitude et la reconnaissance&#8230;<\/p>\n\n\n\n<p><strong>La pivoine<\/strong>, toujours : opulente comme la grandeur d&#8217;\u00e2me, l&#8217;indulgence, la mansu\u00e9tude.<\/p>\n\n\n\n<p><strong>Le gerb\u00e9ra et le germini <\/strong>: parmi les fleurs les plus employ\u00e9es. Leur forme solaire \u00e9voque la gaiet\u00e9 et c\u00e9l\u00e8bre la profondeur des sentiments. Ils indiquent l&#8217;optimisme, le positivisme.<\/p>\n<\/div>\n<\/div>\n\n\n\n<h4 class=\"wp-block-heading\">Les fleurs pour exprimer le respect<\/h4>\n\n\n\n<div class=\"wp-block-columns is-layout-flex wp-container-core-columns-is-layout-9d6595d7 wp-block-columns-is-layout-flex\">\n<div class=\"wp-block-column is-layout-flow wp-block-column-is-layout-flow\" style=\"flex-basis:66.66%\">\n<p><strong>Les fleurs bleues<\/strong> se feront paraboles de la paix, de la fid\u00e9lit\u00e9, de la constance, de la loyaut\u00e9, de la tranquillit\u00e9.<\/p>\n\n\n\n<p>Elles rendront hommage \u00e0 l&#8217;esprit d&#8217;\u00e9l\u00e9vation, \u00e0 une intelligence pond\u00e9r\u00e9e.<\/p>\n\n\n\n<p>Quelques exemples : les delphiniums bleus, les agapanthes bleues, les iris, les lisianthus bleu violet et parme, les alstrom\u00e9rias parme, les orchid\u00e9es vanda bleues&#8230;<\/p>\n<\/div>\n\n\n\n<div class=\"wp-block-column is-layout-flow wp-block-column-is-layout-flow\" style=\"flex-basis:33.33%\"><div class=\"wp-block-image\">\n<figure class=\"aligncenter\"><a href=\"https:\/\/www.floraclic.eu\/livrer-fleurs-fete-des-meres--bouquet-etretat-668\"><img loading=\"lazy\" decoding=\"async\" width=\"300\" height=\"300\" src=\"https:\/\/www.floraclic.eu\/fleursinfo\/wp-content\/uploads\/2014\/05\/ETRETAT600-300x300.jpg\" alt=\"bouquet f\u00eate des m\u00e8res blancet parme\" class=\"wp-image-1036\" srcset=\"https:\/\/www.floraclic.eu\/fleursinfo\/wp-content\/uploads\/2014\/05\/ETRETAT600-300x300.jpg 300w, https:\/\/www.floraclic.eu\/fleursinfo\/wp-content\/uploads\/2014\/05\/ETRETAT600-150x150.jpg 150w, https:\/\/www.floraclic.eu\/fleursinfo\/wp-content\/uploads\/2014\/05\/ETRETAT600.jpg 600w\" sizes=\"auto, (max-width: 300px) 100vw, 300px\" \/><\/a><figcaption class=\"wp-element-caption\"><em>Bouquet Etretat<\/em><\/figcaption><\/figure>\n<\/div><\/div>\n<\/div>\n\n\n\n<h4 class=\"wp-block-heading\">Les fleurs pour personnifier le dynamisme et la modernit\u00e9<\/h4>\n\n\n\n<p><strong>Le strelitzia, l&#8217;h\u00e9liconia et autres fleurs exotiques<\/strong> se pr\u00eatent \u00e0 des compositions florales design et invoquent le raffinement, le voyage spirituel&#8230;<\/p>\n\n\n\n<p><strong>Les arums et callas <\/strong>: fleurs \u00e9pur\u00e9es et \u00e9lanc\u00e9es, pour des cr\u00e9ations tendances. Elles invitent \u00e0 l&#8217;\u00e9l\u00e9gance simple, \u00e0 la magnificence.<\/p>\n\n\n\n<div class=\"wp-block-columns is-layout-flex wp-container-core-columns-is-layout-9d6595d7 wp-block-columns-is-layout-flex\">\n<div class=\"wp-block-column is-layout-flow wp-block-column-is-layout-flow\" style=\"flex-basis:33.33%\"><div class=\"wp-block-image\">\n<figure class=\"aligncenter\"><a href=\"https:\/\/www.floraclic.eu\/fleurs-fete-des-meres--bouquet-garance-864\"><img loading=\"lazy\" decoding=\"async\" width=\"300\" height=\"300\" src=\"https:\/\/www.floraclic.eu\/fleursinfo\/wp-content\/uploads\/2020\/05\/bouquet-fete-des-meres-Garance2-1200_FLORACLIC-300x300.jpg\" alt=\"bouquet de fleurs de f\u00eate des m\u00e8res &quot;Garance&quot;\" class=\"wp-image-3655\" srcset=\"https:\/\/www.floraclic.eu\/fleursinfo\/wp-content\/uploads\/2020\/05\/bouquet-fete-des-meres-Garance2-1200_FLORACLIC-300x300.jpg 300w, https:\/\/www.floraclic.eu\/fleursinfo\/wp-content\/uploads\/2020\/05\/bouquet-fete-des-meres-Garance2-1200_FLORACLIC-150x150.jpg 150w, https:\/\/www.floraclic.eu\/fleursinfo\/wp-content\/uploads\/2020\/05\/bouquet-fete-des-meres-Garance2-1200_FLORACLIC-768x768.jpg 768w, https:\/\/www.floraclic.eu\/fleursinfo\/wp-content\/uploads\/2020\/05\/bouquet-fete-des-meres-Garance2-1200_FLORACLIC-1024x1024.jpg 1024w, https:\/\/www.floraclic.eu\/fleursinfo\/wp-content\/uploads\/2020\/05\/bouquet-fete-des-meres-Garance2-1200_FLORACLIC.jpg 1200w\" sizes=\"auto, (max-width: 300px) 100vw, 300px\" \/><\/a><figcaption class=\"wp-element-caption\"><em>Bouquet Garance<\/em><\/figcaption><\/figure>\n<\/div><\/div>\n\n\n\n<div class=\"wp-block-column is-layout-flow wp-block-column-is-layout-flow\" style=\"flex-basis:66.66%\">\n<p>Pour plus d&#8217;exemples de <strong>bouquets de fleurs de F\u00eate des M\u00e8res<\/strong>, ou bien pour faire livrer des fleurs \u00e0 votre maman pour cette F\u00eate des M\u00e8res, consultez <a href=\"https:\/\/www.floraclic.eu\/evenements-1\/fetes-specifiques-18\/fleurs-fete-des-meres-21\"><strong>notre collection de bouquets, compositions florales et plantes fleuries pour la f\u00eate des m\u00e8res<\/strong><\/a>. <\/p>\n\n\n\n<p>Livraison \u00e0 domicile les samedi et dimanche de la f\u00eate des m\u00e8res inclus.<\/p>\n\n\n\n<p>Par Val\u00e9rie Admart<\/p>\n<\/div>\n<\/div>\n\n\n\n<p>Nos articles sur le m\u00eame sujet :<\/p>\n\n\n\n<ul class=\"wp-block-list\">\n<li><a href=\"https:\/\/www.floraclic.eu\/fleursinfo\/fete-des-meres\/la-fete-des-meres-la-fete-des-fleurs\" target=\"_blank\" rel=\"noopener\">La f\u00eate des m\u00e8res : la f\u00eate des fleurs<\/a><\/li>\n\n\n\n<li><a href=\"https:\/\/www.floraclic.eu\/fleursinfo\/fete-des-meres\/fleurs-pour-la-fete-des-meres\/\">Offrir des fleurs pour la F\u00eate des M\u00e8res : une tradition ?<\/a><\/li>\n\n\n\n<li><\/li>\n<\/ul>\n\n\n\n<p>&nbsp;<\/p>\n\n\n\n<p>&nbsp;<\/p>\n\n\n\n<p>&nbsp;<\/p>\n","protected":false},"excerpt":{"rendered":"<p>Les fleurs de la F\u00eate des M\u00e8re ou le langage de l&#8217;analogie Chaque ann\u00e9e, \u00e0 l&#8217;occasion de la F\u00eate des m\u00e8res, les fleurs remportent tous les suffrages&#8230; Le bouquet de fleurs est d&#8217;ailleurs le cadeau de f\u00eate des m\u00e8res le plus offert de par le monde. Qu&#8217;il s&#8217;agisse du cadeau principal ou bien d&#8217;un pr\u00e9sent [&hellip;]<\/p>\n","protected":false},"author":1,"featured_media":4236,"parent":0,"menu_order":0,"comment_status":"closed","ping_status":"closed","template":"","meta":{"footnotes":""},"class_list":["post-3647","page","type-page","status-publish","has-post-thumbnail","hentry"],"_links":{"self":[{"href":"https:\/\/www.floraclic.eu\/fleursinfo\/wp-json\/wp\/v2\/pages\/3647","targetHints":{"allow":["GET"]}}],"collection":[{"href":"https:\/\/www.floraclic.eu\/fleursinfo\/wp-json\/wp\/v2\/pages"}],"about":[{"href":"https:\/\/www.floraclic.eu\/fleursinfo\/wp-json\/wp\/v2\/types\/page"}],"author":[{"embeddable":true,"href":"https:\/\/www.floraclic.eu\/fleursinfo\/wp-json\/wp\/v2\/users\/1"}],"replies":[{"embeddable":true,"href":"https:\/\/www.floraclic.eu\/fleursinfo\/wp-json\/wp\/v2\/comments?post=3647"}],"version-history":[{"count":14,"href":"https:\/\/www.floraclic.eu\/fleursinfo\/wp-json\/wp\/v2\/pages\/3647\/revisions"}],"predecessor-version":[{"id":4687,"href":"https:\/\/www.floraclic.eu\/fleursinfo\/wp-json\/wp\/v2\/pages\/3647\/revisions\/4687"}],"wp:featuredmedia":[{"embeddable":true,"href":"https:\/\/www.floraclic.eu\/fleursinfo\/wp-json\/wp\/v2\/media\/4236"}],"wp:attachment":[{"href":"https:\/\/www.floraclic.eu\/fleursinfo\/wp-json\/wp\/v2\/media?parent=3647"}],"curies":[{"name":"wp","href":"https:\/\/api.w.org\/{rel}","templated":true}]}}