{"id":294,"date":"2014-03-04T22:42:40","date_gmt":"2014-03-04T21:42:40","guid":{"rendered":"http:\/\/www.floraclic.fr\/fleursinfo\/?p=294"},"modified":"2026-03-15T10:54:31","modified_gmt":"2026-03-15T09:54:31","slug":"orchidees-varietes-entretien","status":"publish","type":"page","link":"https:\/\/www.floraclic.eu\/fleursinfo\/fleurs-exotiques\/orchidees-varietes-entretien\/","title":{"rendered":"Orchid\u00e9es : vari\u00e9t\u00e9s, entretien"},"content":{"rendered":"\n<h2 class=\"wp-block-heading\">Les orchid\u00e9es \u00e0 offrir<\/h2>\n\n\n\n<p>Parmi les orchid\u00e9es du fleuriste, voici un petit tour d&#8217;horizon des cultivars les plus commun\u00e9ment disponibles \u00e0 la vente en Europe, les plus commun\u00e9ment offertes pour fleurir nos int\u00e9rieurs.<\/p>\n\n\n\n<ul class=\"wp-block-list\">\n<li><em><strong>Les orchid\u00e9es phalaenopsis :<\/strong><\/em> leur succ\u00e8s est incomparable. Plante fleurie n\u00b01 des ventes.<\/li>\n\n\n\n<li><strong><em>Les orchid\u00e9es cymbidium<\/em> :<\/strong> l&#8217;orchid\u00e9e la plus employ\u00e9e comme fleur coup\u00e9e en fleuristerie et fortement appr\u00e9ci\u00e9e pour la long\u00e9vit\u00e9 de ses robustes fleurons au parfum l\u00e9ger et \u00e0 l&#8217;aspect cireux. Omnipr\u00e9sentes dans les compositions florales d&#8217;octobre \u00e0 mars, elles se d\u00e9clinent dans des coloris vifs:&nbsp; rose, blanc, vert, brun et jaune.<\/li>\n\n\n\n<li><em><strong>Les orchid\u00e9es dendrobium,<\/strong><\/em><\/li>\n\n\n\n<li><em><strong>Les orchid\u00e9es cambria,<\/strong><\/em><\/li>\n\n\n\n<li><em><strong>Les orchid\u00e9es cattleya<\/strong><\/em>,<\/li>\n\n\n\n<li><strong><em>Les orchid\u00e9es oncidium<\/em><\/strong> (les &#8220;danseuses espagnoles&#8221;)<\/li>\n\n\n\n<li><strong><em>Les orchid\u00e9es paphiopedilum<\/em><\/strong> (de 2 mots grecs signifiant les &#8220;sabots de v\u00e9nus&#8221;) sont reconnaissables par leurs fleurs en forme de &#8220;sabots&#8221;. Leur palette de couleurs varie du blanc au brun en passant par le vert, le jaune, le rose, le bordeaux ; ces couleurs se m\u00e9langeant dans une infinit\u00e9 de combinaisons et de d\u00e9licats motifs et marbrures. Photog\u00e9nique et \u00e9tonnante, cette orchid\u00e9e fait elle aussi son apparition des les compositions de fleurs coup\u00e9es. Elles nous subjugue par son apparente fragilit\u00e9 et l&#8217;originalit\u00e9 de sa silhouette.<\/li>\n\n\n\n<li><em><strong>Les orchid\u00e9es vanda<\/strong><\/em> : la vari\u00e9t\u00e9 \u00e0 fleurs violettes \u00e9tant la plus connue. Elles se d\u00e9clinent \u00e9galement en rouge cerise, rose fuschia, orang\u00e9, jaune et blanc. On les trouve en pot\u00e9e ou en suspensions spectaculaires. Elles sont \u00e9galement tr\u00e8s utilis\u00e9es par le fleuriste pour des cr\u00e9ations hautes en couleurs.<\/li>\n<\/ul>\n\n\n\n<p>L&#8217;orchid\u00e9e la plus vendue actuellement de par le monde, c&#8217;est (et de loin) l&#8217;in\u00e9gal\u00e9e &#8220;Phalaenopsis&#8221;.<\/p>\n\n\n\n<h2 class=\"wp-block-heading\">L&#8217;orchid\u00e9e Phalaenopsis<\/h2>\n\n\n\n<p>&#8230;Phalaenopsis du Grec &#8220;phalaina&#8221; : papillon et &#8220;opsis&#8221; ressemblance&#8221;, aussi l&#8217;appelle-t-on commun\u00e9ment l&#8217;orchid\u00e9e&nbsp; papillon. C&#8217;est de loin la plus appr\u00e9ci\u00e9e des orchid\u00e9es en pot d&#8217;int\u00e9rieur. La grande long\u00e9vit\u00e9 de ses fleurs, l&#8217;immense vari\u00e9t\u00e9 de ses coloris, sa beaut\u00e9 m\u00ealant fragilit\u00e9 et majest\u00e9 en ont notre pr\u00e9f\u00e9r\u00e9e. S&#8217;adaptant \u00e0 tous les int\u00e9rieurs, elle ne demande que peu de soins. Sa floraison peut durer jusqu&#8217;\u00e0 3 mois. Se contentant d&#8217;un bain hebdomadaire \u00e0 l&#8217;eau ti\u00e8de et d&#8217;une l\u00e9g\u00e8re vaporisation du feuillage (en cas de chaleur importante), l&#8217;orchid\u00e9e phalaenopsis vous enchantera pendant des ann\u00e9es, refleurissant r\u00e9guli\u00e8rement tous les 9 \u00e0 12 mois. Elle a besoin d&#8217;un emplacement tr\u00e8s lumineux mais non expos\u00e9 aux rayons solaires directs. Cet emplacement est primordial pour lui permettre une re-floraison correcte. Vous pouvez \u00e9galement enrichir son substrat en lui apportant de l&#8217;engrais pour orchid\u00e9es en p\u00e9riode de non-floraison. Si vous voulez la rempotez, utiliser un substrat sp\u00e9cial d&#8217;\u00e9corces et de tourbe (jamais de terreau!).<\/p>\n\n\n\n<p>L&#8217;<strong>orchid\u00e9e phalaenopsis blanche <\/strong>traduit, \u00e0 l&#8217;instar des roses blanches, <strong>la puret\u00e9, la gaiet\u00e9, l&#8217;innocence<\/strong>. Mais forte de sa beaut\u00e9 d&#8217;exception, elle est devenue <strong>s<\/strong><em><strong>ymbole absolu de raffinement, elle \u00e9voque la beaut\u00e9 supr\u00eame, la sensualit\u00e9, le luxe, la volupt\u00e9&#8230; C&#8217;est la fleur de la s\u00e9duction et de l&#8217;amour &#8211; d&#8217;un amour pur et id\u00e9alis\u00e9&#8230;<\/strong><\/em><\/p>\n\n\n\n<div class=\"wp-block-columns is-layout-flex wp-container-core-columns-is-layout-9d6595d7 wp-block-columns-is-layout-flex\">\n<div class=\"wp-block-column is-layout-flow wp-block-column-is-layout-flow\">\n<p>C&#8217;est aussi pour cela que la phalaenopsis blanche est devenue la fleur symbole du mariage. Servant souvent de base aux bouquets de mari\u00e9e, simples ou &#8220;cascade&#8221;, les fleurons d&#8217;orchid\u00e9e phalaenopsis blancs peuvent \u00e9galement se monter en bijoux floraux comme les colliers de fleurs, bracelets de fleurs, jet\u00e9s d&#8217;\u00e9paules, boutonni\u00e8res et ceintures florales. Ils permettent en outre la cr\u00e9ation de compositions florales somptueuses, vaporeuses, nimb\u00e9es de gr\u00e2ce et de l\u00e9g\u00e8ret\u00e9. Cette orchid\u00e9e s&#8217;offre aussi facilement \u00e0 l&#8217;occasion d&#8217;une naissance, d&#8217;un bapt\u00eame&#8230;<\/p>\n<\/div>\n\n\n\n<div class=\"wp-block-column is-layout-flow wp-block-column-is-layout-flow\"><div class=\"wp-block-image\">\n<figure class=\"aligncenter\"><a href=\"https:\/\/www.floraclic.eu\/plante-fleurie--orchidee-blanche-102\" rel=\"https:\/\/www.floraclic.eu\/plante-fleurie--orchidee-blanche-102 noopener\"><img loading=\"lazy\" decoding=\"async\" width=\"600\" height=\"600\" src=\"https:\/\/www.floraclic.eu\/fleursinfo\/wp-content\/uploads\/2014\/03\/orchidee-orchidee-phalanopsis-blanche-duo.jpg\" alt=\"orchid\u00e9e phalaenopsis blanche\" class=\"wp-image-3633\" srcset=\"https:\/\/www.floraclic.eu\/fleursinfo\/wp-content\/uploads\/2014\/03\/orchidee-orchidee-phalanopsis-blanche-duo.jpg 600w, https:\/\/www.floraclic.eu\/fleursinfo\/wp-content\/uploads\/2014\/03\/orchidee-orchidee-phalanopsis-blanche-duo-150x150.jpg 150w, https:\/\/www.floraclic.eu\/fleursinfo\/wp-content\/uploads\/2014\/03\/orchidee-orchidee-phalanopsis-blanche-duo-300x300.jpg 300w\" sizes=\"auto, (max-width: 600px) 100vw, 600px\" \/><\/a><figcaption class=\"wp-element-caption\">Orchid\u00e9e phalaenopsis blanche<\/figcaption><\/figure>\n<\/div><\/div>\n<\/div>\n\n\n\n<p>L&#8217;orchid\u00e9e phalaenopsis est la plante fleurie d&#8217;int\u00e9rieur la plus vendue en France. De nouvelles teintes (obtenues par hybridations) d&#8217;orchid\u00e9e phalaenopsis arrivent sans cesse sur le march\u00e9 de la vente de fleurs. On trouve de sublimes vari\u00e9t\u00e9s \u00e0 fleurs tachet\u00e9es, stri\u00e9es, ray\u00e9es&#8230; Le challenge et le r\u00eave des biologistes actuels, serait de r\u00e9ussir \u00e0 concevoir la vraie phalaenopsis \u00e0 fleurs rouges&#8230;&nbsp; Apparaissent \u00e9galement sur les \u00e9tals les phalaenopsis \u00e0 fleurs teint\u00e9es : bleu dur, vert soutenu. Le rendu n&#8217;est que peu naturel&#8230;<\/p>\n\n\n\n<p>D\u00e9couvrez <strong><a href=\"https:\/\/www.floraclic.eu\/produits-2\/plantes-7\/les-orchidees-92\">notre collection d&#8217;orchid\u00e9es<\/a><\/strong><\/p>\n","protected":false},"excerpt":{"rendered":"<p>Les vari\u00e9t\u00e9s d&#8217;orchid\u00e9e \u00e0 accueillir dans nos int\u00e9rieurs: l&#8217; orchid\u00e9e phalaenospis, le cymbidium, le dendrobium, la vanda, l&#8217;oncidium&#8230;<\/p>\n","protected":false},"author":1,"featured_media":4205,"parent":0,"menu_order":0,"comment_status":"closed","ping_status":"open","template":"","meta":{"footnotes":""},"class_list":["post-294","page","type-page","status-publish","has-post-thumbnail","hentry"],"_links":{"self":[{"href":"https:\/\/www.floraclic.eu\/fleursinfo\/wp-json\/wp\/v2\/pages\/294","targetHints":{"allow":["GET"]}}],"collection":[{"href":"https:\/\/www.floraclic.eu\/fleursinfo\/wp-json\/wp\/v2\/pages"}],"about":[{"href":"https:\/\/www.floraclic.eu\/fleursinfo\/wp-json\/wp\/v2\/types\/page"}],"author":[{"embeddable":true,"href":"https:\/\/www.floraclic.eu\/fleursinfo\/wp-json\/wp\/v2\/users\/1"}],"replies":[{"embeddable":true,"href":"https:\/\/www.floraclic.eu\/fleursinfo\/wp-json\/wp\/v2\/comments?post=294"}],"version-history":[{"count":34,"href":"https:\/\/www.floraclic.eu\/fleursinfo\/wp-json\/wp\/v2\/pages\/294\/revisions"}],"predecessor-version":[{"id":4663,"href":"https:\/\/www.floraclic.eu\/fleursinfo\/wp-json\/wp\/v2\/pages\/294\/revisions\/4663"}],"wp:featuredmedia":[{"embeddable":true,"href":"https:\/\/www.floraclic.eu\/fleursinfo\/wp-json\/wp\/v2\/media\/4205"}],"wp:attachment":[{"href":"https:\/\/www.floraclic.eu\/fleursinfo\/wp-json\/wp\/v2\/media?parent=294"}],"curies":[{"name":"wp","href":"https:\/\/api.w.org\/{rel}","templated":true}]}}