{"id":279,"date":"2012-05-05T18:46:55","date_gmt":"2012-05-05T17:46:55","guid":{"rendered":"http:\/\/www.floraclic.fr\/fleursinfo\/?p=279"},"modified":"2026-03-12T16:08:37","modified_gmt":"2026-03-12T15:08:37","slug":"la-pivoine","status":"publish","type":"page","link":"https:\/\/www.floraclic.eu\/fleursinfo\/la-pivoine\/","title":{"rendered":"La pivoine"},"content":{"rendered":"\n<div class=\"wp-block-columns is-layout-flex wp-container-core-columns-is-layout-9d6595d7 wp-block-columns-is-layout-flex\">\n<div class=\"wp-block-column is-layout-flow wp-block-column-is-layout-flow\" style=\"flex-basis:33.33%\"><div class=\"wp-block-image\">\n<figure class=\"aligncenter\"><a href=\"https:\/\/www.floraclic.eu\/fleursinfo\/wp-content\/uploads\/2014\/03\/pivoines.jpg\"><img loading=\"lazy\" decoding=\"async\" width=\"300\" height=\"225\" src=\"https:\/\/www.floraclic.eu\/fleursinfo\/wp-content\/uploads\/2014\/03\/pivoines-300x225.jpg\" alt=\"bouquet de pivoines roses\" class=\"wp-image-281\" title=\"Bouquet de pivoines roses\" srcset=\"https:\/\/www.floraclic.eu\/fleursinfo\/wp-content\/uploads\/2014\/03\/pivoines-300x225.jpg 300w, https:\/\/www.floraclic.eu\/fleursinfo\/wp-content\/uploads\/2014\/03\/pivoines-150x112.jpg 150w, https:\/\/www.floraclic.eu\/fleursinfo\/wp-content\/uploads\/2014\/03\/pivoines.jpg 640w\" sizes=\"auto, (max-width: 300px) 100vw, 300px\" \/><\/a><\/figure>\n<\/div><\/div>\n\n\n\n<div class=\"wp-block-column is-layout-flow wp-block-column-is-layout-flow\" style=\"flex-basis:66.66%\">\n<p>D\u00e9licate et d\u00e9licieusement parfum\u00e9e, la pivoine est la fleur vedette de la fin du printemps et donc par cons\u00e9quent de la F\u00eate des M\u00e8res. Fleur g\u00e9n\u00e9reuse aux doux coloris roses pastels ou aux tons fuschia plus vifs, elle symbolise la tendresse. Offrir un bouquet de pivoines pour la F\u00eate des Mamans, c\u2019est offrir une brass\u00e9e d\u2019 amour et de bonheur. Les Pivoines, les \u201cReines des Fleurs\u201d, originaires de Chine, qu&#8217;elles soient arbustives ou herbac\u00e9es, nous transportent par la beaut\u00e9 de leur floraison. La vari\u00e9t\u00e9 \u201cstar\u201d du fleuriste, c\u2019est la pivoine \u201cSarah Bernhardt\u201d, rose p\u00e2le. Ses fleurs doubles parfum\u00e9es, comme de jolis choux roses \u00e0 l\u2019ouverture des boutons, s\u2019\u00e9panouissent largement et deviennent rose de plus en clair.<\/p>\n<\/div>\n<\/div>\n\n\n\n<h2 class=\"wp-block-heading\">Les couleurs de la Pivoine<\/h2>\n\n\n\n<p>Les pivoines se d\u00e9clinent du blanc au jaune, du rose p\u00e2le au rose soutenu, du rouge au marron en passant par l&#8217;orang\u00e9 et le p\u00eache.<\/p>\n\n\n\n<h2 class=\"wp-block-heading\">Les formes de la Pivoine<\/h2>\n\n\n\n<p>En Occident, les fleurs de pivoines herbac\u00e9es sont g\u00e9n\u00e9ralement consid\u00e9r\u00e9es comme ayant quatre formes.<\/p>\n\n\n\n<div class=\"wp-block-columns is-layout-flex wp-container-core-columns-is-layout-9d6595d7 wp-block-columns-is-layout-flex\">\n<div class=\"wp-block-column is-layout-flow wp-block-column-is-layout-flow\" style=\"flex-basis:66.66%\">\n<p><strong>Simple :<\/strong> cinq larges p\u00e9tales ou plus formant une seule rang\u00e9e autour d&#8217;un centre d&#8217;\u00e9tamines porteuses de pollen. e.x &#8216;Sea Shell&#8217; *Semi-double : plusieurs rang\u00e9es de p\u00e9tales autour d&#8217;un centre d&#8217;\u00e9tamines porteuses de pollen. e.x &#8216;Minnie Shaylor&#8217;.<\/p>\n\n\n\n<p><strong>Japonaise :<\/strong> cinq larges p\u00e9tales ext\u00e9rieurs ou plus autour d&#8217;un centre d&#8217;\u00e9tamines qui ont \u00e9t\u00e9 modifi\u00e9s en petits p\u00e9tales donnant au centre de la fleur l&#8217;apparence d&#8217;un doux amoncellement de petits p\u00e9tales.<\/p>\n\n\n\n<p><strong>Double :<\/strong> le centre de la fleur est compl\u00e8tement transform\u00e9 en p\u00e9tales donnant \u00e0 la fleur une apparence de rondeur. Les fleurs doubles sont souvent st\u00e9riles puisqu&#8217;elles ont transform\u00e9 leurs \u00e9tamines et leurs carpelles en fleurs.<\/p>\n<\/div>\n\n\n\n<div class=\"wp-block-column is-layout-flow wp-block-column-is-layout-flow\" style=\"flex-basis:33.33%\"><div class=\"wp-block-image\">\n<figure class=\"aligncenter\"><a href=\"https:\/\/www.floraclic.eu\/fleursinfo\/wp-content\/uploads\/2014\/03\/EDEN.gif\"><img loading=\"lazy\" decoding=\"async\" width=\"300\" height=\"200\" src=\"https:\/\/www.floraclic.eu\/fleursinfo\/wp-content\/uploads\/2014\/03\/EDEN-300x200.gif\" alt=\"composition de pivoines et orchid\u00e9es\" class=\"wp-image-283\" srcset=\"https:\/\/www.floraclic.eu\/fleursinfo\/wp-content\/uploads\/2014\/03\/EDEN-300x200.gif 300w, https:\/\/www.floraclic.eu\/fleursinfo\/wp-content\/uploads\/2014\/03\/EDEN-150x100.gif 150w\" sizes=\"auto, (max-width: 300px) 100vw, 300px\" \/><\/a><figcaption class=\"wp-element-caption\">Composition Eden<\/figcaption><\/figure>\n<\/div><\/div>\n<\/div>\n\n\n\n<p>Il existe une cinqui\u00e8me forme de pivoine, <strong>l\u2019an\u00e9mone<\/strong>. Cette forme est tout simplement une \u00e9volution suppl\u00e9mentaire de la forme japonaise vers la forme double. Les \u00e9tamines du centre, qui ont \u00e9t\u00e9 modifi\u00e9es en p\u00e9tales bord\u00e9s de pollen dans la forme japonaise, sont maintenant un peu plus larges et sans bordure de pollen.<\/p>\n\n\n\n<h2 class=\"wp-block-heading\">Les fragrances des Pivoines<\/h2>\n\n\n\n<p>Les pivoines sont reconnues pour leur fragrance. En fait, certaines pivoines \u00e9taient utilis\u00e9es dans la fabrication de parfum au d\u00e9but du vingti\u00e8me si\u00e8cle et le sont encore de nos jours dans une certaine mesure.<\/p>\n\n\n\n<div class=\"wp-block-columns is-layout-flex wp-container-core-columns-is-layout-9d6595d7 wp-block-columns-is-layout-flex\">\n<div class=\"wp-block-column is-layout-flow wp-block-column-is-layout-flow\" style=\"flex-basis:33.33%\"><div class=\"wp-block-image\">\n<figure class=\"aligncenter\"><a href=\"https:\/\/www.floraclic.eu\/fleursinfo\/wp-content\/uploads\/2014\/03\/Mayflower.gif\"><img loading=\"lazy\" decoding=\"async\" width=\"300\" height=\"300\" src=\"https:\/\/www.floraclic.eu\/fleursinfo\/wp-content\/uploads\/2014\/03\/Mayflower-300x300.gif\" alt=\"bouquet de pivoines orang\u00e9es\" class=\"wp-image-284\" srcset=\"https:\/\/www.floraclic.eu\/fleursinfo\/wp-content\/uploads\/2014\/03\/Mayflower-300x300.gif 300w, https:\/\/www.floraclic.eu\/fleursinfo\/wp-content\/uploads\/2014\/03\/Mayflower-150x150.gif 150w\" sizes=\"auto, (max-width: 300px) 100vw, 300px\" \/><\/a><figcaption class=\"wp-element-caption\">Bouquet Mayflower<\/figcaption><\/figure>\n<\/div><\/div>\n\n\n\n<div class=\"wp-block-column is-layout-flow wp-block-column-is-layout-flow\" style=\"flex-basis:66.66%\">\n<p>G\u00e9n\u00e9ralement, les pivoines \u00e0 fleurs doubles sont plus odorantes que les pivoines \u00e0 fleurs simples. De plus, les pivoines roses sont plus odorantes que les pivoines rouges. Par contre, il y a plusieurs exceptions !<\/p>\n\n\n\n<p>Pensez \u00e0 la livraison de fleurs avec Floraclic rapide et s\u00e9curis\u00e9e. Vous pouvez commander votre bouquet de pivoines pour une livraison le jour-m\u00eame y compris le dimanche de la <a href=\"https:\/\/www.floraclic.eu\/evenements-1\/fetes-specifiques-18\/fleurs-fete-des-meres-21\">F\u00eate des M\u00e8res<\/a>. Floraclic&nbsp; vous propose plusieurs versions du bouquet de pivoines, avec ou sans r\u00e9serve d\u2019eau, ainsi que des bouquets mixtes avec pivoines et autres fleurs champ\u00eatres de saison.<\/p>\n<\/div>\n<\/div>\n","protected":false},"excerpt":{"rendered":"<p>Fleur \u00e0 la rondeur g\u00e9n\u00e9reuse et au fabuleux parfum, la pivoine est devenue la fleur coqueluche de la F\u00eate des M\u00e8res. Question de saisonnalit\u00e9 mais pas seulement. Red\u00e9couvrons cette fleur fabuleuse au travers de ses couleurs, formes et fragrances.<\/p>\n","protected":false},"author":1,"featured_media":4287,"parent":0,"menu_order":0,"comment_status":"closed","ping_status":"open","template":"","meta":{"footnotes":""},"class_list":["post-279","page","type-page","status-publish","has-post-thumbnail","hentry"],"_links":{"self":[{"href":"https:\/\/www.floraclic.eu\/fleursinfo\/wp-json\/wp\/v2\/pages\/279","targetHints":{"allow":["GET"]}}],"collection":[{"href":"https:\/\/www.floraclic.eu\/fleursinfo\/wp-json\/wp\/v2\/pages"}],"about":[{"href":"https:\/\/www.floraclic.eu\/fleursinfo\/wp-json\/wp\/v2\/types\/page"}],"author":[{"embeddable":true,"href":"https:\/\/www.floraclic.eu\/fleursinfo\/wp-json\/wp\/v2\/users\/1"}],"replies":[{"embeddable":true,"href":"https:\/\/www.floraclic.eu\/fleursinfo\/wp-json\/wp\/v2\/comments?post=279"}],"version-history":[{"count":16,"href":"https:\/\/www.floraclic.eu\/fleursinfo\/wp-json\/wp\/v2\/pages\/279\/revisions"}],"predecessor-version":[{"id":4465,"href":"https:\/\/www.floraclic.eu\/fleursinfo\/wp-json\/wp\/v2\/pages\/279\/revisions\/4465"}],"wp:featuredmedia":[{"embeddable":true,"href":"https:\/\/www.floraclic.eu\/fleursinfo\/wp-json\/wp\/v2\/media\/4287"}],"wp:attachment":[{"href":"https:\/\/www.floraclic.eu\/fleursinfo\/wp-json\/wp\/v2\/media?parent=279"}],"curies":[{"name":"wp","href":"https:\/\/api.w.org\/{rel}","templated":true}]}}