{"id":2682,"date":"2015-05-19T17:24:34","date_gmt":"2015-05-19T16:24:34","guid":{"rendered":"https:\/\/www.floraclic.eu\/fleursinfo\/?p=2682"},"modified":"2026-03-14T09:46:54","modified_gmt":"2026-03-14T08:46:54","slug":"fleurs-obseques-les-plantes-de-printemps","status":"publish","type":"page","link":"https:\/\/www.floraclic.eu\/fleursinfo\/fleurs-de-saison\/fleurs-obseques-les-plantes-de-printemps\/","title":{"rendered":"Fleurs obs\u00e8ques : les plantes de printemps"},"content":{"rendered":"\n<div class=\"wp-block-columns is-layout-flex wp-container-core-columns-is-layout-9d6595d7 wp-block-columns-is-layout-flex\">\n<div class=\"wp-block-column is-layout-flow wp-block-column-is-layout-flow\" style=\"flex-basis:33.33%\"><div class=\"wp-block-image\">\n<figure class=\"aligncenter\"><a href=\"https:\/\/www.floraclic.eu\/fleursinfo\/wp-content\/uploads\/2015\/05\/jardiniere-jacinthes-noel-rose.jpg\"><img loading=\"lazy\" decoding=\"async\" width=\"300\" height=\"300\" src=\"https:\/\/www.floraclic.eu\/fleursinfo\/wp-content\/uploads\/2015\/05\/jardiniere-jacinthes-noel-rose-300x300.jpg\" alt=\"fleurs condol\u00e9ances: jacinthes\" class=\"wp-image-3030\" srcset=\"https:\/\/www.floraclic.eu\/fleursinfo\/wp-content\/uploads\/2015\/05\/jardiniere-jacinthes-noel-rose-300x300.jpg 300w, https:\/\/www.floraclic.eu\/fleursinfo\/wp-content\/uploads\/2015\/05\/jardiniere-jacinthes-noel-rose-150x150.jpg 150w, https:\/\/www.floraclic.eu\/fleursinfo\/wp-content\/uploads\/2015\/05\/jardiniere-jacinthes-noel-rose.jpg 600w\" sizes=\"auto, (max-width: 300px) 100vw, 300px\" \/><\/a><figcaption class=\"wp-element-caption\">Jacinthes fleuries<\/figcaption><\/figure>\n<\/div><\/div>\n\n\n\n<div class=\"wp-block-column is-layout-flow wp-block-column-is-layout-flow\" style=\"flex-basis:66.66%\">\n<p>Le printemps est sans doute la saison la plus propice au fleurissement du cimeti\u00e8re, le spectre des gel\u00e9es s&#8217; \u00e9tant \u00e9vanoui et les affres de la s\u00e9cheresse encore loin.<\/p>\n\n\n\n<p>C&#8217;est \u00e9galement l&#8217;arriv\u00e9e sur le march\u00e9 de tr\u00e8s nombreuses vari\u00e9t\u00e9s de plantes fleuries d&#8217; ext\u00e9rieur. La d\u00e9ferlante de leurs couleurs vives et fra\u00eeches permettent la r\u00e9alisation de compositions, pot\u00e9es et jardini\u00e8res vives, gaies et g\u00e9n\u00e9reuses.<\/p>\n\n\n\n<p>Une telle explosion de couleurs dans les cimeti\u00e8res marque le r\u00e9veil de la nature et force le symbole en se r\u00e9f\u00e9rant aux cycles de la nature, \u00e0 la force de vie et par extension au triomphe de la vie \u00e9ternelle.<\/p>\n<\/div>\n<\/div>\n\n\n\n<p>&nbsp;<\/p>\n\n\n\n<div class=\"wp-block-columns is-layout-flex wp-container-core-columns-is-layout-9d6595d7 wp-block-columns-is-layout-flex\">\n<div class=\"wp-block-column is-layout-flow wp-block-column-is-layout-flow\" style=\"flex-basis:66.66%\">\n<h3 class=\"wp-block-heading\">Les plantes bulbeuses<\/h3>\n\n\n\n<p>La saison d\u00e9bute en beaut\u00e9 avec les bulbes printaniers.<\/p>\n\n\n\n<p>C&#8217;est l&#8217;apog\u00e9e des :<\/p>\n\n\n\n<ul class=\"wp-block-list\">\n<li>crocus,<\/li>\n\n\n\n<li>narcisses nains ou \u00e0 grandes tiges,<\/li>\n\n\n\n<li>jacinthes, scilles d&#8217;Espagne,<\/li>\n\n\n\n<li>tulipes,<\/li>\n\n\n\n<li>muscaris (petites fleurs en \u00e9pis bleus),<\/li>\n\n\n\n<li>renoncules,<\/li>\n\n\n\n<li>iris,<\/li>\n\n\n\n<li>an\u00e9mones de Caen.<\/li>\n<\/ul>\n<\/div>\n\n\n\n<div class=\"wp-block-column is-layout-flow wp-block-column-is-layout-flow\" style=\"flex-basis:33.33%\"><div class=\"wp-block-image\">\n<figure class=\"aligncenter\"><a href=\"https:\/\/www.floraclic.eu\/fleursinfo\/wp-content\/uploads\/2015\/05\/plante-fleurie-narcisse-jaune_potee-de-narcisses.jpg\"><img loading=\"lazy\" decoding=\"async\" width=\"300\" height=\"300\" src=\"https:\/\/www.floraclic.eu\/fleursinfo\/wp-content\/uploads\/2015\/05\/plante-fleurie-narcisse-jaune_potee-de-narcisses-300x300.jpg\" alt=\"fleurs obs\u00e8ques: narcisses\" class=\"wp-image-3027\" srcset=\"https:\/\/www.floraclic.eu\/fleursinfo\/wp-content\/uploads\/2015\/05\/plante-fleurie-narcisse-jaune_potee-de-narcisses-300x300.jpg 300w, https:\/\/www.floraclic.eu\/fleursinfo\/wp-content\/uploads\/2015\/05\/plante-fleurie-narcisse-jaune_potee-de-narcisses-150x150.jpg 150w, https:\/\/www.floraclic.eu\/fleursinfo\/wp-content\/uploads\/2015\/05\/plante-fleurie-narcisse-jaune_potee-de-narcisses.jpg 450w\" sizes=\"auto, (max-width: 300px) 100vw, 300px\" \/><\/a><figcaption class=\"wp-element-caption\">Petits narcisses fleuris<\/figcaption><\/figure>\n<\/div><\/div>\n<\/div>\n\n\n\n<p>N&#8217;h\u00e9sitez pas \u00e0 jouer avec les diff\u00e9rences de hauteur pour cr\u00e9er de mini jardins \u00e9clatants de fra\u00eecheur, puis jouez la carte du cama\u00efeu ou du contraste selon l&#8217; effet d\u00e9sir\u00e9, d\u00e9corez enfin de quelques branches tortueuses, de quelques galets pour un parfait effet de &#8220;Nature triomphante&#8221;.<\/p>\n\n\n\n<div class=\"wp-block-columns is-layout-flex wp-container-core-columns-is-layout-9d6595d7 wp-block-columns-is-layout-flex\">\n<div class=\"wp-block-column is-layout-flow wp-block-column-is-layout-flow\" style=\"flex-basis:33.33%\"><div class=\"wp-block-image\">\n<figure class=\"aligncenter\"><a href=\"https:\/\/www.floraclic.eu\/fleursinfo\/wp-content\/uploads\/2015\/05\/jardin-de-muguet-en-griffes-base-rectangulaire_chenonceau.png\"><img loading=\"lazy\" decoding=\"async\" width=\"300\" height=\"300\" src=\"https:\/\/www.floraclic.eu\/fleursinfo\/wp-content\/uploads\/2015\/05\/jardin-de-muguet-en-griffes-base-rectangulaire_chenonceau-300x300.png\" alt=\"fleurs obs\u00e8ques: jardin de muguet\" class=\"wp-image-3024\" srcset=\"https:\/\/www.floraclic.eu\/fleursinfo\/wp-content\/uploads\/2015\/05\/jardin-de-muguet-en-griffes-base-rectangulaire_chenonceau-300x300.png 300w, https:\/\/www.floraclic.eu\/fleursinfo\/wp-content\/uploads\/2015\/05\/jardin-de-muguet-en-griffes-base-rectangulaire_chenonceau-150x150.png 150w, https:\/\/www.floraclic.eu\/fleursinfo\/wp-content\/uploads\/2015\/05\/jardin-de-muguet-en-griffes-base-rectangulaire_chenonceau.png 600w\" sizes=\"auto, (max-width: 300px) 100vw, 300px\" \/><\/a><figcaption class=\"wp-element-caption\">Petit jardin de muguet<\/figcaption><\/figure>\n<\/div><\/div>\n\n\n\n<div class=\"wp-block-column is-layout-flow wp-block-column-is-layout-flow\" style=\"flex-basis:66.66%\">\n<h3 class=\"wp-block-heading\">Le muguet<\/h3>\n\n\n\n<p>Le mois de mai ne peut se concevoir sans la fleur porte-bonheur. Il se plaira bien dans un contenant en terre cuite, qui lui procurera la fra\u00eecheur et l&#8217;humidit\u00e9 n\u00e9cessaire.<\/p>\n\n\n\n<h3 class=\"wp-block-heading\">Les arums<\/h3>\n\n\n\n<p>Fleurs majestueuses au port \u00e9l\u00e9gant qui peuplent tout aussi bien les foss\u00e9s humides et les plus somptueux bouquets d&#8217;avril \u00e0 mai ! Ils peuvent se plaire en grands bacs en situation ombrag\u00e9e.<\/p>\n<\/div>\n<\/div>\n\n\n\n<div class=\"wp-block-columns is-layout-flex wp-container-core-columns-is-layout-9d6595d7 wp-block-columns-is-layout-flex\">\n<div class=\"wp-block-column is-layout-flow wp-block-column-is-layout-flow\" style=\"flex-basis:66.66%\">\n<p>Une palette de petites plantes compactes, aux coloris vifs, pour une mise en lumi\u00e8re imm\u00e9diate :<\/p>\n\n\n\n<ul class=\"wp-block-list\">\n<li>les primev\u00e8res,<\/li>\n\n\n\n<li>les pens\u00e9es et les viola cornuta (qui permettent de r\u00e9aliser des cascades de petites fleurs vives et l\u00e9g\u00e8res pour contrebalancer grosses fleurs),<\/li>\n\n\n\n<li>les p\u00e2querettes,<\/li>\n\n\n\n<li>les po\u00e9tiques myosotis et leur bleu azur\u00e9en,<\/li>\n\n\n\n<li>les aubri\u00e8tes et leurs multitude de petites fleurs tapissantes en corolles aux subtils nuances de parme, violet, pourpre, rose ou bleu<\/li>\n\n\n\n<li>les violettes,<\/li>\n\n\n\n<li>les pervenches bleues ou blanches \u00e0 feuillage persistant,<\/li>\n\n\n\n<li>les girofl\u00e9es int\u00e9ressantes pour leurs coloris vifs et velout\u00e9s et leur parfum singulier.<\/li>\n<\/ul>\n<\/div>\n\n\n\n<div class=\"wp-block-column is-layout-flow wp-block-column-is-layout-flow\" style=\"flex-basis:33.33%\"><div class=\"wp-block-image\">\n<figure class=\"aligncenter\"><a href=\"https:\/\/www.floraclic.eu\/fleursinfo\/wp-content\/uploads\/2015\/05\/plantes-fleuries-en-jardiniere-narcisse-primevere-jaune-rose-parme_jardiniere-de-printemps.jpg\"><img loading=\"lazy\" decoding=\"async\" width=\"300\" height=\"300\" src=\"https:\/\/www.floraclic.eu\/fleursinfo\/wp-content\/uploads\/2015\/05\/plantes-fleuries-en-jardiniere-narcisse-primevere-jaune-rose-parme_jardiniere-de-printemps-300x300.jpg\" alt=\"fleurs obs\u00e8ques: jardini\u00e8res de primev\u00e8res et narcisses\" class=\"wp-image-3025\" srcset=\"https:\/\/www.floraclic.eu\/fleursinfo\/wp-content\/uploads\/2015\/05\/plantes-fleuries-en-jardiniere-narcisse-primevere-jaune-rose-parme_jardiniere-de-printemps-300x300.jpg 300w, https:\/\/www.floraclic.eu\/fleursinfo\/wp-content\/uploads\/2015\/05\/plantes-fleuries-en-jardiniere-narcisse-primevere-jaune-rose-parme_jardiniere-de-printemps-150x150.jpg 150w, https:\/\/www.floraclic.eu\/fleursinfo\/wp-content\/uploads\/2015\/05\/plantes-fleuries-en-jardiniere-narcisse-primevere-jaune-rose-parme_jardiniere-de-printemps.jpg 450w\" sizes=\"auto, (max-width: 300px) 100vw, 300px\" \/><\/a><figcaption class=\"wp-element-caption\">Primev\u00e8res et narcisses en jardini\u00e8re<\/figcaption><\/figure>\n<\/div><\/div>\n<\/div>\n\n\n\n<div class=\"wp-block-columns is-layout-flex wp-container-core-columns-is-layout-9d6595d7 wp-block-columns-is-layout-flex\">\n<div class=\"wp-block-column is-layout-flow wp-block-column-is-layout-flow\" style=\"flex-basis:33.33%\"><div class=\"wp-block-image\">\n<figure class=\"aligncenter\"><a href=\"https:\/\/www.floraclic.eu\/fleursinfo\/wp-content\/uploads\/2015\/04\/lysimaque.jpg\"><img loading=\"lazy\" decoding=\"async\" width=\"300\" height=\"300\" src=\"https:\/\/www.floraclic.eu\/fleursinfo\/wp-content\/uploads\/2015\/04\/lysimaque-300x300.jpg\" alt=\"fleurs obs\u00e8ques: plante de printemps &quot;lysimaque&quot;\" class=\"wp-image-2928\" srcset=\"https:\/\/www.floraclic.eu\/fleursinfo\/wp-content\/uploads\/2015\/04\/lysimaque-300x300.jpg 300w, https:\/\/www.floraclic.eu\/fleursinfo\/wp-content\/uploads\/2015\/04\/lysimaque-150x150.jpg 150w, https:\/\/www.floraclic.eu\/fleursinfo\/wp-content\/uploads\/2015\/04\/lysimaque.jpg 500w\" sizes=\"auto, (max-width: 300px) 100vw, 300px\" \/><\/a><figcaption class=\"wp-element-caption\">La lysimaque ou l&#8217; &#8220;herbe aux \u00e9cus&#8221;<\/figcaption><\/figure>\n<\/div><\/div>\n\n\n\n<div class=\"wp-block-column is-layout-flow wp-block-column-is-layout-flow\" style=\"flex-basis:66.66%\">\n<p>Si vous rechercher une mise en valeur par le contraste couleur &#8211; texture &#8211; hauteur, ces plantes aux feuillages remarquables, vous offriront des mises en sc\u00e8ne florales originales :<\/p>\n\n\n\n<ul class=\"wp-block-list\">\n<li>les heuch\u00e8res \u00e0 feuillages vert acidul\u00e9, prune, orang\u00e9, caramel ou argent\u00e9 ;<\/li>\n\n\n\n<li>le dichondra ou gazon des zones tropicales et ses toutes petites feuilles rondes vert acidul\u00e9;<\/li>\n\n\n\n<li>l&#8217;ophiopogon, le muguet japonais, et ses feuilles rubann\u00e9es noires clochettes violettes au printemps<\/li>\n\n\n\n<li>la lysimaque (nummularia) ou l&#8217;herbe aux \u00e9cus, formant des tapis et cascades de petites feuilles vert dor\u00e9 (vari\u00e9t\u00e9 Goldilocks) qui se parent ensuite d&#8217;une multitude de fleurs jaunes ;<\/li>\n<\/ul>\n<\/div>\n<\/div>\n\n\n\n<div class=\"wp-block-columns is-layout-flex wp-container-core-columns-is-layout-9d6595d7 wp-block-columns-is-layout-flex\">\n<div class=\"wp-block-column is-layout-flow wp-block-column-is-layout-flow\" style=\"flex-basis:66.66%\">\n<ul class=\"wp-block-list\">\n<li>l&#8217;oxalis (plante bulbeuse), le &#8220;faux tr\u00e8fle \u00e0 quatre feuilles&#8221; et ses feuilles caract\u00e9ristiques \u00e0 4 folioles en forme de c\u0153ur, vertes et violettes \u00e0 leur base ;<\/li>\n\n\n\n<li>l&#8217;epimedium, la &#8220;fleur des Elfes&#8221; et ses feuilles cordiformes prenant des couleurs spectaculaires brun- rouge \u00e0 bronze au printemps (et en automne !)<\/li>\n\n\n\n<li>les stachys ou oreilles d&#8217;ours et leur feuillage laineux gris argent clair ;<\/li>\n\n\n\n<li>le lierre panach\u00e9.<\/li>\n<\/ul>\n<\/div>\n\n\n\n<div class=\"wp-block-column is-layout-flow wp-block-column-is-layout-flow\" style=\"flex-basis:33.33%\"><div class=\"wp-block-image\">\n<figure class=\"aligncenter\"><a href=\"https:\/\/www.floraclic.eu\/fleursinfo\/wp-content\/uploads\/2015\/04\/epimedium.jpg\"><img loading=\"lazy\" decoding=\"async\" width=\"300\" height=\"231\" src=\"https:\/\/www.floraclic.eu\/fleursinfo\/wp-content\/uploads\/2015\/04\/epimedium-300x231.jpg\" alt=\"fleurs obs\u00e8ques: plante de printemps &quot;epimedium&quot;\" class=\"wp-image-2929\" srcset=\"https:\/\/www.floraclic.eu\/fleursinfo\/wp-content\/uploads\/2015\/04\/epimedium-300x231.jpg 300w, https:\/\/www.floraclic.eu\/fleursinfo\/wp-content\/uploads\/2015\/04\/epimedium-150x115.jpg 150w, https:\/\/www.floraclic.eu\/fleursinfo\/wp-content\/uploads\/2015\/04\/epimedium.jpg 398w\" sizes=\"auto, (max-width: 300px) 100vw, 300px\" \/><\/a><figcaption class=\"wp-element-caption\">L&#8217; \u00e9pimedium, la &#8220;fleur des elfes&#8221;<\/figcaption><\/figure>\n<\/div><\/div>\n<\/div>\n\n\n\n<div class=\"wp-block-columns is-layout-flex wp-container-core-columns-is-layout-9d6595d7 wp-block-columns-is-layout-flex\">\n<div class=\"wp-block-column is-layout-flow wp-block-column-is-layout-flow\" style=\"flex-basis:33.33%\"><div class=\"wp-block-image\">\n<figure class=\"alignleft\"><a href=\"https:\/\/www.floraclic.eu\/fleursinfo\/wp-content\/uploads\/2015\/05\/carex.jpg\"><img loading=\"lazy\" decoding=\"async\" width=\"300\" height=\"203\" src=\"https:\/\/www.floraclic.eu\/fleursinfo\/wp-content\/uploads\/2015\/05\/carex-300x203.jpg\" alt=\"fleurs obs\u00e8ques: plante d\u00e9corative &quot;carex&quot;\" class=\"wp-image-3021\" srcset=\"https:\/\/www.floraclic.eu\/fleursinfo\/wp-content\/uploads\/2015\/05\/carex-300x203.jpg 300w, https:\/\/www.floraclic.eu\/fleursinfo\/wp-content\/uploads\/2015\/05\/carex-150x101.jpg 150w, https:\/\/www.floraclic.eu\/fleursinfo\/wp-content\/uploads\/2015\/05\/carex.jpg 600w\" sizes=\"auto, (max-width: 300px) 100vw, 300px\" \/><\/a><figcaption class=\"wp-element-caption\">Carex trifida<\/figcaption><\/figure>\n<\/div><\/div>\n\n\n\n<div class=\"wp-block-column is-layout-flow wp-block-column-is-layout-flow\" style=\"flex-basis:66.66%\">\n<p>A ne pas n\u00e9gliger pour un effet a\u00e9rien, graphique et tr\u00e8s d\u00e9coratif !<\/p>\n\n\n\n<ul class=\"wp-block-list\">\n<li>L&#8217;imperata cylindrica &#8220;red baron&#8221;et ses feuilles rubann\u00e9e rouge feu.<\/li>\n\n\n\n<li>Le pennisetum nain, gramin\u00e9e tr\u00e8s populaire, et ses \u00e9pis soyeux et jaillissants.<\/li>\n\n\n\n<li>Le carex qui forme des touffes \u00e0 port droit de feuilles rubann\u00e9es. Notez l&#8217; effet tr\u00e8s d\u00e9coratif des vari\u00e9t\u00e9s panach\u00e9es.<\/li>\n\n\n\n<li>La f\u00e9tuque bleue, petite gramin\u00e9e qui forme des touffes bleu gris au graphisme tr\u00e8s actuel.<\/li>\n<\/ul>\n<\/div>\n<\/div>\n\n\n\n<div class=\"wp-block-columns is-layout-flex wp-container-core-columns-is-layout-9d6595d7 wp-block-columns-is-layout-flex\">\n<div class=\"wp-block-column is-layout-flow wp-block-column-is-layout-flow\" style=\"flex-basis:66.66%\">\n<p>Pr\u00e9voir un bac avec un bon volume de terre !<\/p>\n\n\n\n<ul class=\"wp-block-list\">\n<li>La glycine de Chine.<\/li>\n\n\n\n<li>Les cl\u00e9matites.<\/li>\n\n\n\n<li>Le cytise (gen\u00eat)&nbsp; et sa floraison spectaculaire gen\u00eat jaune citron.<\/li>\n\n\n\n<li>Le Pieris Japonica&nbsp; ou androm\u00e8de: cet arbuste de terre de bruy\u00e8re, supportant bien la culture en bac, embrase de printemps de son feuillage spectaculaire variant du vert au rouge vif et de sa floraison de petits grappes de clochettes blanches.<\/li>\n\n\n\n<li>Le Viburnum Opulus (&#8220;boule de neige&#8221;) aux boules vaporeuses vert pomme puis blanches. Symboles du printemps, ses fleurs sph\u00e9riques peuplent l&#8217;univers des bouquets champ\u00eatres de mai &#8211; juin. La viorne devra \u00eatre prot\u00e9g\u00e9e l&#8217;hiver et finalement mise en pleine terre une fois sa taille devenue trop importante m\u00eame si sa croissance est lente&#8230;<\/li>\n<\/ul>\n<\/div>\n\n\n\n<div class=\"wp-block-column is-layout-flow wp-block-column-is-layout-flow\" style=\"flex-basis:33.33%\"><div class=\"wp-block-image\">\n<figure class=\"aligncenter\"><a href=\"https:\/\/www.floraclic.eu\/fleursinfo\/wp-content\/uploads\/2015\/05\/viburnum-vert.jpg_.jpg\"><img loading=\"lazy\" decoding=\"async\" width=\"292\" height=\"237\" src=\"https:\/\/www.floraclic.eu\/fleursinfo\/wp-content\/uploads\/2015\/05\/viburnum-vert.jpg_.jpg\" alt=\"fleurs obs\u00e8ques: arbuste \u00e0 fleurs de printemps &quot;viburnum vert&quot;\" class=\"wp-image-3019\" srcset=\"https:\/\/www.floraclic.eu\/fleursinfo\/wp-content\/uploads\/2015\/05\/viburnum-vert.jpg_.jpg 292w, https:\/\/www.floraclic.eu\/fleursinfo\/wp-content\/uploads\/2015\/05\/viburnum-vert.jpg_-150x122.jpg 150w\" sizes=\"auto, (max-width: 292px) 100vw, 292px\" \/><\/a><figcaption class=\"wp-element-caption\">Viburnum vert<\/figcaption><\/figure>\n<\/div><\/div>\n<\/div>\n\n\n\n<p>Le magnolia : vous pouvez l&#8217; employer temporairement (le temps d&#8217;une floraison) pour fleurir des obs\u00e8ques, en choisissant un jeune sujet ,mais il est destin\u00e9 \u00e0 \u00eatre mis en terre.<\/p>\n\n\n\n<p class=\"has-black-color has-text-color has-link-color wp-elements-42e0ee913796c399097cb607eba852f0\">Pour vos livraison de fleurs obs\u00e8ques et condol\u00e9ances, vous pouvez consulter nos collections de <a href=\"https:\/\/www.floraclic.eu\/evenements-1\/deuil-30\" target=\"_blank\" rel=\"noreferrer noopener\"><strong>fleurs d\u00e9c\u00e8s<\/strong><\/a>, <a href=\"https:\/\/www.floraclic.eu\/evenements-1\/deuil-30\/gerbes-et-bouquets-47\">gerbes et bouquets deuil<\/a>, <a title=\"coussins mortuaires\" href=\"https:\/\/www.floraclic.eu\/evenements-1\/deuil-30\/coussins-et-panieres-78\" target=\"_blank\">coussins ronds et pani\u00e8res fleuries<\/a>, <a title=\"couronnes fun\u00e9raires\" href=\"https:\/\/www.floraclic.eu\/evenements-1\/deuil-30\/couronnes-et-raquettes-79\" target=\"_blank\">couronnes mortuaires et raquettes<\/a>, <a title=\"plantes fleuries pour deuil\" href=\"https:\/\/www.floraclic.eu\/evenements-1\/deuil-30\/coupes-de-plantes-80\" target=\"_blank\">assemblages de plantes pour le cimeti\u00e8re<\/a><\/p>\n\n\n\n<p class=\"has-black-color has-text-color has-link-color wp-elements-863baeaff70269d4f27b5fc8be8d3dd4\">Consultez notre <a href=\"https:\/\/www.floraclic.eu\/fleursinfo\/guide\/deuil\/\">Guide des fleurs pour deuil, obs\u00e8ques et cimeti\u00e8res<\/a><\/p>\n","protected":false},"excerpt":{"rendered":"<p>Le printemps est sans doute la saison la plus propice au fleurissement du cimeti\u00e8re, le spectre des gel\u00e9es s&#8217; \u00e9tant \u00e9vanoui et les affres de la s\u00e9cheresse encore loin. C&#8217;est \u00e9galement l&#8217;arriv\u00e9e sur le march\u00e9 de tr\u00e8s nombreuses vari\u00e9t\u00e9s de plantes fleuries d&#8217; ext\u00e9rieur. La d\u00e9ferlante de leurs couleurs vives et fra\u00eeches permettent la r\u00e9alisation [&hellip;]<\/p>\n","protected":false},"author":1,"featured_media":4360,"parent":0,"menu_order":0,"comment_status":"closed","ping_status":"open","template":"","meta":{"footnotes":""},"class_list":["post-2682","page","type-page","status-publish","has-post-thumbnail","hentry"],"_links":{"self":[{"href":"https:\/\/www.floraclic.eu\/fleursinfo\/wp-json\/wp\/v2\/pages\/2682","targetHints":{"allow":["GET"]}}],"collection":[{"href":"https:\/\/www.floraclic.eu\/fleursinfo\/wp-json\/wp\/v2\/pages"}],"about":[{"href":"https:\/\/www.floraclic.eu\/fleursinfo\/wp-json\/wp\/v2\/types\/page"}],"author":[{"embeddable":true,"href":"https:\/\/www.floraclic.eu\/fleursinfo\/wp-json\/wp\/v2\/users\/1"}],"replies":[{"embeddable":true,"href":"https:\/\/www.floraclic.eu\/fleursinfo\/wp-json\/wp\/v2\/comments?post=2682"}],"version-history":[{"count":63,"href":"https:\/\/www.floraclic.eu\/fleursinfo\/wp-json\/wp\/v2\/pages\/2682\/revisions"}],"predecessor-version":[{"id":4635,"href":"https:\/\/www.floraclic.eu\/fleursinfo\/wp-json\/wp\/v2\/pages\/2682\/revisions\/4635"}],"wp:featuredmedia":[{"embeddable":true,"href":"https:\/\/www.floraclic.eu\/fleursinfo\/wp-json\/wp\/v2\/media\/4360"}],"wp:attachment":[{"href":"https:\/\/www.floraclic.eu\/fleursinfo\/wp-json\/wp\/v2\/media?parent=2682"}],"curies":[{"name":"wp","href":"https:\/\/api.w.org\/{rel}","templated":true}]}}