{"id":256,"date":"2025-03-14T16:35:23","date_gmt":"2025-03-14T15:35:23","guid":{"rendered":"http:\/\/www.floraclic.fr\/fleursinfo\/?p=256"},"modified":"2026-04-14T12:09:45","modified_gmt":"2026-04-14T11:09:45","slug":"les-roses-et-leur-symbolique","status":"publish","type":"page","link":"https:\/\/www.floraclic.eu\/fleursinfo\/fleurs\/les-roses-et-leur-symbolique\/","title":{"rendered":"Les roses et leur symbolique"},"content":{"rendered":"\n<div class=\"wp-block-columns is-layout-flex wp-container-core-columns-is-layout-9d6595d7 wp-block-columns-is-layout-flex\">\n<div class=\"wp-block-column is-layout-flow wp-block-column-is-layout-flow\">\n<p class=\"has-text-align-left\"><span style=\"color: #000000;\"><strong>Offrir des roses<\/strong><\/span><strong> <\/strong><strong><span style=\"color: #000000;\"><\/span><\/strong><span style=\"color: #000000;\">est un geste symbolique fort : selon la couleur des roses, le message v\u00e9hicul\u00e9 par le bouquet diff\u00e8re n\u00e9cessairement.<\/span><\/p>\n\n\n\n<p><span style=\"color: #000000;\"><strong>Le bouquet de roses rouges<\/strong> : la rose de couleur rouge symbolise l&#8217;amour et la passion amoureuse ainsi que le respect et le courage.<\/span><br \/><em>Voir aussi : <a href=\"https:\/\/www.floraclic.eu\/fleursinfo\/fleurs\/histoire-de-la-rose-rouge\/\">Histoire et symbolique de la rose rouge<\/a><\/em><\/p>\n\n\n\n<p><span style=\"color: #000000;\"><strong>Le bouquet de roses blanches <\/strong>:\u00a0la rose de couleur blanche traduit un amour pur et raffin\u00e9, la dignit\u00e9, l&#8217;innocence et le secret<\/span>.<br \/><span style=\"color: #000000;\"><\/span><\/p>\n<\/div>\n\n\n\n<div class=\"wp-block-column is-layout-flow wp-block-column-is-layout-flow\"><div class=\"wp-block-image\">\n<figure class=\"aligncenter size-large is-resized\"><a href=\"https:\/\/www.floraclic.eu\/bouquet-de-roses-blanches--bouquet-iceberg-31\" target=\"_blank\" rel=\" noreferrer noopener\"><img loading=\"lazy\" decoding=\"async\" width=\"1024\" height=\"1024\" src=\"https:\/\/www.floraclic.eu\/fleursinfo\/wp-content\/uploads\/2025\/03\/bouquet-rond-de-roses-blanches-1200-Floraclic-1-1024x1024.jpeg\" alt=\"bouquet de roses blanches Iceberg\" class=\"wp-image-3924\" style=\"object-fit:cover;width:400px;height:400px\" srcset=\"https:\/\/www.floraclic.eu\/fleursinfo\/wp-content\/uploads\/2025\/03\/bouquet-rond-de-roses-blanches-1200-Floraclic-1-1024x1024.jpeg 1024w, https:\/\/www.floraclic.eu\/fleursinfo\/wp-content\/uploads\/2025\/03\/bouquet-rond-de-roses-blanches-1200-Floraclic-1-450x450.jpeg 450w, https:\/\/www.floraclic.eu\/fleursinfo\/wp-content\/uploads\/2025\/03\/bouquet-rond-de-roses-blanches-1200-Floraclic-1-250x250.jpeg 250w, https:\/\/www.floraclic.eu\/fleursinfo\/wp-content\/uploads\/2025\/03\/bouquet-rond-de-roses-blanches-1200-Floraclic-1-768x768.jpeg 768w, https:\/\/www.floraclic.eu\/fleursinfo\/wp-content\/uploads\/2025\/03\/bouquet-rond-de-roses-blanches-1200-Floraclic-1.jpeg 1200w\" sizes=\"auto, (max-width: 1024px) 100vw, 1024px\" \/><\/a><figcaption class=\"wp-element-caption\"><a href=\"https:\/\/www.floraclic.eu\/bouquet-de-roses-blanches--bouquet-iceberg-31\">Bouquet de roses blanches Iceberg<\/a><\/figcaption><\/figure>\n<\/div><\/div>\n<\/div>\n\n\n\n<div class=\"wp-block-columns is-layout-flex wp-container-core-columns-is-layout-9d6595d7 wp-block-columns-is-layout-flex\">\n<div class=\"wp-block-column is-layout-flow wp-block-column-is-layout-flow\"><div class=\"wp-block-image\">\n<figure class=\"aligncenter size-large is-resized\"><a href=\"https:\/\/www.floraclic.eu\/boutique\/Marry-Me-996\" target=\"_blank\" rel=\" noreferrer noopener\"><img loading=\"lazy\" decoding=\"async\" width=\"1024\" height=\"1024\" src=\"https:\/\/www.floraclic.eu\/fleursinfo\/wp-content\/uploads\/2025\/03\/bouquet-de-roses-rouges-Marry-Me-1200-Floraclic-1024x1024.png\" alt=\"bouquet de roses roses et rouges\" class=\"wp-image-3919\" style=\"object-fit:cover;width:400px;height:400px\" srcset=\"https:\/\/www.floraclic.eu\/fleursinfo\/wp-content\/uploads\/2025\/03\/bouquet-de-roses-rouges-Marry-Me-1200-Floraclic-1024x1024.png 1024w, https:\/\/www.floraclic.eu\/fleursinfo\/wp-content\/uploads\/2025\/03\/bouquet-de-roses-rouges-Marry-Me-1200-Floraclic-450x450.png 450w, https:\/\/www.floraclic.eu\/fleursinfo\/wp-content\/uploads\/2025\/03\/bouquet-de-roses-rouges-Marry-Me-1200-Floraclic-250x250.png 250w, https:\/\/www.floraclic.eu\/fleursinfo\/wp-content\/uploads\/2025\/03\/bouquet-de-roses-rouges-Marry-Me-1200-Floraclic-768x768.png 768w, https:\/\/www.floraclic.eu\/fleursinfo\/wp-content\/uploads\/2025\/03\/bouquet-de-roses-rouges-Marry-Me-1200-Floraclic.png 1080w\" sizes=\"auto, (max-width: 1024px) 100vw, 1024px\" \/><\/a><figcaption class=\"wp-element-caption\"><a href=\"https:\/\/www.floraclic.eu\/boutique\/Marry-Me-996\">Bouquet de roses roses et rouges Marry Me<\/a><\/figcaption><\/figure>\n<\/div><\/div>\n\n\n\n<div class=\"wp-block-column is-layout-flow wp-block-column-is-layout-flow\">\n<p><span style=\"color: #000000;\"><strong>Le bouquet de roses roses <\/strong>: les roses de couleur rose sont l&#8217;expression de la joie, du bonheur, de la tendresse et de la gr\u00e2ce. Elles sont aussi le symbole de la beaut\u00e9. Il est \u00e9l\u00e9gant de rajouter des boutons pour signifier l&#8217;\u00e9mergence d&#8217;un sentiment d&#8217;amour ou d&#8217;amiti\u00e9.<\/span><br \/><span style=\"color: #000000;\"><strong><a href=\"https:\/\/www.floraclic.eu\/fleurs-anniversaire--bouquet-rose-tendresse-60\"><em>Faites livrer un bouquet de roses roses<\/em><\/a><\/strong><\/span><\/p>\n\n\n\n<p><span style=\"color: #000000;\"><strong>Le bouquet de roses orange<\/strong> : les roses de couleur orange symbolisent le d\u00e9sir, le besoin d&#8217;amour et l&#8217;enthousiasme.<\/span><\/p>\n\n\n\n<p><span style=\"color: #000000;\">Le <strong>bouquet de roses jaunes<\/strong> : les roses de couleur jaunes ont le symbole de l\u2019amiti\u00e9 et la joie, mais aussi de l&#8217;orgueil et de la froideur, de la perte d&#8217;amour.<\/span><\/p>\n<\/div>\n<\/div>\n\n\n\n<p><span style=\"color: #000000;\">Le <strong>bouquet de roses parme<\/strong> : les roses de couleur parme, les plus rares,&nbsp; sont offertes pour t\u00e9moigner d&#8217;un amour naissant.<\/span><\/p>\n\n\n\n<p><span style=\"color: #000000;\">Le <strong>bouquet de roses bordeaux<\/strong> : La rose pourpre est symbole de passion fatale ou d&#8217;amour fou.<\/span><\/p>\n\n\n\n<p><strong>Roses rouges et blanches ensemble<\/strong> : elles repr\u00e9sentent l&#8217;unit\u00e9.<\/p>\n\n\n\n<p><strong>Roses rouges et jaunes ensemble<\/strong> : elles sont l&#8217;expression de la joie, du bonheur.<\/p>\n\n\n\n<h2 class=\"wp-block-heading\">Quelle est la signification du nombre de roses d&#8217;un bouquet ?<\/h2>\n\n\n\n<p>Vous h\u00e9sitez sur le nombre de roses, <strong>il est de coutume d&#8217;offrir un nombre impair de roses lorsque la quantit\u00e9 est inf\u00e9rieure \u00e0 10 roses<\/strong>.<\/p>\n\n\n\n<div class=\"wp-block-columns is-layout-flex wp-container-core-columns-is-layout-9d6595d7 wp-block-columns-is-layout-flex\">\n<div class=\"wp-block-column is-layout-flow wp-block-column-is-layout-flow\">\n<p>Au-del\u00e0, c&#8217;est davantage le geste et le message qui comptent.<br \/>Voici n\u00e9anmoins la <strong>signification du nombre de roses selon la tradition<\/strong> :<\/p>\n\n\n\n<ul class=\"wp-block-list\">\n<li>1 rose = amour au premier regard<\/li>\n\n\n\n<li>2 roses = amour mutuel<\/li>\n\n\n\n<li>3 roses = je t&#8217;aime<\/li>\n\n\n\n<li>6 roses = je suis \u00e0 toi<\/li>\n\n\n\n<li>7 roses = je suis fou \/ folle de toi<\/li>\n\n\n\n<li>9 roses = amour \u00e9ternel, nous serons ensemble toute la vie<\/li>\n\n\n\n<li>10 roses = tu es parfait(e)<\/li>\n\n\n\n<li>11 roses = tu es mon tr\u00e9sor, celui\/celle que j&#8217;aime le plus au monde<\/li>\n\n\n\n<li>12 roses = sois mon amoureux\/amoureuse<\/li>\n\n\n\n<li>13 roses = admirateur secret<\/li>\n\n\n\n<li>15 roses = je suis d\u00e9sol\u00e9(e), pardonne-moi<\/li>\n\n\n\n<li>20 roses = je suis honn\u00eate avec toi<\/li>\n\n\n\n<li>21 roses = je crois en toi<\/li>\n\n\n\n<li>24 roses = je n&#8217;arr\u00eate pas de penser \u00e0 toi<\/li>\n\n\n\n<li>33 roses = je t&#8217;aime avec toute mon affection<\/li>\n\n\n\n<li>36 roses = je n&#8217;oublierai jamais nos instants romantiques<\/li>\n\n\n\n<li>40 roses = mon amour pour toi est sinc\u00e8re<\/li>\n\n\n\n<li>50 roses = amour sans regret<\/li>\n\n\n\n<li>99 roses = je t&#8217;aimerai jusqu&#8217;\u00e0 la fin de me vie<\/li>\n\n\n\n<li>100 roses = amour harmonieux et durable<\/li>\n\n\n\n<li>101 roses = tu es mon unique amour<\/li>\n\n\n\n<li>108 roses = \u00e9pouse-moi !<\/li>\n\n\n\n<li>365 roses = je ne pense qu&#8217;\u00e0 toi tous les jours<\/li>\n\n\n\n<li>999 roses = amour \u00e9ternel et immortel<\/li>\n<\/ul>\n<\/div>\n\n\n\n<div class=\"wp-block-column is-layout-flow wp-block-column-is-layout-flow\"><div class=\"wp-block-image\">\n<figure class=\"aligncenter size-large is-resized\"><a href=\"https:\/\/www.floraclic.eu\/boutique\/bouquet-de-fleurs--sorrente-1008\" target=\"_blank\" rel=\" noreferrer noopener\"><img loading=\"lazy\" decoding=\"async\" width=\"1024\" height=\"1024\" src=\"https:\/\/www.floraclic.eu\/fleursinfo\/wp-content\/uploads\/2025\/03\/bouquet-Sorrente-1200-Floraclic-1024x1024.png\" alt=\"bouquet de roses pastel Sorrente\" class=\"wp-image-3927\" style=\"object-fit:cover;width:400px;height:400px\" srcset=\"https:\/\/www.floraclic.eu\/fleursinfo\/wp-content\/uploads\/2025\/03\/bouquet-Sorrente-1200-Floraclic-1024x1024.png 1024w, https:\/\/www.floraclic.eu\/fleursinfo\/wp-content\/uploads\/2025\/03\/bouquet-Sorrente-1200-Floraclic-450x450.png 450w, https:\/\/www.floraclic.eu\/fleursinfo\/wp-content\/uploads\/2025\/03\/bouquet-Sorrente-1200-Floraclic-250x250.png 250w, https:\/\/www.floraclic.eu\/fleursinfo\/wp-content\/uploads\/2025\/03\/bouquet-Sorrente-1200-Floraclic-768x768.png 768w, https:\/\/www.floraclic.eu\/fleursinfo\/wp-content\/uploads\/2025\/03\/bouquet-Sorrente-1200-Floraclic.png 1200w\" sizes=\"auto, (max-width: 1024px) 100vw, 1024px\" \/><\/a><figcaption class=\"wp-element-caption\"><a href=\"https:\/\/www.floraclic.eu\/boutique\/bouquet-de-fleurs--sorrente-1008\">Bouquet de roses pastel Sorrente<\/a><\/figcaption><\/figure>\n<\/div><\/div>\n<\/div>\n\n\n\n<p class=\"has-text-align-center\"><strong>D\u00e9couvrez nos collections de <a href=\"https:\/\/www.floraclic.eu\/produits-2\/bouquets-8\/bouquets-de-roses-57\">bouquets de roses<\/a><\/strong>, de <span style=\"color: #000000;\"><strong><a href=\"https:\/\/www.floraclic.eu\/bouquet-de-roses-blanches--bouquet-iceberg-31\">roses blanches<\/a><\/strong><\/span> et de <span style=\"color: #000000;\"><a href=\"https:\/\/www.floraclic.eu\/roses-rouges--bouquet-naomi-143\"><strong>roses rouges<\/strong><\/a><\/span><\/p>\n\n\n\n<p>Par Val\u00e9rie Admart<\/p>\n","protected":false},"excerpt":{"rendered":"<p>La symbolique des bouquets de roses. Les couleurs de roses et leurs signification dans le langage des fleurs. La symbolique traditionnelle des bouquets de roses selon la quantit\u00e9 de tiges.<\/p>\n","protected":false},"author":1,"featured_media":3761,"parent":0,"menu_order":0,"comment_status":"closed","ping_status":"open","template":"","meta":{"footnotes":""},"class_list":["post-256","page","type-page","status-publish","has-post-thumbnail","hentry"],"_links":{"self":[{"href":"https:\/\/www.floraclic.eu\/fleursinfo\/wp-json\/wp\/v2\/pages\/256","targetHints":{"allow":["GET"]}}],"collection":[{"href":"https:\/\/www.floraclic.eu\/fleursinfo\/wp-json\/wp\/v2\/pages"}],"about":[{"href":"https:\/\/www.floraclic.eu\/fleursinfo\/wp-json\/wp\/v2\/types\/page"}],"author":[{"embeddable":true,"href":"https:\/\/www.floraclic.eu\/fleursinfo\/wp-json\/wp\/v2\/users\/1"}],"replies":[{"embeddable":true,"href":"https:\/\/www.floraclic.eu\/fleursinfo\/wp-json\/wp\/v2\/comments?post=256"}],"version-history":[{"count":25,"href":"https:\/\/www.floraclic.eu\/fleursinfo\/wp-json\/wp\/v2\/pages\/256\/revisions"}],"predecessor-version":[{"id":4704,"href":"https:\/\/www.floraclic.eu\/fleursinfo\/wp-json\/wp\/v2\/pages\/256\/revisions\/4704"}],"wp:featuredmedia":[{"embeddable":true,"href":"https:\/\/www.floraclic.eu\/fleursinfo\/wp-json\/wp\/v2\/media\/3761"}],"wp:attachment":[{"href":"https:\/\/www.floraclic.eu\/fleursinfo\/wp-json\/wp\/v2\/media?parent=256"}],"curies":[{"name":"wp","href":"https:\/\/api.w.org\/{rel}","templated":true}]}}