{"id":2208,"date":"2024-01-09T11:00:00","date_gmt":"2024-01-09T10:00:00","guid":{"rendered":"https:\/\/www.floraclic.eu\/fleursinfo\/?p=2208"},"modified":"2026-03-13T09:10:23","modified_gmt":"2026-03-13T08:10:23","slug":"fleurs-et-plantes-d-hiver","status":"publish","type":"page","link":"https:\/\/www.floraclic.eu\/fleursinfo\/fleurs-et-plantes-d-hiver\/","title":{"rendered":"Fleurs pour deuil : plantes et arbustes d&#8217;hiver"},"content":{"rendered":"\n<p>Fleurir le cimeti\u00e8re en hiver peut para\u00eetre au premier abord d\u00e9licat voire m\u00eame hasardeux&#8230;&nbsp; Qu&#8217;il s&#8217;agisse d&#8217;accompagner une c\u00e9r\u00e9monie d&#8217;obs\u00e8ques ou bien d&#8217; entretenir le fleurissement d&#8217;une tombe, le vent, la neige et les temp\u00e9ratures n\u00e9gatives sont autant d&#8217; obstacles \u00e0 contourner&#8230;<\/p>\n\n\n\n<div class=\"wp-block-columns is-layout-flex wp-container-core-columns-is-layout-9d6595d7 wp-block-columns-is-layout-flex\">\n<div class=\"wp-block-column is-layout-flow wp-block-column-is-layout-flow\" style=\"flex-basis:66.66%\">\n<p>Pour r\u00e9ussir un beau fleurissement en ext\u00e9rieur de d\u00e9cembre \u00e0 f\u00e9vrier, il est indispensable de :<\/p>\n\n\n\n<ul class=\"wp-block-list\">\n<li>s\u00e9lectionner des vari\u00e9t\u00e9s de plantes non g\u00e9lives ;<\/li>\n\n\n\n<li>les abriter au mieux des courants d&#8217;air ;<\/li>\n\n\n\n<li>employer des pots en c\u00e9ramique ing\u00e9lives, en r\u00e9sine ou en poly\u00e9thyl\u00e8ne permettant d&#8217; ailleurs des coloris acidul\u00e9s ; ou bien en zinc pour plus de sobri\u00e9t\u00e9.<\/li>\n<\/ul>\n<\/div>\n\n\n\n<div class=\"wp-block-column is-layout-flow wp-block-column-is-layout-flow\" style=\"flex-basis:33.33%\"><div class=\"wp-block-image\">\n<figure class=\"aligncenter\"><a href=\"https:\/\/www.floraclic.eu\/fleursinfo\/wp-content\/uploads\/2015\/01\/jardiniere-de-plantes-d-hiver.jpg\"><img loading=\"lazy\" decoding=\"async\" width=\"240\" height=\"240\" src=\"https:\/\/www.floraclic.eu\/fleursinfo\/wp-content\/uploads\/2015\/01\/jardiniere-de-plantes-d-hiver.jpg\" alt=\"fleurs deuil: jardini\u00e8re de plantes fleuries\" class=\"wp-image-2236\" srcset=\"https:\/\/www.floraclic.eu\/fleursinfo\/wp-content\/uploads\/2015\/01\/jardiniere-de-plantes-d-hiver.jpg 240w, https:\/\/www.floraclic.eu\/fleursinfo\/wp-content\/uploads\/2015\/01\/jardiniere-de-plantes-d-hiver-150x150.jpg 150w\" sizes=\"auto, (max-width: 240px) 100vw, 240px\" \/><\/a><figcaption class=\"wp-element-caption\">Jardini\u00e8re de plantes non g\u00e9lives: bruy\u00e8re, skimmia et<\/figcaption><\/figure>\n<\/div><\/div>\n<\/div>\n\n\n\n<p>Pour r\u00e9ussir \u00e0 coup s\u00fbr de belles pot\u00e9es d&#8217;ext\u00e9rieur, vous pouvez m\u00e9langer les 3 \u00e9l\u00e9ments suivants :<\/p>\n\n\n\n<div class=\"wp-block-columns is-layout-flex wp-container-core-columns-is-layout-9d6595d7 wp-block-columns-is-layout-flex\">\n<div class=\"wp-block-column is-layout-flow wp-block-column-is-layout-flow\" style=\"flex-basis:33.33%\"><div class=\"wp-block-image\">\n<figure class=\"aligncenter\"><a href=\"https:\/\/www.floraclic.eu\/fleursinfo\/wp-content\/uploads\/2015\/01\/hellebores.jpg\"><img loading=\"lazy\" decoding=\"async\" width=\"217\" height=\"300\" src=\"https:\/\/www.floraclic.eu\/fleursinfo\/wp-content\/uploads\/2015\/01\/hellebores-217x300.jpg\" alt=\"fleurs deuil: roses de No\u00ebl\" class=\"wp-image-2276\" srcset=\"https:\/\/www.floraclic.eu\/fleursinfo\/wp-content\/uploads\/2015\/01\/hellebores-217x300.jpg 217w, https:\/\/www.floraclic.eu\/fleursinfo\/wp-content\/uploads\/2015\/01\/hellebores-108x150.jpg 108w, https:\/\/www.floraclic.eu\/fleursinfo\/wp-content\/uploads\/2015\/01\/hellebores.jpg 300w\" sizes=\"auto, (max-width: 217px) 100vw, 217px\" \/><\/a><figcaption class=\"wp-element-caption\">Hell\u00e9bores &#8230; fabuleuses roses de No\u00ebl<\/figcaption><\/figure>\n<\/div><\/div>\n\n\n\n<div class=\"wp-block-column is-layout-flow wp-block-column-is-layout-flow\" style=\"flex-basis:66.66%\">\n<p>Choisissez de pr\u00e9f\u00e9rence des <strong>vari\u00e9t\u00e9s \u00e0 feuillages color\u00e9s ou bien des arbustes remarquables par leur silhouette.<\/strong><\/p>\n\n\n\n<p>Ils s&#8217;emploient en sujets isol\u00e9s comme le buis, boule ou&nbsp; en topiaire par exemple ; ou bien en compositions mixtes comme le fusain panach\u00e9 (vert et jaune ou vert et blanc) ; le Pieris et son beau feuillage persistant brillant rouge orang\u00e9 ; le Photinina (Red Robin) pour les couleurs changeantes de son feuillage brillant qui passe du rouge fonc\u00e9 au pourpre puis au vert ;&nbsp; toutes les vari\u00e9t\u00e9s de conif\u00e8res nains allant du bleut\u00e9, au vert profond en passant par le golden ; l&#8217;eucalyptus rustique (eucalyptus des neiges) vert bleut\u00e9&#8230;<br \/><\/p>\n<\/div>\n<\/div>\n\n\n\n<div class=\"wp-block-columns is-layout-flex wp-container-core-columns-is-layout-9d6595d7 wp-block-columns-is-layout-flex\">\n<div class=\"wp-block-column is-layout-flow wp-block-column-is-layout-flow\" style=\"flex-basis:66.66%\">\n<p><strong><em>Les plantes bulbeuses ou tub\u00e9reuses<\/em><\/strong> : les perce-neige, crocus et cyclamens de Naples (petits cyclamens vivaces) fleuriront m\u00eame sur un tapis de neige&#8230;<\/p>\n\n\n\n<p><strong><em>Les plantes vivaces et petits arbustes \u00e0 fleurs<\/em><\/strong> :<\/p>\n\n\n\n<ul class=\"wp-block-list\">\n<li>les hell\u00e9bores (roses de No\u00ebl) blanches pour les plus h\u00e2tives ; roses, violines ou vertes pour les plus tardives;<\/li>\n\n\n\n<li>les violettes ;<\/li>\n\n\n\n<li>les bruy\u00e8res d&#8217;hiver ;<\/li>\n<\/ul>\n<\/div>\n\n\n\n<div class=\"wp-block-column is-layout-flow wp-block-column-is-layout-flow\" style=\"flex-basis:33.33%\"><div class=\"wp-block-image\">\n<figure class=\"aligncenter\"><a href=\"https:\/\/www.floraclic.eu\/fleursinfo\/wp-content\/uploads\/2015\/01\/perce-neige.jpg\"><img loading=\"lazy\" decoding=\"async\" width=\"300\" height=\"267\" src=\"https:\/\/www.floraclic.eu\/fleursinfo\/wp-content\/uploads\/2015\/01\/perce-neige-300x267.jpg\" alt=\"fleurs d'hiver perce-neige\" class=\"wp-image-2245\" srcset=\"https:\/\/www.floraclic.eu\/fleursinfo\/wp-content\/uploads\/2015\/01\/perce-neige-300x267.jpg 300w, https:\/\/www.floraclic.eu\/fleursinfo\/wp-content\/uploads\/2015\/01\/perce-neige-150x133.jpg 150w, https:\/\/www.floraclic.eu\/fleursinfo\/wp-content\/uploads\/2015\/01\/perce-neige.jpg 393w\" sizes=\"auto, (max-width: 300px) 100vw, 300px\" \/><\/a><figcaption class=\"wp-element-caption\">Perce-neige<\/figcaption><\/figure>\n<\/div><\/div>\n<\/div>\n\n\n\n<div class=\"wp-block-columns is-layout-flex wp-container-core-columns-is-layout-9d6595d7 wp-block-columns-is-layout-flex\">\n<div class=\"wp-block-column is-layout-flow wp-block-column-is-layout-flow\" style=\"flex-basis:33.33%\"><div class=\"wp-block-image\">\n<figure class=\"aligncenter\"><a href=\"https:\/\/www.floraclic.eu\/fleursinfo\/wp-content\/uploads\/2015\/01\/gaultheria.jpg\"><img loading=\"lazy\" decoding=\"async\" width=\"300\" height=\"200\" src=\"https:\/\/www.floraclic.eu\/fleursinfo\/wp-content\/uploads\/2015\/01\/gaultheria-300x200.jpg\" alt=\"fleurs deuil: gaultheria\" class=\"wp-image-2243\" srcset=\"https:\/\/www.floraclic.eu\/fleursinfo\/wp-content\/uploads\/2015\/01\/gaultheria-300x200.jpg 300w, https:\/\/www.floraclic.eu\/fleursinfo\/wp-content\/uploads\/2015\/01\/gaultheria-1024x682.jpg 1024w, https:\/\/www.floraclic.eu\/fleursinfo\/wp-content\/uploads\/2015\/01\/gaultheria-150x100.jpg 150w\" sizes=\"auto, (max-width: 300px) 100vw, 300px\" \/><\/a><figcaption class=\"wp-element-caption\">Gaultheria<\/figcaption><\/figure>\n<\/div><\/div>\n\n\n\n<div class=\"wp-block-column is-layout-flow wp-block-column-is-layout-flow\" style=\"flex-basis:66.66%\">\n<ul class=\"wp-block-list\">\n<li>le skimmia du Japon et son feuillage lustr\u00e9 et coriace agr\u00e9ment\u00e9 de grappes de baies rouge vif ;<\/li>\n\n\n\n<li>le gaulth\u00e9ria du Canada, arbrisseau couch\u00e9 et tapissant \u00e0 petites feuilles coriaces vert bronze et belles baies rouge magenta ;<\/li>\n\n\n\n<li>le cam\u00e9lia h\u00e2tif, son feuillage verniss\u00e9 et sa magnifique floraison rouge, rose ou blanche apparaissant d\u00e8s janvier ;<\/li>\n<\/ul>\n<\/div>\n<\/div>\n\n\n\n<div class=\"wp-block-columns is-layout-flex wp-container-core-columns-is-layout-9d6595d7 wp-block-columns-is-layout-flex\">\n<div class=\"wp-block-column is-layout-flow wp-block-column-is-layout-flow\" style=\"flex-basis:66.66%\">\n<ul class=\"wp-block-list\">\n<li>le jasmin d&#8217;hiver grimpant et sa floraison en trompettes&nbsp; jaunes ;<\/li>\n\n\n\n<li>le houx (femelle) pour ses baies rouges si symboliques et d\u00e9coratives ;<\/li>\n\n\n\n<li>le cotoneaster et ses baies rouge carmin qu&#8217;il conserve tout l&#8217;hiver ;<\/li>\n\n\n\n<li>le berg\u00e9nia et ses hampes de fleurs en clochettes roses apparaissant en fin d&#8217;hiver ;<\/li>\n\n\n\n<li>le rhododendron et certaines azal\u00e9es rustiques, \u00e0 la condition d&#8217;un bon paillis et d&#8217;une situation \u00e0 l&#8217;abri des vents&#8230;<\/li>\n<\/ul>\n\n\n\n<p>Ils apporteront la touche d&#8217;originalit\u00e9 qui permettra \u00e0 votre fleurissement d&#8217;hiver de se d\u00e9marquer&#8230;<\/p>\n<\/div>\n\n\n\n<div class=\"wp-block-column is-layout-flow wp-block-column-is-layout-flow\" style=\"flex-basis:33.33%\"><div class=\"wp-block-image\">\n<figure class=\"aligncenter\"><a href=\"https:\/\/www.floraclic.eu\/fleursinfo\/wp-content\/uploads\/2015\/01\/bergenia.jpg\"><img loading=\"lazy\" decoding=\"async\" width=\"227\" height=\"300\" src=\"https:\/\/www.floraclic.eu\/fleursinfo\/wp-content\/uploads\/2015\/01\/bergenia-227x300.jpg\" alt=\"berg\u00e9nia \u00e0 fleurs roses\" class=\"wp-image-2280\" srcset=\"https:\/\/www.floraclic.eu\/fleursinfo\/wp-content\/uploads\/2015\/01\/bergenia-227x300.jpg 227w, https:\/\/www.floraclic.eu\/fleursinfo\/wp-content\/uploads\/2015\/01\/bergenia-113x150.jpg 113w, https:\/\/www.floraclic.eu\/fleursinfo\/wp-content\/uploads\/2015\/01\/bergenia.jpg 303w\" sizes=\"auto, (max-width: 227px) 100vw, 227px\" \/><\/a><figcaption class=\"wp-element-caption\">Berg\u00e9nia \u00e0 fleurs rose tendre<\/figcaption><\/figure>\n<\/div><\/div>\n<\/div>\n\n\n\n<div class=\"wp-block-columns is-layout-flex wp-container-core-columns-is-layout-9d6595d7 wp-block-columns-is-layout-flex\">\n<div class=\"wp-block-column is-layout-flow wp-block-column-is-layout-flow\" style=\"flex-basis:33.33%\"><div class=\"wp-block-image\">\n<figure class=\"aligncenter\"><a href=\"https:\/\/www.floraclic.eu\/fleursinfo\/wp-content\/uploads\/2015\/01\/cornouiller-rouge.jpg\"><img loading=\"lazy\" decoding=\"async\" width=\"196\" height=\"300\" src=\"https:\/\/www.floraclic.eu\/fleursinfo\/wp-content\/uploads\/2015\/01\/cornouiller-rouge-196x300.jpg\" alt=\"fleurs deuil: cornouiller rouge\" class=\"wp-image-2277\" srcset=\"https:\/\/www.floraclic.eu\/fleursinfo\/wp-content\/uploads\/2015\/01\/cornouiller-rouge-196x300.jpg 196w, https:\/\/www.floraclic.eu\/fleursinfo\/wp-content\/uploads\/2015\/01\/cornouiller-rouge-98x150.jpg 98w, https:\/\/www.floraclic.eu\/fleursinfo\/wp-content\/uploads\/2015\/01\/cornouiller-rouge.jpg 300w\" sizes=\"auto, (max-width: 196px) 100vw, 196px\" \/><\/a><figcaption class=\"wp-element-caption\">Cornouiller \u00e0 bois rouge ou cornus sanguinea<\/figcaption><\/figure>\n<\/div><\/div>\n\n\n\n<div class=\"wp-block-column is-layout-flow wp-block-column-is-layout-flow\" style=\"flex-basis:66.66%\">\n<p>Notons parmi <em>les bois nus<\/em> remarquables : le cornouiller \u00e0 bois rouge ou jaune ; les noisetiers ou saules tortueux dont les formes tourment\u00e9es sont tr\u00e8s d\u00e9coratives et les jeunes ch\u00e2tons symboles de renouveau&#8230; Ces sujets sont \u00e0 choisir de taille mod\u00e9r\u00e9e.<\/p>\n<\/div>\n<\/div>\n\n\n\n<div class=\"wp-block-columns is-layout-flex wp-container-core-columns-is-layout-9d6595d7 wp-block-columns-is-layout-flex\">\n<div class=\"wp-block-column is-layout-flow wp-block-column-is-layout-flow\" style=\"flex-basis:66.66%\">\n<p><em>Les gramin\u00e9es<\/em> (ou &#8220;fausses gramin\u00e9es&#8221;) sont int\u00e9ressantes pour leurs teintes originales et leur aspect d&#8217;herbes folles :<\/p>\n\n\n\n<ul class=\"wp-block-list\">\n<li>le f\u00e9tuque bleu ;<\/li>\n\n\n\n<li>le carex et ses feuilles rubann\u00e9es bicolores vert blanc \/ vert jaune ;<\/li>\n\n\n\n<li>l&#8217;imperata cylindrica et ses flamboyantes feuilles rubann\u00e9es rouge sang ;<\/li>\n\n\n\n<li>l&#8217;ophiogon et ses feuilles rubann\u00e9es d&#8217;un noir \u00e9b\u00e8ne vraiment rare \u00e0 contraster avec des fleurs blanches par exemple ;<\/li>\n\n\n\n<li>le stipa tenuifolia (les &#8220;cheveux d&#8217;ange&#8221;) aux reflets dor\u00e9s ;<\/li>\n\n\n\n<li>l&#8217;helicotrichon formant une touffe h\u00e9riss\u00e9e bleu argent\u00e9e&#8230;<\/li>\n<\/ul>\n<\/div>\n\n\n\n<div class=\"wp-block-column is-layout-flow wp-block-column-is-layout-flow\" style=\"flex-basis:33.33%\"><div class=\"wp-block-image\">\n<figure class=\"aligncenter\"><a href=\"https:\/\/www.floraclic.eu\/fleursinfo\/wp-content\/uploads\/2015\/01\/imperata-carex-helictotrichon.jpg\"><img loading=\"lazy\" decoding=\"async\" width=\"235\" height=\"300\" src=\"https:\/\/www.floraclic.eu\/fleursinfo\/wp-content\/uploads\/2015\/01\/imperata-carex-helictotrichon-235x300.jpg\" alt=\"fleurs deuil: gramin\u00e9es\" class=\"wp-image-2235\" srcset=\"https:\/\/www.floraclic.eu\/fleursinfo\/wp-content\/uploads\/2015\/01\/imperata-carex-helictotrichon-235x300.jpg 235w, https:\/\/www.floraclic.eu\/fleursinfo\/wp-content\/uploads\/2015\/01\/imperata-carex-helictotrichon-117x150.jpg 117w, https:\/\/www.floraclic.eu\/fleursinfo\/wp-content\/uploads\/2015\/01\/imperata-carex-helictotrichon.jpg 300w\" sizes=\"auto, (max-width: 235px) 100vw, 235px\" \/><\/a><figcaption class=\"wp-element-caption\">Gramin\u00e9es rustiques d\u00e9coratives: imperata, carex et helicotrichon<\/figcaption><\/figure>\n<\/div><\/div>\n<\/div>\n\n\n\n<div class=\"wp-block-columns is-layout-flex wp-container-core-columns-is-layout-9d6595d7 wp-block-columns-is-layout-flex\">\n<div class=\"wp-block-column is-layout-flow wp-block-column-is-layout-flow\" style=\"flex-basis:33.33%\"><div class=\"wp-block-image\">\n<figure class=\"aligncenter\"><a href=\"https:\/\/www.floraclic.eu\/fleursinfo\/wp-content\/uploads\/2015\/01\/heuchere-pourpre.jpg\"><img loading=\"lazy\" decoding=\"async\" width=\"300\" height=\"300\" src=\"https:\/\/www.floraclic.eu\/fleursinfo\/wp-content\/uploads\/2015\/01\/heuchere-pourpre-300x300.jpg\" alt=\"fleurs deuil: plante vivace heuch\u00e8re\" class=\"wp-image-2278\" srcset=\"https:\/\/www.floraclic.eu\/fleursinfo\/wp-content\/uploads\/2015\/01\/heuchere-pourpre-300x300.jpg 300w, https:\/\/www.floraclic.eu\/fleursinfo\/wp-content\/uploads\/2015\/01\/heuchere-pourpre-150x150.jpg 150w, https:\/\/www.floraclic.eu\/fleursinfo\/wp-content\/uploads\/2015\/01\/heuchere-pourpre.jpg 450w\" sizes=\"auto, (max-width: 300px) 100vw, 300px\" \/><\/a><figcaption class=\"wp-element-caption\">Heuch\u00e8re pourpre &#8220;obsidian&#8221;<\/figcaption><\/figure>\n<\/div><\/div>\n\n\n\n<div class=\"wp-block-column is-layout-flow wp-block-column-is-layout-flow\" style=\"flex-basis:66.66%\">\n<p>Elles donneront une touche de modernit\u00e9 et de volume<\/p>\n\n\n\n<p><em>Les plantes \u00e0 feuillages color\u00e9s, <\/em>tr\u00e8s &#8220;tendance&#8221; :<\/p>\n\n\n\n<ul class=\"wp-block-list\">\n<li>l&#8217;heuch\u00e8re (le &#8220;d\u00e9sespoir du peintre&#8221;!) et sa belle robe chocolat, pourpre ou caramel ;<\/li>\n\n\n\n<li>l&#8217;ajuga et son incroyable feuillage violet pourpre profond ;<\/li>\n\n\n\n<li>le stachys (l'&#8221;oreille de lapin&#8221;) et son feuillage argent\u00e9, laineux et tr\u00e8s lumineux ;<\/li>\n\n\n\n<li>les plantes aromatiques comme le romarin&#8230;<\/li>\n<\/ul>\n<\/div>\n<\/div>\n\n\n\n<p>Pour pr\u00e9senter vos condol\u00e9ances ou faire livrer des fleurs au cimeti\u00e8re, Floraclic vous propose ses collections de <a title=\"gerbes deuil\" href=\"https:\/\/www.floraclic.eu\/evenements-1\/deuil-30\/gerbes-et-bouquets-47\" target=\"_blank\">gerbes et bouquets pour obs\u00e8ques<\/a>, <a title=\"coussins mortuaires\" href=\"https:\/\/www.floraclic.eu\/evenements-1\/deuil-30\/coussins-et-panieres-78\" target=\"_blank\">coussins et pani\u00e8res de fleurs fra\u00eeches<\/a>, <a title=\"couronnes fun\u00e9raires\" href=\"https:\/\/www.floraclic.eu\/evenements-1\/deuil-30\/couronnes-et-raquettes-79\" target=\"_blank\">couronnes et raquettes<\/a>, <a title=\"plantes fleuries pour deuil\" href=\"https:\/\/www.floraclic.eu\/evenements-1\/deuil-30\/coupes-de-plantes-80\" target=\"_blank\">plantes fleuries pour le cimeti\u00e8re<\/a>.<\/p>\n\n\n\n<p><em>Consultez notre <a href=\"https:\/\/www.floraclic.eu\/fleursinfo\/guide\/deuil\/\">Guide des fleurs pour deuil, obs\u00e8ques et cimeti\u00e8res<\/a><\/em><\/p>\n\n\n\n<p>&nbsp;<\/p>\n","protected":false},"excerpt":{"rendered":"<p>Fleurir le cimeti\u00e8re en hiver peut para\u00eetre au premier abord d\u00e9licat voire m\u00eame hasardeux&#8230;&nbsp; Qu&#8217;il s&#8217;agisse d&#8217;accompagner une c\u00e9r\u00e9monie d&#8217;obs\u00e8ques ou bien d&#8217; entretenir le fleurissement d&#8217;une tombe, le vent, la neige et les temp\u00e9ratures n\u00e9gatives sont autant d&#8217; obstacles \u00e0 contourner&#8230; Pour r\u00e9ussir un beau fleurissement en ext\u00e9rieur de d\u00e9cembre \u00e0 f\u00e9vrier, il est [&hellip;]<\/p>\n","protected":false},"author":1,"featured_media":4342,"parent":0,"menu_order":0,"comment_status":"closed","ping_status":"open","template":"","meta":{"footnotes":""},"class_list":["post-2208","page","type-page","status-publish","has-post-thumbnail","hentry"],"_links":{"self":[{"href":"https:\/\/www.floraclic.eu\/fleursinfo\/wp-json\/wp\/v2\/pages\/2208","targetHints":{"allow":["GET"]}}],"collection":[{"href":"https:\/\/www.floraclic.eu\/fleursinfo\/wp-json\/wp\/v2\/pages"}],"about":[{"href":"https:\/\/www.floraclic.eu\/fleursinfo\/wp-json\/wp\/v2\/types\/page"}],"author":[{"embeddable":true,"href":"https:\/\/www.floraclic.eu\/fleursinfo\/wp-json\/wp\/v2\/users\/1"}],"replies":[{"embeddable":true,"href":"https:\/\/www.floraclic.eu\/fleursinfo\/wp-json\/wp\/v2\/comments?post=2208"}],"version-history":[{"count":43,"href":"https:\/\/www.floraclic.eu\/fleursinfo\/wp-json\/wp\/v2\/pages\/2208\/revisions"}],"predecessor-version":[{"id":4636,"href":"https:\/\/www.floraclic.eu\/fleursinfo\/wp-json\/wp\/v2\/pages\/2208\/revisions\/4636"}],"wp:featuredmedia":[{"embeddable":true,"href":"https:\/\/www.floraclic.eu\/fleursinfo\/wp-json\/wp\/v2\/media\/4342"}],"wp:attachment":[{"href":"https:\/\/www.floraclic.eu\/fleursinfo\/wp-json\/wp\/v2\/media?parent=2208"}],"curies":[{"name":"wp","href":"https:\/\/api.w.org\/{rel}","templated":true}]}}