{"id":2061,"date":"2014-12-19T15:37:42","date_gmt":"2014-12-19T14:37:42","guid":{"rendered":"https:\/\/www.floraclic.eu\/fleursinfo\/?page_id=2061"},"modified":"2026-03-12T10:54:20","modified_gmt":"2026-03-12T09:54:20","slug":"poinsettia-l-etoile-de-noel","status":"publish","type":"page","link":"https:\/\/www.floraclic.eu\/fleursinfo\/poinsettia-l-etoile-de-noel\/","title":{"rendered":"Le poinsettia : l&#8217;\u00e9toile de No\u00ebl"},"content":{"rendered":"\n<h3 class=\"wp-block-heading\">&#8230;au c\u0153ur des l\u00e9gendes mexicaines<\/h3>\n\n\n\n<p>Le poinsettia est plus commun\u00e9ment appel\u00e9 \u00e9<em>toile de no\u00ebl<\/em>, au regard de l&#8217;immense succ\u00e8s qu&#8217; il rencontre lors des F\u00eates de No\u00ebl et de Fin d&#8217; Ann\u00e9e.<\/p>\n\n\n\n<p>Il est devenu LA &#8220;<strong><em>fleur de No\u00ebl<\/em><\/strong>&#8221; sur le continent am\u00e9ricain comme en Europe.<\/p>\n\n\n<div class=\"wp-block-image\">\n<figure class=\"aligncenter\"><a href=\"https:\/\/www.floraclic.eu\/fleursinfo\/wp-content\/uploads\/2014\/12\/poinsettias-rouges.jpg\"><img loading=\"lazy\" decoding=\"async\" width=\"1024\" height=\"576\" src=\"https:\/\/www.floraclic.eu\/fleursinfo\/wp-content\/uploads\/2014\/12\/poinsettias-rouges-1024x576.jpg\" alt=\"\u00e9toile de no\u00ebl : bract\u00e9es de poinsettia rouge\" class=\"wp-image-2085\" srcset=\"https:\/\/www.floraclic.eu\/fleursinfo\/wp-content\/uploads\/2014\/12\/poinsettias-rouges-1024x576.jpg 1024w, https:\/\/www.floraclic.eu\/fleursinfo\/wp-content\/uploads\/2014\/12\/poinsettias-rouges-300x168.jpg 300w, https:\/\/www.floraclic.eu\/fleursinfo\/wp-content\/uploads\/2014\/12\/poinsettias-rouges-150x84.jpg 150w\" sizes=\"auto, (max-width: 1024px) 100vw, 1024px\" \/><\/a><figcaption class=\"wp-element-caption\">Bract\u00e9es de poinsettias rouges en formes d&#8217;\u00e9toiles si caract\u00e9ristiques<\/figcaption><\/figure>\n<\/div>\n\n\n<p><span style=\"color: #008000;\"><strong><em> <\/em><\/strong><\/span><\/p>\n\n\n\n<h2 class=\"wp-block-heading\">Un peu de botanique<\/h2>\n\n\n\n<p>L&#8217;\u00e9toile de no\u00ebl est une plante arbustive originaire d&#8217;Am\u00e9rique du Sud, d&#8217;Am\u00e9rique centrale et du Mexique, pouvant atteindre localement 4 m de hauteur.<\/p>\n\n\n\n<p>Le poinsettia est une euphorbe v\u00e9ritable, c&#8217;est m\u00eame l&#8217; Euphorbia Pulcherrima (&#8220;l&#8217;euphorbe tr\u00e8s belle&#8221; en latin). Comme toutes les euphorbes, il poss\u00e8de des canaux&nbsp; remplis d&#8217; un latex blanc, caoutchouteux et parfois allergisant. Ses racines sont fragiles et sensibles aux maladies et parasites (pucerons, araign\u00e9es rouges, aleurodes&#8230;).<\/p>\n\n\n\n<p>Ses bract\u00e9es de feuilles forment des \u00e9toiles, ce qui doit au poinsettia son nom d&#8217; Etoile de No\u00ebl. C&#8217;est une plante dite &#8220;photop\u00e9riodique&#8221;: les bract\u00e9es se colorent de rouge vif, de blanc cr\u00e8me ou de rose saumon\u00e9 lorsque les jours sont courts et les nuits longues, donc naturellement la de la p\u00e9riode automne &#8211; hiver (il lui faut 15 H d&#8217; obscurit\u00e9 par nuit). De petites fleurs jaun\u00e2tres sans int\u00e9r\u00eat esth\u00e9tique apparaissent en fin de cycle. Les horticulteurs peuvent faire &#8220;rougir&#8221; le poinsettia en n&#8217; importe quelle saison&nbsp; en pratiquant l&#8217; occultation&#8230;<\/p>\n\n\n\n<p>La r\u00e8gle d&#8217;or pour conserver la fleur de No\u00ebl: il faut le prot\u00e9ger des courants d&#8217;air et des exc\u00e8s d&#8217;eau. Il est extr\u00eamement sensible aux courants d&#8217;air ainsi qu&#8217;aux brusques changements de temp\u00e9rature. Maintenez-le \u00e0 15\u00b0 &#8211; 20\u00b0 et pensez \u00e0 le prot\u00e9gez si vous devez le sortir (pour l&#8217;offrir par exemple). Arrosez-le mod\u00e9r\u00e9ment et \u00e0 l&#8217;eau ti\u00e8de, en veillant que la motte de ne dess\u00e8che pas ni ne baigne dans de l&#8217;eau stagnante.<\/p>\n\n\n\n<h2 class=\"wp-block-heading\">Un peu d&#8217;histoire<\/h2>\n\n\n\n<h3 class=\"wp-block-heading\">&nbsp;Le &#8220;cuetlaxochitl&#8221; azt\u00e8que<\/h3>\n\n\n<div class=\"wp-block-image\">\n<figure class=\"alignleft\"><a href=\"https:\/\/www.floraclic.eu\/fleursinfo\/wp-content\/uploads\/2014\/12\/arbre-poinsettia.jpeg\"><img loading=\"lazy\" decoding=\"async\" width=\"300\" height=\"225\" src=\"https:\/\/www.floraclic.eu\/fleursinfo\/wp-content\/uploads\/2014\/12\/arbre-poinsettia-300x225.jpeg\" alt=\"\u00e9toile de no\u00ebl : poinsettia rouge arbustif\" class=\"wp-image-2094\" srcset=\"https:\/\/www.floraclic.eu\/fleursinfo\/wp-content\/uploads\/2014\/12\/arbre-poinsettia-300x225.jpeg 300w, https:\/\/www.floraclic.eu\/fleursinfo\/wp-content\/uploads\/2014\/12\/arbre-poinsettia-150x112.jpeg 150w, https:\/\/www.floraclic.eu\/fleursinfo\/wp-content\/uploads\/2014\/12\/arbre-poinsettia.jpeg 460w\" sizes=\"auto, (max-width: 300px) 100vw, 300px\" \/><\/a><figcaption class=\"wp-element-caption\">Un beau specimen de poinsettia sauvage devenu arbre<\/figcaption><\/figure>\n<\/div>\n\n\n<p>Plante v\u00e9n\u00e9r\u00e9e et omnipr\u00e9sente dans la culture azt\u00e8que, elle symbolisait la puret\u00e9 et la vie \u00e9ternelle. Elle \u00e9tait employ\u00e9e comme teinture et comme m\u00e9dicament&#8230; Ses feuilles broy\u00e9es servaient de pigment colorant rouge pour v\u00eatements et cosm\u00e9tiques et \u00e9galement \u00e0 concocter une boisson pour favoriser les mont\u00e9es de lait des jeunes maman, comme cataplasme pour les maladies de peau&#8230; Son latex \u00e9tait \u00e9galement employ\u00e9 comme m\u00e9dicament contre la fi\u00e8vre.<\/p>\n\n\n\n<p>Selon la l\u00e9gende, la couleur rouge du <em>cuetlaxochitl<\/em> aurait \u00e9t\u00e9 donn\u00e9e par le sang d&#8217;une d\u00e9esse azt\u00e8que dont le c\u0153ur saignait de chagrin d&#8217;amour&#8230;<\/p>\n\n\n\n<p>D&#8217;autres textes content que les guerriers morts revenaient boire sa s\u00e8ve en gage d&#8217;\u00e9ternit\u00e9&#8230;<\/p>\n\n\n\n<h3 class=\"wp-block-heading\">Las &#8220;Flores de Noche Buena&#8221; mexicaines<\/h3>\n\n\n\n<p>La popularit\u00e9 de notre euphorbe va perdurer dans la culture du Mexique christianis\u00e9 et c&#8217;est au 16\u00e8me si\u00e8cle qu&#8217;elle va se trouver associ\u00e9e \u00e0 No\u00ebl par la l\u00e9gende dite de <em>P\u00e9pita<\/em> ou le miracle de la Nuit Sainte.Ce conte de No\u00ebl religieux nous rapporte l&#8217;histoire d&#8217;une petite fille pauvre qui cueillit un petit arbuste triste et vert alors qu&#8217;elle se rendait \u00e0 l&#8217;\u00e9glise du village pour c\u00e9l\u00e9brer l&#8217;arriv\u00e9e de J\u00e9sus. Elle le d\u00e9posa honteuse dans la cr\u00e8che comme maigre offrande au nouveau n\u00e9. La plante vira miraculeusement au rouge flamboyant sous les yeux de l&#8217;assembl\u00e9e \u00e9merveill\u00e9e&#8230;<\/p>\n\n\n\n<div class=\"wp-block-columns is-layout-flex wp-container-core-columns-is-layout-9d6595d7 wp-block-columns-is-layout-flex\">\n<div class=\"wp-block-column is-layout-flow wp-block-column-is-layout-flow\" style=\"flex-basis:66.66%\">\n<p>Une autre l\u00e9gende mexicaine du 17\u00e8me si\u00e8cle rapporte une histoire parente: celle des plants de poinsettia avec lesquels les Fr\u00e8res franciscains de Taxco avaient garni la cr\u00e8che de No\u00ebl et qui se mirent \u00e0 rougir eux aussi miraculeusement lors de la veill\u00e9e de No\u00ebl. Cette tradition franciscaine fit du motif en forme d&#8217;\u00e9toile le symbole de l&#8217;\u00e9toile de Bethl\u00e9em et associa la couleur rouge \u00e0 celle du sang du Christ&#8230;<\/p>\n<\/div>\n\n\n\n<div class=\"wp-block-column is-layout-flow wp-block-column-is-layout-flow\" style=\"flex-basis:33.33%\"><div class=\"wp-block-image\">\n<figure class=\"aligncenter\"><a href=\"https:\/\/www.floraclic.eu\/fleursinfo\/wp-content\/uploads\/2014\/11\/poinsettia-de-noel-plante-fleurie-rouge.jpg\"><img loading=\"lazy\" decoding=\"async\" width=\"300\" height=\"273\" src=\"https:\/\/www.floraclic.eu\/fleursinfo\/wp-content\/uploads\/2014\/11\/poinsettia-de-noel-plante-fleurie-rouge-300x273.jpg\" alt=\"\u00e9toile de no\u00ebl : poinsettia rouge \u00e0 offrir\" class=\"wp-image-1908\" srcset=\"https:\/\/www.floraclic.eu\/fleursinfo\/wp-content\/uploads\/2014\/11\/poinsettia-de-noel-plante-fleurie-rouge-300x273.jpg 300w, https:\/\/www.floraclic.eu\/fleursinfo\/wp-content\/uploads\/2014\/11\/poinsettia-de-noel-plante-fleurie-rouge-150x136.jpg 150w, https:\/\/www.floraclic.eu\/fleursinfo\/wp-content\/uploads\/2014\/11\/poinsettia-de-noel-plante-fleurie-rouge.jpg 500w\" sizes=\"auto, (max-width: 300px) 100vw, 300px\" \/><\/a><figcaption class=\"wp-element-caption\">Poinsettia de No\u00ebl \u00e0 offrir<\/figcaption><\/figure>\n<\/div><\/div>\n<\/div>\n\n\n\n<h3 class=\"wp-block-heading\">Le poinsettia am\u00e9ricain<\/h3>\n\n\n\n<p>L&#8217;importation de la plante mexicaine sur le sol am\u00e9ricain est due \u00e0 <em>Jo\u00ebl Roberts Poinsett<\/em>, premier ambassadeur am\u00e9ricain au Mexique et botaniste \u00e9ponyme&#8230; Fascin\u00e9 par la beaut\u00e9 de notre <em>belle euphorbe<\/em>, il en ramena quelques plants \u00e0 Philadelphie en 1828. Elle fut alors rebaptis\u00e9e<em>poinsettia<\/em> en son honneur. Le Congr\u00e8s am\u00e9ricain d\u00e9cr\u00e9ta le 12 d\u00e9cembre comme<em>Journ\u00e9e Nationale du Poinsettia<\/em> pour comm\u00e9moration de la mort du diplomate&#8230; C&#8217;\u00e9tait l\u00e0 le d\u00e9but de l&#8217;immense popularisation de notre plante&#8230;<\/p>\n\n\n\n<p>Au d\u00e9but du 20\u00e8me si\u00e8cle, l&#8217;horticulteur d&#8217;origine allemande <em>Paul Ecke<\/em> va d\u00e9velopper la culture du <em>poinsettia<\/em> en cr\u00e9ant le premier cultivar \u00e0 partir de la vari\u00e9t\u00e9 sauvage qui poussait pr\u00e8s de son exploitation de Californie. Il remporta un franc succ\u00e8s en commercialisant des tiges de poinsettia coup\u00e9es pour No\u00ebl et les F\u00eates de fin d&#8217; Ann\u00e9e, notamment dans les boutiques de prestige de Los Angeles. Il d\u00e9veloppa par la suite plus de 200 cultivars diff\u00e9rents et diffusa ses fleurs coup\u00e9es dans tous les Etats-Unis provoquant un v\u00e9ritable engouement de masse. La production du poinsettia comme plante d&#8217; int\u00e9rieur rempla\u00e7a progressivement celle de la fleur coup\u00e9e.<\/p>\n\n\n\n<h3 class=\"wp-block-heading\">L&#8217;\u00e9toile de No\u00ebl en Europe<\/h3>\n\n\n\n<p>Le <em>poinsettia<\/em> fait aussi son apparition en Europe d\u00e8s le d\u00e9but du 19\u00e8me si\u00e8cle. C&#8217;est le naturaliste explorateur allemand <em>Alexander von Humboldt&nbsp;<\/em> qui, en 1804,&nbsp; ram\u00e8ne quelques specimen pr\u00e9lev\u00e9s lors de son voyage en Am\u00e9rique en 1804. Le botaniste allemand <em>Ludwig Willdenow<\/em> lui attribuera son nom d&#8217;<em>Euphorbia Pulcherrima<\/em> en 1834.<\/p>\n\n\n\n<p>Il commence \u00e0 se populariser dans les ann\u00e9es 1950 avec une production tout d&#8217;abord allemande. Il s\u00e9duit ensuite les Pays-Bas, la France, l&#8217; Espagne&#8230;<\/p>\n\n\n\n<p>Fort de son pass\u00e9, il reste indissociable des F\u00eates de fin d&#8217;Ann\u00e9e. Il est m\u00eame consid\u00e9r\u00e9 comme LA&nbsp; <strong><em>fleur de No\u00ebl<\/em><\/strong>. Il inonde les \u00e9tals des fleuristes et des jardineries d\u00e8s le d\u00e9but d\u00e9cembre.<\/p>\n\n\n\n<div class=\"wp-block-columns is-layout-flex wp-container-core-columns-is-layout-9d6595d7 wp-block-columns-is-layout-flex\">\n<div class=\"wp-block-column is-layout-flow wp-block-column-is-layout-flow\" style=\"flex-basis:33.33%\"><div class=\"wp-block-image\">\n<figure class=\"aligncenter\"><a href=\"https:\/\/www.floraclic.eu\/fleursinfo\/wp-content\/uploads\/2014\/12\/poinsettia-blanc-en-couronne-de-table.jpg\"><img loading=\"lazy\" decoding=\"async\" width=\"300\" height=\"246\" src=\"https:\/\/www.floraclic.eu\/fleursinfo\/wp-content\/uploads\/2014\/12\/poinsettia-blanc-en-couronne-de-table.jpg\" alt=\"\u00e9toile de no\u00ebl : couronne de No\u00ebl avec poinsettia blanc\" class=\"wp-image-2093\" srcset=\"https:\/\/www.floraclic.eu\/fleursinfo\/wp-content\/uploads\/2014\/12\/poinsettia-blanc-en-couronne-de-table.jpg 300w, https:\/\/www.floraclic.eu\/fleursinfo\/wp-content\/uploads\/2014\/12\/poinsettia-blanc-en-couronne-de-table-150x123.jpg 150w\" sizes=\"auto, (max-width: 300px) 100vw, 300px\" \/><\/a><figcaption class=\"wp-element-caption\">Une couronne de table garnie de bract\u00e9es de poinsettia blanc<\/figcaption><\/figure>\n<\/div><\/div>\n\n\n\n<div class=\"wp-block-column is-layout-flow wp-block-column-is-layout-flow\" style=\"flex-basis:66.66%\">\n<p>Vente num\u00e9ro 1 des plantes de F\u00eates, sa seule couleur rouge profond et son aspect velours participe \u00e0 la magie de l&#8217;esprit de No\u00ebl. Employ\u00e9 comme fleur coup\u00e9e pour un bouquet de No\u00ebl chatoyant ou une composition florale actuelle, il est de plus en plus valoris\u00e9 par les designers floraux&#8230; Vous pouvez vous-m\u00eame r\u00e9-employer une tige de poinsettia pour animer un centre de table par exemple&#8230;, \u00e0 la condition de caut\u00e9riser la tige \u00e0 l&#8217;aide d&#8217; une flamme (briquet, bougie) ou avec de&nbsp; l&#8217;eau bouillante, ceci afin d&#8217;emp\u00eacher le latex de s&#8217;\u00e9chapper.<\/p>\n<\/div>\n<\/div>\n\n\n\n<p>En bref&#8230;&nbsp; Nous nous laisserons volontiers s\u00e9duire par le pouvoir enchanteur de cette magicienne d&#8217;Am\u00e9rique&#8230; ! Apologie de la m\u00e9tamorphose, elle est signe d&#8217;esp\u00e9rance, de foi, de confiance. Que l&#8217;on soit chr\u00e9tien ou non, elle signifie l&#8217;attente du meilleur, d&#8217;un \u00e9v\u00e8nement miraculeux. Sa robe rouge \u00e9carlate de velours pr\u00e9cieux nous fait la preuve de la force de vie, triomphante.<\/p>\n\n\n\n<p>Par Val\u00e9rie Admart<\/p>\n\n\n\n<p>Vous souhaitez offrir ou faire livrer une &#8220;\u00e9toile de No\u00ebl&#8221; pour ces F\u00eates de Foin d&#8217;Ann\u00e9e : livraison de <a href=\"https:\/\/www.floraclic.eu\/fleur-de-noel--poinsettia-rouge-395\" target=\"_blank\" rel=\"noopener\">poinsettia<\/a> \u00e0 domicile en 4 H 7j\/7 avec Floraclic.<\/p>\n\n\n\n<p>Plus de plantes, compositions florales et bouquets de No\u00ebl : <strong>consultez les collections <a href=\"https:\/\/www.floraclic.eu\/evenements-1\/fetes-specifiques-18\/fleurs-de-noel-84\" target=\"_blank\" rel=\"noopener\">fleurs de No\u00ebl<\/a> et <a href=\"https:\/\/www.floraclic.eu\/produits-2\/bouquets-8\/centres-de-table-de-fetes-99\" target=\"_blank\" rel=\"noopener\">centre de tables de F\u00eates<\/a><\/strong>&nbsp;de Floraclic.<\/p>\n\n\n\n<p><strong><em>Nos autres articles sur la th\u00e9matique des fleurs de No\u00ebl:<\/em><\/strong><\/p>\n\n\n\n<ul class=\"wp-block-list\">\n<li><a href=\"https:\/\/www.floraclic.eu\/fleursinfo\/noel-en-fleurs-histoire-et-symboles\/\" target=\"_blank\" rel=\"noopener\">No\u00ebl en fleurs : histoire et symboles<\/a><\/li>\n\n\n\n<li><a href=\"https:\/\/www.floraclic.eu\/fleursinfo\/noel\/fleur-de-noel-le-style-2014\/\" target=\"_blank\" rel=\"noopener\">Fleur de No\u00ebl : les nouvelles tendances<\/a><\/li>\n\n\n\n<li><a href=\"https:\/\/www.floraclic.eu\/fleursinfo\/noel\/fleurs-de-noel-des-cadeaux-qui-ont-une-ame\/\" target=\"_blank\" rel=\"noopener\">Bouquets de No\u00ebl : des cadeaux qui ont une \u00e2me<\/a><\/li>\n\n\n\n<li><a href=\"https:\/\/www.floraclic.eu\/fleursinfo\/noel\/les-fleurs-et-plantes-de-noel-des-cadeaux-de-fin-d-annee-en-habit-de-lumiere\/\" target=\"_blank\" rel=\"noopener\">Fleurs et bouquet de No\u00ebl : des cadeaux de fin d&#8217;Ann\u00e9e en habit de lumi\u00e8re<\/a><\/li>\n\n\n\n<li><a href=\"https:\/\/www.floraclic.eu\/fleursinfo\/noel\/realisez-votre-couronne-de-noel\/\" target=\"_blank\" rel=\"noopener\">R\u00e9alisez votre couronne de No\u00ebl<\/a><\/li>\n\n\n\n<li><a href=\"https:\/\/www.floraclic.eu\/fleursinfo\/fleurs\/offrir-des-fleurs-pour-noel-et-la-nouvelle-annee\/\" target=\"_blank\" rel=\"noopener\">Offrir des fleurs pour No\u00ebl et la Nouvelle Ann\u00e9e<\/a><\/li>\n\n\n\n<li><\/li>\n<\/ul>\n","protected":false},"excerpt":{"rendered":"<p>&#8230;au c\u0153ur des l\u00e9gendes mexicaines Le poinsettia est plus commun\u00e9ment appel\u00e9 \u00e9toile de no\u00ebl, au regard de l&#8217;immense succ\u00e8s qu&#8217; il rencontre lors des F\u00eates de No\u00ebl et de Fin d&#8217; Ann\u00e9e. Il est devenu LA &#8220;fleur de No\u00ebl&#8221; sur le continent am\u00e9ricain comme en Europe. Un peu de botanique L&#8217;\u00e9toile de no\u00ebl est une [&hellip;]<\/p>\n","protected":false},"author":1,"featured_media":4335,"parent":0,"menu_order":0,"comment_status":"closed","ping_status":"closed","template":"","meta":{"footnotes":""},"class_list":["post-2061","page","type-page","status-publish","has-post-thumbnail","hentry"],"_links":{"self":[{"href":"https:\/\/www.floraclic.eu\/fleursinfo\/wp-json\/wp\/v2\/pages\/2061","targetHints":{"allow":["GET"]}}],"collection":[{"href":"https:\/\/www.floraclic.eu\/fleursinfo\/wp-json\/wp\/v2\/pages"}],"about":[{"href":"https:\/\/www.floraclic.eu\/fleursinfo\/wp-json\/wp\/v2\/types\/page"}],"author":[{"embeddable":true,"href":"https:\/\/www.floraclic.eu\/fleursinfo\/wp-json\/wp\/v2\/users\/1"}],"replies":[{"embeddable":true,"href":"https:\/\/www.floraclic.eu\/fleursinfo\/wp-json\/wp\/v2\/comments?post=2061"}],"version-history":[{"count":63,"href":"https:\/\/www.floraclic.eu\/fleursinfo\/wp-json\/wp\/v2\/pages\/2061\/revisions"}],"predecessor-version":[{"id":4570,"href":"https:\/\/www.floraclic.eu\/fleursinfo\/wp-json\/wp\/v2\/pages\/2061\/revisions\/4570"}],"wp:featuredmedia":[{"embeddable":true,"href":"https:\/\/www.floraclic.eu\/fleursinfo\/wp-json\/wp\/v2\/media\/4335"}],"wp:attachment":[{"href":"https:\/\/www.floraclic.eu\/fleursinfo\/wp-json\/wp\/v2\/media?parent=2061"}],"curies":[{"name":"wp","href":"https:\/\/api.w.org\/{rel}","templated":true}]}}