{"id":1922,"date":"2014-12-05T23:49:07","date_gmt":"2014-12-05T22:49:07","guid":{"rendered":"https:\/\/www.floraclic.eu\/fleursinfo\/?page_id=1922"},"modified":"2026-03-13T09:10:56","modified_gmt":"2026-03-13T08:10:56","slug":"fleurs-deuil-deces-fleurir-le-cimetiere-en-automne","status":"publish","type":"page","link":"https:\/\/www.floraclic.eu\/fleursinfo\/fleurs-deuil-deces-fleurir-le-cimetiere-en-automne\/","title":{"rendered":"Fleurs deuil, d\u00e9c\u00e8s : fleurir le cimeti\u00e8re en automne"},"content":{"rendered":"\n<div class=\"wp-block-columns is-layout-flex wp-container-core-columns-is-layout-9d6595d7 wp-block-columns-is-layout-flex\">\n<div class=\"wp-block-column is-layout-flow wp-block-column-is-layout-flow\" style=\"flex-basis:66.66%\">\n<p>L&#8217;automne est la saison de pr\u00e9dilection pour le fleurissement des cimeti\u00e8res. Les temp\u00e9ratures cl\u00e9mentes loin des canicules d&#8217; \u00e9t\u00e9 et des fortes gel\u00e9es hivernales, et les pluies assez mod\u00e9r\u00e9es, assurent la bonne tenue des fleurs et v\u00e9g\u00e9taux que l&#8217;on d\u00e9pose sur les tombes. La saison automnale \u00e9tant de plus tr\u00e8s riche en plantes fleuries d&#8217; ext\u00e9rieur robustes, toute une gamme riche et color\u00e9e de coupes, jardini\u00e8res et pot\u00e9es fleuries sont disponibles pour nous permettre d&#8217; honorer la&nbsp; m\u00e9moire de ceux qui nous sont chers.<\/p>\n<\/div>\n\n\n\n<div class=\"wp-block-column is-layout-flow wp-block-column-is-layout-flow\" style=\"flex-basis:33.33%\"><div class=\"wp-block-image\">\n<figure class=\"aligncenter\"><a href=\"https:\/\/www.floraclic.eu\/fleursinfo\/wp-content\/uploads\/2014\/12\/coupe-de-plante-fleurie-chysantheme-cineraire-kalanchoe-aster.jpg\"><img loading=\"lazy\" decoding=\"async\" width=\"300\" height=\"300\" src=\"https:\/\/www.floraclic.eu\/fleursinfo\/wp-content\/uploads\/2014\/12\/coupe-de-plante-fleurie-chysantheme-cineraire-kalanchoe-aster-300x300.jpg\" alt=\"coupe de plantes ext\u00e9rieur\" class=\"wp-image-1954\" srcset=\"https:\/\/www.floraclic.eu\/fleursinfo\/wp-content\/uploads\/2014\/12\/coupe-de-plante-fleurie-chysantheme-cineraire-kalanchoe-aster-300x300.jpg 300w, https:\/\/www.floraclic.eu\/fleursinfo\/wp-content\/uploads\/2014\/12\/coupe-de-plante-fleurie-chysantheme-cineraire-kalanchoe-aster-150x150.jpg 150w, https:\/\/www.floraclic.eu\/fleursinfo\/wp-content\/uploads\/2014\/12\/coupe-de-plante-fleurie-chysantheme-cineraire-kalanchoe-aster.jpg 600w\" sizes=\"auto, (max-width: 300px) 100vw, 300px\" \/><\/a><figcaption class=\"wp-element-caption\">Coupe de plantes d&#8217;ext\u00e9rieur : conif\u00e8re, chrysanth\u00e8mes, kalanchoe, cin\u00e9raire, aster.<\/figcaption><\/figure>\n<\/div><\/div>\n<\/div>\n\n\n\n<div class=\"wp-block-columns is-layout-flex wp-container-core-columns-is-layout-9d6595d7 wp-block-columns-is-layout-flex\">\n<div class=\"wp-block-column is-layout-flow wp-block-column-is-layout-flow\" style=\"flex-basis:33.33%\"><div class=\"wp-block-image\">\n<figure class=\"aligncenter\"><a href=\"https:\/\/www.floraclic.eu\/fleursinfo\/wp-content\/uploads\/2014\/12\/chrysantheme-plante-fleurie-petite-fleur-prune.jpg\"><img loading=\"lazy\" decoding=\"async\" width=\"300\" height=\"300\" src=\"https:\/\/www.floraclic.eu\/fleursinfo\/wp-content\/uploads\/2014\/12\/chrysantheme-plante-fleurie-petite-fleur-prune-300x300.jpg\" alt=\"chrysanth\u00e8me \u00e0 petites fleurs prune\" class=\"wp-image-1948\" srcset=\"https:\/\/www.floraclic.eu\/fleursinfo\/wp-content\/uploads\/2014\/12\/chrysantheme-plante-fleurie-petite-fleur-prune-300x300.jpg 300w, https:\/\/www.floraclic.eu\/fleursinfo\/wp-content\/uploads\/2014\/12\/chrysantheme-plante-fleurie-petite-fleur-prune-150x150.jpg 150w, https:\/\/www.floraclic.eu\/fleursinfo\/wp-content\/uploads\/2014\/12\/chrysantheme-plante-fleurie-petite-fleur-prune.jpg 585w\" sizes=\"auto, (max-width: 300px) 100vw, 300px\" \/><\/a><figcaption class=\"wp-element-caption\">Chrysanth\u00e8me \u00e0 petites fleurs prune<\/figcaption><\/figure>\n<\/div><\/div>\n\n\n\n<div class=\"wp-block-column is-layout-flow wp-block-column-is-layout-flow\" style=\"flex-basis:66.66%\">\n<h2 class=\"wp-block-heading\">Les chrysanth\u00e8mes<\/h2>\n\n\n\n<p>Les &#8220;fleurs d&#8217;or&#8221; (comme leur nom l&#8217;indique) appartiennent \u00e0 la grande famille des asters et se d\u00e9clinent en une gamme inou\u00efe de couleurs et de formes de fleurs:&nbsp; des fleurs simples ou doubles, \u00e0 c\u0153ur de marguerites, pomponnettes, tokyos ou spiders, \u00e0 grosses t\u00eates dirig\u00e9es de type shamrock ou anastasia, \u00e0 fleurs de mimosa (ajanias)\u2026<\/p>\n\n\n\n<p>De nouveaux cultivars sont cr\u00e9\u00e9s chaque ann\u00e9e pour r\u00e9pondre \u00e0 la tr\u00e8s forte demande commerciale de la Toussaint: des nuances tr\u00e8s vives ou extr\u00eamement pastel pour permettre de d\u00e9finir toutes les personnalit\u00e9s et toutes les \u00e9motions.<\/p>\n\n\n\n<p>Lumineux et g\u00e9n\u00e9reux, les chrysanth\u00e8mes parent de leur gaiet\u00e9 les paysages d&#8217;automne&#8230;<\/p>\n<\/div>\n<\/div>\n\n\n\n<div class=\"wp-block-columns is-layout-flex wp-container-core-columns-is-layout-9d6595d7 wp-block-columns-is-layout-flex\">\n<div class=\"wp-block-column is-layout-flow wp-block-column-is-layout-flow\" style=\"flex-basis:66.66%\">\n<h3 class=\"wp-block-heading\">La v\u00e9ronique<\/h3>\n\n\n\n<p>Originaire d&#8217;Am\u00e9rique du Sud et de Nouvelle-Z\u00e9lande, la v\u00e9ronique (&#8220;h\u00e9b\u00e9&#8221;) nous s\u00e9duit par son feuillage panach\u00e9 de blanc et sa floraison en petits \u00e9pis violets, parme ou roses de juillet \u00e0 octobre.<\/p>\n\n\n\n<p>Romantique et discr\u00e8te, la v\u00e9ronique est \u00e9galement remarquable par sa long\u00e9vit\u00e9. Si elle est prot\u00e9g\u00e9e du gel, elle pourra \u00eatre conserv\u00e9e des ann\u00e9es durant et deviendra m\u00eame un petit arbuste.<\/p>\n\n\n\n<p>Elle peut \u00eatre mise en pleine terre sous les climats doux.<\/p>\n\n\n\n<p>La v\u00e9ronique permettra un hommage pudique et d\u00e9licat \u2026<\/p>\n<\/div>\n\n\n\n<div class=\"wp-block-column is-layout-flow wp-block-column-is-layout-flow\" style=\"flex-basis:33.33%\"><div class=\"wp-block-image\">\n<figure class=\"aligncenter\"><a href=\"https:\/\/www.floraclic.eu\/fleursinfo\/wp-content\/uploads\/2014\/12\/plante-fleurie-veronique.jpg\"><img loading=\"lazy\" decoding=\"async\" width=\"300\" height=\"300\" src=\"https:\/\/www.floraclic.eu\/fleursinfo\/wp-content\/uploads\/2014\/12\/plante-fleurie-veronique.jpg\" alt=\"v\u00e9ronique fleurie\" class=\"wp-image-1949\" srcset=\"https:\/\/www.floraclic.eu\/fleursinfo\/wp-content\/uploads\/2014\/12\/plante-fleurie-veronique.jpg 300w, https:\/\/www.floraclic.eu\/fleursinfo\/wp-content\/uploads\/2014\/12\/plante-fleurie-veronique-150x150.jpg 150w\" sizes=\"auto, (max-width: 300px) 100vw, 300px\" \/><\/a><figcaption class=\"wp-element-caption\">V\u00e9ronique panach\u00e9e parme<\/figcaption><\/figure>\n<\/div><\/div>\n<\/div>\n\n\n\n<div class=\"wp-block-columns is-layout-flex wp-container-core-columns-is-layout-9d6595d7 wp-block-columns-is-layout-flex\">\n<div class=\"wp-block-column is-layout-flow wp-block-column-is-layout-flow\" style=\"flex-basis:33.33%\"><div class=\"wp-block-image\">\n<figure class=\"aligncenter\"><a href=\"https:\/\/www.floraclic.eu\/fleursinfo\/wp-content\/uploads\/2014\/12\/paniere-cyclamen-rose.jpg\"><img loading=\"lazy\" decoding=\"async\" width=\"257\" height=\"300\" src=\"https:\/\/www.floraclic.eu\/fleursinfo\/wp-content\/uploads\/2014\/12\/paniere-cyclamen-rose-257x300.jpg\" alt=\"cyclamens roses\" class=\"wp-image-1951\" srcset=\"https:\/\/www.floraclic.eu\/fleursinfo\/wp-content\/uploads\/2014\/12\/paniere-cyclamen-rose-257x300.jpg 257w, https:\/\/www.floraclic.eu\/fleursinfo\/wp-content\/uploads\/2014\/12\/paniere-cyclamen-rose-128x150.jpg 128w, https:\/\/www.floraclic.eu\/fleursinfo\/wp-content\/uploads\/2014\/12\/paniere-cyclamen-rose.jpg 300w\" sizes=\"auto, (max-width: 257px) 100vw, 257px\" \/><\/a><figcaption class=\"wp-element-caption\">Pani\u00e8re de mini cyclamens rose vif<\/figcaption><\/figure>\n<\/div><\/div>\n\n\n\n<div class=\"wp-block-column is-layout-flow wp-block-column-is-layout-flow\" style=\"flex-basis:66.66%\">\n<h3 class=\"wp-block-heading\">Le cyclamen<\/h3>\n\n\n\n<p>Cette plante bulbeuse de sous-bois au charme gracile et \u00e0 la silhouette ondulante nous charme de ses coloris vifs et brillants. La fra\u00eecheur de ses fleurs fines, fi\u00e8res et \u00e9l\u00e9gamment dress\u00e9es apporte une bouff\u00e9e de gaiet\u00e9 en ext\u00e9rieur.<\/p>\n\n\n\n<p>En pot\u00e9e ou en jardini\u00e8re chic, les cyclamens et mini-cyclamens illuminent l&#8217;automne de leur coloris chatoyants. Ils se d\u00e9clinent au gr\u00e9 d&#8217;une palette de couleurs allant du blanc neige au pourpre fonc\u00e9, passant par toutes les nuances de roses du plus tendre au plus vif. Les nouvelles vari\u00e9t\u00e9s \u00e0 fleurs bicolores, \u00e0 fleurs frisott\u00e9es renouvellent la gamme en apportant de la fantaisie.<\/p>\n\n\n\n<p>Associ\u00e9 \u00e0 de petites plantes vertes sobres comme le lierre\u2026 ou employ\u00e9es en solo, le cyclamen est une plante tr\u00e8s ornementale au feuillage d\u00e9coratif cordiforme,&nbsp; parfois gris\u00e9, presque blanc, voire argent\u00e9, et souvent finement d\u00e9coup\u00e9.<\/p>\n\n\n\n<p>Le cyclamen t\u00e9moignera d&#8217;un hommage \u00e9mouvant et sinc\u00e8re.<\/p>\n<\/div>\n<\/div>\n\n\n\n<div class=\"wp-block-columns is-layout-flex wp-container-core-columns-is-layout-9d6595d7 wp-block-columns-is-layout-flex\">\n<div class=\"wp-block-column is-layout-flow wp-block-column-is-layout-flow\" style=\"flex-basis:66.66%\">\n<h3 class=\"wp-block-heading\">L&#8217;azal\u00e9e<\/h3>\n\n\n\n<p>Cette plante de terre de bruy\u00e8re nous enchante de sa floraison g\u00e9n\u00e9reuse et f\u00e9minine, de sa robe bruissante et froufroutante. L&#8217;azal\u00e9e du fleuriste (&#8220;Rhododendron Indicum)&#8221;, bien que fort g\u00e9live, est celle que l&#8217;on emploie pour fleurir les tombes. Elle est appr\u00e9ci\u00e9e pour ses coloris francs et&nbsp;&nbsp;&nbsp; de fra\u00eecheur, se d\u00e9clinant du brique fonc\u00e9 au blanc pur en passant par le rouge vif, le fuschia, le rose p\u00e2le, le rose moyen, le saumon clair sans oublier la magnifique vari\u00e9t\u00e9 \u00e0 fleurs blanches ourl\u00e9es de rose.<\/p>\n\n\n\n<p>L&#8217;azal\u00e9e exprimera r\u00e9solument la joie et conviendra pour un hommage s&#8217;adressant \u00e0 quelqu&#8217;un de gai.<\/p>\n<\/div>\n\n\n\n<div class=\"wp-block-column is-layout-flow wp-block-column-is-layout-flow\" style=\"flex-basis:33.33%\"><div class=\"wp-block-image\">\n<figure class=\"aligncenter\"><a href=\"https:\/\/www.floraclic.eu\/fleursinfo\/wp-content\/uploads\/2014\/12\/plante-fleurie-azalee-rose.jpg\"><img loading=\"lazy\" decoding=\"async\" width=\"267\" height=\"300\" src=\"https:\/\/www.floraclic.eu\/fleursinfo\/wp-content\/uploads\/2014\/12\/plante-fleurie-azalee-rose-267x300.jpg\" alt=\"plante fleurie azal\u00e9e\" class=\"wp-image-1952\" srcset=\"https:\/\/www.floraclic.eu\/fleursinfo\/wp-content\/uploads\/2014\/12\/plante-fleurie-azalee-rose-267x300.jpg 267w, https:\/\/www.floraclic.eu\/fleursinfo\/wp-content\/uploads\/2014\/12\/plante-fleurie-azalee-rose-133x150.jpg 133w, https:\/\/www.floraclic.eu\/fleursinfo\/wp-content\/uploads\/2014\/12\/plante-fleurie-azalee-rose.jpg 445w\" sizes=\"auto, (max-width: 267px) 100vw, 267px\" \/><\/a><figcaption class=\"wp-element-caption\">Azal\u00e9e rose<\/figcaption><\/figure>\n<\/div><\/div>\n<\/div>\n\n\n\n<h3 class=\"wp-block-heading\">&nbsp;Le myrte<\/h3>\n\n\n\n<p>Plante m\u00e9diterran\u00e9enne, le myrte accompagne et met en valeur les plantes fleuries dans les coupes et jardini\u00e8res mixtes. Il forme de petits buissons compacts vert profond; son feuillage est persistant et parfum\u00e9, exhalant une odeur typique de r\u00e9sine. R\u00e9sistant et peu exigeant, le myrte apportera une note m\u00e9ridionale aux compositions fun\u00e9raires.<\/p>\n\n\n\n<div class=\"wp-block-columns is-layout-flex wp-container-core-columns-is-layout-9d6595d7 wp-block-columns-is-layout-flex\">\n<div class=\"wp-block-column is-layout-flow wp-block-column-is-layout-flow\" style=\"flex-basis:33.33%\"><div class=\"wp-block-image\">\n<figure class=\"aligncenter\"><a href=\"https:\/\/www.floraclic.eu\/fleursinfo\/wp-content\/uploads\/2014\/12\/coupe-plantes-fleuries-cyclamen-bruyere-chrysantheme-conifere.png\"><img loading=\"lazy\" decoding=\"async\" width=\"255\" height=\"300\" src=\"https:\/\/www.floraclic.eu\/fleursinfo\/wp-content\/uploads\/2014\/12\/coupe-plantes-fleuries-cyclamen-bruyere-chrysantheme-conifere-255x300.png\" alt=\"coupe de plantes fleuries rouge jaune\" class=\"wp-image-1960\" srcset=\"https:\/\/www.floraclic.eu\/fleursinfo\/wp-content\/uploads\/2014\/12\/coupe-plantes-fleuries-cyclamen-bruyere-chrysantheme-conifere-255x300.png 255w, https:\/\/www.floraclic.eu\/fleursinfo\/wp-content\/uploads\/2014\/12\/coupe-plantes-fleuries-cyclamen-bruyere-chrysantheme-conifere-127x150.png 127w, https:\/\/www.floraclic.eu\/fleursinfo\/wp-content\/uploads\/2014\/12\/coupe-plantes-fleuries-cyclamen-bruyere-chrysantheme-conifere.png 257w\" sizes=\"auto, (max-width: 255px) 100vw, 255px\" \/><\/a><figcaption class=\"wp-element-caption\">Coupe de plantes pour le cimeti\u00e8re: bruy\u00e8re, cyclamen, conif\u00e8re, chrysanth\u00e8me<\/figcaption><\/figure>\n<\/div><\/div>\n\n\n\n<div class=\"wp-block-column is-layout-flow wp-block-column-is-layout-flow\" style=\"flex-basis:66.66%\">\n<h3 class=\"wp-block-heading\">Les bruy\u00e8res<\/h3>\n\n\n\n<p>Plante de sous-bois, tr\u00e8s robuste et tapissante, la bruy\u00e8re d&#8217; hiver (erica) s&#8217; adapte fort bien en pot\u00e9e ou en jardini\u00e8re. Sa floraison est abondante et peut durer 5 mois, de l&#8217;automne \u00e0 l&#8217; hiver. Son port buissonnant, tr\u00e8s d\u00e9coratif, ainsi que son feuillage vert, bronze ou or, en fait une alli\u00e9e de choix des plantes fleuries d&#8217; automne comme les azal\u00e9es, les cyclamens, les choux\u2026<\/p>\n<\/div>\n<\/div>\n\n\n\n<p>Fleurs et plantes apportent une note fra\u00eeche et positive en colorant le cimeti\u00e8re de leurs silhouettes singuli\u00e8res.<\/p>\n\n\n\n<p>Qu&#8217;il s&#8217;agisse d&#8217;accompagner ponctuellement des fun\u00e9railles ou d&#8217;un fleurissement r\u00e9gulier, les pot\u00e9es fleuries permettent d&#8217; entretenir le souvenir avec symbolisme et \u00e9motion&#8230;<\/p>\n\n\n\n<p>Par <em>Val\u00e9rie Admart<\/em>.<\/p>\n\n\n\n<p>Floraclic vous propose une livraison de fleurs pour enterrement et condol\u00e9ances. Collections&nbsp; <a href=\"https:\/\/www.floraclic.eu\/evenements-1\/deuil-30\" target=\"_blank\" rel=\"noreferrer noopener\">fleurs deuil<\/a>, <a title=\"gerbes deuil\" href=\"https:\/\/www.floraclic.eu\/evenements-1\/deuil-30\/gerbes-et-bouquets-47\" target=\"_blank\">gerbes et bouquets<\/a>, <a title=\"coussins mortuaires\" href=\"https:\/\/www.floraclic.eu\/evenements-1\/deuil-30\/coussins-et-panieres-78\" target=\"_blank\">coussins fun\u00e9raires et pani\u00e8res<\/a>, <a title=\"couronnes fun\u00e9raires\" href=\"https:\/\/www.floraclic.eu\/evenements-1\/deuil-30\/couronnes-et-raquettes-79\" target=\"_blank\">couronnes et raquettes<\/a>, <a title=\"plantes fleuries pour deuil\" href=\"https:\/\/www.floraclic.eu\/evenements-1\/deuil-30\/coupes-de-plantes-80\" target=\"_blank\">coupes de plantes<\/a><\/p>\n\n\n\n<p>Livraison fleurs deuil en 4 h ouvr\u00e9es, 7 j \/ 7.<\/p>\n\n\n\n<p>Consultez notre <a href=\"https:\/\/www.floraclic.eu\/fleursinfo\/guide\/deuil\/\">Guide des fleurs pour deuil, obs\u00e8ques et cimeti\u00e8res<\/a><\/p>\n\n\n\n<p>&nbsp;<\/p>\n","protected":false},"excerpt":{"rendered":"<p>L&#8217;automne est la saison de pr\u00e9dilection pour le fleurissement des cimeti\u00e8res. Les temp\u00e9ratures cl\u00e9mentes loin des canicules d&#8217; \u00e9t\u00e9 et des fortes gel\u00e9es hivernales, et les pluies assez mod\u00e9r\u00e9es, assurent la bonne tenue des fleurs et v\u00e9g\u00e9taux que l&#8217;on d\u00e9pose sur les tombes. La saison automnale \u00e9tant de plus tr\u00e8s riche en plantes fleuries d&#8217; [&hellip;]<\/p>\n","protected":false},"author":1,"featured_media":4329,"parent":0,"menu_order":0,"comment_status":"closed","ping_status":"open","template":"","meta":{"footnotes":""},"class_list":["post-1922","page","type-page","status-publish","has-post-thumbnail","hentry"],"_links":{"self":[{"href":"https:\/\/www.floraclic.eu\/fleursinfo\/wp-json\/wp\/v2\/pages\/1922","targetHints":{"allow":["GET"]}}],"collection":[{"href":"https:\/\/www.floraclic.eu\/fleursinfo\/wp-json\/wp\/v2\/pages"}],"about":[{"href":"https:\/\/www.floraclic.eu\/fleursinfo\/wp-json\/wp\/v2\/types\/page"}],"author":[{"embeddable":true,"href":"https:\/\/www.floraclic.eu\/fleursinfo\/wp-json\/wp\/v2\/users\/1"}],"replies":[{"embeddable":true,"href":"https:\/\/www.floraclic.eu\/fleursinfo\/wp-json\/wp\/v2\/comments?post=1922"}],"version-history":[{"count":37,"href":"https:\/\/www.floraclic.eu\/fleursinfo\/wp-json\/wp\/v2\/pages\/1922\/revisions"}],"predecessor-version":[{"id":4637,"href":"https:\/\/www.floraclic.eu\/fleursinfo\/wp-json\/wp\/v2\/pages\/1922\/revisions\/4637"}],"wp:featuredmedia":[{"embeddable":true,"href":"https:\/\/www.floraclic.eu\/fleursinfo\/wp-json\/wp\/v2\/media\/4329"}],"wp:attachment":[{"href":"https:\/\/www.floraclic.eu\/fleursinfo\/wp-json\/wp\/v2\/media?parent=1922"}],"curies":[{"name":"wp","href":"https:\/\/api.w.org\/{rel}","templated":true}]}}