{"id":1859,"date":"2014-11-25T23:05:07","date_gmt":"2014-11-25T22:05:07","guid":{"rendered":"https:\/\/www.floraclic.eu\/fleursinfo\/?page_id=1859"},"modified":"2026-03-12T10:56:17","modified_gmt":"2026-03-12T09:56:17","slug":"noel-en-fleurs-histoire-et-symboles","status":"publish","type":"page","link":"https:\/\/www.floraclic.eu\/fleursinfo\/noel-en-fleurs-histoire-et-symboles\/","title":{"rendered":"No\u00ebl en fleurs : histoire et symboles"},"content":{"rendered":"\n<h2 class=\"wp-block-heading\">Sapin, couronnes, poinsettia, amaryllis et jacinthes <\/h2>\n\n\n\n<p>Offrir des fleurs et fleurir nos int\u00e9rieurs pour No\u00ebl fait partie du grand &#8220;d\u00e9corum&#8221; des F\u00eates de fin d&#8217;Ann\u00e9e.<\/p>\n\n\n\n<p>Les v\u00e9g\u00e9taux gagne se font chaque ann\u00e9e une place de choix dans le monde de la d\u00e9coration de No\u00ebl.<\/p>\n\n\n\n<div class=\"wp-block-columns is-layout-flex wp-container-core-columns-is-layout-9d6595d7 wp-block-columns-is-layout-flex\">\n<div class=\"wp-block-column is-layout-flow wp-block-column-is-layout-flow\" style=\"flex-basis:33.33%\"><div class=\"wp-block-image\">\n<figure class=\"aligncenter\"><a href=\"https:\/\/www.floraclic.eu\/fleurs-de-noel--composition-maroussia-341\" rel=\"noopener\"><img loading=\"lazy\" decoding=\"async\" width=\"300\" height=\"300\" src=\"https:\/\/www.floraclic.eu\/fleursinfo\/wp-content\/uploads\/2014\/11\/composition-de-fleurs-de-noel-ronde-rose-bougie-orange-cannelle-pomme-de-pin-rouge-or_maroussia-300x300.jpg\" alt=\"No\u00ebl en fleurs: composition de fleurs de No\u00ebl &quot;Maroussia&quot;\" class=\"wp-image-1918\" srcset=\"https:\/\/www.floraclic.eu\/fleursinfo\/wp-content\/uploads\/2014\/11\/composition-de-fleurs-de-noel-ronde-rose-bougie-orange-cannelle-pomme-de-pin-rouge-or_maroussia-300x300.jpg 300w, https:\/\/www.floraclic.eu\/fleursinfo\/wp-content\/uploads\/2014\/11\/composition-de-fleurs-de-noel-ronde-rose-bougie-orange-cannelle-pomme-de-pin-rouge-or_maroussia-150x150.jpg 150w, https:\/\/www.floraclic.eu\/fleursinfo\/wp-content\/uploads\/2014\/11\/composition-de-fleurs-de-noel-ronde-rose-bougie-orange-cannelle-pomme-de-pin-rouge-or_maroussia.jpg 450w\" sizes=\"auto, (max-width: 300px) 100vw, 300px\" \/><\/a><figcaption class=\"wp-element-caption\">Composition de No\u00ebl &#8220;Maroussia&#8221;: l&#8217;alliance symbolique du rouge et du vert<\/figcaption><\/figure>\n<\/div><\/div>\n\n\n\n<div class=\"wp-block-column is-layout-flow wp-block-column-is-layout-flow\" style=\"flex-basis:66.66%\">\n<p>Les fleurs de No\u00ebl et de F\u00eates permettent de concilier la tendance &#8220;\u00e9colo&#8221; et l&#8217;esprit &#8220;d\u00e9co chic et nature&#8221; tr\u00e8s en vogue, avec le relooking &#8220;No\u00ebl&#8221; impos\u00e9 de la fin d\u00e9cembre&#8230;<\/p>\n\n\n\n<p>Plut\u00f4t qu&#8217; avec des guirlandes rutilantes, pourquoi ne pas habiller votre int\u00e9rieur d&#8217; \u00e9l\u00e9gance v\u00e9g\u00e9tale &#8230; ?<\/p>\n\n\n\n<p>Voici un petit tour d&#8217;horizon des incontournables de No\u00ebl: ces fleurs et ces plantes qui sont entr\u00e9es au panth\u00e9on des &#8220;fleurs de No\u00ebl&#8221;&#8230; Souvent fi\u00e8res d&#8217;un long pass\u00e9, voyons leur petite &#8220;histoire&#8221;&#8230;<\/p>\n<\/div>\n<\/div>\n\n\n\n<h2 class=\"wp-block-heading\">Le sapin de No\u00ebl<\/h2>\n\n\n\n<div class=\"wp-block-columns is-layout-flex wp-container-core-columns-is-layout-9d6595d7 wp-block-columns-is-layout-flex\">\n<div class=\"wp-block-column is-layout-flow wp-block-column-is-layout-flow\" style=\"flex-basis:66.66%\">\n<p>A No\u00ebl,&nbsp; tout commence par l&#8217;incontournable <strong><em>arbre de No\u00ebl<\/em><\/strong>&#8230; Notre traditionnel sapin est en fait l&#8217;aboutissement d&#8217;un amalgame de traditions pa\u00efennes et chr\u00e9tiennes mill\u00e9naires.<\/p>\n\n\n\n<p>L&#8217;arbre symbolise depuis l&#8217;Antiquit\u00e9 le renouveau de la vie. Le sapin, arbre \u00e0 feuillage persistant, fait lui plus pr\u00e9cis\u00e9ment r\u00e9f\u00e9rence \u00e0 la vie \u00e9ternelle&#8230; Sa silhouette en forme de c\u00f4ne rappellera aux Chr\u00e9tiens la Sainte Trinit\u00e9 et fera aussi r\u00e9f\u00e9rence \u00e0 l&#8217;arbre du paradis originel. Cet &#8220;arbre du Paradis&#8221; va entrer progressivement dans les foyers protestants, germaniques et scandinaves. Il arrivera en France par le biais de l&#8217; Alsace protestante.<\/p>\n\n\n\n<p>L&#8217;\u00e9toile dont on d\u00e9core le sommet du sapin repr\u00e9sente l&#8217; \u00e9toile de Bethl\u00e9em et les boules de No\u00ebl succ\u00e8dent aux&nbsp; pommes rouges du Moyen-Age (symboles du fruit d\u00e9fendu)&#8230;<\/p>\n<\/div>\n\n\n\n<div class=\"wp-block-column is-layout-flow wp-block-column-is-layout-flow\" style=\"flex-basis:33.33%\"><div class=\"wp-block-image\">\n<figure class=\"aligncenter\"><a href=\"https:\/\/www.floraclic.eu\/fleurs-de-noel---sapin-nordmann-455\" rel=\"noopener\"><img loading=\"lazy\" decoding=\"async\" width=\"300\" height=\"300\" src=\"https:\/\/www.floraclic.eu\/fleursinfo\/wp-content\/uploads\/2014\/11\/sapin-de-noel-nordmann1.jpg\" alt=\"No\u00ebl en fleurs: sapin de no\u00ebl\" class=\"wp-image-1917\" srcset=\"https:\/\/www.floraclic.eu\/fleursinfo\/wp-content\/uploads\/2014\/11\/sapin-de-noel-nordmann1.jpg 300w, https:\/\/www.floraclic.eu\/fleursinfo\/wp-content\/uploads\/2014\/11\/sapin-de-noel-nordmann1-150x150.jpg 150w\" sizes=\"auto, (max-width: 300px) 100vw, 300px\" \/><\/a><figcaption class=\"wp-element-caption\">Sapin nordmann<\/figcaption><\/figure>\n<\/div><\/div>\n<\/div>\n\n\n\n<h2 class=\"wp-block-heading\">Les couronnes de No\u00ebl<\/h2>\n\n\n\n<div class=\"wp-block-columns is-layout-flex wp-container-core-columns-is-layout-9d6595d7 wp-block-columns-is-layout-flex\">\n<div class=\"wp-block-column is-layout-flow wp-block-column-is-layout-flow\" style=\"flex-basis:33.33%\"><div class=\"wp-block-image\">\n<figure class=\"aligncenter\"><a href=\"https:\/\/www.floraclic.eu\/cadeaux-noel--couronne-de-noel-418\" rel=\"noopener\"><img loading=\"lazy\" decoding=\"async\" width=\"300\" height=\"300\" src=\"https:\/\/www.floraclic.eu\/fleursinfo\/wp-content\/uploads\/2014\/11\/couronne-de-noel-baie-pomme-de-pin-cannelle-orange-rouge-vert-300x300.jpg\" alt=\"No\u00ebl en fleurs: couronne de No\u00ebl\" class=\"wp-image-1909\" srcset=\"https:\/\/www.floraclic.eu\/fleursinfo\/wp-content\/uploads\/2014\/11\/couronne-de-noel-baie-pomme-de-pin-cannelle-orange-rouge-vert-300x300.jpg 300w, https:\/\/www.floraclic.eu\/fleursinfo\/wp-content\/uploads\/2014\/11\/couronne-de-noel-baie-pomme-de-pin-cannelle-orange-rouge-vert-150x150.jpg 150w, https:\/\/www.floraclic.eu\/fleursinfo\/wp-content\/uploads\/2014\/11\/couronne-de-noel-baie-pomme-de-pin-cannelle-orange-rouge-vert.jpg 600w\" sizes=\"auto, (max-width: 300px) 100vw, 300px\" \/><\/a><figcaption class=\"wp-element-caption\">Couronne de porte de sapin naturel garnie de baies rouges, pommes de pin rondelles d&#8217;orange et b\u00e2tonnets de cannelle<\/figcaption><\/figure>\n<\/div><\/div>\n\n\n\n<div class=\"wp-block-column is-layout-flow wp-block-column-is-layout-flow\" style=\"flex-basis:66.66%\">\n<p><strong><em>La couronne de porte :<\/em><\/strong> elle tient ses tr\u00e8s lointaines origines dans la f\u00eate romaine du solstice d&#8217;hiver. Lors de cette f\u00eate qui c\u00e9l\u00e9brait le retour du soleil et donc le triomphe de la vie sur les t\u00e9n\u00e8bres, l&#8217;on d\u00e9corait les maisons avec des <strong><em>feuillages<\/em> <em>verts<\/em><\/strong>, <strong><em>symboles de vie, d&#8217;espoir.<\/em><\/strong><\/p>\n\n\n\n<p>Lorsqu&#8217;en 354, le Pape d\u00e9signe officiellement la date du 25 d\u00e9cembre comme date de la naissance du Christ, il y associe les coutumes li\u00e9es solstice d&#8217;hiver: le feuillage, le feu, la b\u00fbche et la roue symbole de cycle solaire, de renouveau, de devenir, de renaissance, de mouvement perp\u00e9tuel&#8230; La roue va \u00e9voluer en &#8220;couronne&#8221;, plus noble.<\/p>\n<\/div>\n<\/div>\n\n\n\n<p>&nbsp;L&#8217;Allemagne et les pays scandinaves adopteront la couronne de porte telle qu&#8217; on la connait, nou\u00e9e par <strong><em>des rubans rouges, couleur de feu et de soleil<\/em><\/strong>. C&#8217;est en Angleterre, qu&#8217; elle prendra la notion d&#8217; &#8220;hospitalit\u00e9&#8221;. Puis import\u00e9e en Am\u00e9rique, la couronne va gagner ses lettres de noblesse pour y devenir tr\u00e8s populaire et revenir enfin \u00e0 la vieille Europe, fi\u00e8re de son succ\u00e8s&#8230;<\/p>\n\n\n\n<p>&nbsp;<em><strong>La couronne de l&#8217; Avent :<\/strong><\/em> elle semble elle-aussi descendre de la tradition de la roue et du feu, propre aux c\u00e9l\u00e9brations du solstice d&#8217;hiver&#8230; Elle fut p\u00e9rennis\u00e9e au XIX \u00e8me si\u00e8cle par un pasteur luth\u00e9rien pour les enfants qu&#8217;il \u00e9duquait. Elle sert de compte \u00e0 rebours avant No\u00ebl. Ses 4 grosses bougies repr\u00e9sentent les 4 semaines pr\u00e9c\u00e9dant la Nativit\u00e9 et sont allum\u00e9es chacun des 4 dimanche de l&#8217;Avent en respectant le sens inverse des aiguilles d&#8217;une montre&#8230;. Les bougies repr\u00e9senteraient aussi les 4 \u00e9tapes du salut (pardon, foi, joie et paix), le cercle symboliserait l&#8217; \u00e9ternit\u00e9 de la vie et la lumi\u00e8re annoncerait celle qui illuminera le monde la nuit de No\u00ebl&#8230;<\/p>\n\n\n\n<h2 class=\"wp-block-heading\">&nbsp;Le poinsettia<\/h2>\n\n\n\n<p>Le poinsettia ou &#8220;Euphorbia Pulcherrima&#8221; , plus souvent nomm\u00e9e Etoile de No\u00ebl, est originaire d&#8217;Am\u00e9rique Centrale et du Mexique. Ses bract\u00e9es rouge carmin repr\u00e9sentent le vrai rouge No\u00ebl. Ressemblant naturellement \u00e0 des \u00e9toiles, elles prennent leur couleur rouge de la fin de l&#8217;automne jusqu&#8217;\u00e0 P\u00e2ques, ce qui explique d\u00e9j\u00e0 leur place de choix sur l&#8217;\u00e9tal des fleuristes en d\u00e9cembre.<\/p>\n\n\n\n<div class=\"wp-block-columns is-layout-flex wp-container-core-columns-is-layout-9d6595d7 wp-block-columns-is-layout-flex\">\n<div class=\"wp-block-column is-layout-flow wp-block-column-is-layout-flow\" style=\"flex-basis:66.66%\">\n<p>Tr\u00e8s pr\u00e9sente dans la culture azt\u00e8que, cette plante \u00e9tait employ\u00e9e comme colorant rouge et dans leur pharmacop\u00e9e. Elle symbolisait puret\u00e9, force et \u00e9ternit\u00e9. Une l\u00e9gende azt\u00e8que conte que la plante devrait sa coloration rouge au chagrin d&#8217;amour d&#8217;une d\u00e9esse. En saignant de d\u00e9sespoir, son c\u0153ur aurait teint\u00e9 le &#8220;cuetlaxochitl&#8221; de rouge ardent&#8230;<\/p>\n<\/div>\n\n\n\n<div class=\"wp-block-column is-layout-flow wp-block-column-is-layout-flow\" style=\"flex-basis:33.33%\"><div class=\"wp-block-image\">\n<figure class=\"aligncenter\"><a href=\"https:\/\/www.floraclic.eu\/fleursinfo\/wp-content\/uploads\/2014\/11\/poinsettia-de-noel-plante-fleurie-rouge.jpg\"><img loading=\"lazy\" decoding=\"async\" width=\"300\" height=\"273\" src=\"https:\/\/www.floraclic.eu\/fleursinfo\/wp-content\/uploads\/2014\/11\/poinsettia-de-noel-plante-fleurie-rouge-300x273.jpg\" alt=\"No\u00ebl en fleurs: poinstettia rouge\" class=\"wp-image-1908\" srcset=\"https:\/\/www.floraclic.eu\/fleursinfo\/wp-content\/uploads\/2014\/11\/poinsettia-de-noel-plante-fleurie-rouge-300x273.jpg 300w, https:\/\/www.floraclic.eu\/fleursinfo\/wp-content\/uploads\/2014\/11\/poinsettia-de-noel-plante-fleurie-rouge-150x136.jpg 150w, https:\/\/www.floraclic.eu\/fleursinfo\/wp-content\/uploads\/2014\/11\/poinsettia-de-noel-plante-fleurie-rouge.jpg 500w\" sizes=\"auto, (max-width: 300px) 100vw, 300px\" \/><\/a><figcaption class=\"wp-element-caption\">Le poinsettia: l&#8217; Etoile de No\u00ebl<\/figcaption><\/figure>\n<\/div><\/div>\n<\/div>\n\n\n\n<p>Une seconde l\u00e9gende, mexicaine et plus tardive, relate l&#8217;histoire de la petite et tr\u00e8s pauvre &#8220;P\u00e9pita&#8221; qui, en se rendant \u00e0 l&#8217; \u00e9glise du village la nuit de No\u00ebl, avait cueilli un petit arbuste afin d&#8217; honorer l&#8217;enfant J\u00e9sus. Honteuse de la&nbsp; morosit\u00e9 de son cadeau, la petite fille d\u00e9posa son pr\u00e9sent dans la cr\u00e8che et vit les feuilles de son petit arbuste se parer miraculeusement de rouge flamboyant&#8230;&nbsp; Au Mexique, les poinsetttias sont depuis &#8220;Las flores de la Santa Noche&#8221; (les fleurs de la Nuit Sainte).<\/p>\n\n\n\n<p>Le poinsettia fut ramen\u00e9 du Mexique aux Etats-Unis par l&#8217;ambassadeur botaniste \u00e9ponyme Jo\u00ebl Poinsett en 1828. En comm\u00e9moration de la mort de celui-ci, le Congr\u00e8s am\u00e9ricain d\u00e9signa le 12 d\u00e9cembre comme Journ\u00e9e Nationale du Poinsettia. Un producteur de plantes, Paul Ecke, et sa famille, eurent alors l&#8217; id\u00e9e de commercialiser le poinsettia comme fleur coup\u00e9e. Le poinsettia entra alors dans les boutiques de fleurs de prestige de Los Angeles et remporta un franc succ\u00e8s pour les F\u00eates de No\u00ebl et de Fin d&#8217;Ann\u00e9e&#8230;&nbsp; Le poinsettia&nbsp; gagnera petit \u00e0 petit l&#8217;Europe dans les ann\u00e9es 50: les Pays-Bas, l&#8217; Espagne, la France&#8230;<\/p>\n\n\n\n<h2 class=\"wp-block-heading\">&nbsp;L&#8217;amaryllis<\/h2>\n\n\n\n<div class=\"wp-block-columns is-layout-flex wp-container-core-columns-is-layout-9d6595d7 wp-block-columns-is-layout-flex\">\n<div class=\"wp-block-column is-layout-flow wp-block-column-is-layout-flow\" style=\"flex-basis:33.33%\"><div class=\"wp-block-image\">\n<figure class=\"aligncenter\"><a href=\"https:\/\/www.floraclic.eu\/fleursinfo\/wp-content\/uploads\/2014\/11\/bouquet-noel-rose-fleur-amaryllis-gerbera-hypericum-rouge-or_etoile-de-noel.png\" rel=\"noopener\"><img loading=\"lazy\" decoding=\"async\" width=\"300\" height=\"300\" src=\"https:\/\/www.floraclic.eu\/fleursinfo\/wp-content\/uploads\/2014\/11\/bouquet-noel-rose-fleur-amaryllis-gerbera-hypericum-rouge-or_etoile-de-noel-300x300.png\" alt=\"No\u00ebl en fleurs: bouquet de no\u00ebl rouge &quot;Etoile de No\u00ebl&quot;\" class=\"wp-image-1905\" srcset=\"https:\/\/www.floraclic.eu\/fleursinfo\/wp-content\/uploads\/2014\/11\/bouquet-noel-rose-fleur-amaryllis-gerbera-hypericum-rouge-or_etoile-de-noel-300x300.png 300w, https:\/\/www.floraclic.eu\/fleursinfo\/wp-content\/uploads\/2014\/11\/bouquet-noel-rose-fleur-amaryllis-gerbera-hypericum-rouge-or_etoile-de-noel-150x150.png 150w, https:\/\/www.floraclic.eu\/fleursinfo\/wp-content\/uploads\/2014\/11\/bouquet-noel-rose-fleur-amaryllis-gerbera-hypericum-rouge-or_etoile-de-noel.png 600w\" sizes=\"auto, (max-width: 300px) 100vw, 300px\" \/><\/a><figcaption class=\"wp-element-caption\">Bouquet de No\u00ebl \u00e0 base d&#8217;amaryllis rouges, roses rouges et gerb\u00e9ras rouges<\/figcaption><\/figure>\n<\/div><\/div>\n\n\n\n<div class=\"wp-block-column is-layout-flow wp-block-column-is-layout-flow\" style=\"flex-basis:66.66%\">\n<p>L&#8217;amaryllis ou &#8220;hippeastrum&#8221; est une plante bulbeuse originaire d&#8217;Am\u00e9riques Centrale et du Sud.<\/p>\n\n\n\n<p>Son nom d&#8217; amaryllis est celui pr\u00e9nom d&#8217;une berg\u00e8re de la litt\u00e9rature grecque tient: il repr\u00e9sente une femme d&#8217; une&nbsp; grande beaut\u00e9.<\/p>\n\n\n\n<p>Il a \u00e9t\u00e9 import\u00e9 en Europe par les Hollandais d\u00e8s 1693.&nbsp; Ceux-ci deviendront d&#8217;ailleurs les principaux producteurs de bulbes d&#8217; amaryllis et cr\u00e9eront de nombreux&nbsp; hybrides d\u00e8s le 18\u00e8me si\u00e8cle.<\/p>\n<\/div>\n<\/div>\n\n\n\n<p>Ses fleurs en forme de trompettes rappellent les trompettes des anges annon\u00e7ant la naissance du Christ, d&#8217; o\u00f9 son entr\u00e9e dans la symbolique de No\u00ebl.<\/p>\n\n\n\n<p>La vari\u00e9t\u00e9 de ses couleurs, dont notamment le rouge profond et le blanc pur vein\u00e9 de vert, ainsi que le gigantisme et l&#8217;\u00e9l\u00e9gance tropicale de ses fleurs, le propulse en t\u00eate des fleurs coup\u00e9es de No\u00ebl.<\/p>\n\n\n\n<p>Sa tige creuse permet aussi de le suspendre t\u00eate en bas pour des bouquets d&#8217;avant-garde.<\/p>\n\n\n\n<h2 class=\"wp-block-heading\">&nbsp;Les jacinthes<\/h2>\n\n\n\n<p>La jacinthe est une plante bulbeuse originaire de Turquie et du Moyen-Orient.<\/p>\n\n\n\n<div class=\"wp-block-columns is-layout-flex wp-container-core-columns-is-layout-9d6595d7 wp-block-columns-is-layout-flex\">\n<div class=\"wp-block-column is-layout-flow wp-block-column-is-layout-flow\" style=\"flex-basis:66.66%\">\n<p>La mythologie grecque attribue la cr\u00e9ation de la jacinthe \u00e0 Apollon. Tandis que celui-ci enseignait le lancer du disque au jeune et beau Hyacinthe,&nbsp; le dieu Z\u00e9phyr,&nbsp; jaloux de l&#8217;amour qu&#8217; Apollon portait au jeune homme, d\u00e9via un disque qui le blessa mortellement. De son sang, naquirent des fleurs qu&#8217; Apollon nomma jacinthes&#8230; Il s&#8217; agit en fait d\u00e9j\u00e0 l\u00e0 d&#8217;une m\u00e9taphore de la mort et du renouveau de la Nature.<\/p>\n<\/div>\n\n\n\n<div class=\"wp-block-column is-layout-flow wp-block-column-is-layout-flow\" style=\"flex-basis:33.33%\"><div class=\"wp-block-image\">\n<figure class=\"aligncenter\"><a href=\"https:\/\/www.floraclic.eu\/plantes-noel--jacinthes-de-noel-721\" rel=\"noopener\"><img loading=\"lazy\" decoding=\"async\" width=\"300\" height=\"300\" src=\"https:\/\/www.floraclic.eu\/fleursinfo\/wp-content\/uploads\/2014\/11\/pote\u0301e-jacinthe-noel-blanche-300x300.png\" alt=\"No\u00ebl en fleurs: jacinthes de no\u00ebl blanches\" class=\"wp-image-1904\" srcset=\"https:\/\/www.floraclic.eu\/fleursinfo\/wp-content\/uploads\/2014\/11\/pote\u0301e-jacinthe-noel-blanche-300x300.png 300w, https:\/\/www.floraclic.eu\/fleursinfo\/wp-content\/uploads\/2014\/11\/pote\u0301e-jacinthe-noel-blanche-150x150.png 150w, https:\/\/www.floraclic.eu\/fleursinfo\/wp-content\/uploads\/2014\/11\/pote\u0301e-jacinthe-noel-blanche.png 600w\" sizes=\"auto, (max-width: 300px) 100vw, 300px\" \/><\/a><figcaption class=\"wp-element-caption\">Jacinthes de No\u00ebl<\/figcaption><\/figure>\n<\/div><\/div>\n<\/div>\n\n\n\n<p>La jacinthe arrive en Hollande au 16\u00e8me si\u00e8cle: de nombreux cultivars plus robustes sont cr\u00e9\u00e9s. Aux 17 et 18 \u00e8me si\u00e8cles, c&#8217;est la plante \u00e0 la mode. A l&#8217;instar de Mme de Pompadour, elle plait aux puissants et fait l&#8217;objet des sp\u00e9culations les plus folles&#8230;<\/p>\n\n\n\n<p>La jacinthe se d\u00e9cline de nos jours dans de nombreux coloris: blanc pur, rose tendre, rouge vif, orang\u00e9, lilas, bleu profond, pourpre fonc\u00e9 et d\u00e9crira toutes les \u00e9motions de la palette du fleuriste&#8230;<\/p>\n\n\n\n<p>Plante vivace qui refleurit chaque ann\u00e9e, la jacinthe entretient le souvenir. Elle annonce le retour du printemps, le triomphe de la vie. Elle est porteuse de joie, symbole d&#8217;espoir.<\/p>\n\n\n\n<p>Son parfum subtil porte l&#8217;\u00e9l\u00e9gance de la bonne nouvelle et participe \u00e0 l&#8217;ambiance chaleureuse et optimiste de No\u00ebl&#8230;<\/p>\n\n\n\n<p>Vous souhaitez faire livrer des fleurs pour un &#8220;No\u00ebl en fleurs&#8221; : <strong>consultez nos collections <a href=\"https:\/\/www.floraclic.eu\/evenements-1\/fetes-specifiques-18\/fleurs-de-noel-84\" target=\"_blank\" rel=\"noopener\">fleurs de No\u00ebl<\/a>, <a href=\"https:\/\/www.floraclic.eu\/produits-2\/bouquets-8\/centres-de-table-de-fetes-99\" target=\"_blank\" rel=\"noopener\">centre de tables de F\u00eates<\/a><\/strong>.<\/p>\n\n\n\n<p>Par Val\u00e9rie Admart<\/p>\n\n\n\n<p>&nbsp;<\/p>\n\n\n\n<p><strong><em>Nos articles \u00e0 propos des fleurs et bouquet de No\u00ebl :<\/em><\/strong><\/p>\n\n\n\n<ul class=\"wp-block-list\">\n<li><a href=\"https:\/\/www.floraclic.eu\/fleursinfo\/noel\/fleur-de-noel-le-style-2014\/\" target=\"_blank\" rel=\"noopener\">Fleur de No\u00ebl : les nouvelles tendances<\/a><\/li>\n\n\n\n<li><a href=\"https:\/\/www.floraclic.eu\/fleursinfo\/poinsettia-l-etoile-de-noel\/\" target=\"_blank\" rel=\"noreferrer noopener\">Le poinsettia : l&#8217;\u00e9toile de No\u00ebl<\/a><\/li>\n\n\n\n<li><a href=\"https:\/\/www.floraclic.eu\/fleursinfo\/noel\/fleurs-de-noel-des-cadeaux-qui-ont-une-ame\/\" target=\"_blank\" rel=\"noopener\">Fleurs de No\u00ebl : des cadeaux qui ont une \u00e2me<\/a><\/li>\n\n\n\n<li><a href=\"https:\/\/www.floraclic.eu\/conseils-fleurs-noel.php\" target=\"_blank\" rel=\"noopener\">Conseils pour offrir des fleurs de No\u00ebl<\/a><\/li>\n\n\n\n<li><a href=\"https:\/\/www.floraclic.eu\/fleursinfo\/noel\/realisez-votre-couronne-de-noel\/\" target=\"_blank\" rel=\"noopener\">R\u00e9alisez votre couronne de No\u00ebl<\/a><\/li>\n\n\n\n<li><a href=\"https:\/\/www.floraclic.eu\/fleursinfo\/fleurs\/offrir-des-fleurs-pour-noel-et-la-nouvelle-annee\/\" target=\"_blank\" rel=\"noopener\">Offrir des fleurs pour No\u00ebl et la Nouvelle Ann\u00e9e<\/a><\/li>\n<\/ul>\n\n\n\n<p>&nbsp;<\/p>\n\n\n\n<p>&nbsp;<\/p>\n\n\n\n<p>&nbsp;<\/p>\n","protected":false},"excerpt":{"rendered":"<p>Sapin, couronnes, poinsettia, amaryllis et jacinthes Offrir des fleurs et fleurir nos int\u00e9rieurs pour No\u00ebl fait partie du grand &#8220;d\u00e9corum&#8221; des F\u00eates de fin d&#8217;Ann\u00e9e. Les v\u00e9g\u00e9taux gagne se font chaque ann\u00e9e une place de choix dans le monde de la d\u00e9coration de No\u00ebl. Les fleurs de No\u00ebl et de F\u00eates permettent de concilier la [&hellip;]<\/p>\n","protected":false},"author":1,"featured_media":4310,"parent":0,"menu_order":0,"comment_status":"closed","ping_status":"closed","template":"","meta":{"footnotes":""},"class_list":["post-1859","page","type-page","status-publish","has-post-thumbnail","hentry"],"_links":{"self":[{"href":"https:\/\/www.floraclic.eu\/fleursinfo\/wp-json\/wp\/v2\/pages\/1859","targetHints":{"allow":["GET"]}}],"collection":[{"href":"https:\/\/www.floraclic.eu\/fleursinfo\/wp-json\/wp\/v2\/pages"}],"about":[{"href":"https:\/\/www.floraclic.eu\/fleursinfo\/wp-json\/wp\/v2\/types\/page"}],"author":[{"embeddable":true,"href":"https:\/\/www.floraclic.eu\/fleursinfo\/wp-json\/wp\/v2\/users\/1"}],"replies":[{"embeddable":true,"href":"https:\/\/www.floraclic.eu\/fleursinfo\/wp-json\/wp\/v2\/comments?post=1859"}],"version-history":[{"count":69,"href":"https:\/\/www.floraclic.eu\/fleursinfo\/wp-json\/wp\/v2\/pages\/1859\/revisions"}],"predecessor-version":[{"id":4571,"href":"https:\/\/www.floraclic.eu\/fleursinfo\/wp-json\/wp\/v2\/pages\/1859\/revisions\/4571"}],"wp:featuredmedia":[{"embeddable":true,"href":"https:\/\/www.floraclic.eu\/fleursinfo\/wp-json\/wp\/v2\/media\/4310"}],"wp:attachment":[{"href":"https:\/\/www.floraclic.eu\/fleursinfo\/wp-json\/wp\/v2\/media?parent=1859"}],"curies":[{"name":"wp","href":"https:\/\/api.w.org\/{rel}","templated":true}]}}