{"id":1633,"date":"2014-08-11T17:49:38","date_gmt":"2014-08-11T16:49:38","guid":{"rendered":"https:\/\/www.floraclic.eu\/fleursinfo\/?p=1633"},"modified":"2026-03-12T16:26:21","modified_gmt":"2026-03-12T15:26:21","slug":"comment-faire-un-bouquet-rond","status":"publish","type":"page","link":"https:\/\/www.floraclic.eu\/fleursinfo\/fleurs\/comment-faire-un-bouquet-rond\/","title":{"rendered":"Comment faire un bouquet rond ?"},"content":{"rendered":"\n<p>&nbsp;Le bouquet rond est sans conteste le bouquet de fleurs qui d\u00e9tient \u00e0 l&#8217; heure actuelle la palme du succ\u00e8s commercial. Cet engouement fabuleux pour le bouquet rond s&#8217;explique par son esprit mode et actuel, sa rondeur candide et g\u00e9n\u00e9reuse et son prix demeurant le plus souvent correct. <\/p>\n\n\n\n<div class=\"wp-block-columns is-layout-flex wp-container-core-columns-is-layout-9d6595d7 wp-block-columns-is-layout-flex\">\n<div class=\"wp-block-column is-layout-flow wp-block-column-is-layout-flow\" style=\"flex-basis:33.33%\"><div class=\"wp-block-image\">\n<figure class=\"aligncenter\"><a href=\"https:\/\/www.floraclic.eu\/fleursinfo\/wp-content\/uploads\/2014\/08\/bouquet-rond-rose-trachelium-chrysantheme-celosie-jaune-vert.jpg\"><img loading=\"lazy\" decoding=\"async\" width=\"300\" height=\"300\" src=\"https:\/\/www.floraclic.eu\/fleursinfo\/wp-content\/uploads\/2014\/08\/bouquet-rond-rose-trachelium-chrysantheme-celosie-jaune-vert-300x300.jpg\" alt=\"bouquet rond\" class=\"wp-image-1645\" srcset=\"https:\/\/www.floraclic.eu\/fleursinfo\/wp-content\/uploads\/2014\/08\/bouquet-rond-rose-trachelium-chrysantheme-celosie-jaune-vert-300x300.jpg 300w, https:\/\/www.floraclic.eu\/fleursinfo\/wp-content\/uploads\/2014\/08\/bouquet-rond-rose-trachelium-chrysantheme-celosie-jaune-vert-150x150.jpg 150w, https:\/\/www.floraclic.eu\/fleursinfo\/wp-content\/uploads\/2014\/08\/bouquet-rond-rose-trachelium-chrysantheme-celosie-jaune-vert.jpg 390w\" sizes=\"auto, (max-width: 300px) 100vw, 300px\" \/><\/a><figcaption class=\"wp-element-caption\">Bouquet rond dans une structure d&#8217;\u00e9corces &#8211; Salon du V\u00e9g\u00e9tal Angers<\/figcaption><\/figure>\n<\/div><\/div>\n\n\n\n<div class=\"wp-block-column is-layout-flow wp-block-column-is-layout-flow\" style=\"flex-basis:66.66%\">\n<p>Riche en fleurs et tr\u00e8s expressif, il peut s&#8217;offrir pour tous les types d&#8217;occasions: anniversaire, mariage, naissance, f\u00eate, amour, remerciement ou simple plaisir d&#8217;offrir&#8230; Mis en r\u00e9serve d&#8217;eau, il convient \u00e9galement pour les livraisons sur les lieux de c\u00e9r\u00e9monie&nbsp; (mairies, lieux de culte&#8230;), les lieux de travail, les h\u00f4pitaux et cliniques. Il s&#8217;impose \u00e9galement d\u00e9sormais lors du&nbsp;fleurissement des <a href=\"https:\/\/www.floraclic.eu\/evenements-1\/deuil-30\">c\u00e9r\u00e9monies de deuil<\/a>.<\/p>\n\n\n\n<p class=\"has-text-align-left\">Il se caract\u00e9rise par sa forme en demi-sph\u00e8re si caract\u00e9ristique.<\/p>\n<\/div>\n<\/div>\n\n\n\n<div class=\"wp-block-columns is-layout-flex wp-container-core-columns-is-layout-9d6595d7 wp-block-columns-is-layout-flex\">\n<div class=\"wp-block-column is-layout-flow wp-block-column-is-layout-flow\" style=\"flex-basis:66.66%\">\n<p>On distingue trois types de bouquets ronds :<\/p>\n\n\n\n<ul class=\"wp-block-list\">\n<li><strong>le bouquet rond uniflore<\/strong>, employant une seule vari\u00e9t\u00e9 de fleurs (des roses le plus souvent, des tulipes, des pivoines) ;<\/li>\n\n\n\n<li><strong>le bouquet rond d\u00e9coratif<\/strong>, alternant plusieurs vari\u00e9t\u00e9s de fleurs de formes et de textures diff\u00e9rentes (les fleurs sont altern\u00e9es en isol\u00e9) ;<\/li>\n\n\n\n<li><strong>le bouquet rond travaill\u00e9 par masses<\/strong>, alternant plusieurs masses de fleurs (les fleurs sont regroup\u00e9es par petits groupes de 3 ou 4 de vari\u00e9t\u00e9s et volumes diff\u00e9rents).<\/li>\n<\/ul>\n<\/div>\n\n\n\n<div class=\"wp-block-column is-layout-flow wp-block-column-is-layout-flow\" style=\"flex-basis:33.33%\"><div class=\"wp-block-image\">\n<figure class=\"alignright\"><a href=\"https:\/\/www.floraclic.eu\/fleursinfo\/wp-content\/uploads\/2014\/08\/bouquet-rond-fleu-pivoine-rose_amour-de-pivoines.png\"><img loading=\"lazy\" decoding=\"async\" width=\"300\" height=\"300\" src=\"https:\/\/www.floraclic.eu\/fleursinfo\/wp-content\/uploads\/2014\/08\/bouquet-rond-fleu-pivoine-rose_amour-de-pivoines-300x300.png\" alt=\"bouquet de pivoines\" class=\"wp-image-1644\" srcset=\"https:\/\/www.floraclic.eu\/fleursinfo\/wp-content\/uploads\/2014\/08\/bouquet-rond-fleu-pivoine-rose_amour-de-pivoines-300x300.png 300w, https:\/\/www.floraclic.eu\/fleursinfo\/wp-content\/uploads\/2014\/08\/bouquet-rond-fleu-pivoine-rose_amour-de-pivoines-150x150.png 150w, https:\/\/www.floraclic.eu\/fleursinfo\/wp-content\/uploads\/2014\/08\/bouquet-rond-fleu-pivoine-rose_amour-de-pivoines.png 600w\" sizes=\"auto, (max-width: 300px) 100vw, 300px\" \/><\/a><figcaption class=\"wp-element-caption\"><br \/>Bouquet rond uniflore: pivoines<\/figcaption><\/figure>\n<\/div><\/div>\n<\/div>\n\n\n\n<p class=\"has-text-align-left\">Il peut \u00eatre monochrome (tout blanc, tout rose&#8230;), associer plusieurs couleurs contrast\u00e9s ou en cama\u00efeu, tabler sur les tons vifs ou au contraire tr\u00e8s pastel ou m\u00eame jouer le bariolage extr\u00eame en associant de nombreuses couleurs fortes.<\/p>\n\n\n\n<h2 class=\"wp-block-heading\">Comment r\u00e9aliser un bouquet rond<\/h2>\n\n\n\n<p>Voici la technique pour le bouquet rond d\u00e9coratif (le plus courant).<br \/>Le bouquet rond uniflore respecte la m\u00eame technique mais bien-s\u00fbr pas de vari\u00e9t\u00e9s \u00e0 alterner.<\/p>\n\n\n\n<p>Dans le cas du bouquet rond par masses, il vous faudra grouper les fleurs d&#8217;une m\u00eame vari\u00e9t\u00e9 par 3 ou 4 et faire alterner ces petites &#8220;masses &#8221; et non plus les fleurs en isol\u00e9.<\/p>\n\n\n\n<div class=\"wp-block-columns is-layout-flex wp-container-core-columns-is-layout-9d6595d7 wp-block-columns-is-layout-flex\">\n<div class=\"wp-block-column is-layout-flow wp-block-column-is-layout-flow\" style=\"flex-basis:33.33%\"><div class=\"wp-block-image\">\n<figure class=\"aligncenter\"><a href=\"https:\/\/www.floraclic.eu\/fleursinfo\/wp-content\/uploads\/2014\/08\/bouquet-rond-gerbera-alstromeria-rose-fleur-rouge-orange-vert-blanc_noa.png\"><img loading=\"lazy\" decoding=\"async\" width=\"300\" height=\"300\" src=\"https:\/\/www.floraclic.eu\/fleursinfo\/wp-content\/uploads\/2014\/08\/bouquet-rond-gerbera-alstromeria-rose-fleur-rouge-orange-vert-blanc_noa-300x300.png\" alt=\"bouquet de fleurs rouge orang\u00e9 vert blanc\" class=\"wp-image-1648\" srcset=\"https:\/\/www.floraclic.eu\/fleursinfo\/wp-content\/uploads\/2014\/08\/bouquet-rond-gerbera-alstromeria-rose-fleur-rouge-orange-vert-blanc_noa-300x300.png 300w, https:\/\/www.floraclic.eu\/fleursinfo\/wp-content\/uploads\/2014\/08\/bouquet-rond-gerbera-alstromeria-rose-fleur-rouge-orange-vert-blanc_noa-150x150.png 150w, https:\/\/www.floraclic.eu\/fleursinfo\/wp-content\/uploads\/2014\/08\/bouquet-rond-gerbera-alstromeria-rose-fleur-rouge-orange-vert-blanc_noa.png 600w\" sizes=\"auto, (max-width: 300px) 100vw, 300px\" \/><\/a><figcaption class=\"wp-element-caption\">Bouquet rond d\u00e9coratif \u00e0 base de roses rouges, gerb\u00e9ras jaunes, alstrom\u00e9rias orang\u00e9s et blancs, santinis verts, baies d&#8217;hyp\u00e9ricums<\/figcaption><\/figure>\n<\/div><\/div>\n\n\n\n<div class=\"wp-block-column is-layout-flow wp-block-column-is-layout-flow\" style=\"flex-basis:66.66%\">\n<h3 class=\"wp-block-heading has-text-align-left\">Etape 1, les outils !<\/h3>\n\n\n\n<p class=\"has-text-align-left\">Il vous faut regrouper :<\/p>\n\n\n\n<ul class=\"wp-block-list\">\n<li>un bon s\u00e9cateur ;<\/li>\n\n\n\n<li>des ciseaux ;<\/li>\n\n\n\n<li>une \u00e9pineuse pour les roses (en cas de roses achet\u00e9es non \u00e9pin\u00e9es) ou \u00e0 d\u00e9faut bien un couteau ;<\/li>\n\n\n\n<li>des pipettes si vous voulez ins\u00e9rer des fleurons d&#8217;orchid\u00e9e ;<\/li>\n\n\n\n<li>de quoi lier votre bouquet : le fil de coton est id\u00e9al pour les \u00e9tapes interm\u00e9diaires, du scotch vert pour fleuriste (r\u00e9sistant \u00e0 l&#8217;eau et l\u00e9g\u00e8rement extensible) ou \u00e0 d\u00e9faut du scotch traditionnel qui convient tr\u00e8s bien \u00e9galement et enfin un lien \u00e0 valeur d\u00e9corative en cas de vase transparent: du raphia, tissus, ruban selon votre inspiration et le style recherch\u00e9 (nature ou sophistiqu\u00e9)&#8230;<\/li>\n<\/ul>\n<\/div>\n<\/div>\n\n\n\n<h3 class=\"wp-block-heading\">&nbsp;Etape 2 : Le choix des fleurs et des verdures composant le bouquet<\/h3>\n\n\n\n<p>C&#8217;est primordial : c&#8217;est th\u00e9oriquement l&#8217;\u00e9tape la plus longue ! <br \/>Pensez-bien \u00e0 ce que vous voulez exprimer : l&#8217;effet recherch\u00e9, l&#8217;harmonie ou le contraste&#8230; <br \/>Orientez- vous vers 3 \u00e0 7&nbsp;vari\u00e9t\u00e9s diff\u00e9rentes selon le volume recherch\u00e9. <\/p>\n\n\n\n<div class=\"wp-block-columns is-layout-flex wp-container-core-columns-is-layout-9d6595d7 wp-block-columns-is-layout-flex\">\n<div class=\"wp-block-column is-layout-flow wp-block-column-is-layout-flow\" style=\"flex-basis:66.66%\">\n<p>Pr\u00e9voyez une bonne quantit\u00e9 de feuillage interne : salal (du fleuriste) ou arbousier, laurier, pittosporum, v\u00e9ronique, cassis&#8230; (du jardin). <\/p>\n\n\n\n<p>Pr\u00e9parez-bien vos tiges de fleurs et vos feuillages avant le montage du bouquet en les effeuillant assez haut (vous ne devrez pas avoir de feuillage dans la main lors du montage du bouquet). <\/p>\n\n\n\n<p>N&#8217;oubliez pas de bien \u00e9piner les roses et monter vos fleurons d&#8217;orchid\u00e9e en pipette ! Classez bien vos fleurs par vari\u00e9t\u00e9s.<\/p>\n<\/div>\n\n\n\n<div class=\"wp-block-column is-layout-flow wp-block-column-is-layout-flow\" style=\"flex-basis:33.33%\"><div class=\"wp-block-image\">\n<figure class=\"aligncenter\"><a href=\"https:\/\/www.floraclic.eu\/fleursinfo\/wp-content\/uploads\/2014\/08\/bouquet-rond-gerbera-fleur-hortensia-eustoma-matricaire-shamrock-alstromeria-bouvardia-rose-vert-blanc_eden.png\"><img loading=\"lazy\" decoding=\"async\" width=\"300\" height=\"300\" src=\"https:\/\/www.floraclic.eu\/fleursinfo\/wp-content\/uploads\/2014\/08\/bouquet-rond-gerbera-fleur-hortensia-eustoma-matricaire-shamrock-alstromeria-bouvardia-rose-vert-blanc_eden-300x300.png\" alt=\"bouquet de fleurs rose blanc vert\" class=\"wp-image-1647\" srcset=\"https:\/\/www.floraclic.eu\/fleursinfo\/wp-content\/uploads\/2014\/08\/bouquet-rond-gerbera-fleur-hortensia-eustoma-matricaire-shamrock-alstromeria-bouvardia-rose-vert-blanc_eden-300x300.png 300w, https:\/\/www.floraclic.eu\/fleursinfo\/wp-content\/uploads\/2014\/08\/bouquet-rond-gerbera-fleur-hortensia-eustoma-matricaire-shamrock-alstromeria-bouvardia-rose-vert-blanc_eden-150x150.png 150w, https:\/\/www.floraclic.eu\/fleursinfo\/wp-content\/uploads\/2014\/08\/bouquet-rond-gerbera-fleur-hortensia-eustoma-matricaire-shamrock-alstromeria-bouvardia-rose-vert-blanc_eden.png 600w\" sizes=\"auto, (max-width: 300px) 100vw, 300px\" \/><\/a><figcaption class=\"wp-element-caption\">Bouquet rond d\u00e9coratif \u00e0 base de fleurs d&#8217;hortensia roses, gerb\u00e9ras roses, lisianthus blancs, bouvardias blancs, shamrocks verts<\/figcaption><\/figure>\n<\/div><\/div>\n<\/div>\n\n\n\n<h3 class=\"wp-block-heading\">Etape 3 : Choisissez la fleur centrale et 2 ou 3 autres vari\u00e9t\u00e9s de fleurs destin\u00e9es au premier cercle.<\/h3>\n\n\n\n<p>La fleur du centre sera le point focal de votre bouquet : positionnez-la bien dans votre main et tournez ensuite autour de celle-ci avec du feuillage interne, de mani\u00e8re \u00e0 lui cr\u00e9er une mini collerette&#8230; Puis positionnez, l\u00e9g\u00e8rement en diagonale, votre premi\u00e8re fleur; tournez l\u00e9g\u00e8rement, ajoutez une branche de feuillage et disposez-la \u00e9galement en l\u00e9g\u00e8re diagonale ; puis une seconde fleur toujours en diagonale, du feuillage etc&#8230; en alternant chacune des 2 ou 3 vari\u00e9t\u00e9s choisies. Veillez \u00e0 ce que vos tiges soient toujours de biais.<\/p>\n\n\n\n<h3 class=\"wp-block-heading\">Etape 4 : Regroupez les vari\u00e9t\u00e9s s\u00e9lectionn\u00e9es pour le second cercle (dont celle de la fleur centrale)<\/h3>\n\n\n\n<div class=\"wp-block-columns is-layout-flex wp-container-core-columns-is-layout-9d6595d7 wp-block-columns-is-layout-flex\">\n<div class=\"wp-block-column is-layout-flow wp-block-column-is-layout-flow\" style=\"flex-basis:33.33%\"><div class=\"wp-block-image\">\n<figure class=\"aligncenter\"><a href=\"https:\/\/www.floraclic.eu\/fleursinfo\/wp-content\/uploads\/2014\/08\/bouquet-rond-par-masses.jpg\"><img loading=\"lazy\" decoding=\"async\" width=\"300\" height=\"300\" src=\"https:\/\/www.floraclic.eu\/fleursinfo\/wp-content\/uploads\/2014\/08\/bouquet-rond-par-masses-300x300.jpg\" alt=\"bouquet rond de tulipes\" class=\"wp-image-1605\" srcset=\"https:\/\/www.floraclic.eu\/fleursinfo\/wp-content\/uploads\/2014\/08\/bouquet-rond-par-masses-300x300.jpg 300w, https:\/\/www.floraclic.eu\/fleursinfo\/wp-content\/uploads\/2014\/08\/bouquet-rond-par-masses-150x150.jpg 150w, https:\/\/www.floraclic.eu\/fleursinfo\/wp-content\/uploads\/2014\/08\/bouquet-rond-par-masses.jpg 390w\" sizes=\"auto, (max-width: 300px) 100vw, 300px\" \/><\/a><figcaption class=\"wp-element-caption\">Bouquet rond par masses: tulipes rouges et blanches, renoncules rouges, bulbes &#8211; Salon du V\u00e9g\u00e9tal Angers<\/figcaption><\/figure>\n<\/div><\/div>\n\n\n\n<div class=\"wp-block-column is-layout-flow wp-block-column-is-layout-flow\" style=\"flex-basis:66.66%\">\n<p>R\u00e9alisez votre cercle de la m\u00eame fa\u00e7on en alternant les vari\u00e9t\u00e9s de fleurs et feuillages&#8230; Vous pouvez \u00e9ventuellement r\u00e9aliser un troisi\u00e8me cercle etc&#8230; <\/p>\n\n\n\n<p>Pensez \u00e0 regarder votre bouquet en cours de r\u00e9alisation afin de pouvoir \u00e9ventuellement \u00e9galiser la surface au cas o\u00f9 telle fleur ou tel feuillage d\u00e9passerait un peu trop l&#8217;ensemble (localisez et tirez l\u00e9g\u00e8rement sur la tige pour la r\u00e9-enfoncer). <\/p>\n<\/div>\n<\/div>\n\n\n\n<p>NB : vous pouvez lier votre bouquet en cours de r\u00e9alisation, mettons apr\u00e8s le second cercle par exemple (coton ou scotch). Pour lier votre bouquet, effectuez deux tours de coton ou de scotch au niveau du col du bouquet, c&#8217;est-\u00e0-dire de la prise en main (on coince simplement le coton dans le faisceau et l&#8217;on tire : il se coupe sans outil).<\/p>\n\n\n\n<h2 class=\"wp-block-heading\">Etape 5 : Vous pouvez terminer votre bouquet par une collerette de feuillages<\/h2>\n\n\n\n<div class=\"wp-block-columns is-layout-flex wp-container-core-columns-is-layout-9d6595d7 wp-block-columns-is-layout-flex\">\n<div class=\"wp-block-column is-layout-flow wp-block-column-is-layout-flow\" style=\"flex-basis:66.66%\">\n<p>Type foug\u00e8res, chicco, aspidistras repli\u00e9es ou bien plus l\u00e9g\u00e8rement avec un simple cerclage de feuillage interne&#8230; ou encore avec des fleurs \u00e0 tiges souples et l\u00e9g\u00e8rement ondulantes comme le solidago, l&#8217;euphorbia, les crocosmias &#8230; Coupez vos tiges pour \u00e9galiser votre bouquet et v\u00e9rifiez que le faisceau est correctement form\u00e9: votre bouquet rond doit tenir parfaitement &#8220;debout&#8221; sur une surface plane, sans d\u00e9s\u00e9quilibre. Finissez si vous le souhaitez (et s&#8217;il doit \u00eatre visible) par un lien de raphia ou toute sorte de ruban, tissu qui masquera le coton ou le scotch&#8230;<\/p>\n<\/div>\n\n\n\n<div class=\"wp-block-column is-layout-flow wp-block-column-is-layout-flow\" style=\"flex-basis:33.33%\"><div class=\"wp-block-image\">\n<figure class=\"aligncenter\"><a href=\"https:\/\/www.floraclic.eu\/fleursinfo\/wp-content\/uploads\/2014\/08\/bouquet-rond-choux-fleur-gerbera-rose-hypericum-alstromeria-poivron-orange-blanc_lumiere-automne.jpg\"><img loading=\"lazy\" decoding=\"async\" width=\"300\" height=\"300\" src=\"https:\/\/www.floraclic.eu\/fleursinfo\/wp-content\/uploads\/2014\/08\/bouquet-rond-choux-fleur-gerbera-rose-hypericum-alstromeria-poivron-orange-blanc_lumiere-automne-300x300.jpg\" alt=\"bouquet de fleurs d'automne\" class=\"wp-image-1650\" srcset=\"https:\/\/www.floraclic.eu\/fleursinfo\/wp-content\/uploads\/2014\/08\/bouquet-rond-choux-fleur-gerbera-rose-hypericum-alstromeria-poivron-orange-blanc_lumiere-automne-300x300.jpg 300w, https:\/\/www.floraclic.eu\/fleursinfo\/wp-content\/uploads\/2014\/08\/bouquet-rond-choux-fleur-gerbera-rose-hypericum-alstromeria-poivron-orange-blanc_lumiere-automne-150x150.jpg 150w, https:\/\/www.floraclic.eu\/fleursinfo\/wp-content\/uploads\/2014\/08\/bouquet-rond-choux-fleur-gerbera-rose-hypericum-alstromeria-poivron-orange-blanc_lumiere-automne.jpg 600w\" sizes=\"auto, (max-width: 300px) 100vw, 300px\" \/><\/a><figcaption class=\"wp-element-caption\">Bouquet rond d\u00e9coratif customis\u00e9 &#8220;esprit potager&#8221; avec choux d&#8217;ornement, petits poivrons, roses branchues orang\u00e9es, gerb\u00e9ras orang\u00e9s, baies d&#8217; hyp\u00e9ricum, eucalyptus teint\u00e9 marron<\/figcaption><\/figure>\n<\/div><\/div>\n<\/div>\n\n\n\n<p>Ce bouquet est &#8220;customisable&#8221; \u00e0 volont\u00e9, vous pouvez le personnaliser \u00e0 l&#8217;infini avec tous types de d\u00e9cors :<\/p>\n\n\n\n<ul class=\"wp-block-list\">\n<li><strong>esprit verger ou potager <\/strong>: tranches d&#8217;agrumes s\u00e9ch\u00e9es, fruits secs (noix&#8230;), petits l\u00e9gumes (poivrons miniatures, petits coloquintes&#8230;)&#8230;<\/li>\n\n\n\n<li><strong>\u00e9pices <\/strong>: cannelles, anis \u00e9toil\u00e9, r\u00e9glisse&#8230;<\/li>\n\n\n\n<li><strong>esprit rustique <\/strong>: petits fagots de bois, gramin\u00e9es, lavandes, fleurs s\u00e9ch\u00e9es, \u00e9pis de bl\u00e9&#8230;<\/li>\n\n\n\n<li><strong>esprit marin <\/strong>: corde, coquillages, \u00e9toiles de mer&#8230;<\/li>\n\n\n\n<li><strong>esprit c\u00e2lin <\/strong>: petit ourson, petit c\u0153urs, petite poup\u00e9e de chiffon ou tout autre sujet&#8230;<\/li>\n\n\n\n<li><strong>esprit gourmand <\/strong>: chocolats, bonbons, macarons&#8230;<\/li>\n\n\n\n<li><strong>pour une naissance <\/strong>: t\u00e9tines, petits biberons, peluche&#8230;<\/li>\n\n\n\n<li><strong>pour un mariage <\/strong>: tulle, soie, anneaux&#8230;<\/li>\n\n\n\n<li><strong>pour les F\u00eates de Fin d&#8217;Ann\u00e9e <\/strong>: petits paquets cadeaux, boules, ting-tings&#8230;<\/li>\n\n\n\n<li><strong>pour P\u00e2ques <\/strong>: plumes, \u0153ufs, poules, lapins&#8230;<\/li>\n\n\n\n<li><strong>en bref, tout ce qui vous passe par la t\u00eate !!! <\/strong>: balles de tennis, mini ballons de foot, mini pelotes de laine, fausses lunettes r\u00e9alis\u00e9e en fil m\u00e9tallique, bijoux, maquillage, photos&#8230;<\/li>\n<\/ul>\n\n\n\n<div class=\"wp-block-columns is-layout-flex wp-container-core-columns-is-layout-9d6595d7 wp-block-columns-is-layout-flex\">\n<div class=\"wp-block-column is-layout-flow wp-block-column-is-layout-flow\" style=\"flex-basis:33.33%\"><div class=\"wp-block-image\">\n<figure class=\"aligncenter\"><a href=\"https:\/\/www.floraclic.eu\/fleursinfo\/wp-content\/uploads\/2014\/08\/bouquet-rond-rose-rouge-fleur-rose-blanche-matricaire-oourson-rouge-blanc_i-love-you.jpg\"><img loading=\"lazy\" decoding=\"async\" width=\"300\" height=\"300\" src=\"https:\/\/www.floraclic.eu\/fleursinfo\/wp-content\/uploads\/2014\/08\/bouquet-rond-rose-rouge-fleur-rose-blanche-matricaire-oourson-rouge-blanc_i-love-you-300x300.jpg\" alt=\"bouquet de fleurs saint-valentin\" class=\"wp-image-1653\" srcset=\"https:\/\/www.floraclic.eu\/fleursinfo\/wp-content\/uploads\/2014\/08\/bouquet-rond-rose-rouge-fleur-rose-blanche-matricaire-oourson-rouge-blanc_i-love-you-300x300.jpg 300w, https:\/\/www.floraclic.eu\/fleursinfo\/wp-content\/uploads\/2014\/08\/bouquet-rond-rose-rouge-fleur-rose-blanche-matricaire-oourson-rouge-blanc_i-love-you-150x150.jpg 150w, https:\/\/www.floraclic.eu\/fleursinfo\/wp-content\/uploads\/2014\/08\/bouquet-rond-rose-rouge-fleur-rose-blanche-matricaire-oourson-rouge-blanc_i-love-you.jpg 450w\" sizes=\"auto, (max-width: 300px) 100vw, 300px\" \/><\/a><figcaption class=\"wp-element-caption\">Bouquet rond d\u00e9coratif accessoiris\u00e9 Saint-Valentin avec roses rouges , roses blanches branchues, matricaires, ourson peluche, c\u0153urs rouges<\/figcaption><\/figure>\n<\/div><\/div>\n\n\n\n<div class=\"wp-block-column is-layout-flow wp-block-column-is-layout-flow\" style=\"flex-basis:66.66%\">\n<p>Pour ins\u00e9rer vos d\u00e9cors, vous pouvez leur cr\u00e9er un support en fil de laiton ou \u00e0 d\u00e9faut fil de fer : former une tige droite se terminant par une petite spirale destin\u00e9e \u00e0 recevoir l&#8217;objet . Pour les \u00e9l\u00e9ments de tr\u00e8s petites tailles (grains de caf\u00e9, billes&#8230;), vous pouvez r\u00e9aliser de petites corolles avec des feuilles bien rondes que vous repliez et agraphez (de fa\u00e7on \u00e0 cr\u00e9er un petit entonnoir ferm\u00e9).<\/p>\n\n\n\n<p>Alors vite, \u00e0 vos s\u00e9cateurs ! Faites-preuve d&#8217;inspiration et laissez-vous guider par vos id\u00e9es !!! Et pensez-bien que l&#8217;esprit d&#8217;un bouquet s&#8217;obtient g\u00e9n\u00e9ralement par la mise en sc\u00e8ne des contrastes entre les fleurs qui le composent&#8230;<\/p>\n<\/div>\n<\/div>\n\n\n\n<p>Et si vous voulez <a href=\"https:\/\/www.floraclic.eu\/boutique\/\">faire livrer un bouquet rond, rendez-vous dans notre boutique<\/a>.<\/p>\n\n\n\n<p>&nbsp;<\/p>\n\n\n\n<p>&nbsp;<\/p>\n","protected":false},"excerpt":{"rendered":"<p>&nbsp;Le bouquet rond est sans conteste le bouquet de fleurs qui d\u00e9tient \u00e0 l&#8217; heure actuelle la palme du succ\u00e8s commercial. Cet engouement fabuleux pour le bouquet rond s&#8217;explique par son esprit mode et actuel, sa rondeur candide et g\u00e9n\u00e9reuse et son prix demeurant le plus souvent correct. Riche en fleurs et tr\u00e8s expressif, il [&hellip;]<\/p>\n","protected":false},"author":1,"featured_media":4060,"parent":0,"menu_order":0,"comment_status":"closed","ping_status":"open","template":"","meta":{"footnotes":""},"class_list":["post-1633","page","type-page","status-publish","has-post-thumbnail","hentry"],"_links":{"self":[{"href":"https:\/\/www.floraclic.eu\/fleursinfo\/wp-json\/wp\/v2\/pages\/1633","targetHints":{"allow":["GET"]}}],"collection":[{"href":"https:\/\/www.floraclic.eu\/fleursinfo\/wp-json\/wp\/v2\/pages"}],"about":[{"href":"https:\/\/www.floraclic.eu\/fleursinfo\/wp-json\/wp\/v2\/types\/page"}],"author":[{"embeddable":true,"href":"https:\/\/www.floraclic.eu\/fleursinfo\/wp-json\/wp\/v2\/users\/1"}],"replies":[{"embeddable":true,"href":"https:\/\/www.floraclic.eu\/fleursinfo\/wp-json\/wp\/v2\/comments?post=1633"}],"version-history":[{"count":25,"href":"https:\/\/www.floraclic.eu\/fleursinfo\/wp-json\/wp\/v2\/pages\/1633\/revisions"}],"predecessor-version":[{"id":4607,"href":"https:\/\/www.floraclic.eu\/fleursinfo\/wp-json\/wp\/v2\/pages\/1633\/revisions\/4607"}],"wp:featuredmedia":[{"embeddable":true,"href":"https:\/\/www.floraclic.eu\/fleursinfo\/wp-json\/wp\/v2\/media\/4060"}],"wp:attachment":[{"href":"https:\/\/www.floraclic.eu\/fleursinfo\/wp-json\/wp\/v2\/media?parent=1633"}],"curies":[{"name":"wp","href":"https:\/\/api.w.org\/{rel}","templated":true}]}}