{"id":123,"date":"2024-11-17T23:29:00","date_gmt":"2024-11-17T22:29:00","guid":{"rendered":"http:\/\/www.floraclic.fr\/fleursinfo\/?p=123"},"modified":"2026-03-12T13:03:15","modified_gmt":"2026-03-12T12:03:15","slug":"le-lys-blanc","status":"publish","type":"page","link":"https:\/\/www.floraclic.eu\/fleursinfo\/fleurs\/le-lys-blanc\/","title":{"rendered":"Le lys blanc"},"content":{"rendered":"\n<div class=\"wp-block-columns is-layout-flex wp-container-core-columns-is-layout-9d6595d7 wp-block-columns-is-layout-flex\">\n<div class=\"wp-block-column is-layout-flow wp-block-column-is-layout-flow\">\n<p>Le lys blanc est une fleur noble forte en symboles, qui conf\u00e8re une dimension luxueuse \u00e0 toutes les compositions florales.<\/p>\n\n\n\n<p>Le poids de l&#8217;histoire&#8230; Le lys est v\u00e9n\u00e9r\u00e9 depuis la nuit des temps. <\/p>\n\n\n\n<p>Il est pr\u00e9sent dans de nombreuses civilisations antiques :<\/p>\n\n\n\n<ul class=\"wp-block-list\">\n<li>On trouve la\u00a0&#8220;fleur de lys&#8221; d\u00e8s le troisi\u00e8me mill\u00e9naire <strong>en Assyrie<\/strong>.<\/li>\n\n\n\n<li>Il repr\u00e9sentait <strong>dans le monde antique<\/strong> un symbole de la cr\u00e9ation universelle, de la f\u00e9condit\u00e9 divine et de la vie elle-m\u00eame. Le lys est d\u2019ailleurs omnipr\u00e9sent dans l\u2019iconographie grecque, \u00e9gyptienne et romaine. Il \u00e9tait, pour les Grecs anciens, la \u00ab&nbsp;fleur des fleurs&nbsp;\u00bb. Il est l&#8217;attribut de V\u00e9nus.<\/li>\n\n\n\n<li>Une fleur de lys parfaite figure sur les pi\u00e8ces de monnaie <strong>arverne <\/strong>(gaulois du Massif Central) du premier si\u00e8cle.<\/li>\n\n\n\n<li>Dans le Cantique des Cantiques (texte ant\u00e9rieur \u00e0 l&#8217;\u00e9criture de la <strong>Bible <\/strong>qui fut int\u00e9gr\u00e9 \u00e0 celle-ci) figure un po\u00e8me \u00e9voquant le lys : \u00ab&nbsp;Je suis la fleur des champs et le lys des vall\u00e9es&nbsp;\u00bb.<\/li>\n<\/ul>\n<\/div>\n\n\n\n<div class=\"wp-block-column is-layout-flow wp-block-column-is-layout-flow\"><div class=\"wp-block-image\">\n<figure class=\"aligncenter size-large is-resized\"><a href=\"https:\/\/www.floraclic.eu\/bouquet-de-lys-blancs-54\" target=\"_blank\" rel=\" noreferrer noopener\"><img loading=\"lazy\" decoding=\"async\" width=\"1024\" height=\"1024\" src=\"https:\/\/www.floraclic.eu\/fleursinfo\/wp-content\/uploads\/2013\/11\/bouquet-de-lys-blancs-1200-Floraclic-1024x1024.jpeg\" alt=\"bouquet de lys blancs\" class=\"wp-image-3913\" style=\"aspect-ratio:1;object-fit:cover;width:400px\" srcset=\"https:\/\/www.floraclic.eu\/fleursinfo\/wp-content\/uploads\/2013\/11\/bouquet-de-lys-blancs-1200-Floraclic-1024x1024.jpeg 1024w, https:\/\/www.floraclic.eu\/fleursinfo\/wp-content\/uploads\/2013\/11\/bouquet-de-lys-blancs-1200-Floraclic-450x450.jpeg 450w, https:\/\/www.floraclic.eu\/fleursinfo\/wp-content\/uploads\/2013\/11\/bouquet-de-lys-blancs-1200-Floraclic-250x250.jpeg 250w, https:\/\/www.floraclic.eu\/fleursinfo\/wp-content\/uploads\/2013\/11\/bouquet-de-lys-blancs-1200-Floraclic-768x768.jpeg 768w, https:\/\/www.floraclic.eu\/fleursinfo\/wp-content\/uploads\/2013\/11\/bouquet-de-lys-blancs-1200-Floraclic.jpeg 1200w\" sizes=\"auto, (max-width: 1024px) 100vw, 1024px\" \/><\/a><figcaption class=\"wp-element-caption\"><a href=\"https:\/\/www.floraclic.eu\/bouquet-de-lys-blancs-54\">Bouquet de lys blancs<\/a><\/figcaption><\/figure>\n<\/div><\/div>\n<\/div>\n\n\n\n<p>La fleur de lys prendra d&#8217;abord une valeur &#8220;christologique&#8221;, avec des repr\u00e9sentations du Christ au milieu de lys stylis\u00e9s. Ensuite, avec le d\u00e9veloppement du culte de la Vierge, s&#8217;ajoute la symbolique du &#8220;lys marial&#8221; (le lys de Marie). Le lys est alors pr\u00e9sent\u00e9 comme symbole de Virginit\u00e9, de Puret\u00e9, de F\u00e9condit\u00e9.<\/p>\n\n\n\n<div class=\"wp-block-columns is-layout-flex wp-container-core-columns-is-layout-9d6595d7 wp-block-columns-is-layout-flex\">\n<div class=\"wp-block-column is-layout-flow wp-block-column-is-layout-flow\" style=\"flex-basis:33.33%\"><div class=\"wp-block-image\">\n<figure class=\"aligncenter\"><a href=\"https:\/\/www.floraclic.eu\/fleursinfo\/wp-content\/uploads\/2014\/02\/SceauPhilippeAuguste.jpg\"><img loading=\"lazy\" decoding=\"async\" width=\"250\" height=\"251\" src=\"https:\/\/www.floraclic.eu\/fleursinfo\/wp-content\/uploads\/2014\/02\/SceauPhilippeAuguste.jpg\" alt=\"fleur de lys sur sceau\" class=\"wp-image-125\" srcset=\"https:\/\/www.floraclic.eu\/fleursinfo\/wp-content\/uploads\/2014\/02\/SceauPhilippeAuguste.jpg 250w, https:\/\/www.floraclic.eu\/fleursinfo\/wp-content\/uploads\/2014\/02\/SceauPhilippeAuguste-150x150.jpg 150w\" sizes=\"auto, (max-width: 250px) 100vw, 250px\" \/><\/a><figcaption class=\"wp-element-caption\">Sceau de Philippe Auguste<\/figcaption><\/figure>\n<\/div><\/div>\n\n\n\n<div class=\"wp-block-column is-layout-flow wp-block-column-is-layout-flow\" style=\"flex-basis:66.66%\">\n<p>Des repr\u00e9sentations de Marie avec fleurs de lys se voient sur des monnaies \u00e9mises par des \u00e9v\u00eaques \u00e0 partir du XIe si\u00e8cle.<\/p>\n\n\n\n<p>Vouant une d\u00e9votion \u00e0 la Vierge, les rois cap\u00e9tiens se sont efforc\u00e9s de placer le royaume de France sous sa protection. Louis VI et Louis VII ont ainsi introduit la fleur de lys dans la symbolique du pouvoir royal. Apparait ensuite la fleur de lys sur un sceau royal fran\u00e7ais, en 1180 sur un sceau de Philippe Auguste, puis en 1211 sur l&#8217;\u00e9cu du prince Louis, futur Louis VII. Lors du sacre de Philippe Auguste, la fleur de lys prend place dans les armoiries royales, sous la forme de l&#8217;\u00e9cu d&#8217;azur sem\u00e9 de fleurs de lys d&#8217;or. Ces fleurs de lys mettent en sc\u00e8ne l&#8217;origine et le caract\u00e8re sacr\u00e9, divin, c\u00e9leste de la monarchie fran\u00e7aise.<\/p>\n<\/div>\n<\/div>\n\n\n\n<div class=\"wp-block-columns is-layout-flex wp-container-core-columns-is-layout-9d6595d7 wp-block-columns-is-layout-flex\">\n<div class=\"wp-block-column is-layout-flow wp-block-column-is-layout-flow\" style=\"flex-basis:66.66%\">\n<p>Les rois de France firent du lys un symbole de prosp\u00e9rit\u00e9, de gloire, m\u00eame de pouvoir de gu\u00e9rison.<\/p>\n\n\n\n<p>&nbsp;En bref, le lys blanc symbolise tour \u00e0 tour :<\/p>\n\n\n\n<ul class=\"wp-block-list\">\n<li>la puret\u00e9, la chastet\u00e9, l&#8217;innocence, la virginit\u00e9 ;<\/li>\n\n\n\n<li>la noblesse, la majest\u00e9 ;<\/li>\n\n\n\n<li>l&#8217;amour chaste ;<\/li>\n\n\n\n<li>la f\u00e9condit\u00e9 (c&#8217;est la fleur du mariage) ;<\/li>\n\n\n\n<li>la beaut\u00e9&#8230;<\/li>\n<\/ul>\n<\/div>\n\n\n\n<div class=\"wp-block-column is-layout-flow wp-block-column-is-layout-flow\" style=\"flex-basis:33.33%\"><div class=\"wp-block-image\">\n<figure class=\"aligncenter\"><a href=\"https:\/\/www.floraclic.eu\/fleursinfo\/wp-content\/uploads\/2014\/02\/blasonphilippeauguste.jpg\"><img loading=\"lazy\" decoding=\"async\" width=\"168\" height=\"216\" src=\"https:\/\/www.floraclic.eu\/fleursinfo\/wp-content\/uploads\/2014\/02\/blasonphilippeauguste.jpg\" alt=\"fleurs de lys sur blason royal\" class=\"wp-image-127\" srcset=\"https:\/\/www.floraclic.eu\/fleursinfo\/wp-content\/uploads\/2014\/02\/blasonphilippeauguste.jpg 168w, https:\/\/www.floraclic.eu\/fleursinfo\/wp-content\/uploads\/2014\/02\/blasonphilippeauguste-116x150.jpg 116w\" sizes=\"auto, (max-width: 168px) 100vw, 168px\" \/><\/a><figcaption class=\"wp-element-caption\">La fleur de lys sur le blason de Philippe Auguste<\/figcaption><\/figure>\n<\/div><\/div>\n<\/div>\n\n\n\n<div class=\"wp-block-columns is-layout-flex wp-container-core-columns-is-layout-9d6595d7 wp-block-columns-is-layout-flex\">\n<div class=\"wp-block-column is-layout-flow wp-block-column-is-layout-flow\"><div class=\"wp-block-image\">\n<figure class=\"aligncenter size-large is-resized\"><a href=\"https:\/\/www.floraclic.eu\/fleurs-amour--bouquet-venise-141\" target=\"_blank\" rel=\" noreferrer noopener\"><img loading=\"lazy\" decoding=\"async\" width=\"1024\" height=\"1024\" src=\"https:\/\/www.floraclic.eu\/fleursinfo\/wp-content\/uploads\/2024\/11\/bouquet-lys-blancs-roses-rouges-Venise-1200-Floraclic-1024x1024.jpeg\" alt=\"bouquet de lys blancs et roses rouges Venise\" class=\"wp-image-3934\" style=\"object-fit:cover;width:400px;height:400px\" srcset=\"https:\/\/www.floraclic.eu\/fleursinfo\/wp-content\/uploads\/2024\/11\/bouquet-lys-blancs-roses-rouges-Venise-1200-Floraclic-1024x1024.jpeg 1024w, https:\/\/www.floraclic.eu\/fleursinfo\/wp-content\/uploads\/2024\/11\/bouquet-lys-blancs-roses-rouges-Venise-1200-Floraclic-450x450.jpeg 450w, https:\/\/www.floraclic.eu\/fleursinfo\/wp-content\/uploads\/2024\/11\/bouquet-lys-blancs-roses-rouges-Venise-1200-Floraclic-250x250.jpeg 250w, https:\/\/www.floraclic.eu\/fleursinfo\/wp-content\/uploads\/2024\/11\/bouquet-lys-blancs-roses-rouges-Venise-1200-Floraclic-768x768.jpeg 768w, https:\/\/www.floraclic.eu\/fleursinfo\/wp-content\/uploads\/2024\/11\/bouquet-lys-blancs-roses-rouges-Venise-1200-Floraclic.jpeg 1200w\" sizes=\"auto, (max-width: 1024px) 100vw, 1024px\" \/><\/a><figcaption class=\"wp-element-caption\"><a href=\"https:\/\/www.floraclic.eu\/fleurs-amour--bouquet-venise-141\">Bouquet de lys blancs et roses rouges Venise<\/a><\/figcaption><\/figure>\n<\/div><\/div>\n\n\n\n<div class=\"wp-block-column is-layout-flow wp-block-column-is-layout-flow\">\n<p>S&#8217;il est certainement vrai que l&#8217;engouement pour le lys fait partie quelque part de notre &#8220;m\u00e9moire collective&#8221;, l&#8217;attirance pour cette fleur si majestueuse est quasi imm\u00e9diate : visuelle d&#8217; abord puis olfactive.<\/p>\n\n\n\n<p>Le lys a un port royal qui ne peut laisser indiff\u00e9rent.<\/p>\n\n\n\n<p>Faites plaisir \u00e0 vos proches en leur offrant un bouquet de lys majestueux : <strong>consultez notre collection de <a title=\"Bouquets de lys\" href=\"https:\/\/www.floraclic.eu\/produits-2\/bouquets-8\/bouquets-de-lys-91\" target=\"_blank\">bouquets de lys<\/a><\/strong>.<br \/>Livraison de fleurs \u00e0 domicile en express 7j\/7<\/p>\n<\/div>\n<\/div>\n","protected":false},"excerpt":{"rendered":"<p>Le lys blanc est une fleur noble forte en symboles, qui conf\u00e8re une dimension luxueuse \u00e0 toutes les compositions florales. Le poids de l&#8217;histoire&#8230; Le lys est v\u00e9n\u00e9r\u00e9 depuis la nuit des temps. Il est pr\u00e9sent dans de nombreuses civilisations antiques : La fleur de lys prendra d&#8217;abord une valeur &#8220;christologique&#8221;, avec des repr\u00e9sentations du [&hellip;]<\/p>\n","protected":false},"author":1,"featured_media":3917,"parent":0,"menu_order":0,"comment_status":"closed","ping_status":"open","template":"","meta":{"footnotes":""},"class_list":["post-123","page","type-page","status-publish","has-post-thumbnail","hentry"],"_links":{"self":[{"href":"https:\/\/www.floraclic.eu\/fleursinfo\/wp-json\/wp\/v2\/pages\/123","targetHints":{"allow":["GET"]}}],"collection":[{"href":"https:\/\/www.floraclic.eu\/fleursinfo\/wp-json\/wp\/v2\/pages"}],"about":[{"href":"https:\/\/www.floraclic.eu\/fleursinfo\/wp-json\/wp\/v2\/types\/page"}],"author":[{"embeddable":true,"href":"https:\/\/www.floraclic.eu\/fleursinfo\/wp-json\/wp\/v2\/users\/1"}],"replies":[{"embeddable":true,"href":"https:\/\/www.floraclic.eu\/fleursinfo\/wp-json\/wp\/v2\/comments?post=123"}],"version-history":[{"count":13,"href":"https:\/\/www.floraclic.eu\/fleursinfo\/wp-json\/wp\/v2\/pages\/123\/revisions"}],"predecessor-version":[{"id":4575,"href":"https:\/\/www.floraclic.eu\/fleursinfo\/wp-json\/wp\/v2\/pages\/123\/revisions\/4575"}],"wp:featuredmedia":[{"embeddable":true,"href":"https:\/\/www.floraclic.eu\/fleursinfo\/wp-json\/wp\/v2\/media\/3917"}],"wp:attachment":[{"href":"https:\/\/www.floraclic.eu\/fleursinfo\/wp-json\/wp\/v2\/media?parent=123"}],"curies":[{"name":"wp","href":"https:\/\/api.w.org\/{rel}","templated":true}]}}