{"id":12,"date":"2014-01-30T09:11:53","date_gmt":"2014-01-30T08:11:53","guid":{"rendered":"http:\/\/www.floraclic.fr\/fleursinfo\/?page_id=12"},"modified":"2026-03-12T13:49:13","modified_gmt":"2026-03-12T12:49:13","slug":"la-saint-valentin-pourquoi-offrir-des-fleurs","status":"publish","type":"page","link":"https:\/\/www.floraclic.eu\/fleursinfo\/la-saint-valentin-pourquoi-offrir-des-fleurs\/","title":{"rendered":"La Saint Valentin : pourquoi offrir des fleurs le 14 f\u00e9vrier ?"},"content":{"rendered":"\n<h2 class=\"wp-block-heading\">L&#8217;origine pa\u00efenne de la f\u00eate de la Saint Valentin<\/h2>\n\n\n\n<p>La <strong>Saint Valentin <\/strong>est la premi\u00e8re grande f\u00eate calendaire de l&#8217;ann\u00e9e. C&#8217;est l&#8217;occasion pour chacun d\u2019exprimer ses sentiments et d\u2019offrir fleurs et cadeaux \u00e0 l&#8217;\u00e9lu(e) de son coeur.<br \/> Les fleurs et sont devenues le cadeau incontournable de la Saint-Valentin, les roses rouges demeurant le symbole parfait et ind\u00e9tr\u00f4nable du sentiment amoureux et de la passion ardente !<\/p>\n\n\n\n<div class=\"wp-block-columns is-layout-flex wp-container-core-columns-is-layout-9d6595d7 wp-block-columns-is-layout-flex\">\n<div class=\"wp-block-column is-layout-flow wp-block-column-is-layout-flow\" style=\"flex-basis:66.66%\">\n<p>On peut d&#8217;ailleurs voir dans l&#8217;origine de la c\u00e9l\u00e9bration de la <strong>Saint Valentin<\/strong>, les pr\u00e9misses du renouveau de la Nature : les anciens calendriers associaient \u00e0 la Saint Valentin un soleil car celui-ci \u00e9tait cens\u00e9 montrer de nouveau sa force \u00e0 cette date. En fait, c&#8217;est \u00e0 ce moment o\u00f9 les fleurs les plus pr\u00e9coces commencent \u00e0 se montrer dans une grande partie de l&#8217;Europe. La Saint Valentin est un peu le point de d\u00e9part de la nouvelle saison, elle marque symboliquement le d\u00e9clenchement de la reprise de la vie mise en sommeil par un long hiver&#8230; Elle &#8220;enterre&#8221; l&#8217; hiver et sa grisaille, un peu \u00e0 la mani\u00e8re des carnavals.<\/p>\n<\/div>\n\n\n\n<div class=\"wp-block-column is-layout-flow wp-block-column-is-layout-flow\" style=\"flex-basis:33.33%\"><div class=\"wp-block-image\">\n<figure class=\"aligncenter\"><a href=\"https:\/\/www.floraclic.eu\/evenements-1\/fetes-specifiques-18\/saintvalentin-19\"><img loading=\"lazy\" decoding=\"async\" width=\"300\" height=\"300\" src=\"https:\/\/www.floraclic.eu\/fleursinfo\/wp-content\/uploads\/2014\/01\/FOREVER-300x300.jpg\" alt=\"la saint valentin: bouquet de roses, tulpes, gerberas, hyp\u00e9ricum\" class=\"wp-image-17\" srcset=\"https:\/\/www.floraclic.eu\/fleursinfo\/wp-content\/uploads\/2014\/01\/FOREVER-300x300.jpg 300w, https:\/\/www.floraclic.eu\/fleursinfo\/wp-content\/uploads\/2014\/01\/FOREVER-150x150.jpg 150w, https:\/\/www.floraclic.eu\/fleursinfo\/wp-content\/uploads\/2014\/01\/FOREVER.jpg 450w\" sizes=\"auto, (max-width: 300px) 100vw, 300px\" \/><\/a><figcaption class=\"wp-element-caption\">Bouquet For Ever<\/figcaption><\/figure>\n<\/div><\/div>\n<\/div>\n\n\n\n<p><strong>Offrir des fleurs<\/strong> \u00e0 la Saint-Valentin est donc un geste ancr\u00e9 dans la tradition et la logique des saisons. Simples, \u00e9mouvantes et \u00e9l\u00e9gantes, les fleurs ont un langage de fantaisie et de douceur qui parle au c\u0153ur.<\/p>\n\n\n\n<p>&nbsp;<\/p>\n\n\n\n<h2 class=\"wp-block-heading\">Faire livrer des fleurs pour la Saint Valentin<\/h2>\n\n\n\n<div class=\"wp-block-columns is-layout-flex wp-container-core-columns-is-layout-9d6595d7 wp-block-columns-is-layout-flex\">\n<div class=\"wp-block-column is-layout-flow wp-block-column-is-layout-flow\"><div class=\"wp-block-image\">\n<figure class=\"aligncenter\"><a href=\"https:\/\/www.floraclic.eu\/fleursinfo\/wp-content\/uploads\/2014\/01\/composition-florale-ardoise-saint-valentin-rose-fleur-orchidee-dianthus-rouge-blanc_ma-valentine.jpg\"><img loading=\"lazy\" decoding=\"async\" width=\"450\" height=\"450\" src=\"https:\/\/www.floraclic.eu\/fleursinfo\/wp-content\/uploads\/2014\/01\/composition-florale-ardoise-saint-valentin-rose-fleur-orchidee-dianthus-rouge-blanc_ma-valentine.jpg\" alt=\"la saint valentin: composition florale Ma Valentine\" class=\"wp-image-2442\" srcset=\"https:\/\/www.floraclic.eu\/fleursinfo\/wp-content\/uploads\/2014\/01\/composition-florale-ardoise-saint-valentin-rose-fleur-orchidee-dianthus-rouge-blanc_ma-valentine.jpg 450w, https:\/\/www.floraclic.eu\/fleursinfo\/wp-content\/uploads\/2014\/01\/composition-florale-ardoise-saint-valentin-rose-fleur-orchidee-dianthus-rouge-blanc_ma-valentine-150x150.jpg 150w, https:\/\/www.floraclic.eu\/fleursinfo\/wp-content\/uploads\/2014\/01\/composition-florale-ardoise-saint-valentin-rose-fleur-orchidee-dianthus-rouge-blanc_ma-valentine-300x300.jpg 300w\" sizes=\"auto, (max-width: 450px) 100vw, 450px\" \/><\/a><figcaption class=\"wp-element-caption\">Ardoise Ma Valentine : association de roses rouges et orchid\u00e9e blanche<\/figcaption><\/figure>\n<\/div><\/div>\n\n\n\n<div class=\"wp-block-column is-layout-flow wp-block-column-is-layout-flow\">\n<p>Si vous ne pouvez offrir un bouquet vous-m\u00eame \u00e0 celle ou celui que vous aimez, pensez \u00e0 la <strong>livraison de fleurs<\/strong>.<br \/> Pour la Saint-Valentin, Floraclic vous propose une gamme vari\u00e9e et actuelle de bouquets de Saint Valentin et de compositions florales aux couleur de l&#8217;amour&#8230; Pensez \u00e9galement \u00e0 associer vos fleurs \u00e0 du chocolat, du champagne ou une peluche&#8230; pour surprendre votre Valentine ou votre Valentin avec \u00e9l\u00e9gance et distinction.<\/p>\n<\/div>\n<\/div>\n\n\n\n<p>Tous nos mod\u00e8les de <strong>bouquets saint valentin<\/strong> : collection de <a title=\"fleurs saint valentin\" href=\"https:\/\/www.floraclic.eu\/evenements-1\/fetes-specifiques-18\/fleurs-saint-valentin-19\" target=\"_blank\">fleurs et bouquets Saint Valentin<\/a>.<\/p>\n\n\n\n<p>Pour tout savoir sur les diff\u00e9rents types de bouquets, vous pouvez consulter notre page :\u00a0 <a href=\"https:\/\/www.floraclic.eu\/fleursinfo\/bouquet-de-fleurs\/\" target=\"_blank\">bouquet de fleurs<\/a><\/p>\n\n\n\n<p>Floraclic vous garantit une livraison de fleurs le 14 f\u00e9vrier \u00e0 domicile ou sur un lieu de travail.<\/p>\n\n\n\n<p>Nous livrons vos fleurs Saint Valentin en 4 h. La prise de commande se fait jusqu&#8217;au 14 f\u00e9vrier \u00e0 16 h pour une livraison le jour-m\u00eame.<\/p>\n\n\n\n<p>Par Val\u00e9rie Admart<\/p>\n\n\n\n<p>&nbsp;<\/p>\n\n\n\n<p>A propos de la Saint Valentin :<\/p>\n\n\n\n<ul class=\"wp-block-list\">\n<li><a title=\"bouquet saint valentin\" href=\"https:\/\/www.floraclic.eu\/fleursinfo\/fleurs-saint-valentin-2\/bouquet-saint-valentin-2015\/\" target=\"_blank\">Bouquet Saint Valentin : les tendances<\/a><\/li>\n\n\n\n<li><a title=\"fleurs saint valentin\" href=\"https:\/\/www.floraclic.eu\/fleursinfo\/fleurs\/fleurs-saint-valentin-histoire-de-la-rose-rouge\/\" target=\"_blank\">Histoire et symbolique de la rose rouge<\/a><\/li>\n\n\n\n<li><a title=\"Belles fleurs de Saint Valentin: les c\u0153urs de fleurs.\" href=\"https:\/\/www.floraclic.eu\/fleursinfo\/fleurs-saint-valentin-2\/belles-fleurs-de-saint-valentin-les-coeurs-de-fleurs\/\" target=\"_blank\">Les c\u0153urs de fleurs<\/a><\/li>\n\n\n\n<li><a title=\"Bouquets de Saint Valentin: les fleurs messag\u00e8res de nos \u00e9motions.\" href=\"https:\/\/www.floraclic.eu\/fleursinfo\/fleurs-saint-valentin-2\/bouquets-de-saint-valentin-les-fleurs-messageres-de-nos-emotions\/\" target=\"_blank\">Bouquets de Saint Valentin : fleurs messag\u00e8res de nos \u00e9motions<\/a><\/li>\n\n\n\n<li><a title=\"Saint Valentin: origines et l\u00e9gendes.\" href=\"https:\/\/www.floraclic.eu\/fleursinfo\/fleurs-saint-valentin-2\/saint-valentin-lorigines-et-legendes\/\" target=\"_blank\">Saint Valentin : origines et l\u00e9gendes<\/a><\/li>\n<\/ul>\n\n\n\n<p><\/p>\n","protected":false},"excerpt":{"rendered":"<p>L&#8217;origine pa\u00efenne de la f\u00eate de la Saint Valentin La Saint Valentin est la premi\u00e8re grande f\u00eate calendaire de l&#8217;ann\u00e9e. C&#8217;est l&#8217;occasion pour chacun d\u2019exprimer ses sentiments et d\u2019offrir fleurs et cadeaux \u00e0 l&#8217;\u00e9lu(e) de son coeur. Les fleurs et sont devenues le cadeau incontournable de la Saint-Valentin, les roses rouges demeurant le symbole parfait [&hellip;]<\/p>\n","protected":false},"author":1,"featured_media":4086,"parent":0,"menu_order":0,"comment_status":"closed","ping_status":"closed","template":"","meta":{"footnotes":""},"class_list":["post-12","page","type-page","status-publish","has-post-thumbnail","hentry"],"_links":{"self":[{"href":"https:\/\/www.floraclic.eu\/fleursinfo\/wp-json\/wp\/v2\/pages\/12","targetHints":{"allow":["GET"]}}],"collection":[{"href":"https:\/\/www.floraclic.eu\/fleursinfo\/wp-json\/wp\/v2\/pages"}],"about":[{"href":"https:\/\/www.floraclic.eu\/fleursinfo\/wp-json\/wp\/v2\/types\/page"}],"author":[{"embeddable":true,"href":"https:\/\/www.floraclic.eu\/fleursinfo\/wp-json\/wp\/v2\/users\/1"}],"replies":[{"embeddable":true,"href":"https:\/\/www.floraclic.eu\/fleursinfo\/wp-json\/wp\/v2\/comments?post=12"}],"version-history":[{"count":43,"href":"https:\/\/www.floraclic.eu\/fleursinfo\/wp-json\/wp\/v2\/pages\/12\/revisions"}],"predecessor-version":[{"id":4588,"href":"https:\/\/www.floraclic.eu\/fleursinfo\/wp-json\/wp\/v2\/pages\/12\/revisions\/4588"}],"wp:featuredmedia":[{"embeddable":true,"href":"https:\/\/www.floraclic.eu\/fleursinfo\/wp-json\/wp\/v2\/media\/4086"}],"wp:attachment":[{"href":"https:\/\/www.floraclic.eu\/fleursinfo\/wp-json\/wp\/v2\/media?parent=12"}],"curies":[{"name":"wp","href":"https:\/\/api.w.org\/{rel}","templated":true}]}}