{"id":1135,"date":"2014-06-26T14:48:07","date_gmt":"2014-06-26T13:48:07","guid":{"rendered":"https:\/\/www.floraclic.eu\/fleursinfo\/?page_id=1135"},"modified":"2026-03-13T09:11:20","modified_gmt":"2026-03-13T08:11:20","slug":"fleurs-deuil-deces-le-fleurissement-d-obseques-en-ete","status":"publish","type":"page","link":"https:\/\/www.floraclic.eu\/fleursinfo\/fleurs-deuil-deces-le-fleurissement-d-obseques-en-ete\/","title":{"rendered":"Fleurs deuil, d\u00e9c\u00e8s : le fleurissement d&#8217;obs\u00e8ques en \u00e9t\u00e9"},"content":{"rendered":"\n<p>Le fleurissement d&#8217;un deuil en p\u00e9riode estivale soul\u00e8ve souvent beaucoup d&#8217;interrogations et d&#8217;inqui\u00e9tudes. Les fortes temp\u00e9ratures peuvent alt\u00e9rer la bonne tenue des fleurs au cimeti\u00e8re et m\u00eame d\u00e9j\u00e0 lors des fun\u00e9railles&#8230; Privil\u00e9giez des fleurs coup\u00e9es qui s&#8217;accordent avec des temp\u00e9ratures \u00e9lev\u00e9es ou des plantes r\u00e9sistantes \u00e0 la s\u00e9cheresse :<\/p>\n\n\n\n<div class=\"wp-block-columns is-layout-flex wp-container-core-columns-is-layout-9d6595d7 wp-block-columns-is-layout-flex\">\n<div class=\"wp-block-column is-layout-flow wp-block-column-is-layout-flow\" style=\"flex-basis:66.66%\">\n<h2 class=\"wp-block-heading\">Bouquets et compositions de fleurs coup\u00e9es pour c\u00e9r\u00e9monie de deuil par saison estivale<\/h2>\n\n\n\n<p>Pour accompagner les obs\u00e8ques, pr\u00e9f\u00e9rez les compositions florales hydrat\u00e9es en bloc de mousse Oasis comme les gerbes de deuil piqu\u00e9es, les coussins et couronnes, les raquettes et pani\u00e8res ou bien plus simplement les bouquets ronds avec r\u00e9serve d&#8217;eau. L&#8217;hydratation des fleurs sera prolong\u00e9e. Pour une meilleure tenue au cimeti\u00e8re apr\u00e8s les fun\u00e9railles, l&#8217;id\u00e9al serait de pouvoir r\u00e9hydrater les mousses florales ou remplir les r\u00e9serves d&#8217;eau chaque jour&#8230;<\/p>\n<\/div>\n\n\n\n<div class=\"wp-block-column is-layout-flow wp-block-column-is-layout-flow\" style=\"flex-basis:33.33%\"><div class=\"wp-block-image\">\n<figure class=\"aligncenter\"><a href=\"https:\/\/www.floraclic.eu\/fleurs-deces-coussin-contemporain-blanc-173\"><img loading=\"lazy\" decoding=\"async\" width=\"257\" height=\"300\" src=\"https:\/\/www.floraclic.eu\/fleursinfo\/wp-content\/uploads\/2014\/06\/coussin-deuil-rond-rose-fleur-arum-bouvardia-hypericum-pomme-de-pin-blanc\u2014coussin-contemporain-blanc-257x300.jpg\" alt=\"coussin deuil blanc\" class=\"wp-image-1166\" srcset=\"https:\/\/www.floraclic.eu\/fleursinfo\/wp-content\/uploads\/2014\/06\/coussin-deuil-rond-rose-fleur-arum-bouvardia-hypericum-pomme-de-pin-blanc\u2014coussin-contemporain-blanc-257x300.jpg 257w, https:\/\/www.floraclic.eu\/fleursinfo\/wp-content\/uploads\/2014\/06\/coussin-deuil-rond-rose-fleur-arum-bouvardia-hypericum-pomme-de-pin-blanc\u2014coussin-contemporain-blanc-128x150.jpg 128w, https:\/\/www.floraclic.eu\/fleursinfo\/wp-content\/uploads\/2014\/06\/coussin-deuil-rond-rose-fleur-arum-bouvardia-hypericum-pomme-de-pin-blanc\u2014coussin-contemporain-blanc.jpg 300w\" sizes=\"auto, (max-width: 257px) 100vw, 257px\" \/><\/a><figcaption class=\"wp-element-caption\">Coussin contemporain blanc<\/figcaption><\/figure>\n<\/div><\/div>\n<\/div>\n\n\n\n<div class=\"wp-block-columns is-layout-flex wp-container-core-columns-is-layout-9d6595d7 wp-block-columns-is-layout-flex\">\n<div class=\"wp-block-column is-layout-flow wp-block-column-is-layout-flow\" style=\"flex-basis:33.33%\"><div class=\"wp-block-image\">\n<figure class=\"aligncenter\"><a href=\"https:\/\/www.floraclic.eu\/devant-de-tombe-exotique-568\"><img loading=\"lazy\" decoding=\"async\" width=\"300\" height=\"300\" src=\"https:\/\/www.floraclic.eu\/fleursinfo\/wp-content\/uploads\/2014\/06\/devant-de-tombe-deuil-fleurs-exotiques-heliconia-anthurium-alpinia-rouge-orange-fuschia-300x300.jpg\" alt=\"devant de tombe \u00e0 base de fleurs exotiques\" class=\"wp-image-1167\" srcset=\"https:\/\/www.floraclic.eu\/fleursinfo\/wp-content\/uploads\/2014\/06\/devant-de-tombe-deuil-fleurs-exotiques-heliconia-anthurium-alpinia-rouge-orange-fuschia-300x300.jpg 300w, https:\/\/www.floraclic.eu\/fleursinfo\/wp-content\/uploads\/2014\/06\/devant-de-tombe-deuil-fleurs-exotiques-heliconia-anthurium-alpinia-rouge-orange-fuschia-150x150.jpg 150w, https:\/\/www.floraclic.eu\/fleursinfo\/wp-content\/uploads\/2014\/06\/devant-de-tombe-deuil-fleurs-exotiques-heliconia-anthurium-alpinia-rouge-orange-fuschia.jpg 550w\" sizes=\"auto, (max-width: 300px) 100vw, 300px\" \/><\/a><figcaption class=\"wp-element-caption\">Devant de tombe en fleurs exotiques<\/figcaption><\/figure>\n<\/div><\/div>\n\n\n\n<div class=\"wp-block-column is-layout-flow wp-block-column-is-layout-flow\" style=\"flex-basis:66.66%\">\n<p>Si vous optez pour des fleurs traditionnelles comme les roses, les gerb\u00e9ras, les lys&#8230; pr\u00e9f\u00e9rez des compositions au travail &#8220;compact&#8221; plut\u00f4t qu&#8217;\u00e9lanc\u00e9, elles se comporteront mieux dans la dur\u00e9e.<\/p>\n\n\n\n<p><strong>Par tr\u00e8s fortes chaleurs, optez pour des fleurs exotiques<\/strong>. Originaires de la Martinique, de la Guadeloupe, de la R\u00e9union, d&#8217;Afrique et pour certaines de la Provence &#8211; C\u00f4te d&#8217;Azur en France, ce sont elles qui supporteront le mieux et le plus longtemps une exposition en ext\u00e9rieur.<\/p>\n<\/div>\n<\/div>\n\n\n\n<div class=\"wp-block-columns is-layout-flex wp-container-core-columns-is-layout-9d6595d7 wp-block-columns-is-layout-flex\">\n<div class=\"wp-block-column is-layout-flow wp-block-column-is-layout-flow\">\n<p>Attention cependant : ces fleurs doivent se commander avec un peu d&#8217;avance lors de la saison estivale, ce qui n&#8217;est pas \u00e9vident en contexte de deuil. En effet, les vari\u00e9t\u00e9s tropicales sont plus difficiles d&#8217;approvisionnement l&#8217;\u00e9t\u00e9 car les pays producteurs se trouvent eux en saison hivernale&#8230;<\/p>\n<\/div>\n\n\n\n<div class=\"wp-block-column is-layout-flow wp-block-column-is-layout-flow\"><div class=\"wp-block-image\">\n<figure class=\"aligncenter\"><a href=\"https:\/\/www.floraclic.eu\/fleursinfo\/wp-content\/uploads\/2014\/06\/plantes-fleuires-dipladenias.jpg\"><img loading=\"lazy\" decoding=\"async\" width=\"300\" height=\"195\" src=\"https:\/\/www.floraclic.eu\/fleursinfo\/wp-content\/uploads\/2014\/06\/plantes-fleuires-dipladenias-300x195.jpg\" alt=\"plantes fleuries dipladenias\" class=\"wp-image-1170\" srcset=\"https:\/\/www.floraclic.eu\/fleursinfo\/wp-content\/uploads\/2014\/06\/plantes-fleuires-dipladenias-300x195.jpg 300w, https:\/\/www.floraclic.eu\/fleursinfo\/wp-content\/uploads\/2014\/06\/plantes-fleuires-dipladenias-150x97.jpg 150w, https:\/\/www.floraclic.eu\/fleursinfo\/wp-content\/uploads\/2014\/06\/plantes-fleuires-dipladenias.jpg 1000w\" sizes=\"auto, (max-width: 300px) 100vw, 300px\" \/><\/a><figcaption class=\"wp-element-caption\">Dipladenias paliss\u00e9s<\/figcaption><\/figure>\n<\/div><\/div>\n<\/div>\n\n\n\n<p>Vous trouverez n\u00e9anmoins des anthuriums, strelitzias, h\u00e9liconias, bambous, curcumas, ananas ; moins facilement des alpinias, nuthans, prot\u00e9as. Les fleurs exotiques permettent la r\u00e9alisation de tous types de compositions pour d\u00e9c\u00e8s: compositions d\u00e9grad\u00e9es en hauteur une face, raquettes, gerbes piqu\u00e9es, dessus de cercueil, devants de tombe&#8230;<\/p>\n\n\n\n<div class=\"wp-block-columns is-layout-flex wp-container-core-columns-is-layout-9d6595d7 wp-block-columns-is-layout-flex\">\n<div class=\"wp-block-column is-layout-flow wp-block-column-is-layout-flow\" style=\"flex-basis:33.33%\"><div class=\"wp-block-image\">\n<figure class=\"aligncenter\"><a href=\"https:\/\/www.floraclic.eu\/fleursinfo\/wp-content\/uploads\/2014\/06\/plante-fleurie-violet-_bougainvillier.png\"><img loading=\"lazy\" decoding=\"async\" width=\"300\" height=\"300\" src=\"https:\/\/www.floraclic.eu\/fleursinfo\/wp-content\/uploads\/2014\/06\/plante-fleurie-violet-_bougainvillier-300x300.png\" alt=\"bougainvillier rose\" class=\"wp-image-1168\" srcset=\"https:\/\/www.floraclic.eu\/fleursinfo\/wp-content\/uploads\/2014\/06\/plante-fleurie-violet-_bougainvillier-300x300.png 300w, https:\/\/www.floraclic.eu\/fleursinfo\/wp-content\/uploads\/2014\/06\/plante-fleurie-violet-_bougainvillier-150x150.png 150w, https:\/\/www.floraclic.eu\/fleursinfo\/wp-content\/uploads\/2014\/06\/plante-fleurie-violet-_bougainvillier.png 600w\" sizes=\"auto, (max-width: 300px) 100vw, 300px\" \/><\/a><figcaption class=\"wp-element-caption\">Petit bougainvillier paliss\u00e9<\/figcaption><\/figure>\n<\/div><\/div>\n\n\n\n<div class=\"wp-block-column is-layout-flow wp-block-column-is-layout-flow\" style=\"flex-basis:66.66%\">\n<h2 class=\"wp-block-heading\">Plantes ou assemblages de plantes pour le cimeti\u00e8re<\/h2>\n\n\n\n<p>Il s&#8217;agit l\u00e0 encore de privil\u00e9gier des v\u00e9g\u00e9taux bien r\u00e9sistants au soleil et \u00e0 la s\u00e9cheresse. Pour ce faire, pensez aux plantes m\u00e9diterran\u00e9ennes et tropicales ou subtropicales.<\/p>\n\n\n\n<p>Notez n\u00e9anmoins que ces plantes devront pour la plupart \u00eatre hivern\u00e9es en int\u00e9rieur, ne r\u00e9sistant pas aux gel\u00e9es.<\/p>\n<\/div>\n<\/div>\n\n\n\n<p>&nbsp;<\/p>\n\n\n\n<p>Plantes fleuries color\u00e9es ou arbustes verts, leur gamme est vaste.<\/p>\n\n\n\n<div class=\"wp-block-columns is-layout-flex wp-container-core-columns-is-layout-9d6595d7 wp-block-columns-is-layout-flex\">\n<div class=\"wp-block-column is-layout-flow wp-block-column-is-layout-flow\" style=\"flex-basis:66.66%\">\n<p>Le dipladenia (rose, blanc ou rouge) : d&#8217;origine subtropicale, c&#8217;est actuellement la plante fleurie la plus employ\u00e9e pour le fleurissement de nos cimeti\u00e8res en \u00e9t\u00e9, ne demandant que tr\u00e8s peu d&#8217;eau et acceptant une exposition plein soleil. Il s&#8217;emploie en coupe, en vasque, paliss\u00e9&#8230;<\/p>\n\n\n\n<p>Ses versions grimpantes comme le mandevilla rose p\u00e2le \u00e0 larges feuilles vert clair ; le sundavilla&nbsp; rouge tr\u00e8s vif ou blanc pur et \u00e0 feuilles vert profond verniss\u00e9es ; l&#8217;alamanda \u00e0 fleurs jaune lumineux qui peut s&#8217;employer en suspension ou en vasque.<\/p>\n<\/div>\n\n\n\n<div class=\"wp-block-column is-layout-flow wp-block-column-is-layout-flow\" style=\"flex-basis:33.33%\"><div class=\"wp-block-image\">\n<figure class=\"aligncenter\"><a href=\"https:\/\/www.floraclic.eu\/fleursinfo\/wp-content\/uploads\/2014\/06\/plante-fleurie-callistemon.jpg\"><img loading=\"lazy\" decoding=\"async\" width=\"300\" height=\"300\" src=\"https:\/\/www.floraclic.eu\/fleursinfo\/wp-content\/uploads\/2014\/06\/plante-fleurie-callistemon-300x300.jpg\" alt=\"callistemon rouge\" class=\"wp-image-1175\" srcset=\"https:\/\/www.floraclic.eu\/fleursinfo\/wp-content\/uploads\/2014\/06\/plante-fleurie-callistemon-300x300.jpg 300w, https:\/\/www.floraclic.eu\/fleursinfo\/wp-content\/uploads\/2014\/06\/plante-fleurie-callistemon-150x150.jpg 150w, https:\/\/www.floraclic.eu\/fleursinfo\/wp-content\/uploads\/2014\/06\/plante-fleurie-callistemon.jpg 800w\" sizes=\"auto, (max-width: 300px) 100vw, 300px\" \/><\/a><figcaption class=\"wp-element-caption\">Inflorescence de callistemon<\/figcaption><\/figure>\n<\/div><\/div>\n<\/div>\n\n\n\n<p><strong>Le laurier rose<\/strong> (nerium oleander). Il pr\u00e9sente une bonne tenue au soleil, une longue floraison remontante jusqu&#8217;aux gel\u00e9es. Il se d\u00e9cline en rose p\u00e2le, rose moyen, rose fuschia, blanc et jaune. Pensez \u00e0 le stabiliser (prise au vent).<\/p>\n\n\n\n<p><strong>Le bougainvillier<\/strong> : magnifique grimpante originaire du Br\u00e9sil, omnipr\u00e9sente en bord de M\u00e9diterran\u00e9e, elle se remarque par ses coloris extr\u00eamement lumineux violet, rose fuschia, ou plus rare rouge cerise, orang\u00e9, blanc ou encore jaune.<\/p>\n\n\n\n<p><strong>Le callistemon<\/strong>, bel arbuste ornemental au port l\u00e9ger originaire d&#8217;Australie, \u00e0 feuillage persistant; remarquable pour ses belles inflorescences rouges en \u00e9pis, tr\u00e8s originales (en forme de goupillons). A mettre dans un grand pot.<\/p>\n\n\n\n<div class=\"wp-block-columns is-layout-flex wp-container-core-columns-is-layout-9d6595d7 wp-block-columns-is-layout-flex\">\n<div class=\"wp-block-column is-layout-flow wp-block-column-is-layout-flow\" style=\"flex-basis:33.33%\"><div class=\"wp-block-image\">\n<figure class=\"alignleft is-resized\"><a href=\"https:\/\/www.floraclic.eu\/fleursinfo\/wp-content\/uploads\/2014\/06\/palmier-ph\u0153nix.jpg\"><img loading=\"lazy\" decoding=\"async\" width=\"240\" height=\"240\" src=\"https:\/\/www.floraclic.eu\/fleursinfo\/wp-content\/uploads\/2014\/06\/palmier-ph\u0153nix.jpg\" alt=\"palmier ph\u0153nix\" class=\"wp-image-1178\" style=\"width:240px;height:auto\" srcset=\"https:\/\/www.floraclic.eu\/fleursinfo\/wp-content\/uploads\/2014\/06\/palmier-ph\u0153nix.jpg 240w, https:\/\/www.floraclic.eu\/fleursinfo\/wp-content\/uploads\/2014\/06\/palmier-ph\u0153nix-150x150.jpg 150w\" sizes=\"auto, (max-width: 240px) 100vw, 240px\" \/><\/a><figcaption class=\"wp-element-caption\">Ph\u0153nix en pot<\/figcaption><\/figure>\n<\/div><\/div>\n\n\n\n<div class=\"wp-block-column is-layout-flow wp-block-column-is-layout-flow\" style=\"flex-basis:66.66%\">\n<p><strong>Les fico\u00efdes<\/strong>, plantes originaires d&#8217;Afrique du Sud, tapissantes et buissonnantes, \u00e0 feuillage succulent et \u00e0 petites fleurs de marguerites \u00e0 teintes tr\u00e8s vives, remontantes, qui s&#8217;\u00e9panouissent au soleil. A mettre en pot\u00e9e, jardini\u00e8res ou vasques.<\/p>\n\n\n\n<p><strong>Les palmiers <\/strong>: pour le cimeti\u00e8re, choisissez des sujets de petites tailles, se plaisant en pot comme le ph\u0153nix, le trachycarpus, le cham\u00e6rops, le sabal, le cycas&#8230;<\/p>\n<\/div>\n<\/div>\n\n\n\n<div class=\"wp-block-columns is-layout-flex wp-container-core-columns-is-layout-9d6595d7 wp-block-columns-is-layout-flex\">\n<div class=\"wp-block-column is-layout-flow wp-block-column-is-layout-flow\" style=\"flex-basis:66.66%\">\n<p><strong>Les dracaena et cordyline<\/strong>, arbustes tr\u00e8s ornementaux originaires de Nouvelle-Z\u00e9lande ou d&#8217;Australie (entre autres), se situant \u00e0 mi-chemin entre le palmier et le yucca: une rosette de feuilles &#8220;perch\u00e9e&#8221; sur un tronc simple rigide, g\u00e9n\u00e9ralement pas ou&nbsp; ramifi\u00e9. Coloris unis ou nombreuses panachures. Sa croissance est lente en pot.<\/p>\n\n\n\n<p><strong>Le yucca <\/strong>: plante du d\u00e9sert aimant les endroits chauds et secs. Il a peu d&#8217;exigence et pr\u00e9sente une tr\u00e8s bonne r\u00e9sistance.<\/p>\n<\/div>\n\n\n\n<div class=\"wp-block-column is-layout-flow wp-block-column-is-layout-flow\" style=\"flex-basis:33.33%\"><div class=\"wp-block-image\">\n<figure class=\"aligncenter\"><a href=\"https:\/\/www.floraclic.eu\/fleursinfo\/wp-content\/uploads\/2014\/06\/dracaena.jpg\"><img loading=\"lazy\" decoding=\"async\" width=\"300\" height=\"300\" src=\"https:\/\/www.floraclic.eu\/fleursinfo\/wp-content\/uploads\/2014\/06\/dracaena-300x300.jpg\" alt=\"plante dracaena\" class=\"wp-image-1179\" srcset=\"https:\/\/www.floraclic.eu\/fleursinfo\/wp-content\/uploads\/2014\/06\/dracaena-300x300.jpg 300w, https:\/\/www.floraclic.eu\/fleursinfo\/wp-content\/uploads\/2014\/06\/dracaena-150x150.jpg 150w, https:\/\/www.floraclic.eu\/fleursinfo\/wp-content\/uploads\/2014\/06\/dracaena.jpg 420w\" sizes=\"auto, (max-width: 300px) 100vw, 300px\" \/><\/a><figcaption class=\"wp-element-caption\">Dracaena en pot<\/figcaption><\/figure>\n<\/div><\/div>\n<\/div>\n\n\n\n<div class=\"wp-block-columns is-layout-flex wp-container-core-columns-is-layout-9d6595d7 wp-block-columns-is-layout-flex\">\n<div class=\"wp-block-column is-layout-flow wp-block-column-is-layout-flow\" style=\"flex-basis:33.33%\"><div class=\"wp-block-image\">\n<figure class=\"aligncenter\"><a href=\"https:\/\/www.floraclic.eu\/fleursinfo\/wp-content\/uploads\/2014\/06\/plante-succulente-aloe-vera.jpg\"><img loading=\"lazy\" decoding=\"async\" width=\"300\" height=\"300\" src=\"https:\/\/www.floraclic.eu\/fleursinfo\/wp-content\/uploads\/2014\/06\/plante-succulente-aloe-vera-300x300.jpg\" alt=\"plante en pot aloe vera\" class=\"wp-image-1174\" srcset=\"https:\/\/www.floraclic.eu\/fleursinfo\/wp-content\/uploads\/2014\/06\/plante-succulente-aloe-vera-300x300.jpg 300w, https:\/\/www.floraclic.eu\/fleursinfo\/wp-content\/uploads\/2014\/06\/plante-succulente-aloe-vera-150x150.jpg 150w, https:\/\/www.floraclic.eu\/fleursinfo\/wp-content\/uploads\/2014\/06\/plante-succulente-aloe-vera.jpg 350w\" sizes=\"auto, (max-width: 300px) 100vw, 300px\" \/><\/a><figcaption class=\"wp-element-caption\">Aloe Vera en pot<\/figcaption><\/figure>\n<\/div><\/div>\n\n\n\n<div class=\"wp-block-column is-layout-flow wp-block-column-is-layout-flow\" style=\"flex-basis:66.66%\">\n<p><strong>Le phormium<\/strong> ou lin de Nouvelle-Z\u00e9lande est une plante vivace subtropicale ou port tr\u00e8s \u00e9l\u00e9gant permet aspect graphique et jeu de couleurs (du vert clair ou brun fonc\u00e9 avec de nombreuses vari\u00e9t\u00e9s bicolores) longues feuilles en forme d&#8217;\u00e9p\u00e9es. Pr\u00e9voir une grande pot\u00e9e (croissance rapide).<\/p>\n\n\n\n<p><strong>L&#8217;aloe vera<\/strong>, plante succulente originaires d&#8217;Afrique, adapt\u00e9e aux milieux arides. Elle forme une rosette de feuilles \u00e9paisses et charnues gris clair ros\u00e9es, souvent dentel\u00e9es.<\/p>\n\n\n\n<p><strong>L&#8217;agave<\/strong>, plante succulente originaire du Mexique, \u00e0 feuilles coriaces et rigides en rosette, aimant chaleur et aridit\u00e9. pr\u00e9voir un bon drainage du pot, un bon lit de galets et gravillons pou \u00e9viter tout risque de pourriture.<\/p>\n<\/div>\n<\/div>\n\n\n\n<div class=\"wp-block-columns is-layout-flex wp-container-core-columns-is-layout-9d6595d7 wp-block-columns-is-layout-flex\">\n<div class=\"wp-block-column is-layout-flow wp-block-column-is-layout-flow\" style=\"flex-basis:66.66%\">\n<p><strong>L&#8217;opuntia ou Figuier de Barbarie<\/strong> est une cact\u00e9e originaire du Mexique. Plante tr\u00e8s d\u00e9corative, c&#8217;est la plus c\u00e9l\u00e8bres des cact\u00e9es.&nbsp; L\u00e0 aussi pr\u00e9voir un tr\u00e8s bon drainage pour \u00e9viter les risques de pourriture. Choisir de petits sujets car sa croissance est rapide. Des vari\u00e9t\u00e9s sans \u00e9pines sont disponibles. Culture facile, peu d&#8217;entretien.<\/p>\n<\/div>\n\n\n\n<div class=\"wp-block-column is-layout-flow wp-block-column-is-layout-flow\" style=\"flex-basis:33.33%\"><div class=\"wp-block-image\">\n<figure class=\"aligncenter\"><a href=\"https:\/\/www.floraclic.eu\/fleursinfo\/wp-content\/uploads\/2014\/06\/plante-succulente-opuntia.jpg\"><img loading=\"lazy\" decoding=\"async\" width=\"300\" height=\"196\" src=\"https:\/\/www.floraclic.eu\/fleursinfo\/wp-content\/uploads\/2014\/06\/plante-succulente-opuntia-300x196.jpg\" alt=\"plante succulente opuntia\" class=\"wp-image-1181\" srcset=\"https:\/\/www.floraclic.eu\/fleursinfo\/wp-content\/uploads\/2014\/06\/plante-succulente-opuntia-300x196.jpg 300w, https:\/\/www.floraclic.eu\/fleursinfo\/wp-content\/uploads\/2014\/06\/plante-succulente-opuntia-150x98.jpg 150w, https:\/\/www.floraclic.eu\/fleursinfo\/wp-content\/uploads\/2014\/06\/plante-succulente-opuntia.jpg 800w\" sizes=\"auto, (max-width: 300px) 100vw, 300px\" \/><\/a><figcaption class=\"wp-element-caption\">Figuier de Barbarie<\/figcaption><\/figure>\n<\/div><\/div>\n<\/div>\n\n\n\n<div class=\"wp-block-columns is-layout-flex wp-container-core-columns-is-layout-9d6595d7 wp-block-columns-is-layout-flex\">\n<div class=\"wp-block-column is-layout-flow wp-block-column-is-layout-flow\" style=\"flex-basis:33.33%\"><div class=\"wp-block-image\">\n<figure class=\"aligncenter\"><a href=\"https:\/\/www.floraclic.eu\/fleursinfo\/wp-content\/uploads\/2014\/06\/plante-succulente-crassula.jpg\"><img loading=\"lazy\" decoding=\"async\" width=\"180\" height=\"180\" src=\"https:\/\/www.floraclic.eu\/fleursinfo\/wp-content\/uploads\/2014\/06\/plante-succulente-crassula.jpg\" alt=\"plante succulente crassula\" class=\"wp-image-1169\" srcset=\"https:\/\/www.floraclic.eu\/fleursinfo\/wp-content\/uploads\/2014\/06\/plante-succulente-crassula.jpg 180w, https:\/\/www.floraclic.eu\/fleursinfo\/wp-content\/uploads\/2014\/06\/plante-succulente-crassula-150x150.jpg 150w\" sizes=\"auto, (max-width: 180px) 100vw, 180px\" \/><\/a><figcaption class=\"wp-element-caption\">Crassula<\/figcaption><\/figure>\n<\/div><\/div>\n\n\n\n<div class=\"wp-block-column is-layout-flow wp-block-column-is-layout-flow\" style=\"flex-basis:66.66%\">\n<p><strong>Les crassulas<\/strong> sont de petites plantes succulentes originaires essentiellement d&#8217;Afrique du Sud, aux formes \u00e9tonnantes et vari\u00e9es permettant de r\u00e9aliser de jolies pot\u00e9es d&#8217;\u00e9t\u00e9. Robustes et faciles.<\/p>\n\n\n\n<p><strong>L&#8217;eucalyptus <\/strong>: choisir un sujet jeune (croissance rapide). Arbuste originaire d&#8217;Australie, peu exigeant, remarquable par son feuillage argent\u00e9 tr\u00e8s d\u00e9coratif et parfum\u00e9, il est capable de r\u00e9sister assez bien \u00e0 la s\u00e9cheresse (ses racines se gorgeant d&#8217;eau).<\/p>\n<\/div>\n<\/div>\n\n\n\n<p><strong>L&#8217;olivier<\/strong> en pot peut \u00eatre envisag\u00e9 \u00e0 la condition d&#8217;un arrosage tout de m\u00eame assez r\u00e9gulier.<\/p>\n\n\n\n<p>Par Val\u00e9rie Admart<\/p>\n\n\n\n<p>&nbsp;<\/p>\n\n\n\n<p>A propos: consultez nos collections&nbsp;<a title=\"gerbes deuil\" href=\"https:\/\/www.floraclic.eu\/evenements-1\/deuil-30\/gerbes-et-bouquets-47\" target=\"_blank\">gerbes de fleurs et bouquets de deuil<\/a>, <a title=\"coussins mortuaires\" href=\"https:\/\/www.floraclic.eu\/evenements-1\/deuil-30\/coussins-et-panieres-78\" target=\"_blank\">coussins mortuaires et pani\u00e8res fleuries<\/a>, <a title=\"couronnes fun\u00e9raires\" href=\"https:\/\/www.floraclic.eu\/evenements-1\/deuil-30\/couronnes-et-raquettes-79\" target=\"_blank\">couronnes fin\u00e9raires et raquettes<\/a>, <a title=\"plantes fleuries pour deuil\" href=\"https:\/\/www.floraclic.eu\/evenements-1\/deuil-30\/coupes-de-plantes-80\" target=\"_blank\">coupes de plantes fleuries<\/a><\/p>\n\n\n\n<p>Consultez notre <a href=\"https:\/\/www.floraclic.eu\/fleursinfo\/guide\/deuil\/\">Guide des fleurs pour deuil, obs\u00e8ques et cimeti\u00e8res<\/a><\/p>\n\n\n\n<p>&nbsp;<\/p>\n\n\n\n<p>&nbsp;<\/p>\n","protected":false},"excerpt":{"rendered":"<p>Le fleurissement d&#8217;un deuil en p\u00e9riode estivale soul\u00e8ve souvent beaucoup d&#8217;interrogations et d&#8217;inqui\u00e9tudes. Les fortes temp\u00e9ratures peuvent alt\u00e9rer la bonne tenue des fleurs au cimeti\u00e8re et m\u00eame d\u00e9j\u00e0 lors des fun\u00e9railles&#8230; Privil\u00e9giez des fleurs coup\u00e9es qui s&#8217;accordent avec des temp\u00e9ratures \u00e9lev\u00e9es ou des plantes r\u00e9sistantes \u00e0 la s\u00e9cheresse : Bouquets et compositions de fleurs coup\u00e9es [&hellip;]<\/p>\n","protected":false},"author":1,"featured_media":4305,"parent":0,"menu_order":0,"comment_status":"closed","ping_status":"closed","template":"","meta":{"footnotes":""},"class_list":["post-1135","page","type-page","status-publish","has-post-thumbnail","hentry"],"_links":{"self":[{"href":"https:\/\/www.floraclic.eu\/fleursinfo\/wp-json\/wp\/v2\/pages\/1135","targetHints":{"allow":["GET"]}}],"collection":[{"href":"https:\/\/www.floraclic.eu\/fleursinfo\/wp-json\/wp\/v2\/pages"}],"about":[{"href":"https:\/\/www.floraclic.eu\/fleursinfo\/wp-json\/wp\/v2\/types\/page"}],"author":[{"embeddable":true,"href":"https:\/\/www.floraclic.eu\/fleursinfo\/wp-json\/wp\/v2\/users\/1"}],"replies":[{"embeddable":true,"href":"https:\/\/www.floraclic.eu\/fleursinfo\/wp-json\/wp\/v2\/comments?post=1135"}],"version-history":[{"count":49,"href":"https:\/\/www.floraclic.eu\/fleursinfo\/wp-json\/wp\/v2\/pages\/1135\/revisions"}],"predecessor-version":[{"id":4638,"href":"https:\/\/www.floraclic.eu\/fleursinfo\/wp-json\/wp\/v2\/pages\/1135\/revisions\/4638"}],"wp:featuredmedia":[{"embeddable":true,"href":"https:\/\/www.floraclic.eu\/fleursinfo\/wp-json\/wp\/v2\/media\/4305"}],"wp:attachment":[{"href":"https:\/\/www.floraclic.eu\/fleursinfo\/wp-json\/wp\/v2\/media?parent=1135"}],"curies":[{"name":"wp","href":"https:\/\/api.w.org\/{rel}","templated":true}]}}