{"id":113,"date":"2023-04-04T22:46:00","date_gmt":"2023-04-04T21:46:00","guid":{"rendered":"http:\/\/www.floraclic.fr\/fleursinfo\/?p=113"},"modified":"2026-03-12T18:17:16","modified_gmt":"2026-03-12T17:17:16","slug":"le-muguet-fleur-de-printemps","status":"publish","type":"page","link":"https:\/\/www.floraclic.eu\/fleursinfo\/le-muguet-fleur-de-printemps\/","title":{"rendered":"Le muguet, fleur de printemps"},"content":{"rendered":"\n<div class=\"wp-block-columns is-layout-flex wp-container-core-columns-is-layout-9d6595d7 wp-block-columns-is-layout-flex\">\n<div class=\"wp-block-column is-layout-flow wp-block-column-is-layout-flow\" style=\"flex-basis:33.33%\"><div class=\"wp-block-image\">\n<figure class=\"aligncenter\"><a href=\"https:\/\/www.floraclic.eu\/fleursinfo\/wp-content\/uploads\/2014\/02\/MUGUETMAINTENON.jpg\"><img loading=\"lazy\" decoding=\"async\" width=\"300\" height=\"300\" src=\"https:\/\/www.floraclic.eu\/fleursinfo\/wp-content\/uploads\/2014\/02\/MUGUETMAINTENON-300x300.jpg\" alt=\"muguet fleur, rose et orchid\u00e9e\" class=\"wp-image-118\" srcset=\"https:\/\/www.floraclic.eu\/fleursinfo\/wp-content\/uploads\/2014\/02\/MUGUETMAINTENON-300x300.jpg 300w, https:\/\/www.floraclic.eu\/fleursinfo\/wp-content\/uploads\/2014\/02\/MUGUETMAINTENON-150x150.jpg 150w, https:\/\/www.floraclic.eu\/fleursinfo\/wp-content\/uploads\/2014\/02\/MUGUETMAINTENON.jpg 600w\" sizes=\"auto, (max-width: 300px) 100vw, 300px\" \/><\/a><figcaption class=\"wp-element-caption\">Composition Maintenon : muguet, rose blanche et orchid\u00e9e blanche<\/figcaption><\/figure>\n<\/div><\/div>\n\n\n\n<div class=\"wp-block-column is-layout-flow wp-block-column-is-layout-flow\" style=\"flex-basis:66.66%\">\n<p>Cette&nbsp; fleur humble, devenue si attachante, avec ses \u00e9l\u00e9gantes clochettes et son parfum d\u00e9licat, fait partie de notre patrimoine (floral et \u00e9motionnel) fran\u00e7ais sans tomber en d\u00e9su\u00e9tude, bien au contraire.<\/p>\n\n\n\n<p>Bienvenu dans nos int\u00e9rieurs chaque 1er mai car symbole de chance mais \u00e9galement du retour des beaux jours et de l\u2019 arriv\u00e9e de la belle saison, le muguet nous charme de sa gr\u00e2ce \u00e9ph\u00e9m\u00e8re, pure et fragile.<\/p>\n<\/div>\n<\/div>\n\n\n\n<h2 class=\"wp-block-heading\">Les noms communs du muguet<\/h2>\n\n\n\n<p>Comme toutes les plantes r\u00e9put\u00e9es, notre muguet, <strong><em>Convallaria Majalis<\/em> de son nom latin<\/strong>, a une multitude de noms\u2026<br \/>Outre \u201cmuguet de mai\u201d citons :<\/p>\n\n\n\n<div class=\"wp-block-columns is-layout-flex wp-container-core-columns-is-layout-9d6595d7 wp-block-columns-is-layout-flex\">\n<div class=\"wp-block-column is-layout-flow wp-block-column-is-layout-flow\" style=\"flex-basis:66.66%\">\n<ul class=\"wp-block-list\">\n<li><strong><em>Muguet des bois, Clochette des bois, grelot, grillet <\/em><\/strong>: ces noms rappelant la forme de fleur de campanule de la fleur. Ces noms s\u2019approchent de l\u2019allemand <em>Maigl\u00f6ckchen <\/em>(cloches de mai).<\/li>\n\n\n\n<li><strong><em>Lys ou (Lis) de mai, Lys ou (Lis) des vall\u00e9es <\/em><\/strong>: des noms qui donnent de la majest\u00e9 \u00e0 la plante. Ces noms s\u2019approchent de l\u2019anglais <em>Lily of the valley<\/em> (Lys de la vall\u00e9e)<\/li>\n\n\n\n<li><strong><em>Amourette<\/em><\/strong><\/li>\n\n\n\n<li><strong><em>Gazon de Parnasse <\/em><\/strong>: une l\u00e9gende voulant qu\u2019Apollon ait tapiss\u00e9 le Mont Parnasse de muguet pour que les muses ne se blessent.<\/li>\n\n\n\n<li><strong><em>Larmes de Sainte Marie<\/em><\/strong><\/li>\n<\/ul>\n<\/div>\n\n\n\n<div class=\"wp-block-column is-layout-flow wp-block-column-is-layout-flow\" style=\"flex-basis:33.33%\"><div class=\"wp-block-image\">\n<figure class=\"aligncenter\"><a href=\"https:\/\/www.floraclic.eu\/fleursinfo\/wp-content\/uploads\/2014\/02\/MUGUETMEUDON.gif\"><img loading=\"lazy\" decoding=\"async\" width=\"300\" height=\"300\" src=\"https:\/\/www.floraclic.eu\/fleursinfo\/wp-content\/uploads\/2014\/02\/MUGUETMEUDON-300x300.gif\" alt=\"muguet fleur, hyp\u00e9ricum et narcisses\" class=\"wp-image-119\" srcset=\"https:\/\/www.floraclic.eu\/fleursinfo\/wp-content\/uploads\/2014\/02\/MUGUETMEUDON-300x300.gif 300w, https:\/\/www.floraclic.eu\/fleursinfo\/wp-content\/uploads\/2014\/02\/MUGUETMEUDON-150x150.gif 150w\" sizes=\"auto, (max-width: 300px) 100vw, 300px\" \/><\/a><figcaption class=\"wp-element-caption\">Bouquet Meudon : brins de muguet, mini narcisses et hyp\u00e9ricums<\/figcaption><\/figure>\n<\/div><\/div>\n<\/div>\n\n\n\n<h2 class=\"wp-block-heading\">Les traditions li\u00e9es au muguet<\/h2>\n\n\n\n<p><strong>Les Noces de Muguet<\/strong> symbolisent les 13 ans de mariage dans le folklore fran\u00e7ais.<\/p>\n\n\n\n<p><strong>Le 1er mai<\/strong>, on offre traditionnellement du <strong>muguet \u00ab porte-bonheur \u00bb<\/strong> car il fleurit aux alentours de cette date. Cette tradition est tr\u00e8s pr\u00e9sente, entre autres, en France, en Suisse, en Belgique et en Andorre. Pour certains, seuls les brins de muguet ayant spontan\u00e9ment et naturellement treize fleurs portent bonheur.<\/p>\n\n\n\n<p>&#8211; D\u2019apr\u00e8s le <strong>langage des fleurs<\/strong>, le muguet signifie \u00ab <strong>retour du bonheur <\/strong>\u00bb.<\/p>\n\n\n\n<p>&#8211; Depuis 1982, le muguet est la <strong>fleur nationale de la Finlande<\/strong>.<\/p>\n\n\n\n<h2 class=\"wp-block-heading\">Faites pousser du muguet pour le 1er mai !<\/h2>\n\n\n\n<p>C\u2019est d\u00e9cid\u00e9 ! Je fais pousser mon muguet ! Cette petite plante aux jolies clochettes parfum\u00e9es, porte bonheur et illumine notre mois de mai ! D\u00e9couvrez comment et quand la planter. Le muguet fleuri en avril et mai seulement. Il est tr\u00e8s facile \u00e0 faire pousser, mais attention il faut le manipuler avec pr\u00e9caution, car le muguet est tr\u00e8s toxique ! Comment et quand planter le muguet ? Pour faire pousser le muguet vous avez le choix entre : acheter des racines de muguet dans un magasin de jardinage ou replanter des griffes en pot que vous avez achet\u00e9es ou que l\u2019on vous a offert.<\/p>\n\n\n\n<div class=\"wp-block-columns is-layout-flex wp-container-core-columns-is-layout-9d6595d7 wp-block-columns-is-layout-flex\">\n<div class=\"wp-block-column is-layout-flow wp-block-column-is-layout-flow\" style=\"flex-basis:33.33%\"><div class=\"wp-block-image\">\n<figure class=\"alignleft\"><a href=\"https:\/\/www.floraclic.eu\/fleursinfo\/wp-content\/uploads\/2014\/02\/MUGUETGRIFFES.gif\"><img loading=\"lazy\" decoding=\"async\" width=\"300\" height=\"300\" src=\"https:\/\/www.floraclic.eu\/fleursinfo\/wp-content\/uploads\/2014\/02\/MUGUETGRIFFES-300x300.gif\" alt=\"muguet fleur en griffes\" class=\"wp-image-120\" srcset=\"https:\/\/www.floraclic.eu\/fleursinfo\/wp-content\/uploads\/2014\/02\/MUGUETGRIFFES-300x300.gif 300w, https:\/\/www.floraclic.eu\/fleursinfo\/wp-content\/uploads\/2014\/02\/MUGUETGRIFFES-150x150.gif 150w\" sizes=\"auto, (max-width: 300px) 100vw, 300px\" \/><\/a><figcaption class=\"wp-element-caption\">Pot\u00e9e de griffes de muguet<\/figcaption><\/figure>\n<\/div><\/div>\n\n\n\n<div class=\"wp-block-column is-layout-flow wp-block-column-is-layout-flow\" style=\"flex-basis:66.66%\">\n<p><strong><span style=\"text-decoration: underline;\">Si vous avez des griffes de muguet :<\/span><\/strong><\/p>\n\n\n\n<p>Pour que le muguet fleurisse au jardin au mois de mai, c\u2019est en octobre qu\u2019il faut mettre les racines (griffes) en terre en espa\u00e7ant chacune de 8 \u00e0 10 cm, la pointe vers le haut. Puis recouvre d\u2019un peu de terreau et arrose abondamment.<\/p>\n\n\n\n<p><strong><span style=\"text-decoration: underline;\">Si vous replantez du muguet en pot :<\/span><\/strong><\/p>\n\n\n\n<p>Il faut le mettre en terre au printemps et l\u2019arroser r\u00e9guli\u00e8rement (une fois par semaine si il n\u2019a pas plu). Normalement il devrait refleurir l\u2019ann\u00e9e suivante ou au pire l\u2019ann\u00e9e d\u2019apr\u00e8s et surtout il va se multiplier.<\/p>\n<\/div>\n<\/div>\n\n\n\n<h3 class=\"wp-block-heading\">O\u00f9 planter le muguet ?<\/h3>\n\n\n\n<p>Le muguet pr\u00e9f\u00e8re pousser dans un endroit frais et un peu ombrag\u00e9. Si vous avez un jardin, plantez-le en zone ombrag\u00e9e. Si vous le faites pousser en pot, dans une jardini\u00e8re, veillez \u00e9galement \u00e0 ce qu\u2019il y ait plus d\u2019ombre que de soleil.<\/p>\n\n\n\n<h2 class=\"wp-block-heading\">Le muguet : une fleur \u00e0 offrir !<\/h2>\n\n\n\n<p>Pour f\u00eater le 1er mai et ravir votre famille, vos proches, vos amis des ces divines clochettes, pensez \u00e0 la <strong><a href=\"https:\/\/www.floraclic.eu\/evenements-1\/fetes-specifiques-18\/bouquet-de-muguet-du-1er-mai-86\">livraison de muguet<\/a> <\/strong>!<\/p>\n\n\n\n<p>A l\u2019occasion du 1er mai, Floraclic vous propose une collection originale de bouquet de muguet, de compositions \u00e0 base de muguet et d\u2019 autres fleurs, de pot de griffes,&nbsp; de pani\u00e8res avec muguet racin\u00e9 et plantes fleuries et vous assure une livraison de fleurs \u00e0 domicile ou \u00e0 l&#8217;adresse de votre choix le jour du 1er mai.<\/p>\n\n\n\n<p>A propos du muguet, vous pouvez consulter nos articles et pages :<\/p>\n\n\n\n<ul class=\"wp-block-list\">\n<li><a title=\"muguet du 1er mai\" href=\"https:\/\/www.floraclic.eu\/fleursinfo\/muguet\/muguet-du-1er-mai-la-fleur-porte-bonheur\/\" target=\"_blank\">Le muguet, la fleur porte-bonheur<\/a><\/li>\n\n\n\n<li><a title=\"muguet\" href=\"https:\/\/www.floraclic.eu\/fleursinfo\/a-propos-du-muguet-du-1er-mai\/\" target=\"_blank\">Le muguet du 1er mai : botanique, histoire et permanence d\u2019un symbole<\/a><\/li>\n\n\n\n<li><a title=\"bouquets de muguet\" href=\"https:\/\/www.floraclic.eu\/fleursinfo\/muguet\/les-bouquets-de-muguet\/\" target=\"_blank\">Bouquets de muguet : une histoire de traditions<\/a><\/li>\n<\/ul>\n\n\n\n<p>&nbsp;<\/p>\n\n\n\n<p>&nbsp;<\/p>\n","protected":false},"excerpt":{"rendered":"<p>Les traditions li\u00e9es au muguet et <\/p>\n","protected":false},"author":1,"featured_media":4097,"parent":0,"menu_order":0,"comment_status":"closed","ping_status":"open","template":"","meta":{"footnotes":""},"class_list":["post-113","page","type-page","status-publish","has-post-thumbnail","hentry"],"_links":{"self":[{"href":"https:\/\/www.floraclic.eu\/fleursinfo\/wp-json\/wp\/v2\/pages\/113","targetHints":{"allow":["GET"]}}],"collection":[{"href":"https:\/\/www.floraclic.eu\/fleursinfo\/wp-json\/wp\/v2\/pages"}],"about":[{"href":"https:\/\/www.floraclic.eu\/fleursinfo\/wp-json\/wp\/v2\/types\/page"}],"author":[{"embeddable":true,"href":"https:\/\/www.floraclic.eu\/fleursinfo\/wp-json\/wp\/v2\/users\/1"}],"replies":[{"embeddable":true,"href":"https:\/\/www.floraclic.eu\/fleursinfo\/wp-json\/wp\/v2\/comments?post=113"}],"version-history":[{"count":32,"href":"https:\/\/www.floraclic.eu\/fleursinfo\/wp-json\/wp\/v2\/pages\/113\/revisions"}],"predecessor-version":[{"id":4544,"href":"https:\/\/www.floraclic.eu\/fleursinfo\/wp-json\/wp\/v2\/pages\/113\/revisions\/4544"}],"wp:featuredmedia":[{"embeddable":true,"href":"https:\/\/www.floraclic.eu\/fleursinfo\/wp-json\/wp\/v2\/media\/4097"}],"wp:attachment":[{"href":"https:\/\/www.floraclic.eu\/fleursinfo\/wp-json\/wp\/v2\/media?parent=113"}],"curies":[{"name":"wp","href":"https:\/\/api.w.org\/{rel}","templated":true}]}}